{"id":1053,"date":"2026-01-02T19:41:22","date_gmt":"2026-01-02T18:41:22","guid":{"rendered":"https:\/\/marijastoja.fr\/?page_id=1053"},"modified":"2026-03-01T13:16:37","modified_gmt":"2026-03-01T12:16:37","slug":"blog","status":"publish","type":"page","link":"https:\/\/marijastoja.fr\/en\/blog\/","title":{"rendered":"Blog"},"content":{"rendered":"<div data-elementor-type=\"wp-page\" data-elementor-id=\"1053\" class=\"elementor elementor-1053\" data-elementor-post-type=\"page\">\n\t\t\t\t<div class=\"elementor-element elementor-element-66e10b2 e-flex e-con-boxed e-con e-parent\" data-id=\"66e10b2\" data-element_type=\"container\" data-e-type=\"container\">\n\t\t\t\t\t<div class=\"e-con-inner\">\n\t\t\t\t<div class=\"elementor-element elementor-element-3dc31a7 elementor-widget elementor-widget-heading\" data-id=\"3dc31a7\" data-element_type=\"widget\" data-e-type=\"widget\" data-widget_type=\"heading.default\">\n\t\t\t\t\t<h2 class=\"elementor-heading-title elementor-size-default\">Blog mode upcycling : conseils et inspirations<\/h2>\t\t\t\t<\/div>\n\t\t\t\t<div class=\"elementor-element elementor-element-2e03b40 elementor-widget elementor-widget-text-editor\" data-id=\"2e03b40\" data-element_type=\"widget\" data-e-type=\"widget\" data-widget_type=\"text-editor.default\">\n\t\t\t\t\t\t\t\t\t<p>Le <strong>blog mode upcycling<\/strong> de l&rsquo;atelier Marija Stoja est votre espace d&rsquo;inspiration pour une mode plus responsable et cr\u00e9ative. Chaque article vous invite dans les coulisses de la cr\u00e9ation, partage des conseils pour recycler vos v\u00eatements et explore les tendances de la mode durable.<\/p>\n\n<p>L&rsquo;upcycling est bien plus qu&rsquo;une tendance \u2014 c&rsquo;est une philosophie de cr\u00e9ation qui transforme des mati\u00e8res existantes en pi\u00e8ces uniques \u00e0 forte valeur ajout\u00e9e. Sur ce blog, Marija partage son expertise de cr\u00e9atrice de mode ind\u00e9pendante, ses techniques de transformation textile et ses coups de c\u0153ur en mati\u00e8re de style \u00e9co-responsable.<\/p>\n\n<ul>\n<li>Les techniques d&rsquo;upcycling accessibles \u00e0 tous niveaux<\/li>\n<li>Les inspirations et tendances mode durable de saison<\/li>\n<li>Les coulisses de l&rsquo;atelier et le processus de cr\u00e9ation des pi\u00e8ces<\/li>\n<li>Les conseils pour construire une garde-robe capsule \u00e9thique<\/li>\n<\/ul>\n\n<p>Ce blog est aussi un espace de partage communautaire. Si vous avez des questions sur l&rsquo;upcycling, n&rsquo;h\u00e9sitez pas \u00e0 <a href=\"https:\/\/marijastoja.fr\/en\/me-contacter\/\">contacter Marija<\/a>. Pour d\u00e9couvrir toutes les cr\u00e9ations, rendez-vous dans la <a href=\"https:\/\/marijastoja.fr\/en\/boutique\/\">boutique en ligne<\/a>. Pour en savoir plus sur la mode \u00e9thique, consultez <a href=\"https:\/\/www.goodonyou.eco\/\" rel=\"noopener noreferrer\" target=\"_blank\">Good On You<\/a>.<\/p>\t\t\t\t\t\t\t\t<\/div>\n\t\t\t\t\t<\/div>\n\t\t\t\t<\/div>\n\t\t<div class=\"elementor-element elementor-element-fb5841a e-flex e-con-boxed e-con e-parent\" data-id=\"fb5841a\" data-element_type=\"container\" data-e-type=\"container\" data-settings=\"{&quot;background_background&quot;:&quot;classic&quot;}\">\n\t\t\t\t\t<div class=\"e-con-inner\">\n\t\t\t\t<div class=\"elementor-element elementor-element-ae0d8c2 elementor-widget elementor-widget-heading\" data-id=\"ae0d8c2\" data-element_type=\"widget\" data-e-type=\"widget\" data-widget_type=\"heading.default\">\n\t\t\t\t\t<h2 class=\"elementor-heading-title elementor-size-default\">Blog<\/h2>\t\t\t\t<\/div>\n\t\t\t\t\t<\/div>\n\t\t\t\t<\/div>\n\t\t<div class=\"elementor-element elementor-element-be9cd5f e-flex e-con-boxed e-con e-parent\" data-id=\"be9cd5f\" data-element_type=\"container\" data-e-type=\"container\">\n\t\t\t\t\t<div class=\"e-con-inner\">\n\t\t\t\t<div class=\"elementor-element elementor-element-a041dce elementor-grid-3 elementor-grid-tablet-2 elementor-grid-mobile-1 elementor-posts--thumbnail-top elementor-widget elementor-widget-posts\" data-id=\"a041dce\" data-element_type=\"widget\" data-e-type=\"widget\" data-settings=\"{&quot;classic_columns&quot;:&quot;3&quot;,&quot;classic_columns_tablet&quot;:&quot;2&quot;,&quot;classic_columns_mobile&quot;:&quot;1&quot;,&quot;classic_row_gap&quot;:{&quot;unit&quot;:&quot;px&quot;,&quot;size&quot;:35,&quot;sizes&quot;:[]},&quot;classic_row_gap_tablet&quot;:{&quot;unit&quot;:&quot;px&quot;,&quot;size&quot;:&quot;&quot;,&quot;sizes&quot;:[]},&quot;classic_row_gap_mobile&quot;:{&quot;unit&quot;:&quot;px&quot;,&quot;size&quot;:&quot;&quot;,&quot;sizes&quot;:[]}}\" data-widget_type=\"posts.classic\">\n\t\t\t\t<div class=\"elementor-widget-container\">\n\t\t\t\t\t\t\t<div class=\"elementor-posts-container elementor-posts elementor-posts--skin-classic elementor-grid\" role=\"list\">\n\t\t\t\t<article class=\"elementor-post elementor-grid-item post-1784 post type-post status-publish format-standard has-post-thumbnail hentry category-non-classe-fr\" role=\"listitem\">\n\t\t\t\t<a class=\"elementor-post__thumbnail__link\" href=\"https:\/\/marijastoja.fr\/en\/quand-une-piece-quitte-latelier\/\" tabindex=\"-1\" >\n\t\t\t<div class=\"elementor-post__thumbnail\"><img fetchpriority=\"high\" decoding=\"async\" width=\"942\" height=\"964\" src=\"https:\/\/marijastoja.fr\/wp-content\/uploads\/2025\/12\/WhatsApp-Image-2025-11-07-at-13.15.47-e1766523559192.jpeg\" class=\"attachment-full size-full wp-image-130 wvs-archive-product-image\" alt=\"Pi\u00e8ce upcycl\u00e9e quittant l&#039;atelier de Marija Stoja\" srcset=\"https:\/\/marijastoja.fr\/wp-content\/uploads\/2025\/12\/WhatsApp-Image-2025-11-07-at-13.15.47-e1766523559192.jpeg 942w, https:\/\/marijastoja.fr\/wp-content\/uploads\/2025\/12\/WhatsApp-Image-2025-11-07-at-13.15.47-e1766523559192-900x921.jpeg 900w, https:\/\/marijastoja.fr\/wp-content\/uploads\/2025\/12\/WhatsApp-Image-2025-11-07-at-13.15.47-e1766523559192-293x300.jpeg 293w, https:\/\/marijastoja.fr\/wp-content\/uploads\/2025\/12\/WhatsApp-Image-2025-11-07-at-13.15.47-e1766523559192-768x786.jpeg 768w\" sizes=\"(max-width: 942px) 100vw, 942px\" \/><\/div>\n\t\t<\/a>\n\t\t\t\t<div class=\"elementor-post__text\">\n\t\t\t\t<h3 class=\"elementor-post__title\">\n\t\t\t<a href=\"https:\/\/marijastoja.fr\/en\/quand-une-piece-quitte-latelier\/\" >\n\t\t\t\tQuand une pi\u00e8ce quitte l\u2019atelier\t\t\t<\/a>\n\t\t<\/h3>\n\t\t\t\t<div class=\"elementor-post__excerpt\">\n\t\t\t<p>Pi\u00e8ce Upcycl\u00e9e : Une Nouvelle Vie Pi\u00e8ce upcycl\u00e9e atelier, il y a des rencontres qui ne font pas de bruit, mais qui marquent un endroit pr\u00e9cis dans un parcours. J\u2019ai rencontr\u00e9 Youssoupha au Demi Festival, en ao\u00fbt 2025, presque simplement, presque naturellement, et j\u2019ai eu la chance de pouvoir \u00e9changer avec lui et de lui offrir une veste en jean upcycl\u00e9e sur laquelle j\u2019avais cousu, dans le dos, l\u2019une de<\/p>\n\t\t<\/div>\n\t\t\t\t\t<div class=\"elementor-post__read-more-wrapper\">\n\t\t\n\t\t<a class=\"elementor-post__read-more\" href=\"https:\/\/marijastoja.fr\/en\/quand-une-piece-quitte-latelier\/\" aria-label=\"Read more about Quand une pi\u00e8ce quitte l\u2019atelier\" tabindex=\"-1\" >\n\t\t\tRead the article \u00bb\t\t<\/a>\n\n\t\t\t\t\t<\/div>\n\t\t\t\t<\/div>\n\t\t\t\t<\/article>\n\t\t\t\t<article class=\"elementor-post elementor-grid-item post-1754 post type-post status-publish format-standard has-post-thumbnail hentry category-non-classe-fr\" role=\"listitem\">\n\t\t\t\t<a class=\"elementor-post__thumbnail__link\" href=\"https:\/\/marijastoja.fr\/en\/pourquoi-friperie-univers-creation-upcycling\/\" tabindex=\"-1\" >\n\t\t\t<div class=\"elementor-post__thumbnail\"><img decoding=\"async\" width=\"1440\" height=\"1165\" src=\"https:\/\/marijastoja.fr\/wp-content\/uploads\/2026\/01\/IMG_6626-scaled-e1769467617827.jpeg\" class=\"attachment-full size-full wp-image-1753 wvs-archive-product-image\" alt=\"Friperie upcycling \u2013 pi\u00e8ces s\u00e9lectionn\u00e9es par Marija Stoja\" srcset=\"https:\/\/marijastoja.fr\/wp-content\/uploads\/2026\/01\/IMG_6626-scaled-e1769467617827.jpeg 1440w, https:\/\/marijastoja.fr\/wp-content\/uploads\/2026\/01\/IMG_6626-scaled-e1769467617827-300x243.jpeg 300w, https:\/\/marijastoja.fr\/wp-content\/uploads\/2026\/01\/IMG_6626-scaled-e1769467617827-1024x828.jpeg 1024w, https:\/\/marijastoja.fr\/wp-content\/uploads\/2026\/01\/IMG_6626-scaled-e1769467617827-768x621.jpeg 768w, https:\/\/marijastoja.fr\/wp-content\/uploads\/2026\/01\/IMG_6626-scaled-e1769467617827-15x12.jpeg 15w, https:\/\/marijastoja.fr\/wp-content\/uploads\/2026\/01\/IMG_6626-scaled-e1769467617827-900x728.jpeg 900w\" sizes=\"(max-width: 1440px) 100vw, 1440px\" \/><\/div>\n\t\t<\/a>\n\t\t\t\t<div class=\"elementor-post__text\">\n\t\t\t\t<h3 class=\"elementor-post__title\">\n\t\t\t<a href=\"https:\/\/marijastoja.fr\/en\/pourquoi-friperie-univers-creation-upcycling\/\" >\n\t\t\t\tPourquoi la friperie s\u2019est naturellement impos\u00e9e dans mon univers\t\t\t<\/a>\n\t\t<\/h3>\n\t\t\t\t<div class=\"elementor-post__excerpt\">\n\t\t\t<p>Friperie Upcycling : Une \u00c9vidence Cr\u00e9ative Friperie upcycling, la friperie et l\u2019upcycling font aujourd\u2019hui partie int\u00e9grante de mon travail de cr\u00e9atrice. Mais ce choix n\u2019est ni une tendance, ni une strat\u00e9gie marketing. C\u2019est une \u00e9vidence, n\u00e9e de mon rapport aux v\u00eatements, \u00e0 leur histoire, et \u00e0 ce qu\u2019ils peuvent encore devenir. On pourrait croire que la friperie et l\u2019upcycling sont deux choses diff\u00e9rentes. Pour moi, c\u2019est le m\u00eame geste. J\u2019ai<\/p>\n\t\t<\/div>\n\t\t\t\t\t<div class=\"elementor-post__read-more-wrapper\">\n\t\t\n\t\t<a class=\"elementor-post__read-more\" href=\"https:\/\/marijastoja.fr\/en\/pourquoi-friperie-univers-creation-upcycling\/\" aria-label=\"Read more about Pourquoi la friperie s\u2019est naturellement impos\u00e9e dans mon univers\" tabindex=\"-1\" >\n\t\t\tRead the article \u00bb\t\t<\/a>\n\n\t\t\t\t\t<\/div>\n\t\t\t\t<\/div>\n\t\t\t\t<\/article>\n\t\t\t\t<article class=\"elementor-post elementor-grid-item post-1256 post type-post status-publish format-standard has-post-thumbnail hentry category-non-classe\" role=\"listitem\">\n\t\t\t\t<a class=\"elementor-post__thumbnail__link\" href=\"https:\/\/marijastoja.fr\/en\/marija-stoja-demarche-artistique-upcycling\/\" tabindex=\"-1\" >\n\t\t\t<div class=\"elementor-post__thumbnail\"><img decoding=\"async\" width=\"1340\" height=\"1583\" src=\"https:\/\/marijastoja.fr\/wp-content\/uploads\/2026\/01\/IMG_9247-scaled-e1768904850787.jpeg\" class=\"attachment-full size-full wp-image-1290 wvs-archive-product-image\" alt=\"Upcycling artistique \u2013 Marija Stoja transforme un v\u00eatement\" srcset=\"https:\/\/marijastoja.fr\/wp-content\/uploads\/2026\/01\/IMG_9247-scaled-e1768904850787.jpeg 1340w, https:\/\/marijastoja.fr\/wp-content\/uploads\/2026\/01\/IMG_9247-scaled-e1768904850787-254x300.jpeg 254w, https:\/\/marijastoja.fr\/wp-content\/uploads\/2026\/01\/IMG_9247-scaled-e1768904850787-867x1024.jpeg 867w, https:\/\/marijastoja.fr\/wp-content\/uploads\/2026\/01\/IMG_9247-scaled-e1768904850787-768x907.jpeg 768w, https:\/\/marijastoja.fr\/wp-content\/uploads\/2026\/01\/IMG_9247-scaled-e1768904850787-1300x1536.jpeg 1300w, https:\/\/marijastoja.fr\/wp-content\/uploads\/2026\/01\/IMG_9247-scaled-e1768904850787-900x1063.jpeg 900w\" sizes=\"(max-width: 1340px) 100vw, 1340px\" \/><\/div>\n\t\t<\/a>\n\t\t\t\t<div class=\"elementor-post__text\">\n\t\t\t\t<h3 class=\"elementor-post__title\">\n\t\t\t<a href=\"https:\/\/marijastoja.fr\/en\/marija-stoja-demarche-artistique-upcycling\/\" >\n\t\t\t\tUpcycling as an artistic act, not as a trend\t\t\t<\/a>\n\t\t<\/h3>\n\t\t\t\t<div class=\"elementor-post__excerpt\">\n\t\t\t<p>L&rsquo;Upcycling Artistique Selon Marija Stoja Upcycling artistique, je ne me consid\u00e8re pas comme quelqu\u2019un qui \u201cfait des v\u00eatements\u201d. J\u2019utilise le v\u00eatement comme un support. Un support d\u2019expression, de traduction, parfois de transformation. L\u2019upcycling, dans mon travail, n\u2019est ni un argument \u00e9cologique \u00e0 la mode ni un simple exercice de style. C\u2019est une mani\u00e8re de travailler avec ce qui existe d\u00e9j\u00e0, avec ce qui a d\u00e9j\u00e0 v\u00e9cu, et d\u2019y inscrire autre<\/p>\n\t\t<\/div>\n\t\t\t\t\t<div class=\"elementor-post__read-more-wrapper\">\n\t\t\n\t\t<a class=\"elementor-post__read-more\" href=\"https:\/\/marijastoja.fr\/en\/marija-stoja-demarche-artistique-upcycling\/\" aria-label=\"Read more about L\u2019upcycling comme acte artistique, pas comme tendance\" tabindex=\"-1\" >\n\t\t\tRead the article \u00bb\t\t<\/a>\n\n\t\t\t\t\t<\/div>\n\t\t\t\t<\/div>\n\t\t\t\t<\/article>\n\t\t\t\t<article class=\"elementor-post elementor-grid-item post-1226 post type-post status-publish format-standard has-post-thumbnail hentry category-non-classe\" role=\"listitem\">\n\t\t\t\t<a class=\"elementor-post__thumbnail__link\" href=\"https:\/\/marijastoja.fr\/en\/article-blog-la-liberte-comme-point-de-depart\/\" tabindex=\"-1\" >\n\t\t\t<div class=\"elementor-post__thumbnail\"><img loading=\"lazy\" decoding=\"async\" width=\"640\" height=\"640\" src=\"https:\/\/marijastoja.fr\/wp-content\/uploads\/2026\/01\/0cb6e881-b1ee-48e3-93f0-b82e70abc301.jpg\" class=\"attachment-full size-full wp-image-1229 wvs-archive-product-image\" alt=\"Cr\u00e9atrice mode upcycling \u2013 Marija Stoja dans son atelier\" srcset=\"https:\/\/marijastoja.fr\/wp-content\/uploads\/2026\/01\/0cb6e881-b1ee-48e3-93f0-b82e70abc301.jpg 640w, https:\/\/marijastoja.fr\/wp-content\/uploads\/2026\/01\/0cb6e881-b1ee-48e3-93f0-b82e70abc301-300x300.jpg 300w, https:\/\/marijastoja.fr\/wp-content\/uploads\/2026\/01\/0cb6e881-b1ee-48e3-93f0-b82e70abc301-150x150.jpg 150w, https:\/\/marijastoja.fr\/wp-content\/uploads\/2026\/01\/0cb6e881-b1ee-48e3-93f0-b82e70abc301-100x100.jpg 100w, https:\/\/marijastoja.fr\/wp-content\/uploads\/2026\/01\/0cb6e881-b1ee-48e3-93f0-b82e70abc301-50x50.jpg 50w\" sizes=\"(max-width: 640px) 100vw, 640px\" \/><\/div>\n\t\t<\/a>\n\t\t\t\t<div class=\"elementor-post__text\">\n\t\t\t\t<h3 class=\"elementor-post__title\">\n\t\t\t<a href=\"https:\/\/marijastoja.fr\/en\/article-blog-la-liberte-comme-point-de-depart\/\" >\n\t\t\t\tFreedom as a starting point\t\t\t<\/a>\n\t\t<\/h3>\n\t\t\t\t<div class=\"elementor-post__excerpt\">\n\t\t\t<p>Cr\u00e9atrice Mode Upcycling : La Libert\u00e9 Comme Philosophie Cr\u00e9atrice mode upcycling, n\u00e9e d\u2019un p\u00e8re musicien et d\u2019une m\u00e8re visc\u00e9ralement attach\u00e9e \u00e0 la mode, j\u2019ai grandi dans un environnement o\u00f9 la cr\u00e9ation n\u2019\u00e9tait pas un d\u00e9cor mais une fa\u00e7on de vivre, de se tenir au monde. Tr\u00e8s t\u00f4t, j\u2019ai compris que s\u2019exprimer pouvait passer par d\u2019autres langages que les mots, par le rythme, l\u2019attitude, le style, cette mani\u00e8re de dire sans<\/p>\n\t\t<\/div>\n\t\t\t\t\t<div class=\"elementor-post__read-more-wrapper\">\n\t\t\n\t\t<a class=\"elementor-post__read-more\" href=\"https:\/\/marijastoja.fr\/en\/article-blog-la-liberte-comme-point-de-depart\/\" aria-label=\"Read more about La libert\u00e9 comme point de d\u00e9part\" tabindex=\"-1\" >\n\t\t\tRead the article \u00bb\t\t<\/a>\n\n\t\t\t\t\t<\/div>\n\t\t\t\t<\/div>\n\t\t\t\t<\/article>\n\t\t\t\t<\/div>\n\t\t\n\t\t\t\t\t\t<\/div>\n\t\t\t\t<\/div>\n\t\t\t\t\t<\/div>\n\t\t\t\t<\/div>\n\t\t\t\t<\/div>","protected":false},"excerpt":{"rendered":"<p>Le blog mode upcycling de l&rsquo;atelier Marija Stoja est votre espace d&rsquo;inspiration pour une mode plus responsable et cr\u00e9ative. Chaque article vous invite dans les coulisses de la cr\u00e9ation, partage des conseils pour recycler vos v\u00eatements et explore les tendances de la mode durable. Blog mode upcycling : conseils et inspirations L&rsquo;upcycling est bien plus [&hellip;]<\/p>\n","protected":false},"author":1,"featured_media":0,"parent":0,"menu_order":0,"comment_status":"closed","ping_status":"closed","template":"elementor_header_footer","meta":{"_acf_changed":false,"footnotes":""},"class_list":["post-1053","page","type-page","status-publish","hentry"],"acf":[],"yoast_head":"<!-- This site is optimized with the Yoast SEO plugin v27.2 - https:\/\/yoast.com\/product\/yoast-seo-wordpress\/ -->\n<title>Blog Mode Upcycling Atelier Cr\u00e9atif | Marija Stoja<\/title>\n<meta name=\"description\" content=\"Blog Mode Upcycling : Le blog de Marija Stoja : coulisses de l&#039;atelier, inspirations cr\u00e9atives et mode upcycl\u00e9e. Plongez dans l&#039;univers de la cr\u00e9ation artisanal\" \/>\n<meta name=\"robots\" content=\"index, follow, max-snippet:-1, max-image-preview:large, max-video-preview:-1\" \/>\n<link rel=\"canonical\" href=\"https:\/\/marijastoja.fr\/en\/blog\/\" \/>\n<meta property=\"og:locale\" content=\"en_US\" \/>\n<meta property=\"og:type\" content=\"article\" \/>\n<meta property=\"og:title\" content=\"Blog Mode Upcycling Atelier Cr\u00e9atif | Marija Stoja\" \/>\n<meta property=\"og:description\" content=\"Blog Mode Upcycling : Le blog de Marija Stoja : coulisses de l&#039;atelier, inspirations cr\u00e9atives et mode upcycl\u00e9e. Plongez dans l&#039;univers de la cr\u00e9ation artisanal\" \/>\n<meta property=\"og:url\" content=\"https:\/\/marijastoja.fr\/en\/blog\/\" \/>\n<meta property=\"og:site_name\" content=\"Marija Stoja\" \/>\n<meta property=\"article:modified_time\" content=\"2026-03-01T12:16:37+00:00\" \/>\n<meta name=\"twitter:card\" content=\"summary_large_image\" \/>\n<meta name=\"twitter:label1\" content=\"Est. reading time\" \/>\n\t<meta name=\"twitter:data1\" content=\"2 minutes\" \/>\n<script type=\"application\/ld+json\" class=\"yoast-schema-graph\">{\"@context\":\"https:\/\/schema.org\",\"@graph\":[{\"@type\":\"WebPage\",\"@id\":\"https:\/\/marijastoja.fr\/blog\/\",\"url\":\"https:\/\/marijastoja.fr\/blog\/\",\"name\":\"Blog Mode Upcycling Atelier Cr\u00e9atif | Marija Stoja\",\"isPartOf\":{\"@id\":\"https:\/\/marijastoja.fr\/#website\"},\"datePublished\":\"2026-01-02T18:41:22+00:00\",\"dateModified\":\"2026-03-01T12:16:37+00:00\",\"description\":\"Blog Mode Upcycling : Le blog de Marija Stoja : coulisses de l'atelier, inspirations cr\u00e9atives et mode upcycl\u00e9e. Plongez dans l'univers de la cr\u00e9ation artisanal\",\"breadcrumb\":{\"@id\":\"https:\/\/marijastoja.fr\/blog\/#breadcrumb\"},\"inLanguage\":\"en-US\",\"potentialAction\":[{\"@type\":\"ReadAction\",\"target\":[\"https:\/\/marijastoja.fr\/blog\/\"]}]},{\"@type\":\"BreadcrumbList\",\"@id\":\"https:\/\/marijastoja.fr\/blog\/#breadcrumb\",\"itemListElement\":[{\"@type\":\"ListItem\",\"position\":1,\"name\":\"Accueil\",\"item\":\"https:\/\/marijastoja.fr\/\"},{\"@type\":\"ListItem\",\"position\":2,\"name\":\"Blog\"}]},{\"@type\":\"WebSite\",\"@id\":\"https:\/\/marijastoja.fr\/#website\",\"url\":\"https:\/\/marijastoja.fr\/\",\"name\":\"Marija Stoja\",\"description\":\"Upcycling\",\"publisher\":{\"@id\":\"https:\/\/marijastoja.fr\/#organization\"},\"potentialAction\":[{\"@type\":\"SearchAction\",\"target\":{\"@type\":\"EntryPoint\",\"urlTemplate\":\"https:\/\/marijastoja.fr\/?s={search_term_string}\"},\"query-input\":{\"@type\":\"PropertyValueSpecification\",\"valueRequired\":true,\"valueName\":\"search_term_string\"}}],\"inLanguage\":\"en-US\"},{\"@type\":\"Organization\",\"@id\":\"https:\/\/marijastoja.fr\/#organization\",\"name\":\"Marija Stoja\",\"url\":\"https:\/\/marijastoja.fr\/\",\"logo\":{\"@type\":\"ImageObject\",\"inLanguage\":\"en-US\",\"@id\":\"https:\/\/marijastoja.fr\/#\/schema\/logo\/image\/\",\"url\":\"https:\/\/marijastoja.fr\/wp-content\/uploads\/2025\/12\/cropped-logo-noir.png\",\"contentUrl\":\"https:\/\/marijastoja.fr\/wp-content\/uploads\/2025\/12\/cropped-logo-noir.png\",\"width\":878,\"height\":322,\"caption\":\"Marija Stoja\"},\"image\":{\"@id\":\"https:\/\/marijastoja.fr\/#\/schema\/logo\/image\/\"}}]}<\/script>\n<!-- \/ Yoast SEO plugin. -->","yoast_head_json":{"title":"Blog Mode Upcycling Atelier Cr\u00e9atif | Marija Stoja","description":"Blog Mode Upcycling : Le blog de Marija Stoja : coulisses de l'atelier, inspirations cr\u00e9atives et mode upcycl\u00e9e. Plongez dans l'univers de la cr\u00e9ation artisanal","robots":{"index":"index","follow":"follow","max-snippet":"max-snippet:-1","max-image-preview":"max-image-preview:large","max-video-preview":"max-video-preview:-1"},"canonical":"https:\/\/marijastoja.fr\/en\/blog\/","og_locale":"en_US","og_type":"article","og_title":"Blog Mode Upcycling Atelier Cr\u00e9atif | Marija Stoja","og_description":"Blog Mode Upcycling : Le blog de Marija Stoja : coulisses de l'atelier, inspirations cr\u00e9atives et mode upcycl\u00e9e. Plongez dans l'univers de la cr\u00e9ation artisanal","og_url":"https:\/\/marijastoja.fr\/en\/blog\/","og_site_name":"Marija Stoja","article_modified_time":"2026-03-01T12:16:37+00:00","twitter_card":"summary_large_image","twitter_misc":{"Est. reading time":"2 minutes"},"schema":{"@context":"https:\/\/schema.org","@graph":[{"@type":"WebPage","@id":"https:\/\/marijastoja.fr\/blog\/","url":"https:\/\/marijastoja.fr\/blog\/","name":"Blog Mode Upcycling Atelier Cr\u00e9atif | Marija Stoja","isPartOf":{"@id":"https:\/\/marijastoja.fr\/#website"},"datePublished":"2026-01-02T18:41:22+00:00","dateModified":"2026-03-01T12:16:37+00:00","description":"Blog Mode Upcycling : Le blog de Marija Stoja : coulisses de l'atelier, inspirations cr\u00e9atives et mode upcycl\u00e9e. Plongez dans l'univers de la cr\u00e9ation artisanal","breadcrumb":{"@id":"https:\/\/marijastoja.fr\/blog\/#breadcrumb"},"inLanguage":"en-US","potentialAction":[{"@type":"ReadAction","target":["https:\/\/marijastoja.fr\/blog\/"]}]},{"@type":"BreadcrumbList","@id":"https:\/\/marijastoja.fr\/blog\/#breadcrumb","itemListElement":[{"@type":"ListItem","position":1,"name":"Accueil","item":"https:\/\/marijastoja.fr\/"},{"@type":"ListItem","position":2,"name":"Blog"}]},{"@type":"WebSite","@id":"https:\/\/marijastoja.fr\/#website","url":"https:\/\/marijastoja.fr\/","name":"Marija Stoja","description":"Upcycling","publisher":{"@id":"https:\/\/marijastoja.fr\/#organization"},"potentialAction":[{"@type":"SearchAction","target":{"@type":"EntryPoint","urlTemplate":"https:\/\/marijastoja.fr\/?s={search_term_string}"},"query-input":{"@type":"PropertyValueSpecification","valueRequired":true,"valueName":"search_term_string"}}],"inLanguage":"en-US"},{"@type":"Organization","@id":"https:\/\/marijastoja.fr\/#organization","name":"Marija Stoja","url":"https:\/\/marijastoja.fr\/","logo":{"@type":"ImageObject","inLanguage":"en-US","@id":"https:\/\/marijastoja.fr\/#\/schema\/logo\/image\/","url":"https:\/\/marijastoja.fr\/wp-content\/uploads\/2025\/12\/cropped-logo-noir.png","contentUrl":"https:\/\/marijastoja.fr\/wp-content\/uploads\/2025\/12\/cropped-logo-noir.png","width":878,"height":322,"caption":"Marija Stoja"},"image":{"@id":"https:\/\/marijastoja.fr\/#\/schema\/logo\/image\/"}}]}},"jetpack_sharing_enabled":true,"_links":{"self":[{"href":"https:\/\/marijastoja.fr\/en\/wp-json\/wp\/v2\/pages\/1053","targetHints":{"allow":["GET"]}}],"collection":[{"href":"https:\/\/marijastoja.fr\/en\/wp-json\/wp\/v2\/pages"}],"about":[{"href":"https:\/\/marijastoja.fr\/en\/wp-json\/wp\/v2\/types\/page"}],"author":[{"embeddable":true,"href":"https:\/\/marijastoja.fr\/en\/wp-json\/wp\/v2\/users\/1"}],"replies":[{"embeddable":true,"href":"https:\/\/marijastoja.fr\/en\/wp-json\/wp\/v2\/comments?post=1053"}],"version-history":[{"count":26,"href":"https:\/\/marijastoja.fr\/en\/wp-json\/wp\/v2\/pages\/1053\/revisions"}],"predecessor-version":[{"id":1865,"href":"https:\/\/marijastoja.fr\/en\/wp-json\/wp\/v2\/pages\/1053\/revisions\/1865"}],"wp:attachment":[{"href":"https:\/\/marijastoja.fr\/en\/wp-json\/wp\/v2\/media?parent=1053"}],"curies":[{"name":"wp","href":"https:\/\/api.w.org\/{rel}","templated":true}]}}