{"id":1381,"date":"2026-01-20T18:35:21","date_gmt":"2026-01-20T17:35:21","guid":{"rendered":"https:\/\/marijastoja.fr\/?page_id=1381"},"modified":"2026-03-01T13:05:44","modified_gmt":"2026-03-01T12:05:44","slug":"ensembles","status":"publish","type":"page","link":"https:\/\/marijastoja.fr\/en\/ensembles\/","title":{"rendered":"Sets"},"content":{"rendered":"<div data-elementor-type=\"wp-page\" data-elementor-id=\"1381\" class=\"elementor elementor-1381\" data-elementor-post-type=\"page\">\n\t\t\t\t<div class=\"elementor-element elementor-element-b58143a e-flex e-con-boxed e-con e-parent\" data-id=\"b58143a\" data-element_type=\"container\" data-e-type=\"container\">\n\t\t\t\t\t<div class=\"e-con-inner\">\n\t\t\t\t<div class=\"elementor-element elementor-element-590291d elementor-widget elementor-widget-heading\" data-id=\"590291d\" data-element_type=\"widget\" data-e-type=\"widget\" data-widget_type=\"heading.default\">\n\t\t\t\t\t<h2 class=\"elementor-heading-title elementor-size-default\">Sets<\/h2>\t\t\t\t<\/div>\n\t\t\t\t\t<\/div>\n\t\t\t\t<\/div>\n\t\t<div class=\"elementor-element elementor-element-9e09eba e-con-full e-flex e-con e-parent\" data-id=\"9e09eba\" data-element_type=\"container\" data-e-type=\"container\">\n\t\t<div class=\"elementor-element elementor-element-388bbaa e-con-full e-flex e-con e-child\" data-id=\"388bbaa\" data-element_type=\"container\" data-e-type=\"container\">\n\t\t\t\t<div class=\"elementor-element elementor-element-57a733e elementor-widget elementor-widget-heading\" data-id=\"57a733e\" data-element_type=\"widget\" data-e-type=\"widget\" data-widget_type=\"heading.default\">\n\t\t\t\t\t<h2 class=\"elementor-heading-title elementor-size-default\">Filtrer par taille<\/h2>\t\t\t\t<\/div>\n\t\t\t\t<div class=\"elementor-element elementor-element-acd1f38 elementor-widget elementor-widget-jet-smart-filters-checkboxes\" data-id=\"acd1f38\" data-element_type=\"widget\" data-e-type=\"widget\" data-widget_type=\"jet-smart-filters-checkboxes.default\">\n\t\t\t\t<div class=\"elementor-widget-container\">\n\t\t\t\t\t<div class=\"jet-smart-filters-checkboxes jet-filter\" data-indexer-rule=\"show\" data-show-counter=\"\" data-change-counter=\"always\"><div class=\"jet-checkboxes-list\" data-query-type=\"tax_query\" data-query-var=\"pa_taille\" data-smart-filter=\"checkboxes\" data-filter-id=\"668\" data-apply-type=\"ajax\" data-content-provider=\"epro-products\" data-additional-providers=\"\" data-query-id=\"default\" data-active-label=\"Taille\" data-layout-options=\"{&quot;show_label&quot;:&quot;&quot;,&quot;display_options&quot;:{&quot;show_items_label&quot;:false,&quot;show_decorator&quot;:&quot;yes&quot;,&quot;filter_image_size&quot;:&quot;full&quot;,&quot;show_counter&quot;:false}}\" data-query-var-suffix=\"\" data-apply-on=\"value\"><fieldset class=\"jet-checkboxes-list-wrapper\"><legend style=\"display:none;\">Filtrer par taille<\/legend><div class=\"jet-checkboxes-list__row jet-filter-row\">\n\t\t<label class=\"jet-checkboxes-list__item\" >\n\t\t<input\n\t\t\ttype=\"checkbox\"\n\t\t\tclass=\"jet-checkboxes-list__input\"\n\t\t\tname=\"pa_taille\"\n\t\t\tvalue=\"57\"\n\t\t\tdata-label=\"S\"\n\t\t\t\t\t\taria-label=\"S\"\n\t\t\t\t\t>\n\t\t<div class=\"jet-checkboxes-list__button\">\n\t\t\t\t\t\t\t<span class=\"jet-checkboxes-list__decorator\">\n\t\t\t\t\t<i class=\"jet-checkboxes-list__checked-icon\"><svg width=\"28\" height=\"28\" viewbox=\"0 0 28 28\" xmlns=\"http:\/\/www.w3.org\/2000\/svg\">\n\t<path d=\"M26.109 8.844c0 0.391-0.156 0.781-0.438 1.062l-13.438 13.438c-0.281 0.281-0.672 0.438-1.062 0.438s-0.781-0.156-1.062-0.438l-7.781-7.781c-0.281-0.281-0.438-0.672-0.438-1.062s0.156-0.781 0.438-1.062l2.125-2.125c0.281-0.281 0.672-0.438 1.062-0.438s0.781 0.156 1.062 0.438l4.594 4.609 10.25-10.266c0.281-0.281 0.672-0.438 1.062-0.438s0.781 0.156 1.062 0.438l2.125 2.125c0.281 0.281 0.438 0.672 0.438 1.062z\"><\/path>\n<\/svg>\n<\/i>\n\t\t\t\t<\/span>\n\t\t\t\t\t\t<span class=\"jet-checkboxes-list__label\">S<\/span>\n\t\t\t\t\t<\/div>\n\t<\/label>\n<\/div><div class=\"jet-checkboxes-list__row jet-filter-row\">\n\t\t<label class=\"jet-checkboxes-list__item\" >\n\t\t<input\n\t\t\ttype=\"checkbox\"\n\t\t\tclass=\"jet-checkboxes-list__input\"\n\t\t\tname=\"pa_taille\"\n\t\t\tvalue=\"58\"\n\t\t\tdata-label=\"M\"\n\t\t\t\t\t\taria-label=\"M\"\n\t\t\t\t\t>\n\t\t<div class=\"jet-checkboxes-list__button\">\n\t\t\t\t\t\t\t<span class=\"jet-checkboxes-list__decorator\">\n\t\t\t\t\t<i class=\"jet-checkboxes-list__checked-icon\"><svg width=\"28\" height=\"28\" viewbox=\"0 0 28 28\" xmlns=\"http:\/\/www.w3.org\/2000\/svg\">\n\t<path d=\"M26.109 8.844c0 0.391-0.156 0.781-0.438 1.062l-13.438 13.438c-0.281 0.281-0.672 0.438-1.062 0.438s-0.781-0.156-1.062-0.438l-7.781-7.781c-0.281-0.281-0.438-0.672-0.438-1.062s0.156-0.781 0.438-1.062l2.125-2.125c0.281-0.281 0.672-0.438 1.062-0.438s0.781 0.156 1.062 0.438l4.594 4.609 10.25-10.266c0.281-0.281 0.672-0.438 1.062-0.438s0.781 0.156 1.062 0.438l2.125 2.125c0.281 0.281 0.438 0.672 0.438 1.062z\"><\/path>\n<\/svg>\n<\/i>\n\t\t\t\t<\/span>\n\t\t\t\t\t\t<span class=\"jet-checkboxes-list__label\">M<\/span>\n\t\t\t\t\t<\/div>\n\t<\/label>\n<\/div><div class=\"jet-checkboxes-list__row jet-filter-row\">\n\t\t<label class=\"jet-checkboxes-list__item\" >\n\t\t<input\n\t\t\ttype=\"checkbox\"\n\t\t\tclass=\"jet-checkboxes-list__input\"\n\t\t\tname=\"pa_taille\"\n\t\t\tvalue=\"59\"\n\t\t\tdata-label=\"L\"\n\t\t\t\t\t\taria-label=\"L\"\n\t\t\t\t\t>\n\t\t<div class=\"jet-checkboxes-list__button\">\n\t\t\t\t\t\t\t<span class=\"jet-checkboxes-list__decorator\">\n\t\t\t\t\t<i class=\"jet-checkboxes-list__checked-icon\"><svg width=\"28\" height=\"28\" viewbox=\"0 0 28 28\" xmlns=\"http:\/\/www.w3.org\/2000\/svg\">\n\t<path d=\"M26.109 8.844c0 0.391-0.156 0.781-0.438 1.062l-13.438 13.438c-0.281 0.281-0.672 0.438-1.062 0.438s-0.781-0.156-1.062-0.438l-7.781-7.781c-0.281-0.281-0.438-0.672-0.438-1.062s0.156-0.781 0.438-1.062l2.125-2.125c0.281-0.281 0.672-0.438 1.062-0.438s0.781 0.156 1.062 0.438l4.594 4.609 10.25-10.266c0.281-0.281 0.672-0.438 1.062-0.438s0.781 0.156 1.062 0.438l2.125 2.125c0.281 0.281 0.438 0.672 0.438 1.062z\"><\/path>\n<\/svg>\n<\/i>\n\t\t\t\t<\/span>\n\t\t\t\t\t\t<span class=\"jet-checkboxes-list__label\">L<\/span>\n\t\t\t\t\t<\/div>\n\t<\/label>\n<\/div><div class=\"jet-checkboxes-list__row jet-filter-row\">\n\t\t<label class=\"jet-checkboxes-list__item\" >\n\t\t<input\n\t\t\ttype=\"checkbox\"\n\t\t\tclass=\"jet-checkboxes-list__input\"\n\t\t\tname=\"pa_taille\"\n\t\t\tvalue=\"60\"\n\t\t\tdata-label=\"XL\"\n\t\t\t\t\t\taria-label=\"XL\"\n\t\t\t\t\t>\n\t\t<div class=\"jet-checkboxes-list__button\">\n\t\t\t\t\t\t\t<span class=\"jet-checkboxes-list__decorator\">\n\t\t\t\t\t<i class=\"jet-checkboxes-list__checked-icon\"><svg width=\"28\" height=\"28\" viewbox=\"0 0 28 28\" xmlns=\"http:\/\/www.w3.org\/2000\/svg\">\n\t<path d=\"M26.109 8.844c0 0.391-0.156 0.781-0.438 1.062l-13.438 13.438c-0.281 0.281-0.672 0.438-1.062 0.438s-0.781-0.156-1.062-0.438l-7.781-7.781c-0.281-0.281-0.438-0.672-0.438-1.062s0.156-0.781 0.438-1.062l2.125-2.125c0.281-0.281 0.672-0.438 1.062-0.438s0.781 0.156 1.062 0.438l4.594 4.609 10.25-10.266c0.281-0.281 0.672-0.438 1.062-0.438s0.781 0.156 1.062 0.438l2.125 2.125c0.281 0.281 0.438 0.672 0.438 1.062z\"><\/path>\n<\/svg>\n<\/i>\n\t\t\t\t<\/span>\n\t\t\t\t\t\t<span class=\"jet-checkboxes-list__label\">XL<\/span>\n\t\t\t\t\t<\/div>\n\t<\/label>\n<\/div><\/fieldset><\/div>\n<\/div>\t\t\t\t<\/div>\n\t\t\t\t<\/div>\n\t\t\t\t<\/div>\n\t\t<div class=\"elementor-element elementor-element-f4b6021 e-con-full e-flex e-con e-child\" data-id=\"f4b6021\" data-element_type=\"container\" data-e-type=\"container\">\n\t\t\t\t<\/div>\n\t\t\t\t<\/div>\n\t\t\t\t<\/div>","protected":false},"excerpt":{"rendered":"<p>Ensembles Upcycl\u00e9s Femme \u2013 Tenues Uniques Marija Stoja Les ensembles upcycl\u00e9s femme de Marija Stoja sont des tenues compl\u00e8tes pens\u00e9es comme un tout. Jupe + haut assortis, pantalon + veste coordonn\u00e9s, short + top accord\u00e9s&#8230; Chaque ensemble est cr\u00e9\u00e9 \u00e0 partir de mati\u00e8res compl\u00e9mentaires trouv\u00e9es en friperie ou r\u00e9cup\u00e9r\u00e9es, assembl\u00e9es pour former une tenue coh\u00e9rente [&hellip;]<\/p>\n","protected":false},"author":1,"featured_media":0,"parent":0,"menu_order":0,"comment_status":"closed","ping_status":"closed","template":"elementor_header_footer","meta":{"_acf_changed":false,"footnotes":""},"class_list":["post-1381","page","type-page","status-publish","hentry"],"acf":[],"yoast_head":"<!-- This site is optimized with the Yoast SEO plugin v27.2 - https:\/\/yoast.com\/product\/yoast-seo-wordpress\/ -->\n<title>Ensembles Upcycl\u00e9s Femme | Tenues Uniques | Marija Stoja<\/title>\n<meta name=\"description\" content=\"Ensembles Upcycl\u00e9s Femme : Ensembles upcycl\u00e9s et customis\u00e9s \u00e0 la main par Marija Stoja. Tenues coordonn\u00e9es uniques issues de la friperie. Mode responsabl...\" \/>\n<meta name=\"robots\" content=\"index, follow, max-snippet:-1, max-image-preview:large, max-video-preview:-1\" \/>\n<link rel=\"canonical\" href=\"https:\/\/marijastoja.fr\/en\/ensembles\/\" \/>\n<meta property=\"og:locale\" content=\"en_US\" \/>\n<meta property=\"og:type\" content=\"article\" \/>\n<meta property=\"og:title\" content=\"Ensembles Upcycl\u00e9s Femme | Tenues Uniques | Marija Stoja\" \/>\n<meta property=\"og:description\" content=\"Ensembles Upcycl\u00e9s Femme : Ensembles upcycl\u00e9s et customis\u00e9s \u00e0 la main par Marija Stoja. Tenues coordonn\u00e9es uniques issues de la friperie. Mode responsabl...\" \/>\n<meta property=\"og:url\" content=\"https:\/\/marijastoja.fr\/en\/ensembles\/\" \/>\n<meta property=\"og:site_name\" content=\"Marija Stoja\" \/>\n<meta property=\"article:modified_time\" content=\"2026-03-01T12:05:44+00:00\" \/>\n<meta property=\"og:image\" content=\"https:\/\/marijastoja.fr\/wp-content\/uploads\/2026\/01\/fc71e260-4a7a-4c10-b730-c664565fa6cf-1.jpg\" \/>\n<meta name=\"twitter:card\" content=\"summary_large_image\" \/>\n<meta name=\"twitter:label1\" content=\"Est. reading time\" \/>\n\t<meta name=\"twitter:data1\" content=\"2 minutes\" \/>\n<script type=\"application\/ld+json\" class=\"yoast-schema-graph\">{\"@context\":\"https:\/\/schema.org\",\"@graph\":[{\"@type\":\"WebPage\",\"@id\":\"https:\/\/marijastoja.fr\/ensembles\/\",\"url\":\"https:\/\/marijastoja.fr\/ensembles\/\",\"name\":\"Ensembles Upcycl\u00e9s Femme | Tenues Uniques | Marija Stoja\",\"isPartOf\":{\"@id\":\"https:\/\/marijastoja.fr\/#website\"},\"primaryImageOfPage\":{\"@id\":\"https:\/\/marijastoja.fr\/ensembles\/#primaryimage\"},\"image\":{\"@id\":\"https:\/\/marijastoja.fr\/ensembles\/#primaryimage\"},\"thumbnailUrl\":\"https:\/\/marijastoja.fr\/wp-content\/uploads\/2026\/01\/fc71e260-4a7a-4c10-b730-c664565fa6cf-1.jpg\",\"datePublished\":\"2026-01-20T17:35:21+00:00\",\"dateModified\":\"2026-03-01T12:05:44+00:00\",\"description\":\"Ensembles Upcycl\u00e9s Femme : Ensembles upcycl\u00e9s et customis\u00e9s \u00e0 la main par Marija Stoja. Tenues coordonn\u00e9es uniques issues de la friperie. Mode responsabl...\",\"breadcrumb\":{\"@id\":\"https:\/\/marijastoja.fr\/ensembles\/#breadcrumb\"},\"inLanguage\":\"en-US\",\"potentialAction\":[{\"@type\":\"ReadAction\",\"target\":[\"https:\/\/marijastoja.fr\/ensembles\/\"]}]},{\"@type\":\"ImageObject\",\"inLanguage\":\"en-US\",\"@id\":\"https:\/\/marijastoja.fr\/ensembles\/#primaryimage\",\"url\":\"https:\/\/marijastoja.fr\/wp-content\/uploads\/2026\/01\/fc71e260-4a7a-4c10-b730-c664565fa6cf-1.jpg\",\"contentUrl\":\"https:\/\/marijastoja.fr\/wp-content\/uploads\/2026\/01\/fc71e260-4a7a-4c10-b730-c664565fa6cf-1.jpg\"},{\"@type\":\"BreadcrumbList\",\"@id\":\"https:\/\/marijastoja.fr\/ensembles\/#breadcrumb\",\"itemListElement\":[{\"@type\":\"ListItem\",\"position\":1,\"name\":\"Accueil\",\"item\":\"https:\/\/marijastoja.fr\/\"},{\"@type\":\"ListItem\",\"position\":2,\"name\":\"Ensembles\"}]},{\"@type\":\"WebSite\",\"@id\":\"https:\/\/marijastoja.fr\/#website\",\"url\":\"https:\/\/marijastoja.fr\/\",\"name\":\"Marija Stoja\",\"description\":\"Upcycling\",\"publisher\":{\"@id\":\"https:\/\/marijastoja.fr\/#organization\"},\"potentialAction\":[{\"@type\":\"SearchAction\",\"target\":{\"@type\":\"EntryPoint\",\"urlTemplate\":\"https:\/\/marijastoja.fr\/?s={search_term_string}\"},\"query-input\":{\"@type\":\"PropertyValueSpecification\",\"valueRequired\":true,\"valueName\":\"search_term_string\"}}],\"inLanguage\":\"en-US\"},{\"@type\":\"Organization\",\"@id\":\"https:\/\/marijastoja.fr\/#organization\",\"name\":\"Marija Stoja\",\"url\":\"https:\/\/marijastoja.fr\/\",\"logo\":{\"@type\":\"ImageObject\",\"inLanguage\":\"en-US\",\"@id\":\"https:\/\/marijastoja.fr\/#\/schema\/logo\/image\/\",\"url\":\"https:\/\/marijastoja.fr\/wp-content\/uploads\/2025\/12\/cropped-logo-noir.png\",\"contentUrl\":\"https:\/\/marijastoja.fr\/wp-content\/uploads\/2025\/12\/cropped-logo-noir.png\",\"width\":878,\"height\":322,\"caption\":\"Marija Stoja\"},\"image\":{\"@id\":\"https:\/\/marijastoja.fr\/#\/schema\/logo\/image\/\"}}]}<\/script>\n<!-- \/ Yoast SEO plugin. -->","yoast_head_json":{"title":"Ensembles Upcycl\u00e9s Femme | Tenues Uniques | Marija Stoja","description":"Ensembles Upcycl\u00e9s Femme : Ensembles upcycl\u00e9s et customis\u00e9s \u00e0 la main par Marija Stoja. Tenues coordonn\u00e9es uniques issues de la friperie. Mode responsabl...","robots":{"index":"index","follow":"follow","max-snippet":"max-snippet:-1","max-image-preview":"max-image-preview:large","max-video-preview":"max-video-preview:-1"},"canonical":"https:\/\/marijastoja.fr\/en\/ensembles\/","og_locale":"en_US","og_type":"article","og_title":"Ensembles Upcycl\u00e9s Femme | Tenues Uniques | Marija Stoja","og_description":"Ensembles Upcycl\u00e9s Femme : Ensembles upcycl\u00e9s et customis\u00e9s \u00e0 la main par Marija Stoja. Tenues coordonn\u00e9es uniques issues de la friperie. Mode responsabl...","og_url":"https:\/\/marijastoja.fr\/en\/ensembles\/","og_site_name":"Marija Stoja","article_modified_time":"2026-03-01T12:05:44+00:00","og_image":[{"url":"https:\/\/marijastoja.fr\/wp-content\/uploads\/2026\/01\/fc71e260-4a7a-4c10-b730-c664565fa6cf-1.jpg","type":"","width":"","height":""}],"twitter_card":"summary_large_image","twitter_misc":{"Est. reading time":"2 minutes"},"schema":{"@context":"https:\/\/schema.org","@graph":[{"@type":"WebPage","@id":"https:\/\/marijastoja.fr\/ensembles\/","url":"https:\/\/marijastoja.fr\/ensembles\/","name":"Ensembles Upcycl\u00e9s Femme | Tenues Uniques | Marija Stoja","isPartOf":{"@id":"https:\/\/marijastoja.fr\/#website"},"primaryImageOfPage":{"@id":"https:\/\/marijastoja.fr\/ensembles\/#primaryimage"},"image":{"@id":"https:\/\/marijastoja.fr\/ensembles\/#primaryimage"},"thumbnailUrl":"https:\/\/marijastoja.fr\/wp-content\/uploads\/2026\/01\/fc71e260-4a7a-4c10-b730-c664565fa6cf-1.jpg","datePublished":"2026-01-20T17:35:21+00:00","dateModified":"2026-03-01T12:05:44+00:00","description":"Ensembles Upcycl\u00e9s Femme : Ensembles upcycl\u00e9s et customis\u00e9s \u00e0 la main par Marija Stoja. Tenues coordonn\u00e9es uniques issues de la friperie. Mode responsabl...","breadcrumb":{"@id":"https:\/\/marijastoja.fr\/ensembles\/#breadcrumb"},"inLanguage":"en-US","potentialAction":[{"@type":"ReadAction","target":["https:\/\/marijastoja.fr\/ensembles\/"]}]},{"@type":"ImageObject","inLanguage":"en-US","@id":"https:\/\/marijastoja.fr\/ensembles\/#primaryimage","url":"https:\/\/marijastoja.fr\/wp-content\/uploads\/2026\/01\/fc71e260-4a7a-4c10-b730-c664565fa6cf-1.jpg","contentUrl":"https:\/\/marijastoja.fr\/wp-content\/uploads\/2026\/01\/fc71e260-4a7a-4c10-b730-c664565fa6cf-1.jpg"},{"@type":"BreadcrumbList","@id":"https:\/\/marijastoja.fr\/ensembles\/#breadcrumb","itemListElement":[{"@type":"ListItem","position":1,"name":"Accueil","item":"https:\/\/marijastoja.fr\/"},{"@type":"ListItem","position":2,"name":"Ensembles"}]},{"@type":"WebSite","@id":"https:\/\/marijastoja.fr\/#website","url":"https:\/\/marijastoja.fr\/","name":"Marija Stoja","description":"Upcycling","publisher":{"@id":"https:\/\/marijastoja.fr\/#organization"},"potentialAction":[{"@type":"SearchAction","target":{"@type":"EntryPoint","urlTemplate":"https:\/\/marijastoja.fr\/?s={search_term_string}"},"query-input":{"@type":"PropertyValueSpecification","valueRequired":true,"valueName":"search_term_string"}}],"inLanguage":"en-US"},{"@type":"Organization","@id":"https:\/\/marijastoja.fr\/#organization","name":"Marija Stoja","url":"https:\/\/marijastoja.fr\/","logo":{"@type":"ImageObject","inLanguage":"en-US","@id":"https:\/\/marijastoja.fr\/#\/schema\/logo\/image\/","url":"https:\/\/marijastoja.fr\/wp-content\/uploads\/2025\/12\/cropped-logo-noir.png","contentUrl":"https:\/\/marijastoja.fr\/wp-content\/uploads\/2025\/12\/cropped-logo-noir.png","width":878,"height":322,"caption":"Marija Stoja"},"image":{"@id":"https:\/\/marijastoja.fr\/#\/schema\/logo\/image\/"}}]}},"jetpack_sharing_enabled":true,"_links":{"self":[{"href":"https:\/\/marijastoja.fr\/en\/wp-json\/wp\/v2\/pages\/1381","targetHints":{"allow":["GET"]}}],"collection":[{"href":"https:\/\/marijastoja.fr\/en\/wp-json\/wp\/v2\/pages"}],"about":[{"href":"https:\/\/marijastoja.fr\/en\/wp-json\/wp\/v2\/types\/page"}],"author":[{"embeddable":true,"href":"https:\/\/marijastoja.fr\/en\/wp-json\/wp\/v2\/users\/1"}],"replies":[{"embeddable":true,"href":"https:\/\/marijastoja.fr\/en\/wp-json\/wp\/v2\/comments?post=1381"}],"version-history":[{"count":3,"href":"https:\/\/marijastoja.fr\/en\/wp-json\/wp\/v2\/pages\/1381\/revisions"}],"predecessor-version":[{"id":1861,"href":"https:\/\/marijastoja.fr\/en\/wp-json\/wp\/v2\/pages\/1381\/revisions\/1861"}],"wp:attachment":[{"href":"https:\/\/marijastoja.fr\/en\/wp-json\/wp\/v2\/media?parent=1381"}],"curies":[{"name":"wp","href":"https:\/\/api.w.org\/{rel}","templated":true}]}}