{"id":14,"date":"2025-12-22T19:13:13","date_gmt":"2025-12-22T18:13:13","guid":{"rendered":"https:\/\/firebrick-jellyfish-751704.hostingersite.com\/mon-compte\/"},"modified":"2026-03-01T12:16:03","modified_gmt":"2026-03-01T11:16:03","slug":"mon-compte","status":"publish","type":"page","link":"https:\/\/marijastoja.fr\/en\/mon-compte\/","title":{"rendered":"Mon compte"},"content":{"rendered":"<div data-elementor-type=\"wp-page\" data-elementor-id=\"14\" class=\"elementor elementor-14\" data-elementor-post-type=\"page\">\n\t\t\t\t<div class=\"elementor-element elementor-element-a0992c8 e-con-full e-flex e-con e-parent\" data-id=\"a0992c8\" data-element_type=\"container\" data-e-type=\"container\">\n\t\t\t\t<div class=\"elementor-element elementor-element-33364d9 elementor-widget elementor-widget-heading\" data-id=\"33364d9\" data-element_type=\"widget\" data-e-type=\"widget\" data-widget_type=\"heading.default\">\n\t\t\t\t\t<h2 class=\"elementor-heading-title elementor-size-default\">My account<\/h2>\t\t\t\t<\/div>\n\t\t\t\t<div class=\"elementor-element elementor-element-9f0edbd e-my-account-tabs-vertical elementor-widget elementor-widget-woocommerce-my-account\" data-id=\"9f0edbd\" data-element_type=\"widget\" data-e-type=\"widget\" data-widget_type=\"woocommerce-my-account.default\">\n\t\t\t\t\t<div class=\"e-my-account-tab e-my-account-tab__\">\t\t\t<div class=\"woocommerce\"><\/div>\t\t<\/div>\n\t\t\t\t\t\t<\/div>\n\t\t\t\t<\/div>\n\t\t\t\t<\/div>","protected":false},"excerpt":{"rendered":"<p>Acc\u00e9dez \u00e0 mon compte Marija Stoja pour g\u00e9rer vos commandes, adresses et informations personnelles sur la boutique mode upcycling. Mon compte Tableau de bord Mes commandes Cartes cadeaux T\u00e9l\u00e9chargements Addresses D\u00e9tails du compte Mes points D\u00e9connection Bonjour baligandm (vous n\u2019\u00eates pas baligandm\u00a0? D\u00e9connexion) \u00c0 partir du tableau de bord de votre compte, vous pouvez visualiser [&hellip;]<\/p>\n","protected":false},"author":1,"featured_media":0,"parent":0,"menu_order":0,"comment_status":"closed","ping_status":"closed","template":"elementor_header_footer","meta":{"_acf_changed":false,"footnotes":""},"class_list":["post-14","page","type-page","status-publish","hentry"],"acf":[],"yoast_head":"<!-- This site is optimized with the Yoast SEO plugin v27.2 - https:\/\/yoast.com\/product\/yoast-seo-wordpress\/ -->\n<title>Mon Compte | Boutique Marija Stoja | Espace Personnel<\/title>\n<meta name=\"description\" content=\"Mon Compte : Acc\u00e9dez \u00e0 votre compte Marija Stoja pour suivre vos commandes, g\u00e9rer vos informations et consulter votre historique d&#039;achats de cr\u00e9ations upcycl\u00e9es\" \/>\n<meta name=\"robots\" content=\"index, follow, max-snippet:-1, max-image-preview:large, max-video-preview:-1\" \/>\n<link rel=\"canonical\" href=\"https:\/\/marijastoja.fr\/en\/mon-compte\/\" \/>\n<meta property=\"og:locale\" content=\"en_US\" \/>\n<meta property=\"og:type\" content=\"article\" \/>\n<meta property=\"og:title\" content=\"Mon Compte | Boutique Marija Stoja | Espace Personnel\" \/>\n<meta property=\"og:description\" content=\"Mon Compte : Acc\u00e9dez \u00e0 votre compte Marija Stoja pour suivre vos commandes, g\u00e9rer vos informations et consulter votre historique d&#039;achats de cr\u00e9ations upcycl\u00e9es\" \/>\n<meta property=\"og:url\" content=\"https:\/\/marijastoja.fr\/en\/mon-compte\/\" \/>\n<meta property=\"og:site_name\" content=\"Marija Stoja\" \/>\n<meta property=\"article:modified_time\" content=\"2026-03-01T11:16:03+00:00\" \/>\n<meta name=\"twitter:card\" content=\"summary_large_image\" \/>\n<meta name=\"twitter:label1\" content=\"Est. reading time\" \/>\n\t<meta name=\"twitter:data1\" content=\"2 minutes\" \/>\n<script type=\"application\/ld+json\" class=\"yoast-schema-graph\">{\"@context\":\"https:\/\/schema.org\",\"@graph\":[{\"@type\":\"WebPage\",\"@id\":\"https:\/\/marijastoja.fr\/mon-compte\/\",\"url\":\"https:\/\/marijastoja.fr\/mon-compte\/\",\"name\":\"Mon Compte | Boutique Marija Stoja | Espace Personnel\",\"isPartOf\":{\"@id\":\"https:\/\/marijastoja.fr\/#website\"},\"datePublished\":\"2025-12-22T18:13:13+00:00\",\"dateModified\":\"2026-03-01T11:16:03+00:00\",\"description\":\"Mon Compte : Acc\u00e9dez \u00e0 votre compte Marija Stoja pour suivre vos commandes, g\u00e9rer vos informations et consulter votre historique d'achats de cr\u00e9ations upcycl\u00e9es\",\"breadcrumb\":{\"@id\":\"https:\/\/marijastoja.fr\/mon-compte\/#breadcrumb\"},\"inLanguage\":\"en-US\",\"potentialAction\":[{\"@type\":\"ReadAction\",\"target\":[\"https:\/\/marijastoja.fr\/mon-compte\/\"]}]},{\"@type\":\"BreadcrumbList\",\"@id\":\"https:\/\/marijastoja.fr\/mon-compte\/#breadcrumb\",\"itemListElement\":[{\"@type\":\"ListItem\",\"position\":1,\"name\":\"Accueil\",\"item\":\"https:\/\/marijastoja.fr\/\"},{\"@type\":\"ListItem\",\"position\":2,\"name\":\"Mon compte\"}]},{\"@type\":\"WebSite\",\"@id\":\"https:\/\/marijastoja.fr\/#website\",\"url\":\"https:\/\/marijastoja.fr\/\",\"name\":\"Marija Stoja\",\"description\":\"Upcycling\",\"publisher\":{\"@id\":\"https:\/\/marijastoja.fr\/#organization\"},\"potentialAction\":[{\"@type\":\"SearchAction\",\"target\":{\"@type\":\"EntryPoint\",\"urlTemplate\":\"https:\/\/marijastoja.fr\/?s={search_term_string}\"},\"query-input\":{\"@type\":\"PropertyValueSpecification\",\"valueRequired\":true,\"valueName\":\"search_term_string\"}}],\"inLanguage\":\"en-US\"},{\"@type\":\"Organization\",\"@id\":\"https:\/\/marijastoja.fr\/#organization\",\"name\":\"Marija Stoja\",\"url\":\"https:\/\/marijastoja.fr\/\",\"logo\":{\"@type\":\"ImageObject\",\"inLanguage\":\"en-US\",\"@id\":\"https:\/\/marijastoja.fr\/#\/schema\/logo\/image\/\",\"url\":\"https:\/\/marijastoja.fr\/wp-content\/uploads\/2025\/12\/cropped-logo-noir.png\",\"contentUrl\":\"https:\/\/marijastoja.fr\/wp-content\/uploads\/2025\/12\/cropped-logo-noir.png\",\"width\":878,\"height\":322,\"caption\":\"Marija Stoja\"},\"image\":{\"@id\":\"https:\/\/marijastoja.fr\/#\/schema\/logo\/image\/\"}}]}<\/script>\n<!-- \/ Yoast SEO plugin. -->","yoast_head_json":{"title":"Mon Compte | Boutique Marija Stoja | Espace Personnel","description":"Mon Compte : Acc\u00e9dez \u00e0 votre compte Marija Stoja pour suivre vos commandes, g\u00e9rer vos informations et consulter votre historique d'achats de cr\u00e9ations upcycl\u00e9es","robots":{"index":"index","follow":"follow","max-snippet":"max-snippet:-1","max-image-preview":"max-image-preview:large","max-video-preview":"max-video-preview:-1"},"canonical":"https:\/\/marijastoja.fr\/en\/mon-compte\/","og_locale":"en_US","og_type":"article","og_title":"Mon Compte | Boutique Marija Stoja | Espace Personnel","og_description":"Mon Compte : Acc\u00e9dez \u00e0 votre compte Marija Stoja pour suivre vos commandes, g\u00e9rer vos informations et consulter votre historique d'achats de cr\u00e9ations upcycl\u00e9es","og_url":"https:\/\/marijastoja.fr\/en\/mon-compte\/","og_site_name":"Marija Stoja","article_modified_time":"2026-03-01T11:16:03+00:00","twitter_card":"summary_large_image","twitter_misc":{"Est. reading time":"2 minutes"},"schema":{"@context":"https:\/\/schema.org","@graph":[{"@type":"WebPage","@id":"https:\/\/marijastoja.fr\/mon-compte\/","url":"https:\/\/marijastoja.fr\/mon-compte\/","name":"Mon Compte | Boutique Marija Stoja | Espace Personnel","isPartOf":{"@id":"https:\/\/marijastoja.fr\/#website"},"datePublished":"2025-12-22T18:13:13+00:00","dateModified":"2026-03-01T11:16:03+00:00","description":"Mon Compte : Acc\u00e9dez \u00e0 votre compte Marija Stoja pour suivre vos commandes, g\u00e9rer vos informations et consulter votre historique d'achats de cr\u00e9ations upcycl\u00e9es","breadcrumb":{"@id":"https:\/\/marijastoja.fr\/mon-compte\/#breadcrumb"},"inLanguage":"en-US","potentialAction":[{"@type":"ReadAction","target":["https:\/\/marijastoja.fr\/mon-compte\/"]}]},{"@type":"BreadcrumbList","@id":"https:\/\/marijastoja.fr\/mon-compte\/#breadcrumb","itemListElement":[{"@type":"ListItem","position":1,"name":"Accueil","item":"https:\/\/marijastoja.fr\/"},{"@type":"ListItem","position":2,"name":"Mon compte"}]},{"@type":"WebSite","@id":"https:\/\/marijastoja.fr\/#website","url":"https:\/\/marijastoja.fr\/","name":"Marija Stoja","description":"Upcycling","publisher":{"@id":"https:\/\/marijastoja.fr\/#organization"},"potentialAction":[{"@type":"SearchAction","target":{"@type":"EntryPoint","urlTemplate":"https:\/\/marijastoja.fr\/?s={search_term_string}"},"query-input":{"@type":"PropertyValueSpecification","valueRequired":true,"valueName":"search_term_string"}}],"inLanguage":"en-US"},{"@type":"Organization","@id":"https:\/\/marijastoja.fr\/#organization","name":"Marija Stoja","url":"https:\/\/marijastoja.fr\/","logo":{"@type":"ImageObject","inLanguage":"en-US","@id":"https:\/\/marijastoja.fr\/#\/schema\/logo\/image\/","url":"https:\/\/marijastoja.fr\/wp-content\/uploads\/2025\/12\/cropped-logo-noir.png","contentUrl":"https:\/\/marijastoja.fr\/wp-content\/uploads\/2025\/12\/cropped-logo-noir.png","width":878,"height":322,"caption":"Marija Stoja"},"image":{"@id":"https:\/\/marijastoja.fr\/#\/schema\/logo\/image\/"}}]}},"jetpack_sharing_enabled":true,"_links":{"self":[{"href":"https:\/\/marijastoja.fr\/en\/wp-json\/wp\/v2\/pages\/14","targetHints":{"allow":["GET"]}}],"collection":[{"href":"https:\/\/marijastoja.fr\/en\/wp-json\/wp\/v2\/pages"}],"about":[{"href":"https:\/\/marijastoja.fr\/en\/wp-json\/wp\/v2\/types\/page"}],"author":[{"embeddable":true,"href":"https:\/\/marijastoja.fr\/en\/wp-json\/wp\/v2\/users\/1"}],"replies":[{"embeddable":true,"href":"https:\/\/marijastoja.fr\/en\/wp-json\/wp\/v2\/comments?post=14"}],"version-history":[{"count":2,"href":"https:\/\/marijastoja.fr\/en\/wp-json\/wp\/v2\/pages\/14\/revisions"}],"predecessor-version":[{"id":1829,"href":"https:\/\/marijastoja.fr\/en\/wp-json\/wp\/v2\/pages\/14\/revisions\/1829"}],"wp:attachment":[{"href":"https:\/\/marijastoja.fr\/en\/wp-json\/wp\/v2\/media?parent=14"}],"curies":[{"name":"wp","href":"https:\/\/api.w.org\/{rel}","templated":true}]}}