{"id":550,"date":"2025-12-23T22:37:54","date_gmt":"2025-12-23T21:37:54","guid":{"rendered":"https:\/\/firebrick-jellyfish-751704.hostingersite.com\/?page_id=550"},"modified":"2026-03-01T13:03:42","modified_gmt":"2026-03-01T12:03:42","slug":"pantalons-2","status":"publish","type":"page","link":"https:\/\/marijastoja.fr\/en\/pantalons-2\/","title":{"rendered":"Pants"},"content":{"rendered":"<div data-elementor-type=\"wp-page\" data-elementor-id=\"550\" class=\"elementor elementor-550\" data-elementor-post-type=\"page\">\n\t\t\t\t<div class=\"elementor-element elementor-element-7e7bdff e-flex e-con-boxed e-con e-parent\" data-id=\"7e7bdff\" data-element_type=\"container\" data-e-type=\"container\">\n\t\t\t\t\t<div class=\"e-con-inner\">\n\t\t\t\t<div class=\"elementor-element elementor-element-9c65421 elementor-widget elementor-widget-heading\" data-id=\"9c65421\" data-element_type=\"widget\" data-e-type=\"widget\" data-widget_type=\"heading.default\">\n\t\t\t\t\t<h2 class=\"elementor-heading-title elementor-size-default\">Pants<\/h2>\t\t\t\t<\/div>\n\t\t\t\t\t<\/div>\n\t\t\t\t<\/div>\n\t\t<div class=\"elementor-element elementor-element-0d8a450 e-con-full e-flex e-con e-parent\" data-id=\"0d8a450\" data-element_type=\"container\" data-e-type=\"container\">\n\t\t<div class=\"elementor-element elementor-element-5d2cf6a e-con-full e-flex e-con e-child\" data-id=\"5d2cf6a\" data-element_type=\"container\" data-e-type=\"container\">\n\t\t\t\t<div class=\"elementor-element elementor-element-1fff5c9 elementor-widget elementor-widget-heading\" data-id=\"1fff5c9\" data-element_type=\"widget\" data-e-type=\"widget\" data-widget_type=\"heading.default\">\n\t\t\t\t\t<h2 class=\"elementor-heading-title elementor-size-default\">Filtrer par taille<\/h2>\t\t\t\t<\/div>\n\t\t\t\t<div class=\"elementor-element elementor-element-81f8a38 elementor-widget elementor-widget-jet-smart-filters-checkboxes\" data-id=\"81f8a38\" data-element_type=\"widget\" data-e-type=\"widget\" data-widget_type=\"jet-smart-filters-checkboxes.default\">\n\t\t\t\t<div class=\"elementor-widget-container\">\n\t\t\t\t\t<div class=\"jet-smart-filters-checkboxes jet-filter\" data-indexer-rule=\"show\" data-show-counter=\"\" data-change-counter=\"always\"><div class=\"jet-checkboxes-list\" data-query-type=\"tax_query\" data-query-var=\"pa_taille\" data-smart-filter=\"checkboxes\" data-filter-id=\"668\" data-apply-type=\"ajax\" data-content-provider=\"epro-products\" data-additional-providers=\"\" data-query-id=\"default\" data-active-label=\"Taille\" data-layout-options=\"{&quot;show_label&quot;:&quot;&quot;,&quot;display_options&quot;:{&quot;show_items_label&quot;:false,&quot;show_decorator&quot;:&quot;yes&quot;,&quot;filter_image_size&quot;:&quot;full&quot;,&quot;show_counter&quot;:false}}\" data-query-var-suffix=\"\" data-apply-on=\"value\"><fieldset class=\"jet-checkboxes-list-wrapper\"><legend style=\"display:none;\">Filtrer par taille<\/legend><div class=\"jet-checkboxes-list__row jet-filter-row\">\n\t\t<label class=\"jet-checkboxes-list__item\" >\n\t\t<input\n\t\t\ttype=\"checkbox\"\n\t\t\tclass=\"jet-checkboxes-list__input\"\n\t\t\tname=\"pa_taille\"\n\t\t\tvalue=\"57\"\n\t\t\tdata-label=\"S\"\n\t\t\t\t\t\taria-label=\"S\"\n\t\t\t\t\t>\n\t\t<div class=\"jet-checkboxes-list__button\">\n\t\t\t\t\t\t\t<span class=\"jet-checkboxes-list__decorator\">\n\t\t\t\t\t<i class=\"jet-checkboxes-list__checked-icon\"><svg width=\"28\" height=\"28\" viewbox=\"0 0 28 28\" xmlns=\"http:\/\/www.w3.org\/2000\/svg\">\n\t<path d=\"M26.109 8.844c0 0.391-0.156 0.781-0.438 1.062l-13.438 13.438c-0.281 0.281-0.672 0.438-1.062 0.438s-0.781-0.156-1.062-0.438l-7.781-7.781c-0.281-0.281-0.438-0.672-0.438-1.062s0.156-0.781 0.438-1.062l2.125-2.125c0.281-0.281 0.672-0.438 1.062-0.438s0.781 0.156 1.062 0.438l4.594 4.609 10.25-10.266c0.281-0.281 0.672-0.438 1.062-0.438s0.781 0.156 1.062 0.438l2.125 2.125c0.281 0.281 0.438 0.672 0.438 1.062z\"><\/path>\n<\/svg>\n<\/i>\n\t\t\t\t<\/span>\n\t\t\t\t\t\t<span class=\"jet-checkboxes-list__label\">S<\/span>\n\t\t\t\t\t<\/div>\n\t<\/label>\n<\/div><div class=\"jet-checkboxes-list__row jet-filter-row\">\n\t\t<label class=\"jet-checkboxes-list__item\" >\n\t\t<input\n\t\t\ttype=\"checkbox\"\n\t\t\tclass=\"jet-checkboxes-list__input\"\n\t\t\tname=\"pa_taille\"\n\t\t\tvalue=\"58\"\n\t\t\tdata-label=\"M\"\n\t\t\t\t\t\taria-label=\"M\"\n\t\t\t\t\t>\n\t\t<div class=\"jet-checkboxes-list__button\">\n\t\t\t\t\t\t\t<span class=\"jet-checkboxes-list__decorator\">\n\t\t\t\t\t<i class=\"jet-checkboxes-list__checked-icon\"><svg width=\"28\" height=\"28\" viewbox=\"0 0 28 28\" xmlns=\"http:\/\/www.w3.org\/2000\/svg\">\n\t<path d=\"M26.109 8.844c0 0.391-0.156 0.781-0.438 1.062l-13.438 13.438c-0.281 0.281-0.672 0.438-1.062 0.438s-0.781-0.156-1.062-0.438l-7.781-7.781c-0.281-0.281-0.438-0.672-0.438-1.062s0.156-0.781 0.438-1.062l2.125-2.125c0.281-0.281 0.672-0.438 1.062-0.438s0.781 0.156 1.062 0.438l4.594 4.609 10.25-10.266c0.281-0.281 0.672-0.438 1.062-0.438s0.781 0.156 1.062 0.438l2.125 2.125c0.281 0.281 0.438 0.672 0.438 1.062z\"><\/path>\n<\/svg>\n<\/i>\n\t\t\t\t<\/span>\n\t\t\t\t\t\t<span class=\"jet-checkboxes-list__label\">M<\/span>\n\t\t\t\t\t<\/div>\n\t<\/label>\n<\/div><div class=\"jet-checkboxes-list__row jet-filter-row\">\n\t\t<label class=\"jet-checkboxes-list__item\" >\n\t\t<input\n\t\t\ttype=\"checkbox\"\n\t\t\tclass=\"jet-checkboxes-list__input\"\n\t\t\tname=\"pa_taille\"\n\t\t\tvalue=\"59\"\n\t\t\tdata-label=\"L\"\n\t\t\t\t\t\taria-label=\"L\"\n\t\t\t\t\t>\n\t\t<div class=\"jet-checkboxes-list__button\">\n\t\t\t\t\t\t\t<span class=\"jet-checkboxes-list__decorator\">\n\t\t\t\t\t<i class=\"jet-checkboxes-list__checked-icon\"><svg width=\"28\" height=\"28\" viewbox=\"0 0 28 28\" xmlns=\"http:\/\/www.w3.org\/2000\/svg\">\n\t<path d=\"M26.109 8.844c0 0.391-0.156 0.781-0.438 1.062l-13.438 13.438c-0.281 0.281-0.672 0.438-1.062 0.438s-0.781-0.156-1.062-0.438l-7.781-7.781c-0.281-0.281-0.438-0.672-0.438-1.062s0.156-0.781 0.438-1.062l2.125-2.125c0.281-0.281 0.672-0.438 1.062-0.438s0.781 0.156 1.062 0.438l4.594 4.609 10.25-10.266c0.281-0.281 0.672-0.438 1.062-0.438s0.781 0.156 1.062 0.438l2.125 2.125c0.281 0.281 0.438 0.672 0.438 1.062z\"><\/path>\n<\/svg>\n<\/i>\n\t\t\t\t<\/span>\n\t\t\t\t\t\t<span class=\"jet-checkboxes-list__label\">L<\/span>\n\t\t\t\t\t<\/div>\n\t<\/label>\n<\/div><div class=\"jet-checkboxes-list__row jet-filter-row\">\n\t\t<label class=\"jet-checkboxes-list__item\" >\n\t\t<input\n\t\t\ttype=\"checkbox\"\n\t\t\tclass=\"jet-checkboxes-list__input\"\n\t\t\tname=\"pa_taille\"\n\t\t\tvalue=\"60\"\n\t\t\tdata-label=\"XL\"\n\t\t\t\t\t\taria-label=\"XL\"\n\t\t\t\t\t>\n\t\t<div class=\"jet-checkboxes-list__button\">\n\t\t\t\t\t\t\t<span class=\"jet-checkboxes-list__decorator\">\n\t\t\t\t\t<i class=\"jet-checkboxes-list__checked-icon\"><svg width=\"28\" height=\"28\" viewbox=\"0 0 28 28\" xmlns=\"http:\/\/www.w3.org\/2000\/svg\">\n\t<path d=\"M26.109 8.844c0 0.391-0.156 0.781-0.438 1.062l-13.438 13.438c-0.281 0.281-0.672 0.438-1.062 0.438s-0.781-0.156-1.062-0.438l-7.781-7.781c-0.281-0.281-0.438-0.672-0.438-1.062s0.156-0.781 0.438-1.062l2.125-2.125c0.281-0.281 0.672-0.438 1.062-0.438s0.781 0.156 1.062 0.438l4.594 4.609 10.25-10.266c0.281-0.281 0.672-0.438 1.062-0.438s0.781 0.156 1.062 0.438l2.125 2.125c0.281 0.281 0.438 0.672 0.438 1.062z\"><\/path>\n<\/svg>\n<\/i>\n\t\t\t\t<\/span>\n\t\t\t\t\t\t<span class=\"jet-checkboxes-list__label\">XL<\/span>\n\t\t\t\t\t<\/div>\n\t<\/label>\n<\/div><\/fieldset><\/div>\n<\/div>\t\t\t\t<\/div>\n\t\t\t\t<\/div>\n\t\t\t\t<\/div>\n\t\t<div class=\"elementor-element elementor-element-06c3053 e-con-full e-flex e-con e-child\" data-id=\"06c3053\" data-element_type=\"container\" data-e-type=\"container\">\n\t\t\t\t<div class=\"elementor-element elementor-element-db1912b elementor-grid-2 elementor-grid-tablet-3 elementor-grid-mobile-2 elementor-products-grid elementor-wc-products elementor-widget elementor-widget-woocommerce-products\" data-id=\"db1912b\" data-element_type=\"widget\" data-e-type=\"widget\" data-widget_type=\"woocommerce-products.default\">\n\t\t\t\t<div class=\"elementor-widget-container\">\n\t\t\t\t\t<div class=\"woocommerce columns-2\"><ul class=\"products elementor-grid columns-2\">\n<li class=\"product type-product post-1760 status-publish first instock product_cat-pantalons has-post-thumbnail shipping-taxable purchasable product-type-simple\">\n\t<a href=\"https:\/\/marijastoja.fr\/en\/product\/jean-upcycle-patchwork-fleurs-zebre\/\" class=\"woocommerce-LoopProduct-link woocommerce-loop-product__link\"><img fetchpriority=\"high\" decoding=\"async\" width=\"900\" height=\"900\" src=\"https:\/\/marijastoja.fr\/wp-content\/uploads\/2026\/01\/1a464af3-65df-455e-aaa6-ec221cc208da-1-900x900.jpg\" class=\"attachment-woocommerce_thumbnail size-woocommerce_thumbnail wvs-archive-product-image\" alt=\"jean upcycl\u00e9 patchwork - Marija Stoja\" srcset=\"https:\/\/marijastoja.fr\/wp-content\/uploads\/2026\/01\/1a464af3-65df-455e-aaa6-ec221cc208da-1-900x900.jpg 900w, https:\/\/marijastoja.fr\/wp-content\/uploads\/2026\/01\/1a464af3-65df-455e-aaa6-ec221cc208da-1-150x150.jpg 150w, https:\/\/marijastoja.fr\/wp-content\/uploads\/2026\/01\/1a464af3-65df-455e-aaa6-ec221cc208da-1-100x100.jpg 100w, https:\/\/marijastoja.fr\/wp-content\/uploads\/2026\/01\/1a464af3-65df-455e-aaa6-ec221cc208da-1-50x50.jpg 50w\" sizes=\"(max-width: 900px) 100vw, 900px\" \/><h2 class=\"woocommerce-loop-product__title\">Jean upcycl\u00e9 patchwork fleurs z\u00e8bre<\/h2>\n\t<span class=\"price\"><span class=\"woocommerce-Price-amount amount\"><bdi>65,00&nbsp;<span class=\"woocommerce-Price-currencySymbol\">\u20ac<\/span><\/bdi><\/span><\/span>\n<\/a><a href=\"\/en\/wp-json\/wp\/v2\/pages\/550?add-to-cart=1760\" aria-describedby=\"woocommerce_loop_add_to_cart_link_describedby_1760\" data-quantity=\"1\" class=\"button product_type_simple add_to_cart_button ajax_add_to_cart\" data-product_id=\"1760\" data-product_sku=\"\" aria-label=\"Add to cart: \u201cJean upcycl\u00e9 patchwork fleurs z\u00e8bre\u201d\" rel=\"nofollow\" data-success_message=\"\u201cJean upcycl\u00e9 patchwork fleurs z\u00e8bre\u201d has been added to your cart\" role=\"button\" data-no-translation=\"\" data-trp-gettext=\"\" data-no-translation-aria-label=\"\" data-no-translation-data-success_message=\"\">Add to cart<\/a>\t<span id=\"woocommerce_loop_add_to_cart_link_describedby_1760\" class=\"screen-reader-text\">\n\t\t\t<\/span>\n<\/li>\n<\/ul>\n<\/div>\t\t\t\t<\/div>\n\t\t\t\t<\/div>\n\t\t\t\t<\/div>\n\t\t\t\t<\/div>\n\t\t\t\t<\/div>","protected":false},"excerpt":{"rendered":"<p>Pantalons Upcycl\u00e9s Femme \u2013 Mode Unique Marija Stoja Les pantalons upcycl\u00e9s femme de Marija Stoja red\u00e9finissent l&rsquo;id\u00e9e du bas de gamme-robe. Jeans de seconde main, pantalons vintage, tissus r\u00e9cup\u00e9r\u00e9s&#8230; chaque pantalon part d&rsquo;une mati\u00e8re \u00e0 l&rsquo;histoire riche, transform\u00e9e \u00e0 la main pour cr\u00e9er une pi\u00e8ce contemporaine et originale. Un jean us\u00e9 devient un pantalon customis\u00e9 [&hellip;]<\/p>\n","protected":false},"author":1,"featured_media":0,"parent":0,"menu_order":0,"comment_status":"closed","ping_status":"closed","template":"elementor_header_footer","meta":{"_acf_changed":false,"footnotes":""},"class_list":["post-550","page","type-page","status-publish","hentry"],"acf":[],"yoast_head":"<!-- This site is optimized with the Yoast SEO plugin v27.2 - https:\/\/yoast.com\/product\/yoast-seo-wordpress\/ -->\n<title>Pantalons Upcycl\u00e9s Femme | Mode Unique | Marija Stoja<\/title>\n<meta name=\"description\" content=\"Pantalons Upcycl\u00e9s Femme : Pantalons upcycl\u00e9s et customis\u00e9s \u00e0 la main chez Marija Stoja. Coupes originales, pi\u00e8ces uniques issues de la friperie. Mode re...\" \/>\n<meta name=\"robots\" content=\"index, follow, max-snippet:-1, max-image-preview:large, max-video-preview:-1\" \/>\n<link rel=\"canonical\" href=\"https:\/\/marijastoja.fr\/en\/pantalons-2\/\" \/>\n<meta property=\"og:locale\" content=\"en_US\" \/>\n<meta property=\"og:type\" content=\"article\" \/>\n<meta property=\"og:title\" content=\"Pantalons Upcycl\u00e9s Femme | Mode Unique | Marija Stoja\" \/>\n<meta property=\"og:description\" content=\"Pantalons Upcycl\u00e9s Femme : Pantalons upcycl\u00e9s et customis\u00e9s \u00e0 la main chez Marija Stoja. Coupes originales, pi\u00e8ces uniques issues de la friperie. Mode re...\" \/>\n<meta property=\"og:url\" content=\"https:\/\/marijastoja.fr\/en\/pantalons-2\/\" \/>\n<meta property=\"og:site_name\" content=\"Marija Stoja\" \/>\n<meta property=\"article:modified_time\" content=\"2026-03-01T12:03:42+00:00\" \/>\n<meta property=\"og:image\" content=\"https:\/\/marijastoja.fr\/wp-content\/uploads\/2026\/01\/fc71e260-4a7a-4c10-b730-c664565fa6cf-1.jpg\" \/>\n<meta name=\"twitter:card\" content=\"summary_large_image\" \/>\n<meta name=\"twitter:label1\" content=\"Est. reading time\" \/>\n\t<meta name=\"twitter:data1\" content=\"2 minutes\" \/>\n<script type=\"application\/ld+json\" class=\"yoast-schema-graph\">{\"@context\":\"https:\/\/schema.org\",\"@graph\":[{\"@type\":\"WebPage\",\"@id\":\"https:\/\/marijastoja.fr\/pantalons-2\/\",\"url\":\"https:\/\/marijastoja.fr\/pantalons-2\/\",\"name\":\"Pantalons Upcycl\u00e9s Femme | Mode Unique | Marija Stoja\",\"isPartOf\":{\"@id\":\"https:\/\/marijastoja.fr\/#website\"},\"primaryImageOfPage\":{\"@id\":\"https:\/\/marijastoja.fr\/pantalons-2\/#primaryimage\"},\"image\":{\"@id\":\"https:\/\/marijastoja.fr\/pantalons-2\/#primaryimage\"},\"thumbnailUrl\":\"https:\/\/marijastoja.fr\/wp-content\/uploads\/2026\/01\/fc71e260-4a7a-4c10-b730-c664565fa6cf-1.jpg\",\"datePublished\":\"2025-12-23T21:37:54+00:00\",\"dateModified\":\"2026-03-01T12:03:42+00:00\",\"description\":\"Pantalons Upcycl\u00e9s Femme : Pantalons upcycl\u00e9s et customis\u00e9s \u00e0 la main chez Marija Stoja. Coupes originales, pi\u00e8ces uniques issues de la friperie. Mode re...\",\"breadcrumb\":{\"@id\":\"https:\/\/marijastoja.fr\/pantalons-2\/#breadcrumb\"},\"inLanguage\":\"en-US\",\"potentialAction\":[{\"@type\":\"ReadAction\",\"target\":[\"https:\/\/marijastoja.fr\/pantalons-2\/\"]}]},{\"@type\":\"ImageObject\",\"inLanguage\":\"en-US\",\"@id\":\"https:\/\/marijastoja.fr\/pantalons-2\/#primaryimage\",\"url\":\"https:\/\/marijastoja.fr\/wp-content\/uploads\/2026\/01\/fc71e260-4a7a-4c10-b730-c664565fa6cf-1.jpg\",\"contentUrl\":\"https:\/\/marijastoja.fr\/wp-content\/uploads\/2026\/01\/fc71e260-4a7a-4c10-b730-c664565fa6cf-1.jpg\"},{\"@type\":\"BreadcrumbList\",\"@id\":\"https:\/\/marijastoja.fr\/pantalons-2\/#breadcrumb\",\"itemListElement\":[{\"@type\":\"ListItem\",\"position\":1,\"name\":\"Accueil\",\"item\":\"https:\/\/marijastoja.fr\/\"},{\"@type\":\"ListItem\",\"position\":2,\"name\":\"Pantalons\"}]},{\"@type\":\"WebSite\",\"@id\":\"https:\/\/marijastoja.fr\/#website\",\"url\":\"https:\/\/marijastoja.fr\/\",\"name\":\"Marija Stoja\",\"description\":\"Upcycling\",\"publisher\":{\"@id\":\"https:\/\/marijastoja.fr\/#organization\"},\"potentialAction\":[{\"@type\":\"SearchAction\",\"target\":{\"@type\":\"EntryPoint\",\"urlTemplate\":\"https:\/\/marijastoja.fr\/?s={search_term_string}\"},\"query-input\":{\"@type\":\"PropertyValueSpecification\",\"valueRequired\":true,\"valueName\":\"search_term_string\"}}],\"inLanguage\":\"en-US\"},{\"@type\":\"Organization\",\"@id\":\"https:\/\/marijastoja.fr\/#organization\",\"name\":\"Marija Stoja\",\"url\":\"https:\/\/marijastoja.fr\/\",\"logo\":{\"@type\":\"ImageObject\",\"inLanguage\":\"en-US\",\"@id\":\"https:\/\/marijastoja.fr\/#\/schema\/logo\/image\/\",\"url\":\"https:\/\/marijastoja.fr\/wp-content\/uploads\/2025\/12\/cropped-logo-noir.png\",\"contentUrl\":\"https:\/\/marijastoja.fr\/wp-content\/uploads\/2025\/12\/cropped-logo-noir.png\",\"width\":878,\"height\":322,\"caption\":\"Marija Stoja\"},\"image\":{\"@id\":\"https:\/\/marijastoja.fr\/#\/schema\/logo\/image\/\"}}]}<\/script>\n<!-- \/ Yoast SEO plugin. -->","yoast_head_json":{"title":"Pantalons Upcycl\u00e9s Femme | Mode Unique | Marija Stoja","description":"Pantalons Upcycl\u00e9s Femme : Pantalons upcycl\u00e9s et customis\u00e9s \u00e0 la main chez Marija Stoja. Coupes originales, pi\u00e8ces uniques issues de la friperie. Mode re...","robots":{"index":"index","follow":"follow","max-snippet":"max-snippet:-1","max-image-preview":"max-image-preview:large","max-video-preview":"max-video-preview:-1"},"canonical":"https:\/\/marijastoja.fr\/en\/pantalons-2\/","og_locale":"en_US","og_type":"article","og_title":"Pantalons Upcycl\u00e9s Femme | Mode Unique | Marija Stoja","og_description":"Pantalons Upcycl\u00e9s Femme : Pantalons upcycl\u00e9s et customis\u00e9s \u00e0 la main chez Marija Stoja. Coupes originales, pi\u00e8ces uniques issues de la friperie. Mode re...","og_url":"https:\/\/marijastoja.fr\/en\/pantalons-2\/","og_site_name":"Marija Stoja","article_modified_time":"2026-03-01T12:03:42+00:00","og_image":[{"url":"https:\/\/marijastoja.fr\/wp-content\/uploads\/2026\/01\/fc71e260-4a7a-4c10-b730-c664565fa6cf-1.jpg","type":"","width":"","height":""}],"twitter_card":"summary_large_image","twitter_misc":{"Est. reading time":"2 minutes"},"schema":{"@context":"https:\/\/schema.org","@graph":[{"@type":"WebPage","@id":"https:\/\/marijastoja.fr\/pantalons-2\/","url":"https:\/\/marijastoja.fr\/pantalons-2\/","name":"Pantalons Upcycl\u00e9s Femme | Mode Unique | Marija Stoja","isPartOf":{"@id":"https:\/\/marijastoja.fr\/#website"},"primaryImageOfPage":{"@id":"https:\/\/marijastoja.fr\/pantalons-2\/#primaryimage"},"image":{"@id":"https:\/\/marijastoja.fr\/pantalons-2\/#primaryimage"},"thumbnailUrl":"https:\/\/marijastoja.fr\/wp-content\/uploads\/2026\/01\/fc71e260-4a7a-4c10-b730-c664565fa6cf-1.jpg","datePublished":"2025-12-23T21:37:54+00:00","dateModified":"2026-03-01T12:03:42+00:00","description":"Pantalons Upcycl\u00e9s Femme : Pantalons upcycl\u00e9s et customis\u00e9s \u00e0 la main chez Marija Stoja. Coupes originales, pi\u00e8ces uniques issues de la friperie. Mode re...","breadcrumb":{"@id":"https:\/\/marijastoja.fr\/pantalons-2\/#breadcrumb"},"inLanguage":"en-US","potentialAction":[{"@type":"ReadAction","target":["https:\/\/marijastoja.fr\/pantalons-2\/"]}]},{"@type":"ImageObject","inLanguage":"en-US","@id":"https:\/\/marijastoja.fr\/pantalons-2\/#primaryimage","url":"https:\/\/marijastoja.fr\/wp-content\/uploads\/2026\/01\/fc71e260-4a7a-4c10-b730-c664565fa6cf-1.jpg","contentUrl":"https:\/\/marijastoja.fr\/wp-content\/uploads\/2026\/01\/fc71e260-4a7a-4c10-b730-c664565fa6cf-1.jpg"},{"@type":"BreadcrumbList","@id":"https:\/\/marijastoja.fr\/pantalons-2\/#breadcrumb","itemListElement":[{"@type":"ListItem","position":1,"name":"Accueil","item":"https:\/\/marijastoja.fr\/"},{"@type":"ListItem","position":2,"name":"Pantalons"}]},{"@type":"WebSite","@id":"https:\/\/marijastoja.fr\/#website","url":"https:\/\/marijastoja.fr\/","name":"Marija Stoja","description":"Upcycling","publisher":{"@id":"https:\/\/marijastoja.fr\/#organization"},"potentialAction":[{"@type":"SearchAction","target":{"@type":"EntryPoint","urlTemplate":"https:\/\/marijastoja.fr\/?s={search_term_string}"},"query-input":{"@type":"PropertyValueSpecification","valueRequired":true,"valueName":"search_term_string"}}],"inLanguage":"en-US"},{"@type":"Organization","@id":"https:\/\/marijastoja.fr\/#organization","name":"Marija Stoja","url":"https:\/\/marijastoja.fr\/","logo":{"@type":"ImageObject","inLanguage":"en-US","@id":"https:\/\/marijastoja.fr\/#\/schema\/logo\/image\/","url":"https:\/\/marijastoja.fr\/wp-content\/uploads\/2025\/12\/cropped-logo-noir.png","contentUrl":"https:\/\/marijastoja.fr\/wp-content\/uploads\/2025\/12\/cropped-logo-noir.png","width":878,"height":322,"caption":"Marija Stoja"},"image":{"@id":"https:\/\/marijastoja.fr\/#\/schema\/logo\/image\/"}}]}},"jetpack_sharing_enabled":true,"_links":{"self":[{"href":"https:\/\/marijastoja.fr\/en\/wp-json\/wp\/v2\/pages\/550","targetHints":{"allow":["GET"]}}],"collection":[{"href":"https:\/\/marijastoja.fr\/en\/wp-json\/wp\/v2\/pages"}],"about":[{"href":"https:\/\/marijastoja.fr\/en\/wp-json\/wp\/v2\/types\/page"}],"author":[{"embeddable":true,"href":"https:\/\/marijastoja.fr\/en\/wp-json\/wp\/v2\/users\/1"}],"replies":[{"embeddable":true,"href":"https:\/\/marijastoja.fr\/en\/wp-json\/wp\/v2\/comments?post=550"}],"version-history":[{"count":3,"href":"https:\/\/marijastoja.fr\/en\/wp-json\/wp\/v2\/pages\/550\/revisions"}],"predecessor-version":[{"id":1858,"href":"https:\/\/marijastoja.fr\/en\/wp-json\/wp\/v2\/pages\/550\/revisions\/1858"}],"wp:attachment":[{"href":"https:\/\/marijastoja.fr\/en\/wp-json\/wp\/v2\/media?parent=550"}],"curies":[{"name":"wp","href":"https:\/\/api.w.org\/{rel}","templated":true}]}}