{"id":74,"date":"2025-12-22T19:25:33","date_gmt":"2025-12-22T18:25:33","guid":{"rendered":"https:\/\/firebrick-jellyfish-751704.hostingersite.com\/?page_id=74"},"modified":"2026-03-01T13:09:09","modified_gmt":"2026-03-01T12:09:09","slug":"me-contacter","status":"publish","type":"page","link":"https:\/\/marijastoja.fr\/en\/me-contacter\/","title":{"rendered":"Contact"},"content":{"rendered":"\t\t<div data-elementor-type=\"wp-page\" data-elementor-id=\"74\" class=\"elementor elementor-74\" data-elementor-post-type=\"page\">\n\t\t\t\t<div class=\"elementor-element elementor-element-0f8ed9e e-flex e-con-boxed e-con e-parent\" data-id=\"0f8ed9e\" data-element_type=\"container\" data-e-type=\"container\">\n\t\t\t\t\t<div class=\"e-con-inner\">\n\t\t\t\t<div class=\"elementor-element elementor-element-9cb4a91 elementor-widget elementor-widget-heading\" data-id=\"9cb4a91\" data-element_type=\"widget\" data-e-type=\"widget\" data-widget_type=\"heading.default\">\n\t\t\t\t\t<h2 class=\"elementor-heading-title elementor-size-default\">CONTACT<\/h2>\t\t\t\t<\/div>\n\t\t\t\t\t<\/div>\n\t\t\t\t<\/div>\n\t\t<div class=\"elementor-element elementor-element-0210b52 e-flex e-con-boxed e-con e-parent\" data-id=\"0210b52\" data-element_type=\"container\" data-e-type=\"container\">\n\t\t\t\t\t<div class=\"e-con-inner\">\n\t\t<div class=\"elementor-element elementor-element-dbd87e7 e-con-full e-flex e-con e-child\" data-id=\"dbd87e7\" data-element_type=\"container\" data-e-type=\"container\">\n\t\t\t\t<div class=\"elementor-element elementor-element-869d8b3 elementor-widget elementor-widget-heading\" data-id=\"869d8b3\" data-element_type=\"widget\" data-e-type=\"widget\" data-widget_type=\"heading.default\">\n\t\t\t\t\t<h2 class=\"elementor-heading-title elementor-size-default\">Hello!<\/h2>\t\t\t\t<\/div>\n\t\t\t\t<div class=\"elementor-element elementor-element-ef01adc elementor-widget elementor-widget-text-editor\" data-id=\"ef01adc\" data-element_type=\"widget\" data-e-type=\"widget\" data-widget_type=\"text-editor.default\">\n\t\t\t\t\t\t\t\t\t<p dir=\"auto\">Je suis heureuse que vous passiez par ici.<\/p><p dir=\"auto\">Si vous avez une question sur une pi\u00e8ce en vente, sur les mat\u00e9riaux, les tailles, les d\u00e9lais, ou simplement envie de discuter upcycling, n\u2019h\u00e9sitez pas \u00e0 m\u2019\u00e9crire via le formulaire ci-dessous.<\/p><p>Je r\u00e9ponds personnellement \u00e0 tous les messages sous 48h (souvent bien plus vite !).<\/p>\t\t\t\t\t\t\t\t<\/div>\n\t\t\t\t<div class=\"elementor-element elementor-element-4b54e03 elementor-button-align-stretch elementor-widget elementor-widget-form\" data-id=\"4b54e03\" data-element_type=\"widget\" data-e-type=\"widget\" data-settings=\"{&quot;step_next_label&quot;:&quot;Next&quot;,&quot;step_previous_label&quot;:&quot;Previous&quot;,&quot;button_width&quot;:&quot;100&quot;,&quot;step_type&quot;:&quot;number_text&quot;,&quot;step_icon_shape&quot;:&quot;circle&quot;}\" data-widget_type=\"form.default\">\n\t\t\t\t\t\t\t<form class=\"elementor-form\" method=\"post\" name=\"New Form\" aria-label=\"New Form\">\n\t\t\t<input type=\"hidden\" name=\"post_id\" value=\"74\"\/>\n\t\t\t<input type=\"hidden\" name=\"form_id\" value=\"4b54e03\"\/>\n\t\t\t<input type=\"hidden\" name=\"referer_title\" value=\"Contacter Marija Stoja | Cr\u00e9atrice Mode Upcycling France\" \/>\n\n\t\t\t\t\t\t\t<input type=\"hidden\" name=\"queried_id\" value=\"74\"\/>\n\t\t\t\n\t\t\t<div class=\"elementor-form-fields-wrapper elementor-labels-above\">\n\t\t\t\t\t\t\t\t<div class=\"elementor-field-type-text elementor-field-group elementor-column elementor-field-group-name elementor-col-50\">\n\t\t\t\t\t\t\t\t\t\t\t\t\t<input size=\"1\" type=\"text\" name=\"form_fields[name]\" id=\"form-field-name\" class=\"elementor-field elementor-size-sm  elementor-field-textual\" placeholder=\"Nom\">\n\t\t\t\t\t\t\t\t\t\t\t<\/div>\n\t\t\t\t\t\t\t\t<div class=\"elementor-field-type-email elementor-field-group elementor-column elementor-field-group-email elementor-col-50 elementor-field-required\">\n\t\t\t\t\t\t\t\t\t\t\t\t\t<input size=\"1\" type=\"email\" name=\"form_fields[email]\" id=\"form-field-email\" class=\"elementor-field elementor-size-sm  elementor-field-textual\" placeholder=\"Email\" required=\"required\">\n\t\t\t\t\t\t\t\t\t\t\t<\/div>\n\t\t\t\t\t\t\t\t<div class=\"elementor-field-type-tel elementor-field-group elementor-column elementor-field-group-field_8ab4aee elementor-col-100 elementor-field-required\">\n\t\t\t\t\t\t\t<input size=\"1\" type=\"tel\" name=\"form_fields[field_8ab4aee]\" id=\"form-field-field_8ab4aee\" class=\"elementor-field elementor-size-sm  elementor-field-textual\" placeholder=\"T\u00e9l\u00e9phone\" required=\"required\" pattern=\"[0-9()#&amp;+*-=.]+\" title=\"Only numbers and phone characters (#, -, *, etc) are accepted.\">\n\n\t\t\t\t\t\t<\/div>\n\t\t\t\t\t\t\t\t<div class=\"elementor-field-type-textarea elementor-field-group elementor-column elementor-field-group-message elementor-col-100\">\n\t\t\t\t\t<textarea class=\"elementor-field-textual elementor-field  elementor-size-sm\" name=\"form_fields[message]\" id=\"form-field-message\" rows=\"4\" placeholder=\"Votre message\"><\/textarea>\t\t\t\t<\/div>\n\t\t\t\t\t\t\t\t<div class=\"elementor-field-group elementor-column elementor-field-type-submit elementor-col-100 e-form__buttons\">\n\t\t\t\t\t<button class=\"elementor-button elementor-size-sm\" type=\"submit\">\n\t\t\t\t\t\t<span class=\"elementor-button-content-wrapper\">\n\t\t\t\t\t\t\t\t\t\t\t\t\t\t\t\t\t\t\t\t\t\t<span class=\"elementor-button-text\">Envoyer<\/span>\n\t\t\t\t\t\t\t\t\t\t\t\t\t<\/span>\n\t\t\t\t\t<\/button>\n\t\t\t\t<\/div>\n\t\t\t<\/div>\n\t\t<\/form>\n\t\t\t\t\t\t<\/div>\n\t\t\t\t<\/div>\n\t\t<div class=\"elementor-element elementor-element-0c583fa e-con-full e-flex e-con e-child\" data-id=\"0c583fa\" data-element_type=\"container\" data-e-type=\"container\" data-settings=\"{&quot;background_background&quot;:&quot;classic&quot;}\">\n\t\t\t\t<div class=\"elementor-element elementor-element-03e1b06 elementor-widget elementor-widget-text-editor\" data-id=\"03e1b06\" data-element_type=\"widget\" data-e-type=\"widget\" data-widget_type=\"text-editor.default\">\n\t\t\t\t\t\t\t\t\t<h3 dir=\"auto\"><strong>Vous avez un projet de personnalisation ou d\u2019upcycling ?<\/strong><\/h3><p dir=\"auto\">J\u2019ai cr\u00e9\u00e9 une page d\u00e9di\u00e9e rien que pour \u00e7a ! Vous y trouverez toutes les infos et un formulaire pour me parler de votre id\u00e9e (envoi de photos, choix d\u2019une base neutre, description de vos envies\u2026).<\/p>\t\t\t\t\t\t\t\t<\/div>\n\t\t\t\t<div class=\"elementor-element elementor-element-6a71b37 elementor-widget elementor-widget-button\" data-id=\"6a71b37\" data-element_type=\"widget\" data-e-type=\"widget\" data-widget_type=\"button.default\">\n\t\t\t\t\t\t\t\t\t\t<a class=\"elementor-button elementor-button-link elementor-size-sm\" href=\"https:\/\/marijastoja.fr\/sur-mesure\/\">\n\t\t\t\t\t\t<span class=\"elementor-button-content-wrapper\">\n\t\t\t\t\t\t\t\t\t<span class=\"elementor-button-text\">Lancer mon projet personnalis\u00e9 \u2192<\/span>\n\t\t\t\t\t<\/span>\n\t\t\t\t\t<\/a>\n\t\t\t\t\t\t\t\t<\/div>\n\t\t\t\t<\/div>\n\t\t\t\t\t<\/div>\n\t\t\t\t<\/div>\n\t\t<div class=\"elementor-element elementor-element-080c8f1 e-flex e-con-boxed e-con e-parent\" data-id=\"080c8f1\" data-element_type=\"container\" data-e-type=\"container\">\n\t\t\t\t\t<div class=\"e-con-inner\">\n\t\t\t\t<div class=\"elementor-element elementor-element-b336dec elementor-widget elementor-widget-text-editor\" data-id=\"b336dec\" data-element_type=\"widget\" data-e-type=\"widget\" data-widget_type=\"text-editor.default\">\n\t\t\t\t\t\t\t\t\t<p dir=\"auto\">Vous pouvez aussi me joindre par :<\/p><ul dir=\"auto\"><li>Mail : <a href=\"mailto:contact@marijastoja.fr\">contact@marijastoja.fr<\/a><\/li><li>Instagram : <a href=\"https:\/\/www.instagram.com\/marija_stoja_\/\">Marija_stoja_<\/a> (pour les messages rapides ou les photos)<\/li><\/ul><p dir=\"auto\">\u00c0 tr\u00e8s vite pour \u00e9changer ou cr\u00e9er ensemble quelque chose d\u2019unique et \u00e9coresponsable !<\/p><h3 dir=\"auto\">\u00a0<\/h3>\t\t\t\t\t\t\t\t<\/div>\n\t\t\t\t\t<\/div>\n\t\t\t\t<\/div>\n\t\t\t\t<\/div>\n\t\t","protected":false},"excerpt":{"rendered":"<p>Vous pouvez contacter Marija Stoja pour toute question sur les cr\u00e9ations upcycl\u00e9es, une commande sur mesure ou un partenariat mode durable. CONTACT Hello! Je suis heureuse que vous passiez par ici. Si vous avez une question sur une pi\u00e8ce en vente, sur les mat\u00e9riaux, les tailles, les d\u00e9lais, ou simplement envie de discuter upcycling, n\u2019h\u00e9sitez [&hellip;]<\/p>\n","protected":false},"author":1,"featured_media":0,"parent":0,"menu_order":0,"comment_status":"closed","ping_status":"closed","template":"elementor_header_footer","meta":{"_acf_changed":false,"footnotes":""},"class_list":["post-74","page","type-page","status-publish","hentry"],"acf":[],"yoast_head":"<!-- This site is optimized with the Yoast SEO plugin v27.2 - https:\/\/yoast.com\/product\/yoast-seo-wordpress\/ -->\n<title>Contacter Marija Stoja | Cr\u00e9atrice Mode Upcycling France<\/title>\n<meta name=\"description\" content=\"Contacter Marija Stoja : Contactez Marija Stoja pour toute question sur vos commandes, cr\u00e9ations personnalis\u00e9es ou collaborations.\" \/>\n<meta name=\"robots\" content=\"index, follow, max-snippet:-1, max-image-preview:large, max-video-preview:-1\" \/>\n<link rel=\"canonical\" href=\"https:\/\/marijastoja.fr\/en\/me-contacter\/\" \/>\n<meta property=\"og:locale\" content=\"en_US\" \/>\n<meta property=\"og:type\" content=\"article\" \/>\n<meta property=\"og:title\" content=\"Contacter Marija Stoja | Cr\u00e9atrice Mode Upcycling France\" \/>\n<meta property=\"og:description\" content=\"Contacter Marija Stoja : Contactez Marija Stoja pour toute question sur vos commandes, cr\u00e9ations personnalis\u00e9es ou collaborations.\" \/>\n<meta property=\"og:url\" content=\"https:\/\/marijastoja.fr\/en\/me-contacter\/\" \/>\n<meta property=\"og:site_name\" content=\"Marija Stoja\" \/>\n<meta property=\"article:modified_time\" content=\"2026-03-01T12:09:09+00:00\" \/>\n<meta name=\"twitter:card\" content=\"summary_large_image\" \/>\n<meta name=\"twitter:label1\" content=\"Est. reading time\" \/>\n\t<meta name=\"twitter:data1\" content=\"1 minute\" \/>\n<script type=\"application\/ld+json\" class=\"yoast-schema-graph\">{\"@context\":\"https:\/\/schema.org\",\"@graph\":[{\"@type\":\"WebPage\",\"@id\":\"https:\/\/marijastoja.fr\/me-contacter\/\",\"url\":\"https:\/\/marijastoja.fr\/me-contacter\/\",\"name\":\"Contacter Marija Stoja | Cr\u00e9atrice Mode Upcycling France\",\"isPartOf\":{\"@id\":\"https:\/\/marijastoja.fr\/#website\"},\"datePublished\":\"2025-12-22T18:25:33+00:00\",\"dateModified\":\"2026-03-01T12:09:09+00:00\",\"description\":\"Contacter Marija Stoja : Contactez Marija Stoja pour toute question sur vos commandes, cr\u00e9ations personnalis\u00e9es ou collaborations.\",\"breadcrumb\":{\"@id\":\"https:\/\/marijastoja.fr\/me-contacter\/#breadcrumb\"},\"inLanguage\":\"en-US\",\"potentialAction\":[{\"@type\":\"ReadAction\",\"target\":[\"https:\/\/marijastoja.fr\/me-contacter\/\"]}]},{\"@type\":\"BreadcrumbList\",\"@id\":\"https:\/\/marijastoja.fr\/me-contacter\/#breadcrumb\",\"itemListElement\":[{\"@type\":\"ListItem\",\"position\":1,\"name\":\"Accueil\",\"item\":\"https:\/\/marijastoja.fr\/\"},{\"@type\":\"ListItem\",\"position\":2,\"name\":\"Me contacter\"}]},{\"@type\":\"WebSite\",\"@id\":\"https:\/\/marijastoja.fr\/#website\",\"url\":\"https:\/\/marijastoja.fr\/\",\"name\":\"Marija Stoja\",\"description\":\"Upcycling\",\"publisher\":{\"@id\":\"https:\/\/marijastoja.fr\/#organization\"},\"potentialAction\":[{\"@type\":\"SearchAction\",\"target\":{\"@type\":\"EntryPoint\",\"urlTemplate\":\"https:\/\/marijastoja.fr\/?s={search_term_string}\"},\"query-input\":{\"@type\":\"PropertyValueSpecification\",\"valueRequired\":true,\"valueName\":\"search_term_string\"}}],\"inLanguage\":\"en-US\"},{\"@type\":\"Organization\",\"@id\":\"https:\/\/marijastoja.fr\/#organization\",\"name\":\"Marija Stoja\",\"url\":\"https:\/\/marijastoja.fr\/\",\"logo\":{\"@type\":\"ImageObject\",\"inLanguage\":\"en-US\",\"@id\":\"https:\/\/marijastoja.fr\/#\/schema\/logo\/image\/\",\"url\":\"https:\/\/marijastoja.fr\/wp-content\/uploads\/2025\/12\/cropped-logo-noir.png\",\"contentUrl\":\"https:\/\/marijastoja.fr\/wp-content\/uploads\/2025\/12\/cropped-logo-noir.png\",\"width\":878,\"height\":322,\"caption\":\"Marija Stoja\"},\"image\":{\"@id\":\"https:\/\/marijastoja.fr\/#\/schema\/logo\/image\/\"}}]}<\/script>\n<!-- \/ Yoast SEO plugin. -->","yoast_head_json":{"title":"Contacter Marija Stoja | Cr\u00e9atrice Mode Upcycling France","description":"Contacter Marija Stoja : Contactez Marija Stoja pour toute question sur vos commandes, cr\u00e9ations personnalis\u00e9es ou collaborations.","robots":{"index":"index","follow":"follow","max-snippet":"max-snippet:-1","max-image-preview":"max-image-preview:large","max-video-preview":"max-video-preview:-1"},"canonical":"https:\/\/marijastoja.fr\/en\/me-contacter\/","og_locale":"en_US","og_type":"article","og_title":"Contacter Marija Stoja | Cr\u00e9atrice Mode Upcycling France","og_description":"Contacter Marija Stoja : Contactez Marija Stoja pour toute question sur vos commandes, cr\u00e9ations personnalis\u00e9es ou collaborations.","og_url":"https:\/\/marijastoja.fr\/en\/me-contacter\/","og_site_name":"Marija Stoja","article_modified_time":"2026-03-01T12:09:09+00:00","twitter_card":"summary_large_image","twitter_misc":{"Est. reading time":"1 minute"},"schema":{"@context":"https:\/\/schema.org","@graph":[{"@type":"WebPage","@id":"https:\/\/marijastoja.fr\/me-contacter\/","url":"https:\/\/marijastoja.fr\/me-contacter\/","name":"Contacter Marija Stoja | Cr\u00e9atrice Mode Upcycling France","isPartOf":{"@id":"https:\/\/marijastoja.fr\/#website"},"datePublished":"2025-12-22T18:25:33+00:00","dateModified":"2026-03-01T12:09:09+00:00","description":"Contacter Marija Stoja : Contactez Marija Stoja pour toute question sur vos commandes, cr\u00e9ations personnalis\u00e9es ou collaborations.","breadcrumb":{"@id":"https:\/\/marijastoja.fr\/me-contacter\/#breadcrumb"},"inLanguage":"en-US","potentialAction":[{"@type":"ReadAction","target":["https:\/\/marijastoja.fr\/me-contacter\/"]}]},{"@type":"BreadcrumbList","@id":"https:\/\/marijastoja.fr\/me-contacter\/#breadcrumb","itemListElement":[{"@type":"ListItem","position":1,"name":"Accueil","item":"https:\/\/marijastoja.fr\/"},{"@type":"ListItem","position":2,"name":"Me contacter"}]},{"@type":"WebSite","@id":"https:\/\/marijastoja.fr\/#website","url":"https:\/\/marijastoja.fr\/","name":"Marija Stoja","description":"Upcycling","publisher":{"@id":"https:\/\/marijastoja.fr\/#organization"},"potentialAction":[{"@type":"SearchAction","target":{"@type":"EntryPoint","urlTemplate":"https:\/\/marijastoja.fr\/?s={search_term_string}"},"query-input":{"@type":"PropertyValueSpecification","valueRequired":true,"valueName":"search_term_string"}}],"inLanguage":"en-US"},{"@type":"Organization","@id":"https:\/\/marijastoja.fr\/#organization","name":"Marija Stoja","url":"https:\/\/marijastoja.fr\/","logo":{"@type":"ImageObject","inLanguage":"en-US","@id":"https:\/\/marijastoja.fr\/#\/schema\/logo\/image\/","url":"https:\/\/marijastoja.fr\/wp-content\/uploads\/2025\/12\/cropped-logo-noir.png","contentUrl":"https:\/\/marijastoja.fr\/wp-content\/uploads\/2025\/12\/cropped-logo-noir.png","width":878,"height":322,"caption":"Marija Stoja"},"image":{"@id":"https:\/\/marijastoja.fr\/#\/schema\/logo\/image\/"}}]}},"jetpack_sharing_enabled":true,"_links":{"self":[{"href":"https:\/\/marijastoja.fr\/en\/wp-json\/wp\/v2\/pages\/74","targetHints":{"allow":["GET"]}}],"collection":[{"href":"https:\/\/marijastoja.fr\/en\/wp-json\/wp\/v2\/pages"}],"about":[{"href":"https:\/\/marijastoja.fr\/en\/wp-json\/wp\/v2\/types\/page"}],"author":[{"embeddable":true,"href":"https:\/\/marijastoja.fr\/en\/wp-json\/wp\/v2\/users\/1"}],"replies":[{"embeddable":true,"href":"https:\/\/marijastoja.fr\/en\/wp-json\/wp\/v2\/comments?post=74"}],"version-history":[{"count":4,"href":"https:\/\/marijastoja.fr\/en\/wp-json\/wp\/v2\/pages\/74\/revisions"}],"predecessor-version":[{"id":1832,"href":"https:\/\/marijastoja.fr\/en\/wp-json\/wp\/v2\/pages\/74\/revisions\/1832"}],"wp:attachment":[{"href":"https:\/\/marijastoja.fr\/en\/wp-json\/wp\/v2\/media?parent=74"}],"curies":[{"name":"wp","href":"https:\/\/api.w.org\/{rel}","templated":true}]}}