{"id":1150,"date":"2026-01-04T15:17:05","date_gmt":"2026-01-04T14:17:05","guid":{"rendered":"https:\/\/marijastoja.fr\/?post_type=product&#038;p=1150"},"modified":"2026-04-10T10:57:27","modified_gmt":"2026-04-10T08:57:27","slug":"tshirt-upcycle-signature-florale-modele-unique","status":"publish","type":"product","link":"https:\/\/marijastoja.fr\/en\/product\/tshirt-upcycle-signature-florale-modele-unique\/","title":{"rendered":"T-shirt upcycl\u00e9 Marija Stoja signature florale \u2013 Mod\u00e8le unique"},"content":{"rendered":"<h2>T-Shirt Upcycl\u00e9 \u2013 D\u00e9tails de la pi\u00e8ce<\/h2>\n<p data-start=\"610\" data-end=\"767\">T-shirt upcycl\u00e9, ce t-shirt de coupe over size est une <strong data-start=\"629\" data-end=\"648\">cr\u00e9ation unique<\/strong>, transform\u00e9e \u00e0 la main \u00e0 partir d\u2019une base textile volontairement sobre, pour laisser place \u00e0 l\u2019expression artistique.<\/p>\n<p data-start=\"769\" data-end=\"1097\">Les <strong data-start=\"773\" data-end=\"802\">motifs floraux en jean<\/strong>\u00a0viennent ponctuer la surface du t-shirt avec \u00e9quilibre et douceur, cr\u00e9ant un jeu de contrastes subtils entre la teinte unie du fond et les applications sombres.<br data-start=\"963\" data-end=\"966\" \/>Des <strong data-start=\"970\" data-end=\"1005\">empi\u00e8cements de tissu wax<\/strong>\u00a0int\u00e9gr\u00e9s aux manches et \u00e0 l\u2019ourlet apportent une signature visuelle discr\u00e8te mais affirm\u00e9e.<\/p>\n<p data-start=\"1099\" data-end=\"1272\">\u00c0 l\u2019avant, la <strong data-start=\"1113\" data-end=\"1139\">signature Marija Stoja<\/strong> s\u2019inscrit comme un geste artistique, tandis qu\u2019au dos, un marquage plus minimaliste renforce l\u2019identit\u00e9 de la pi\u00e8ce sans l\u2019alourdir.<\/p>\n<p data-start=\"1274\" data-end=\"1421\">Ce mod\u00e8le est pens\u00e9 comme un v\u00eatement du quotidien, mais d\u00e9tourn\u00e9 en <strong data-start=\"1343\" data-end=\"1377\">pi\u00e8ce d\u2019expression personnelle<\/strong>, o\u00f9 chaque d\u00e9tail est plac\u00e9 avec intention.<\/p>\n<p data-start=\"1274\" data-end=\"1421\">Il est \u00e9galement possible de demander une <strong data-start=\"1494\" data-end=\"1549\">cr\u00e9ation personnalis\u00e9e \u00e0 partir d\u2019un t-shirt vierge<\/strong>, via l\u2019onglet du menu <strong data-start=\"1572\" data-end=\"1602\">\u00ab Cr\u00e9ation personnalis\u00e9e \u00bb <\/strong>ou en cliquant<strong data-start=\"1583\" data-end=\"1613\"> <a href=\"https:\/\/marijastoja.fr\/en\/sur-mesure\/\">ici<\/a><\/strong>.<\/p>\n<p data-start=\"1274\" data-end=\"1421\">Ce t-shirt 100 % coton est \u00e9galement disponible sans customisation <a href=\"https:\/\/marijastoja.fr\/en\/product\/tshirt-oversize-coton-base-personnalisable\/\"><strong>ici<\/strong><\/a>.<\/p>\n<p>D\u00e9couvrez \u00e9galement nos autres <a href=\"https:\/\/marijastoja.fr\/en\/t-shirts\/\">t-shirts upcycl\u00e9s<\/a> dans la boutique Marija Stoja. Pour en savoir plus sur l&rsquo;<a href=\"https:\/\/fr.wikipedia.org\/wiki\/Upcycling\" target=\"_blank\" rel=\"noopener\">upcycling<\/a> et la mode responsable, explorez notre univers cr\u00e9atif.<\/p>","protected":false},"excerpt":{"rendered":"<p>T-Shirt Upcycl\u00e9 \u2013 D\u00e9tails de la pi\u00e8ce T-shirt upcycl\u00e9, ce t-shirt de coupe over size est une cr\u00e9ation unique, transform\u00e9e \u00e0 la main \u00e0 partir d\u2019une base textile volontairement sobre, pour laisser place \u00e0 l\u2019expression artistique. Les motifs floraux en jean\u00a0viennent ponctuer la surface du t-shirt avec \u00e9quilibre et douceur, cr\u00e9ant un jeu de contrastes [&hellip;]<\/p>\n","protected":false},"featured_media":1139,"comment_status":"open","ping_status":"closed","template":"","meta":{"_acf_changed":false},"product_brand":[],"product_cat":[69,22],"product_tag":[],"giftcard-category":[],"class_list":{"0":"post-1150","1":"product","2":"type-product","3":"status-publish","4":"has-post-thumbnail","6":"product_cat-t-shirt-ms-upcycle","7":"product_cat-t-shirts","8":"pa_taille-m","10":"first","11":"outofstock","12":"shipping-taxable","13":"purchasable","14":"product-type-simple"},"acf":[],"yoast_head":"<!-- This site is optimized with the Yoast SEO plugin v27.2 - https:\/\/yoast.com\/product\/yoast-seo-wordpress\/ -->\n<title>T-Shirt Upcycl\u00e9 Signature Florale Marija Stoja | Marija Stoj<\/title>\n<meta name=\"description\" content=\"T-shirt upcycl\u00e9 \u00e0 signature florale, pi\u00e8ce unique Marija Stoja. Customis\u00e9 \u00e0 la main avec broderies d\u00e9licates. Mode responsable et cr\u00e9ative Exp\u00e9di\u00e9 rapidement.\" \/>\n<meta name=\"robots\" content=\"index, follow, max-snippet:-1, max-image-preview:large, max-video-preview:-1\" \/>\n<link rel=\"canonical\" href=\"https:\/\/marijastoja.fr\/en\/product\/tshirt-upcycle-signature-florale-modele-unique\/\" \/>\n<meta property=\"og:locale\" content=\"en_US\" \/>\n<meta property=\"og:type\" content=\"article\" \/>\n<meta property=\"og:title\" content=\"T-Shirt Upcycl\u00e9 Signature Florale Marija Stoja | Marija Stoj\" \/>\n<meta property=\"og:description\" content=\"T-shirt upcycl\u00e9 \u00e0 signature florale, pi\u00e8ce unique Marija Stoja. Customis\u00e9 \u00e0 la main avec broderies d\u00e9licates. Mode responsable et cr\u00e9ative Exp\u00e9di\u00e9 rapidement.\" \/>\n<meta property=\"og:url\" content=\"https:\/\/marijastoja.fr\/en\/product\/tshirt-upcycle-signature-florale-modele-unique\/\" \/>\n<meta property=\"og:site_name\" content=\"Marija Stoja\" \/>\n<meta property=\"article:modified_time\" content=\"2026-04-10T08:57:27+00:00\" \/>\n<meta property=\"og:image\" content=\"https:\/\/marijastoja.fr\/wp-content\/uploads\/2026\/01\/848c19fa-fc8b-44a1-a7be-18dd69c78a39.jpg\" \/>\n\t<meta property=\"og:image:width\" content=\"1152\" \/>\n\t<meta property=\"og:image:height\" content=\"2048\" \/>\n\t<meta property=\"og:image:type\" content=\"image\/jpeg\" \/>\n<meta name=\"twitter:card\" content=\"summary_large_image\" \/>\n<meta name=\"twitter:label1\" content=\"Est. reading time\" \/>\n\t<meta name=\"twitter:data1\" content=\"1 minute\" \/>\n<script type=\"application\/ld+json\" class=\"yoast-schema-graph\">{\"@context\":\"https:\/\/schema.org\",\"@graph\":[{\"@type\":\"WebPage\",\"@id\":\"https:\/\/marijastoja.fr\/produit\/tshirt-upcycle-signature-florale-modele-unique\/\",\"url\":\"https:\/\/marijastoja.fr\/produit\/tshirt-upcycle-signature-florale-modele-unique\/\",\"name\":\"T-Shirt Upcycl\u00e9 Signature Florale Marija Stoja | Marija Stoj\",\"isPartOf\":{\"@id\":\"https:\/\/marijastoja.fr\/#website\"},\"primaryImageOfPage\":{\"@id\":\"https:\/\/marijastoja.fr\/produit\/tshirt-upcycle-signature-florale-modele-unique\/#primaryimage\"},\"image\":{\"@id\":\"https:\/\/marijastoja.fr\/produit\/tshirt-upcycle-signature-florale-modele-unique\/#primaryimage\"},\"thumbnailUrl\":\"https:\/\/marijastoja.fr\/wp-content\/uploads\/2026\/01\/848c19fa-fc8b-44a1-a7be-18dd69c78a39.jpg\",\"datePublished\":\"2026-01-04T14:17:05+00:00\",\"dateModified\":\"2026-04-10T08:57:27+00:00\",\"description\":\"T-shirt upcycl\u00e9 \u00e0 signature florale, pi\u00e8ce unique Marija Stoja. Customis\u00e9 \u00e0 la main avec broderies d\u00e9licates. Mode responsable et cr\u00e9ative Exp\u00e9di\u00e9 rapidement.\",\"breadcrumb\":{\"@id\":\"https:\/\/marijastoja.fr\/produit\/tshirt-upcycle-signature-florale-modele-unique\/#breadcrumb\"},\"inLanguage\":\"en-US\",\"potentialAction\":[{\"@type\":\"ReadAction\",\"target\":[\"https:\/\/marijastoja.fr\/produit\/tshirt-upcycle-signature-florale-modele-unique\/\"]}]},{\"@type\":\"ImageObject\",\"inLanguage\":\"en-US\",\"@id\":\"https:\/\/marijastoja.fr\/produit\/tshirt-upcycle-signature-florale-modele-unique\/#primaryimage\",\"url\":\"https:\/\/marijastoja.fr\/wp-content\/uploads\/2026\/01\/848c19fa-fc8b-44a1-a7be-18dd69c78a39.jpg\",\"contentUrl\":\"https:\/\/marijastoja.fr\/wp-content\/uploads\/2026\/01\/848c19fa-fc8b-44a1-a7be-18dd69c78a39.jpg\",\"width\":1152,\"height\":2048,\"caption\":\"t-shirt upcycl\u00e9 - Marija Stoja\"},{\"@type\":\"BreadcrumbList\",\"@id\":\"https:\/\/marijastoja.fr\/produit\/tshirt-upcycle-signature-florale-modele-unique\/#breadcrumb\",\"itemListElement\":[{\"@type\":\"ListItem\",\"position\":1,\"name\":\"Accueil\",\"item\":\"https:\/\/marijastoja.fr\/\"},{\"@type\":\"ListItem\",\"position\":2,\"name\":\"Boutique\",\"item\":\"https:\/\/marijastoja.fr\/boutique\/\"},{\"@type\":\"ListItem\",\"position\":3,\"name\":\"T-shirt upcycl\u00e9 Marija Stoja signature florale \u2013 Mod\u00e8le unique\"}]},{\"@type\":\"WebSite\",\"@id\":\"https:\/\/marijastoja.fr\/#website\",\"url\":\"https:\/\/marijastoja.fr\/\",\"name\":\"Marija Stoja\",\"description\":\"Upcycling\",\"publisher\":{\"@id\":\"https:\/\/marijastoja.fr\/#organization\"},\"potentialAction\":[{\"@type\":\"SearchAction\",\"target\":{\"@type\":\"EntryPoint\",\"urlTemplate\":\"https:\/\/marijastoja.fr\/?s={search_term_string}\"},\"query-input\":{\"@type\":\"PropertyValueSpecification\",\"valueRequired\":true,\"valueName\":\"search_term_string\"}}],\"inLanguage\":\"en-US\"},{\"@type\":\"Organization\",\"@id\":\"https:\/\/marijastoja.fr\/#organization\",\"name\":\"Marija Stoja\",\"url\":\"https:\/\/marijastoja.fr\/\",\"logo\":{\"@type\":\"ImageObject\",\"inLanguage\":\"en-US\",\"@id\":\"https:\/\/marijastoja.fr\/#\/schema\/logo\/image\/\",\"url\":\"https:\/\/marijastoja.fr\/wp-content\/uploads\/2025\/12\/cropped-logo-noir.png\",\"contentUrl\":\"https:\/\/marijastoja.fr\/wp-content\/uploads\/2025\/12\/cropped-logo-noir.png\",\"width\":878,\"height\":322,\"caption\":\"Marija Stoja\"},\"image\":{\"@id\":\"https:\/\/marijastoja.fr\/#\/schema\/logo\/image\/\"}}]}<\/script>\n<!-- \/ Yoast SEO plugin. -->","yoast_head_json":{"title":"T-Shirt Upcycl\u00e9 Signature Florale Marija Stoja | Marija Stoj","description":"T-shirt upcycl\u00e9 \u00e0 signature florale, pi\u00e8ce unique Marija Stoja. Customis\u00e9 \u00e0 la main avec broderies d\u00e9licates. Mode responsable et cr\u00e9ative Exp\u00e9di\u00e9 rapidement.","robots":{"index":"index","follow":"follow","max-snippet":"max-snippet:-1","max-image-preview":"max-image-preview:large","max-video-preview":"max-video-preview:-1"},"canonical":"https:\/\/marijastoja.fr\/en\/product\/tshirt-upcycle-signature-florale-modele-unique\/","og_locale":"en_US","og_type":"article","og_title":"T-Shirt Upcycl\u00e9 Signature Florale Marija Stoja | Marija Stoj","og_description":"T-shirt upcycl\u00e9 \u00e0 signature florale, pi\u00e8ce unique Marija Stoja. Customis\u00e9 \u00e0 la main avec broderies d\u00e9licates. Mode responsable et cr\u00e9ative Exp\u00e9di\u00e9 rapidement.","og_url":"https:\/\/marijastoja.fr\/en\/product\/tshirt-upcycle-signature-florale-modele-unique\/","og_site_name":"Marija Stoja","article_modified_time":"2026-04-10T08:57:27+00:00","og_image":[{"width":1152,"height":2048,"url":"https:\/\/marijastoja.fr\/wp-content\/uploads\/2026\/01\/848c19fa-fc8b-44a1-a7be-18dd69c78a39.jpg","type":"image\/jpeg"}],"twitter_card":"summary_large_image","twitter_misc":{"Est. reading time":"1 minute"},"schema":{"@context":"https:\/\/schema.org","@graph":[{"@type":"WebPage","@id":"https:\/\/marijastoja.fr\/produit\/tshirt-upcycle-signature-florale-modele-unique\/","url":"https:\/\/marijastoja.fr\/produit\/tshirt-upcycle-signature-florale-modele-unique\/","name":"T-Shirt Upcycl\u00e9 Signature Florale Marija Stoja | Marija Stoj","isPartOf":{"@id":"https:\/\/marijastoja.fr\/#website"},"primaryImageOfPage":{"@id":"https:\/\/marijastoja.fr\/produit\/tshirt-upcycle-signature-florale-modele-unique\/#primaryimage"},"image":{"@id":"https:\/\/marijastoja.fr\/produit\/tshirt-upcycle-signature-florale-modele-unique\/#primaryimage"},"thumbnailUrl":"https:\/\/marijastoja.fr\/wp-content\/uploads\/2026\/01\/848c19fa-fc8b-44a1-a7be-18dd69c78a39.jpg","datePublished":"2026-01-04T14:17:05+00:00","dateModified":"2026-04-10T08:57:27+00:00","description":"T-shirt upcycl\u00e9 \u00e0 signature florale, pi\u00e8ce unique Marija Stoja. Customis\u00e9 \u00e0 la main avec broderies d\u00e9licates. Mode responsable et cr\u00e9ative Exp\u00e9di\u00e9 rapidement.","breadcrumb":{"@id":"https:\/\/marijastoja.fr\/produit\/tshirt-upcycle-signature-florale-modele-unique\/#breadcrumb"},"inLanguage":"en-US","potentialAction":[{"@type":"ReadAction","target":["https:\/\/marijastoja.fr\/produit\/tshirt-upcycle-signature-florale-modele-unique\/"]}]},{"@type":"ImageObject","inLanguage":"en-US","@id":"https:\/\/marijastoja.fr\/produit\/tshirt-upcycle-signature-florale-modele-unique\/#primaryimage","url":"https:\/\/marijastoja.fr\/wp-content\/uploads\/2026\/01\/848c19fa-fc8b-44a1-a7be-18dd69c78a39.jpg","contentUrl":"https:\/\/marijastoja.fr\/wp-content\/uploads\/2026\/01\/848c19fa-fc8b-44a1-a7be-18dd69c78a39.jpg","width":1152,"height":2048,"caption":"t-shirt upcycl\u00e9 - Marija Stoja"},{"@type":"BreadcrumbList","@id":"https:\/\/marijastoja.fr\/produit\/tshirt-upcycle-signature-florale-modele-unique\/#breadcrumb","itemListElement":[{"@type":"ListItem","position":1,"name":"Accueil","item":"https:\/\/marijastoja.fr\/"},{"@type":"ListItem","position":2,"name":"Boutique","item":"https:\/\/marijastoja.fr\/boutique\/"},{"@type":"ListItem","position":3,"name":"T-shirt upcycl\u00e9 Marija Stoja signature florale \u2013 Mod\u00e8le unique"}]},{"@type":"WebSite","@id":"https:\/\/marijastoja.fr\/#website","url":"https:\/\/marijastoja.fr\/","name":"Marija Stoja","description":"Upcycling","publisher":{"@id":"https:\/\/marijastoja.fr\/#organization"},"potentialAction":[{"@type":"SearchAction","target":{"@type":"EntryPoint","urlTemplate":"https:\/\/marijastoja.fr\/?s={search_term_string}"},"query-input":{"@type":"PropertyValueSpecification","valueRequired":true,"valueName":"search_term_string"}}],"inLanguage":"en-US"},{"@type":"Organization","@id":"https:\/\/marijastoja.fr\/#organization","name":"Marija Stoja","url":"https:\/\/marijastoja.fr\/","logo":{"@type":"ImageObject","inLanguage":"en-US","@id":"https:\/\/marijastoja.fr\/#\/schema\/logo\/image\/","url":"https:\/\/marijastoja.fr\/wp-content\/uploads\/2025\/12\/cropped-logo-noir.png","contentUrl":"https:\/\/marijastoja.fr\/wp-content\/uploads\/2025\/12\/cropped-logo-noir.png","width":878,"height":322,"caption":"Marija Stoja"},"image":{"@id":"https:\/\/marijastoja.fr\/#\/schema\/logo\/image\/"}}]}},"jetpack_sharing_enabled":true,"_links":{"self":[{"href":"https:\/\/marijastoja.fr\/en\/wp-json\/wp\/v2\/product\/1150","targetHints":{"allow":["GET"]}}],"collection":[{"href":"https:\/\/marijastoja.fr\/en\/wp-json\/wp\/v2\/product"}],"about":[{"href":"https:\/\/marijastoja.fr\/en\/wp-json\/wp\/v2\/types\/product"}],"replies":[{"embeddable":true,"href":"https:\/\/marijastoja.fr\/en\/wp-json\/wp\/v2\/comments?post=1150"}],"wp:featuredmedia":[{"embeddable":true,"href":"https:\/\/marijastoja.fr\/en\/wp-json\/wp\/v2\/media\/1139"}],"wp:attachment":[{"href":"https:\/\/marijastoja.fr\/en\/wp-json\/wp\/v2\/media?parent=1150"}],"wp:term":[{"taxonomy":"product_brand","embeddable":true,"href":"https:\/\/marijastoja.fr\/en\/wp-json\/wp\/v2\/product_brand?post=1150"},{"taxonomy":"product_cat","embeddable":true,"href":"https:\/\/marijastoja.fr\/en\/wp-json\/wp\/v2\/product_cat?post=1150"},{"taxonomy":"product_tag","embeddable":true,"href":"https:\/\/marijastoja.fr\/en\/wp-json\/wp\/v2\/product_tag?post=1150"},{"taxonomy":"giftcard-category","embeddable":true,"href":"https:\/\/marijastoja.fr\/en\/wp-json\/wp\/v2\/giftcard-category?post=1150"}],"curies":[{"name":"wp","href":"https:\/\/api.w.org\/{rel}","templated":true}]}}