{"id":1159,"date":"2026-01-04T16:20:15","date_gmt":"2026-01-04T15:20:15","guid":{"rendered":"https:\/\/marijastoja.fr\/?post_type=product&#038;p=1159"},"modified":"2026-03-17T14:59:32","modified_gmt":"2026-03-17T13:59:32","slug":"tshirt-vert-oversize-coton-base-personnalisable","status":"publish","type":"product","link":"https:\/\/marijastoja.fr\/en\/product\/tshirt-vert-oversize-coton-base-personnalisable\/","title":{"rendered":"T-shirt Marija Stoja coupe oversize vert et rose"},"content":{"rendered":"<h2>T-Shirt Oversize \u2013 D\u00e9tails de la pi\u00e8ce<\/h2>\n<p data-start=\"528\" data-end=\"769\">T-shirt oversize, ce t-shirt est un <strong data-start=\"546\" data-end=\"576\">mod\u00e8le simple et essentiel<\/strong>, con\u00e7u pour mettre en avant la coupe, la mati\u00e8re et le confort.<br data-start=\"640\" data-end=\"643\" \/>R\u00e9alis\u00e9 en <strong data-start=\"654\" data-end=\"663\">coton<\/strong>, il offre un tomb\u00e9 fluide et une sensation agr\u00e9able sur la peau, tout en conservant une tenue structur\u00e9e.<\/p>\n<p data-start=\"771\" data-end=\"1048\">La <strong data-start=\"774\" data-end=\"792\">coupe oversize<\/strong> apporte une allure d\u00e9contract\u00e9e et contemporaine. Avec son style <strong>Hip-hop<\/strong>, elle se porte facilement seule, en robe courte, avec un legging, un jean ou en superposition.<br data-start=\"936\" data-end=\"939\" \/>\u00c0 l\u2019avant, la <strong data-start=\"953\" data-end=\"979\">signature Marija Stoja<\/strong> est appos\u00e9e de mani\u00e8re discr\u00e8te, comme une identit\u00e9 plus qu\u2019un logo.<\/p>\n<p data-start=\"1050\" data-end=\"1268\">Ce mod\u00e8le est pens\u00e9 comme une <strong data-start=\"1080\" data-end=\"1097\">pi\u00e8ce de base<\/strong>, volontairement \u00e9pur\u00e9e.<br data-start=\"1121\" data-end=\"1124\" \/>Il peut \u00eatre port\u00e9 tel quel ou servir de <strong data-start=\"1165\" data-end=\"1205\">support \u00e0 une cr\u00e9ation personnalis\u00e9e<\/strong>, r\u00e9alis\u00e9e \u00e0 la demande \u00e0 partir d\u2019un t-shirt vierge similaire.<\/p>\n<p data-start=\"1270\" data-end=\"1418\">Pour une personnalisation unique (motifs, textiles, couleurs, d\u00e9tails), il suffit de cliquer -&gt;<a href=\"https:\/\/marijastoja.fr\/en\/sur-mesure\/\"><strong data-start=\"1387\" data-end=\"1417\"> Cr\u00e9ation personnalis\u00e9<\/strong><\/a>.<\/p>\n<p data-start=\"1270\" data-end=\"1418\">Couleur vert \u00e9meraude et rose. 100 % coton.<\/p>\n<p data-start=\"1270\" data-end=\"1418\">\n<p>D\u00e9couvrez \u00e9galement nos autres <a href=\"https:\/\/marijastoja.fr\/en\/t-shirts\/\">t-shirts oversize<\/a> dans la boutique Marija Stoja. Pour en savoir plus sur l&rsquo;<a href=\"https:\/\/fr.wikipedia.org\/wiki\/Upcycling\" target=\"_blank\" rel=\"noopener\">upcycling<\/a> et la mode responsable, explorez notre univers cr\u00e9atif.<\/p>","protected":false},"excerpt":{"rendered":"<p>T-Shirt Oversize \u2013 D\u00e9tails de la pi\u00e8ce T-shirt oversize, ce t-shirt est un mod\u00e8le simple et essentiel, con\u00e7u pour mettre en avant la coupe, la mati\u00e8re et le confort.R\u00e9alis\u00e9 en coton, il offre un tomb\u00e9 fluide et une sensation agr\u00e9able sur la peau, tout en conservant une tenue structur\u00e9e. La coupe oversize apporte une allure [&hellip;]<\/p>\n","protected":false},"featured_media":427,"comment_status":"open","ping_status":"closed","template":"","meta":{"_acf_changed":false},"product_brand":[],"product_cat":[15,71,22,48],"product_tag":[],"giftcard-category":[],"class_list":{"0":"post-1159","1":"product","2":"type-product","3":"status-publish","4":"has-post-thumbnail","6":"product_cat-non-classe","7":"product_cat-t-shirt-ms-basique","8":"product_cat-t-shirts","9":"product_cat-vetements-a-customiser","10":"pa_taille-l","11":"pa_taille-m","12":"pa_taille-s","13":"pa_taille-xl","15":"first","16":"instock","17":"shipping-taxable","18":"purchasable","19":"product-type-variable","20":"wvs-archive-product-wrapper"},"acf":[],"yoast_head":"<!-- This site is optimized with the Yoast SEO plugin v27.2 - https:\/\/yoast.com\/product\/yoast-seo-wordpress\/ -->\n<title>T-Shirt Oversize Vert et Rose Marija Stoja | Marija Stoja<\/title>\n<meta name=\"description\" content=\"T-shirt oversize vert et rose en coton, pi\u00e8ce unique Marija Stoja. Base personnalis\u00e9e, coupe confortable et style color\u00e9. Mode responsable Exp\u00e9di\u00e9 rapidement.\" \/>\n<meta name=\"robots\" content=\"index, follow, max-snippet:-1, max-image-preview:large, max-video-preview:-1\" \/>\n<link rel=\"canonical\" href=\"https:\/\/marijastoja.fr\/en\/product\/tshirt-vert-oversize-coton-base-personnalisable\/\" \/>\n<meta property=\"og:locale\" content=\"en_US\" \/>\n<meta property=\"og:type\" content=\"article\" \/>\n<meta property=\"og:title\" content=\"T-Shirt Oversize Vert et Rose Marija Stoja | Marija Stoja\" \/>\n<meta property=\"og:description\" content=\"T-shirt oversize vert et rose en coton, pi\u00e8ce unique Marija Stoja. Base personnalis\u00e9e, coupe confortable et style color\u00e9. Mode responsable Exp\u00e9di\u00e9 rapidement.\" \/>\n<meta property=\"og:url\" content=\"https:\/\/marijastoja.fr\/en\/product\/tshirt-vert-oversize-coton-base-personnalisable\/\" \/>\n<meta property=\"og:site_name\" content=\"Marija Stoja\" \/>\n<meta property=\"article:modified_time\" content=\"2026-03-17T13:59:32+00:00\" \/>\n<meta property=\"og:image\" content=\"https:\/\/marijastoja.fr\/wp-content\/uploads\/2025\/12\/IMG_8672-1-scaled.jpeg\" \/>\n\t<meta property=\"og:image:width\" content=\"1920\" \/>\n\t<meta property=\"og:image:height\" content=\"2560\" \/>\n\t<meta property=\"og:image:type\" content=\"image\/jpeg\" \/>\n<meta name=\"twitter:card\" content=\"summary_large_image\" \/>\n<meta name=\"twitter:label1\" content=\"Est. reading time\" \/>\n\t<meta name=\"twitter:data1\" content=\"1 minute\" \/>\n<script type=\"application\/ld+json\" class=\"yoast-schema-graph\">{\"@context\":\"https:\/\/schema.org\",\"@graph\":[{\"@type\":\"WebPage\",\"@id\":\"https:\/\/marijastoja.fr\/produit\/tshirt-vert-oversize-coton-base-personnalisable\/\",\"url\":\"https:\/\/marijastoja.fr\/produit\/tshirt-vert-oversize-coton-base-personnalisable\/\",\"name\":\"T-Shirt Oversize Vert et Rose Marija Stoja | Marija Stoja\",\"isPartOf\":{\"@id\":\"https:\/\/marijastoja.fr\/#website\"},\"primaryImageOfPage\":{\"@id\":\"https:\/\/marijastoja.fr\/produit\/tshirt-vert-oversize-coton-base-personnalisable\/#primaryimage\"},\"image\":{\"@id\":\"https:\/\/marijastoja.fr\/produit\/tshirt-vert-oversize-coton-base-personnalisable\/#primaryimage\"},\"thumbnailUrl\":\"https:\/\/marijastoja.fr\/wp-content\/uploads\/2025\/12\/IMG_8672-1-scaled.jpeg\",\"datePublished\":\"2026-01-04T15:20:15+00:00\",\"dateModified\":\"2026-03-17T13:59:32+00:00\",\"description\":\"T-shirt oversize vert et rose en coton, pi\u00e8ce unique Marija Stoja. Base personnalis\u00e9e, coupe confortable et style color\u00e9. Mode responsable Exp\u00e9di\u00e9 rapidement.\",\"breadcrumb\":{\"@id\":\"https:\/\/marijastoja.fr\/produit\/tshirt-vert-oversize-coton-base-personnalisable\/#breadcrumb\"},\"inLanguage\":\"en-US\",\"potentialAction\":[{\"@type\":\"ReadAction\",\"target\":[\"https:\/\/marijastoja.fr\/produit\/tshirt-vert-oversize-coton-base-personnalisable\/\"]}]},{\"@type\":\"ImageObject\",\"inLanguage\":\"en-US\",\"@id\":\"https:\/\/marijastoja.fr\/produit\/tshirt-vert-oversize-coton-base-personnalisable\/#primaryimage\",\"url\":\"https:\/\/marijastoja.fr\/wp-content\/uploads\/2025\/12\/IMG_8672-1-scaled.jpeg\",\"contentUrl\":\"https:\/\/marijastoja.fr\/wp-content\/uploads\/2025\/12\/IMG_8672-1-scaled.jpeg\",\"width\":1920,\"height\":2560,\"caption\":\"t-shirt oversize - Marija Stoja\"},{\"@type\":\"BreadcrumbList\",\"@id\":\"https:\/\/marijastoja.fr\/produit\/tshirt-vert-oversize-coton-base-personnalisable\/#breadcrumb\",\"itemListElement\":[{\"@type\":\"ListItem\",\"position\":1,\"name\":\"Accueil\",\"item\":\"https:\/\/marijastoja.fr\/\"},{\"@type\":\"ListItem\",\"position\":2,\"name\":\"Boutique\",\"item\":\"https:\/\/marijastoja.fr\/boutique\/\"},{\"@type\":\"ListItem\",\"position\":3,\"name\":\"T-shirt Marija Stoja coupe oversize vert et rose\"}]},{\"@type\":\"WebSite\",\"@id\":\"https:\/\/marijastoja.fr\/#website\",\"url\":\"https:\/\/marijastoja.fr\/\",\"name\":\"Marija Stoja\",\"description\":\"Upcycling\",\"publisher\":{\"@id\":\"https:\/\/marijastoja.fr\/#organization\"},\"potentialAction\":[{\"@type\":\"SearchAction\",\"target\":{\"@type\":\"EntryPoint\",\"urlTemplate\":\"https:\/\/marijastoja.fr\/?s={search_term_string}\"},\"query-input\":{\"@type\":\"PropertyValueSpecification\",\"valueRequired\":true,\"valueName\":\"search_term_string\"}}],\"inLanguage\":\"en-US\"},{\"@type\":\"Organization\",\"@id\":\"https:\/\/marijastoja.fr\/#organization\",\"name\":\"Marija Stoja\",\"url\":\"https:\/\/marijastoja.fr\/\",\"logo\":{\"@type\":\"ImageObject\",\"inLanguage\":\"en-US\",\"@id\":\"https:\/\/marijastoja.fr\/#\/schema\/logo\/image\/\",\"url\":\"https:\/\/marijastoja.fr\/wp-content\/uploads\/2025\/12\/cropped-logo-noir.png\",\"contentUrl\":\"https:\/\/marijastoja.fr\/wp-content\/uploads\/2025\/12\/cropped-logo-noir.png\",\"width\":878,\"height\":322,\"caption\":\"Marija Stoja\"},\"image\":{\"@id\":\"https:\/\/marijastoja.fr\/#\/schema\/logo\/image\/\"}}]}<\/script>\n<!-- \/ Yoast SEO plugin. -->","yoast_head_json":{"title":"T-Shirt Oversize Vert et Rose Marija Stoja | Marija Stoja","description":"T-shirt oversize vert et rose en coton, pi\u00e8ce unique Marija Stoja. Base personnalis\u00e9e, coupe confortable et style color\u00e9. Mode responsable Exp\u00e9di\u00e9 rapidement.","robots":{"index":"index","follow":"follow","max-snippet":"max-snippet:-1","max-image-preview":"max-image-preview:large","max-video-preview":"max-video-preview:-1"},"canonical":"https:\/\/marijastoja.fr\/en\/product\/tshirt-vert-oversize-coton-base-personnalisable\/","og_locale":"en_US","og_type":"article","og_title":"T-Shirt Oversize Vert et Rose Marija Stoja | Marija Stoja","og_description":"T-shirt oversize vert et rose en coton, pi\u00e8ce unique Marija Stoja. Base personnalis\u00e9e, coupe confortable et style color\u00e9. Mode responsable Exp\u00e9di\u00e9 rapidement.","og_url":"https:\/\/marijastoja.fr\/en\/product\/tshirt-vert-oversize-coton-base-personnalisable\/","og_site_name":"Marija Stoja","article_modified_time":"2026-03-17T13:59:32+00:00","og_image":[{"width":1920,"height":2560,"url":"https:\/\/marijastoja.fr\/wp-content\/uploads\/2025\/12\/IMG_8672-1-scaled.jpeg","type":"image\/jpeg"}],"twitter_card":"summary_large_image","twitter_misc":{"Est. reading time":"1 minute"},"schema":{"@context":"https:\/\/schema.org","@graph":[{"@type":"WebPage","@id":"https:\/\/marijastoja.fr\/produit\/tshirt-vert-oversize-coton-base-personnalisable\/","url":"https:\/\/marijastoja.fr\/produit\/tshirt-vert-oversize-coton-base-personnalisable\/","name":"T-Shirt Oversize Vert et Rose Marija Stoja | Marija Stoja","isPartOf":{"@id":"https:\/\/marijastoja.fr\/#website"},"primaryImageOfPage":{"@id":"https:\/\/marijastoja.fr\/produit\/tshirt-vert-oversize-coton-base-personnalisable\/#primaryimage"},"image":{"@id":"https:\/\/marijastoja.fr\/produit\/tshirt-vert-oversize-coton-base-personnalisable\/#primaryimage"},"thumbnailUrl":"https:\/\/marijastoja.fr\/wp-content\/uploads\/2025\/12\/IMG_8672-1-scaled.jpeg","datePublished":"2026-01-04T15:20:15+00:00","dateModified":"2026-03-17T13:59:32+00:00","description":"T-shirt oversize vert et rose en coton, pi\u00e8ce unique Marija Stoja. Base personnalis\u00e9e, coupe confortable et style color\u00e9. Mode responsable Exp\u00e9di\u00e9 rapidement.","breadcrumb":{"@id":"https:\/\/marijastoja.fr\/produit\/tshirt-vert-oversize-coton-base-personnalisable\/#breadcrumb"},"inLanguage":"en-US","potentialAction":[{"@type":"ReadAction","target":["https:\/\/marijastoja.fr\/produit\/tshirt-vert-oversize-coton-base-personnalisable\/"]}]},{"@type":"ImageObject","inLanguage":"en-US","@id":"https:\/\/marijastoja.fr\/produit\/tshirt-vert-oversize-coton-base-personnalisable\/#primaryimage","url":"https:\/\/marijastoja.fr\/wp-content\/uploads\/2025\/12\/IMG_8672-1-scaled.jpeg","contentUrl":"https:\/\/marijastoja.fr\/wp-content\/uploads\/2025\/12\/IMG_8672-1-scaled.jpeg","width":1920,"height":2560,"caption":"t-shirt oversize - Marija Stoja"},{"@type":"BreadcrumbList","@id":"https:\/\/marijastoja.fr\/produit\/tshirt-vert-oversize-coton-base-personnalisable\/#breadcrumb","itemListElement":[{"@type":"ListItem","position":1,"name":"Accueil","item":"https:\/\/marijastoja.fr\/"},{"@type":"ListItem","position":2,"name":"Boutique","item":"https:\/\/marijastoja.fr\/boutique\/"},{"@type":"ListItem","position":3,"name":"T-shirt Marija Stoja coupe oversize vert et rose"}]},{"@type":"WebSite","@id":"https:\/\/marijastoja.fr\/#website","url":"https:\/\/marijastoja.fr\/","name":"Marija Stoja","description":"Upcycling","publisher":{"@id":"https:\/\/marijastoja.fr\/#organization"},"potentialAction":[{"@type":"SearchAction","target":{"@type":"EntryPoint","urlTemplate":"https:\/\/marijastoja.fr\/?s={search_term_string}"},"query-input":{"@type":"PropertyValueSpecification","valueRequired":true,"valueName":"search_term_string"}}],"inLanguage":"en-US"},{"@type":"Organization","@id":"https:\/\/marijastoja.fr\/#organization","name":"Marija Stoja","url":"https:\/\/marijastoja.fr\/","logo":{"@type":"ImageObject","inLanguage":"en-US","@id":"https:\/\/marijastoja.fr\/#\/schema\/logo\/image\/","url":"https:\/\/marijastoja.fr\/wp-content\/uploads\/2025\/12\/cropped-logo-noir.png","contentUrl":"https:\/\/marijastoja.fr\/wp-content\/uploads\/2025\/12\/cropped-logo-noir.png","width":878,"height":322,"caption":"Marija Stoja"},"image":{"@id":"https:\/\/marijastoja.fr\/#\/schema\/logo\/image\/"}}]}},"jetpack_sharing_enabled":true,"_links":{"self":[{"href":"https:\/\/marijastoja.fr\/en\/wp-json\/wp\/v2\/product\/1159","targetHints":{"allow":["GET"]}}],"collection":[{"href":"https:\/\/marijastoja.fr\/en\/wp-json\/wp\/v2\/product"}],"about":[{"href":"https:\/\/marijastoja.fr\/en\/wp-json\/wp\/v2\/types\/product"}],"replies":[{"embeddable":true,"href":"https:\/\/marijastoja.fr\/en\/wp-json\/wp\/v2\/comments?post=1159"}],"wp:featuredmedia":[{"embeddable":true,"href":"https:\/\/marijastoja.fr\/en\/wp-json\/wp\/v2\/media\/427"}],"wp:attachment":[{"href":"https:\/\/marijastoja.fr\/en\/wp-json\/wp\/v2\/media?parent=1159"}],"wp:term":[{"taxonomy":"product_brand","embeddable":true,"href":"https:\/\/marijastoja.fr\/en\/wp-json\/wp\/v2\/product_brand?post=1159"},{"taxonomy":"product_cat","embeddable":true,"href":"https:\/\/marijastoja.fr\/en\/wp-json\/wp\/v2\/product_cat?post=1159"},{"taxonomy":"product_tag","embeddable":true,"href":"https:\/\/marijastoja.fr\/en\/wp-json\/wp\/v2\/product_tag?post=1159"},{"taxonomy":"giftcard-category","embeddable":true,"href":"https:\/\/marijastoja.fr\/en\/wp-json\/wp\/v2\/giftcard-category?post=1159"}],"curies":[{"name":"wp","href":"https:\/\/api.w.org\/{rel}","templated":true}]}}