{"id":1171,"date":"2026-01-04T16:54:27","date_gmt":"2026-01-04T15:54:27","guid":{"rendered":"https:\/\/marijastoja.fr\/?post_type=product&#038;p=1171"},"modified":"2026-03-17T14:59:20","modified_gmt":"2026-03-17T13:59:20","slug":"tshirt-oversize-coton-personnalise-signature-fleusr-jeans","status":"publish","type":"product","link":"https:\/\/marijastoja.fr\/en\/product\/tshirt-oversize-coton-personnalise-signature-fleusr-jeans\/","title":{"rendered":"Upcycled Marija Stoja Signature Floral T-shirt \u2013 Unique Design"},"content":{"rendered":"<h2>T-Shirt Upcycl\u00e9 \u2013 D\u00e9tails de la pi\u00e8ce<\/h2>\n<p data-start=\"561\" data-end=\"710\">T-shirt upcycl\u00e9, ce t-shirt oversize en coton a \u00e9t\u00e9 <strong data-start=\"596\" data-end=\"622\">personnalis\u00e9 \u00e0 la main<\/strong> pour devenir une pi\u00e8ce \u00e0 part enti\u00e8re, entre v\u00eatement du quotidien et cr\u00e9ation textile.<\/p>\n<p data-start=\"712\" data-end=\"977\">La base en <strong data-start=\"723\" data-end=\"752\">coton doux et confortable<\/strong> offre un tomb\u00e9 fluide et une coupe ample, pens\u00e9e pour le mouvement et la libert\u00e9.<br data-start=\"834\" data-end=\"837\" \/>Sur l\u2019ensemble du v\u00eatement, des <strong data-start=\"869\" data-end=\"898\">motifs floraux en jean<\/strong>\u00a0sont appliqu\u00e9s avec intention, cr\u00e9ant un rythme visuel \u00e9quilibr\u00e9 et organique.<\/p>\n<p data-start=\"979\" data-end=\"1254\">Des <strong data-start=\"983\" data-end=\"1013\">bandes graphiques textiles<\/strong> viennent structurer les c\u00f4t\u00e9s, apportant contraste et profondeur \u00e0 la silhouette.<br data-start=\"1095\" data-end=\"1098\" \/>\u00c0 l\u2019avant, la <strong data-start=\"1112\" data-end=\"1138\">signature Marija Stoja<\/strong> affirme l\u2019identit\u00e9 de la pi\u00e8ce, tandis qu\u2019au dos, un marquage plus discret prolonge cette signature avec subtilit\u00e9.<\/p>\n<p data-start=\"1256\" data-end=\"1460\">Ce mod\u00e8le est une <strong data-start=\"1274\" data-end=\"1290\">pi\u00e8ce unique<\/strong>.<br data-start=\"1291\" data-end=\"1294\" \/>Il est \u00e9galement possible de demander une <strong data-start=\"1336\" data-end=\"1391\">cr\u00e9ation personnalis\u00e9e \u00e0 partir d\u2019un t-shirt vierge<\/strong>, via l\u2019onglet du menu <strong data-start=\"1572\" data-end=\"1602\">\u00ab Cr\u00e9ation personnalis\u00e9e \u00bb<\/strong> ou en cliquant <a href=\"https:\/\/marijastoja.fr\/en\/sur-mesure\/\"><strong data-start=\"1429\" data-end=\"1459\">ici<\/strong><\/a>.<\/p>\n<p data-start=\"1256\" data-end=\"1460\">Ce t-shirt 100 % coton est \u00e9galement disponible sans customisation\u00a0<a href=\"https:\/\/marijastoja.fr\/en\/product\/tshirt-vert-oversize-coton-base-personnalisable\/\"><strong>ici<\/strong><\/a>.<\/p>\n<p>D\u00e9couvrez \u00e9galement nos autres <a href=\"https:\/\/marijastoja.fr\/en\/t-shirts\/\">t-shirts upcycl\u00e9s<\/a> dans la boutique Marija Stoja. Pour en savoir plus sur l&rsquo;<a href=\"https:\/\/fr.wikipedia.org\/wiki\/Upcycling\" target=\"_blank\" rel=\"noopener\">upcycling<\/a> et la mode responsable, explorez notre univers cr\u00e9atif.<\/p>","protected":false},"excerpt":{"rendered":"<p>T-Shirt Upcycl\u00e9 \u2013 D\u00e9tails de la pi\u00e8ce T-shirt upcycl\u00e9, ce t-shirt oversize en coton a \u00e9t\u00e9 personnalis\u00e9 \u00e0 la main pour devenir une pi\u00e8ce \u00e0 part enti\u00e8re, entre v\u00eatement du quotidien et cr\u00e9ation textile. La base en coton doux et confortable offre un tomb\u00e9 fluide et une coupe ample, pens\u00e9e pour le mouvement et la [&hellip;]<\/p>\n","protected":false},"featured_media":1132,"comment_status":"open","ping_status":"closed","template":"","meta":{"_acf_changed":false},"product_brand":[],"product_cat":[15,69,22],"product_tag":[],"giftcard-category":[],"class_list":{"0":"post-1171","1":"product","2":"type-product","3":"status-publish","4":"has-post-thumbnail","6":"product_cat-non-classe","7":"product_cat-t-shirt-ms-upcycle","8":"product_cat-t-shirts","9":"pa_taille-m","11":"first","12":"instock","13":"shipping-taxable","14":"purchasable","15":"product-type-simple"},"acf":[],"yoast_head":"<!-- This site is optimized with the Yoast SEO plugin v27.2 - https:\/\/yoast.com\/product\/yoast-seo-wordpress\/ -->\n<title>T-Shirt Upcycl\u00e9 Signature Florale | Marija Stoja<\/title>\n<meta name=\"description\" content=\"T-shirt upcycl\u00e9 Signature florale par Marija Stoja. Pi\u00e8ce unique customis\u00e9e \u00e0 la main, broderies florales d\u00e9licates. Mode responsable et f\u00e9minine Marija Stoja.\" \/>\n<meta name=\"robots\" content=\"index, follow, max-snippet:-1, max-image-preview:large, max-video-preview:-1\" \/>\n<link rel=\"canonical\" href=\"https:\/\/marijastoja.fr\/en\/product\/tshirt-oversize-coton-personnalise-signature-fleusr-jeans\/\" \/>\n<meta property=\"og:locale\" content=\"en_US\" \/>\n<meta property=\"og:type\" content=\"article\" \/>\n<meta property=\"og:title\" content=\"T-Shirt Upcycl\u00e9 Signature Florale | Marija Stoja\" \/>\n<meta property=\"og:description\" content=\"T-shirt upcycl\u00e9 Signature florale par Marija Stoja. Pi\u00e8ce unique customis\u00e9e \u00e0 la main, broderies florales d\u00e9licates. Mode responsable et f\u00e9minine Marija Stoja.\" \/>\n<meta property=\"og:url\" content=\"https:\/\/marijastoja.fr\/en\/product\/tshirt-oversize-coton-personnalise-signature-fleusr-jeans\/\" \/>\n<meta property=\"og:site_name\" content=\"Marija Stoja\" \/>\n<meta property=\"article:modified_time\" content=\"2026-03-17T13:59:20+00:00\" \/>\n<meta property=\"og:image\" content=\"https:\/\/marijastoja.fr\/wp-content\/uploads\/2026\/01\/3f581a3f-3dca-414b-aec4-3618085ad302.jpg\" \/>\n\t<meta property=\"og:image:width\" content=\"1152\" \/>\n\t<meta property=\"og:image:height\" content=\"2048\" \/>\n\t<meta property=\"og:image:type\" content=\"image\/jpeg\" \/>\n<meta name=\"twitter:card\" content=\"summary_large_image\" \/>\n<meta name=\"twitter:label1\" content=\"Est. reading time\" \/>\n\t<meta name=\"twitter:data1\" content=\"1 minute\" \/>\n<script type=\"application\/ld+json\" class=\"yoast-schema-graph\">{\"@context\":\"https:\/\/schema.org\",\"@graph\":[{\"@type\":\"WebPage\",\"@id\":\"https:\/\/marijastoja.fr\/produit\/tshirt-oversize-coton-personnalise-signature-fleusr-jeans\/\",\"url\":\"https:\/\/marijastoja.fr\/produit\/tshirt-oversize-coton-personnalise-signature-fleusr-jeans\/\",\"name\":\"T-Shirt Upcycl\u00e9 Signature Florale | Marija Stoja\",\"isPartOf\":{\"@id\":\"https:\/\/marijastoja.fr\/#website\"},\"primaryImageOfPage\":{\"@id\":\"https:\/\/marijastoja.fr\/produit\/tshirt-oversize-coton-personnalise-signature-fleusr-jeans\/#primaryimage\"},\"image\":{\"@id\":\"https:\/\/marijastoja.fr\/produit\/tshirt-oversize-coton-personnalise-signature-fleusr-jeans\/#primaryimage\"},\"thumbnailUrl\":\"https:\/\/marijastoja.fr\/wp-content\/uploads\/2026\/01\/3f581a3f-3dca-414b-aec4-3618085ad302.jpg\",\"datePublished\":\"2026-01-04T15:54:27+00:00\",\"dateModified\":\"2026-03-17T13:59:20+00:00\",\"description\":\"T-shirt upcycl\u00e9 Signature florale par Marija Stoja. Pi\u00e8ce unique customis\u00e9e \u00e0 la main, broderies florales d\u00e9licates. Mode responsable et f\u00e9minine Marija Stoja.\",\"breadcrumb\":{\"@id\":\"https:\/\/marijastoja.fr\/produit\/tshirt-oversize-coton-personnalise-signature-fleusr-jeans\/#breadcrumb\"},\"inLanguage\":\"en-US\",\"potentialAction\":[{\"@type\":\"ReadAction\",\"target\":[\"https:\/\/marijastoja.fr\/produit\/tshirt-oversize-coton-personnalise-signature-fleusr-jeans\/\"]}]},{\"@type\":\"ImageObject\",\"inLanguage\":\"en-US\",\"@id\":\"https:\/\/marijastoja.fr\/produit\/tshirt-oversize-coton-personnalise-signature-fleusr-jeans\/#primaryimage\",\"url\":\"https:\/\/marijastoja.fr\/wp-content\/uploads\/2026\/01\/3f581a3f-3dca-414b-aec4-3618085ad302.jpg\",\"contentUrl\":\"https:\/\/marijastoja.fr\/wp-content\/uploads\/2026\/01\/3f581a3f-3dca-414b-aec4-3618085ad302.jpg\",\"width\":1152,\"height\":2048,\"caption\":\"t-shirt upcycl\u00e9 - Marija Stoja\"},{\"@type\":\"BreadcrumbList\",\"@id\":\"https:\/\/marijastoja.fr\/produit\/tshirt-oversize-coton-personnalise-signature-fleusr-jeans\/#breadcrumb\",\"itemListElement\":[{\"@type\":\"ListItem\",\"position\":1,\"name\":\"Accueil\",\"item\":\"https:\/\/marijastoja.fr\/\"},{\"@type\":\"ListItem\",\"position\":2,\"name\":\"Boutique\",\"item\":\"https:\/\/marijastoja.fr\/boutique\/\"},{\"@type\":\"ListItem\",\"position\":3,\"name\":\"T-shirt upcycl\u00e9 Marija Stoja Signature florale &#8211; Mod\u00e8le unique\"}]},{\"@type\":\"WebSite\",\"@id\":\"https:\/\/marijastoja.fr\/#website\",\"url\":\"https:\/\/marijastoja.fr\/\",\"name\":\"Marija Stoja\",\"description\":\"Upcycling\",\"publisher\":{\"@id\":\"https:\/\/marijastoja.fr\/#organization\"},\"potentialAction\":[{\"@type\":\"SearchAction\",\"target\":{\"@type\":\"EntryPoint\",\"urlTemplate\":\"https:\/\/marijastoja.fr\/?s={search_term_string}\"},\"query-input\":{\"@type\":\"PropertyValueSpecification\",\"valueRequired\":true,\"valueName\":\"search_term_string\"}}],\"inLanguage\":\"en-US\"},{\"@type\":\"Organization\",\"@id\":\"https:\/\/marijastoja.fr\/#organization\",\"name\":\"Marija Stoja\",\"url\":\"https:\/\/marijastoja.fr\/\",\"logo\":{\"@type\":\"ImageObject\",\"inLanguage\":\"en-US\",\"@id\":\"https:\/\/marijastoja.fr\/#\/schema\/logo\/image\/\",\"url\":\"https:\/\/marijastoja.fr\/wp-content\/uploads\/2025\/12\/cropped-logo-noir.png\",\"contentUrl\":\"https:\/\/marijastoja.fr\/wp-content\/uploads\/2025\/12\/cropped-logo-noir.png\",\"width\":878,\"height\":322,\"caption\":\"Marija Stoja\"},\"image\":{\"@id\":\"https:\/\/marijastoja.fr\/#\/schema\/logo\/image\/\"}}]}<\/script>\n<!-- \/ Yoast SEO plugin. -->","yoast_head_json":{"title":"T-Shirt Upcycl\u00e9 Signature Florale | Marija Stoja","description":"T-shirt upcycl\u00e9 Signature florale par Marija Stoja. Pi\u00e8ce unique customis\u00e9e \u00e0 la main, broderies florales d\u00e9licates. Mode responsable et f\u00e9minine Marija Stoja.","robots":{"index":"index","follow":"follow","max-snippet":"max-snippet:-1","max-image-preview":"max-image-preview:large","max-video-preview":"max-video-preview:-1"},"canonical":"https:\/\/marijastoja.fr\/en\/product\/tshirt-oversize-coton-personnalise-signature-fleusr-jeans\/","og_locale":"en_US","og_type":"article","og_title":"T-Shirt Upcycl\u00e9 Signature Florale | Marija Stoja","og_description":"T-shirt upcycl\u00e9 Signature florale par Marija Stoja. Pi\u00e8ce unique customis\u00e9e \u00e0 la main, broderies florales d\u00e9licates. Mode responsable et f\u00e9minine Marija Stoja.","og_url":"https:\/\/marijastoja.fr\/en\/product\/tshirt-oversize-coton-personnalise-signature-fleusr-jeans\/","og_site_name":"Marija Stoja","article_modified_time":"2026-03-17T13:59:20+00:00","og_image":[{"width":1152,"height":2048,"url":"https:\/\/marijastoja.fr\/wp-content\/uploads\/2026\/01\/3f581a3f-3dca-414b-aec4-3618085ad302.jpg","type":"image\/jpeg"}],"twitter_card":"summary_large_image","twitter_misc":{"Est. reading time":"1 minute"},"schema":{"@context":"https:\/\/schema.org","@graph":[{"@type":"WebPage","@id":"https:\/\/marijastoja.fr\/produit\/tshirt-oversize-coton-personnalise-signature-fleusr-jeans\/","url":"https:\/\/marijastoja.fr\/produit\/tshirt-oversize-coton-personnalise-signature-fleusr-jeans\/","name":"T-Shirt Upcycl\u00e9 Signature Florale | Marija Stoja","isPartOf":{"@id":"https:\/\/marijastoja.fr\/#website"},"primaryImageOfPage":{"@id":"https:\/\/marijastoja.fr\/produit\/tshirt-oversize-coton-personnalise-signature-fleusr-jeans\/#primaryimage"},"image":{"@id":"https:\/\/marijastoja.fr\/produit\/tshirt-oversize-coton-personnalise-signature-fleusr-jeans\/#primaryimage"},"thumbnailUrl":"https:\/\/marijastoja.fr\/wp-content\/uploads\/2026\/01\/3f581a3f-3dca-414b-aec4-3618085ad302.jpg","datePublished":"2026-01-04T15:54:27+00:00","dateModified":"2026-03-17T13:59:20+00:00","description":"T-shirt upcycl\u00e9 Signature florale par Marija Stoja. Pi\u00e8ce unique customis\u00e9e \u00e0 la main, broderies florales d\u00e9licates. Mode responsable et f\u00e9minine Marija Stoja.","breadcrumb":{"@id":"https:\/\/marijastoja.fr\/produit\/tshirt-oversize-coton-personnalise-signature-fleusr-jeans\/#breadcrumb"},"inLanguage":"en-US","potentialAction":[{"@type":"ReadAction","target":["https:\/\/marijastoja.fr\/produit\/tshirt-oversize-coton-personnalise-signature-fleusr-jeans\/"]}]},{"@type":"ImageObject","inLanguage":"en-US","@id":"https:\/\/marijastoja.fr\/produit\/tshirt-oversize-coton-personnalise-signature-fleusr-jeans\/#primaryimage","url":"https:\/\/marijastoja.fr\/wp-content\/uploads\/2026\/01\/3f581a3f-3dca-414b-aec4-3618085ad302.jpg","contentUrl":"https:\/\/marijastoja.fr\/wp-content\/uploads\/2026\/01\/3f581a3f-3dca-414b-aec4-3618085ad302.jpg","width":1152,"height":2048,"caption":"t-shirt upcycl\u00e9 - Marija Stoja"},{"@type":"BreadcrumbList","@id":"https:\/\/marijastoja.fr\/produit\/tshirt-oversize-coton-personnalise-signature-fleusr-jeans\/#breadcrumb","itemListElement":[{"@type":"ListItem","position":1,"name":"Accueil","item":"https:\/\/marijastoja.fr\/"},{"@type":"ListItem","position":2,"name":"Boutique","item":"https:\/\/marijastoja.fr\/boutique\/"},{"@type":"ListItem","position":3,"name":"T-shirt upcycl\u00e9 Marija Stoja Signature florale &#8211; Mod\u00e8le unique"}]},{"@type":"WebSite","@id":"https:\/\/marijastoja.fr\/#website","url":"https:\/\/marijastoja.fr\/","name":"Marija Stoja","description":"Upcycling","publisher":{"@id":"https:\/\/marijastoja.fr\/#organization"},"potentialAction":[{"@type":"SearchAction","target":{"@type":"EntryPoint","urlTemplate":"https:\/\/marijastoja.fr\/?s={search_term_string}"},"query-input":{"@type":"PropertyValueSpecification","valueRequired":true,"valueName":"search_term_string"}}],"inLanguage":"en-US"},{"@type":"Organization","@id":"https:\/\/marijastoja.fr\/#organization","name":"Marija Stoja","url":"https:\/\/marijastoja.fr\/","logo":{"@type":"ImageObject","inLanguage":"en-US","@id":"https:\/\/marijastoja.fr\/#\/schema\/logo\/image\/","url":"https:\/\/marijastoja.fr\/wp-content\/uploads\/2025\/12\/cropped-logo-noir.png","contentUrl":"https:\/\/marijastoja.fr\/wp-content\/uploads\/2025\/12\/cropped-logo-noir.png","width":878,"height":322,"caption":"Marija Stoja"},"image":{"@id":"https:\/\/marijastoja.fr\/#\/schema\/logo\/image\/"}}]}},"jetpack_sharing_enabled":true,"_links":{"self":[{"href":"https:\/\/marijastoja.fr\/en\/wp-json\/wp\/v2\/product\/1171","targetHints":{"allow":["GET"]}}],"collection":[{"href":"https:\/\/marijastoja.fr\/en\/wp-json\/wp\/v2\/product"}],"about":[{"href":"https:\/\/marijastoja.fr\/en\/wp-json\/wp\/v2\/types\/product"}],"replies":[{"embeddable":true,"href":"https:\/\/marijastoja.fr\/en\/wp-json\/wp\/v2\/comments?post=1171"}],"wp:featuredmedia":[{"embeddable":true,"href":"https:\/\/marijastoja.fr\/en\/wp-json\/wp\/v2\/media\/1132"}],"wp:attachment":[{"href":"https:\/\/marijastoja.fr\/en\/wp-json\/wp\/v2\/media?parent=1171"}],"wp:term":[{"taxonomy":"product_brand","embeddable":true,"href":"https:\/\/marijastoja.fr\/en\/wp-json\/wp\/v2\/product_brand?post=1171"},{"taxonomy":"product_cat","embeddable":true,"href":"https:\/\/marijastoja.fr\/en\/wp-json\/wp\/v2\/product_cat?post=1171"},{"taxonomy":"product_tag","embeddable":true,"href":"https:\/\/marijastoja.fr\/en\/wp-json\/wp\/v2\/product_tag?post=1171"},{"taxonomy":"giftcard-category","embeddable":true,"href":"https:\/\/marijastoja.fr\/en\/wp-json\/wp\/v2\/giftcard-category?post=1171"}],"curies":[{"name":"wp","href":"https:\/\/api.w.org\/{rel}","templated":true}]}}