{"id":1173,"date":"2026-01-04T17:14:06","date_gmt":"2026-01-04T16:14:06","guid":{"rendered":"https:\/\/marijastoja.fr\/?post_type=product&#038;p=1173"},"modified":"2026-03-17T14:59:14","modified_gmt":"2026-03-17T13:59:14","slug":"tshirt-oversize-coton-personnalise-jeans-wax","status":"publish","type":"product","link":"https:\/\/marijastoja.fr\/en\/product\/tshirt-oversize-coton-personnalise-jeans-wax\/","title":{"rendered":"Marija Stoja upcycled t-shirt \u2013 one-of-a-kind"},"content":{"rendered":"<h2>T-Shirt Upcycl\u00e9 \u2013 D\u00e9tails de la pi\u00e8ce<\/h2>\n<p data-start=\"527\" data-end=\"646\">T-shirt upcycl\u00e9, ce t-shirt oversize en coton est une <strong data-start=\"564\" data-end=\"583\">cr\u00e9ation unique<\/strong>, pens\u00e9e comme un support d\u2019expression visuelle et identitaire.<\/p>\n<p data-start=\"648\" data-end=\"873\">La base en <strong data-start=\"659\" data-end=\"688\">coton doux et confortable<\/strong> offre une coupe ample et fluide, facile \u00e0 porter au quotidien.<br data-start=\"751\" data-end=\"754\" \/>\u00c0 l\u2019avant, la <strong data-start=\"768\" data-end=\"794\">signature Marija Stoja<\/strong> s\u2019inscrit de mani\u00e8re sobre, laissant toute sa force au travail r\u00e9alis\u00e9 au dos.<\/p>\n<p data-start=\"875\" data-end=\"1220\">\u00c0 l\u2019arri\u00e8re, des <strong>motifs en jeans <\/strong>structure la pi\u00e8ce et capte imm\u00e9diatement le regard, ce qui cr\u00e9e un rythme graphique fort, presque calligraphique.<br data-start=\"1091\" data-end=\"1094\" \/>De part et d\u2019autre, des <strong data-start=\"1118\" data-end=\"1141\">bandes en tissu wax<\/strong> viennent encadrer la composition et apporter contraste, couleur et profondeur.<\/p>\n<p data-start=\"1222\" data-end=\"1422\">L\u2019ensemble joue sur l\u2019\u00e9quilibre entre minimalisme \u00e0 l\u2019avant et expression affirm\u00e9e au dos.<br data-start=\"1312\" data-end=\"1315\" \/>Ce t-shirt est pens\u00e9 comme une <strong data-start=\"1346\" data-end=\"1374\">pi\u00e8ce d\u2019identit\u00e9 textile<\/strong>, entre confort, message et cr\u00e9ation artisanale.<\/p>\n<p data-start=\"1424\" data-end=\"1603\">Ce mod\u00e8le est <strong data-start=\"1438\" data-end=\"1448\">unique<\/strong>.<br data-start=\"1449\" data-end=\"1452\" \/>Il est \u00e9galement possible de demander une <strong data-start=\"1494\" data-end=\"1549\">cr\u00e9ation personnalis\u00e9e \u00e0 partir d\u2019un t-shirt vierge<\/strong>, via l\u2019onglet du menu <strong data-start=\"1572\" data-end=\"1602\">\u00ab Cr\u00e9ation personnalis\u00e9e \u00bb <\/strong>ou en cliquant<strong data-start=\"1572\" data-end=\"1602\"><a href=\"https:\/\/marijastoja.fr\/en\/sur-mesure\/\"> ici<\/a>.<\/strong><\/p>\n<p data-start=\"1424\" data-end=\"1603\">Ce t-shirt 100 % coton est \u00e9galement disponible sans customisation\u00a0<a href=\"https:\/\/marijastoja.fr\/en\/product\/tshirt-oversize-coton-base-personnalisable-beige\/\"><strong>ici<\/strong><\/a>.<\/p>\n<p>D\u00e9couvrez \u00e9galement nos autres <a href=\"https:\/\/marijastoja.fr\/en\/t-shirts\/\">t-shirts upcycl\u00e9s<\/a> dans la boutique Marija Stoja. Pour en savoir plus sur l&rsquo;<a href=\"https:\/\/fr.wikipedia.org\/wiki\/Upcycling\" target=\"_blank\" rel=\"noopener\">upcycling<\/a> et la mode responsable, explorez notre univers cr\u00e9atif.<\/p>","protected":false},"excerpt":{"rendered":"<p>T-Shirt Upcycl\u00e9 \u2013 D\u00e9tails de la pi\u00e8ce T-shirt upcycl\u00e9, ce t-shirt oversize en coton est une cr\u00e9ation unique, pens\u00e9e comme un support d\u2019expression visuelle et identitaire. La base en coton doux et confortable offre une coupe ample et fluide, facile \u00e0 porter au quotidien.\u00c0 l\u2019avant, la signature Marija Stoja s\u2019inscrit de mani\u00e8re sobre, laissant toute [&hellip;]<\/p>\n","protected":false},"featured_media":1135,"comment_status":"open","ping_status":"closed","template":"","meta":{"_acf_changed":false},"product_brand":[],"product_cat":[15,69,22],"product_tag":[],"giftcard-category":[],"class_list":{"0":"post-1173","1":"product","2":"type-product","3":"status-publish","4":"has-post-thumbnail","6":"product_cat-non-classe","7":"product_cat-t-shirt-ms-upcycle","8":"product_cat-t-shirts","9":"pa_taille-s","11":"first","12":"instock","13":"shipping-taxable","14":"purchasable","15":"product-type-simple"},"acf":[],"yoast_head":"<!-- This site is optimized with the Yoast SEO plugin v27.2 - https:\/\/yoast.com\/product\/yoast-seo-wordpress\/ -->\n<title>T-Shirt Upcycl\u00e9 Oversize Personnalis\u00e9 | Marija Stoja<\/title>\n<meta name=\"description\" content=\"T-shirt upcycl\u00e9 oversize personnalis\u00e9 par Marija Stoja. Pi\u00e8ce unique customis\u00e9e \u00e0 la main en coton. Mode responsable, style d\u00e9contract\u00e9 et original. Livraison F\" \/>\n<meta name=\"robots\" content=\"index, follow, max-snippet:-1, max-image-preview:large, max-video-preview:-1\" \/>\n<link rel=\"canonical\" href=\"https:\/\/marijastoja.fr\/en\/product\/tshirt-oversize-coton-personnalise-jeans-wax\/\" \/>\n<meta property=\"og:locale\" content=\"en_US\" \/>\n<meta property=\"og:type\" content=\"article\" \/>\n<meta property=\"og:title\" content=\"T-Shirt Upcycl\u00e9 Oversize Personnalis\u00e9 | Marija Stoja\" \/>\n<meta property=\"og:description\" content=\"T-shirt upcycl\u00e9 oversize personnalis\u00e9 par Marija Stoja. Pi\u00e8ce unique customis\u00e9e \u00e0 la main en coton. Mode responsable, style d\u00e9contract\u00e9 et original. Livraison F\" \/>\n<meta property=\"og:url\" content=\"https:\/\/marijastoja.fr\/en\/product\/tshirt-oversize-coton-personnalise-jeans-wax\/\" \/>\n<meta property=\"og:site_name\" content=\"Marija Stoja\" \/>\n<meta property=\"article:modified_time\" content=\"2026-03-17T13:59:14+00:00\" \/>\n<meta property=\"og:image\" content=\"https:\/\/marijastoja.fr\/wp-content\/uploads\/2026\/01\/6d1e9ed0-31c8-4919-aac3-a0152ce3fcf4.jpg\" \/>\n\t<meta property=\"og:image:width\" content=\"1152\" \/>\n\t<meta property=\"og:image:height\" content=\"2048\" \/>\n\t<meta property=\"og:image:type\" content=\"image\/jpeg\" \/>\n<meta name=\"twitter:card\" content=\"summary_large_image\" \/>\n<meta name=\"twitter:label1\" content=\"Est. reading time\" \/>\n\t<meta name=\"twitter:data1\" content=\"1 minute\" \/>\n<script type=\"application\/ld+json\" class=\"yoast-schema-graph\">{\"@context\":\"https:\/\/schema.org\",\"@graph\":[{\"@type\":\"WebPage\",\"@id\":\"https:\/\/marijastoja.fr\/produit\/tshirt-oversize-coton-personnalise-jeans-wax\/\",\"url\":\"https:\/\/marijastoja.fr\/produit\/tshirt-oversize-coton-personnalise-jeans-wax\/\",\"name\":\"T-Shirt Upcycl\u00e9 Oversize Personnalis\u00e9 | Marija Stoja\",\"isPartOf\":{\"@id\":\"https:\/\/marijastoja.fr\/#website\"},\"primaryImageOfPage\":{\"@id\":\"https:\/\/marijastoja.fr\/produit\/tshirt-oversize-coton-personnalise-jeans-wax\/#primaryimage\"},\"image\":{\"@id\":\"https:\/\/marijastoja.fr\/produit\/tshirt-oversize-coton-personnalise-jeans-wax\/#primaryimage\"},\"thumbnailUrl\":\"https:\/\/marijastoja.fr\/wp-content\/uploads\/2026\/01\/6d1e9ed0-31c8-4919-aac3-a0152ce3fcf4.jpg\",\"datePublished\":\"2026-01-04T16:14:06+00:00\",\"dateModified\":\"2026-03-17T13:59:14+00:00\",\"description\":\"T-shirt upcycl\u00e9 oversize personnalis\u00e9 par Marija Stoja. Pi\u00e8ce unique customis\u00e9e \u00e0 la main en coton. Mode responsable, style d\u00e9contract\u00e9 et original. Livraison F\",\"breadcrumb\":{\"@id\":\"https:\/\/marijastoja.fr\/produit\/tshirt-oversize-coton-personnalise-jeans-wax\/#breadcrumb\"},\"inLanguage\":\"en-US\",\"potentialAction\":[{\"@type\":\"ReadAction\",\"target\":[\"https:\/\/marijastoja.fr\/produit\/tshirt-oversize-coton-personnalise-jeans-wax\/\"]}]},{\"@type\":\"ImageObject\",\"inLanguage\":\"en-US\",\"@id\":\"https:\/\/marijastoja.fr\/produit\/tshirt-oversize-coton-personnalise-jeans-wax\/#primaryimage\",\"url\":\"https:\/\/marijastoja.fr\/wp-content\/uploads\/2026\/01\/6d1e9ed0-31c8-4919-aac3-a0152ce3fcf4.jpg\",\"contentUrl\":\"https:\/\/marijastoja.fr\/wp-content\/uploads\/2026\/01\/6d1e9ed0-31c8-4919-aac3-a0152ce3fcf4.jpg\",\"width\":1152,\"height\":2048,\"caption\":\"t-shirt upcycl\u00e9 - Marija Stoja\"},{\"@type\":\"BreadcrumbList\",\"@id\":\"https:\/\/marijastoja.fr\/produit\/tshirt-oversize-coton-personnalise-jeans-wax\/#breadcrumb\",\"itemListElement\":[{\"@type\":\"ListItem\",\"position\":1,\"name\":\"Accueil\",\"item\":\"https:\/\/marijastoja.fr\/\"},{\"@type\":\"ListItem\",\"position\":2,\"name\":\"Boutique\",\"item\":\"https:\/\/marijastoja.fr\/boutique\/\"},{\"@type\":\"ListItem\",\"position\":3,\"name\":\"T-shirt upcycl\u00e9 Marija Stoja &#8211; mod\u00e8le unique\"}]},{\"@type\":\"WebSite\",\"@id\":\"https:\/\/marijastoja.fr\/#website\",\"url\":\"https:\/\/marijastoja.fr\/\",\"name\":\"Marija Stoja\",\"description\":\"Upcycling\",\"publisher\":{\"@id\":\"https:\/\/marijastoja.fr\/#organization\"},\"potentialAction\":[{\"@type\":\"SearchAction\",\"target\":{\"@type\":\"EntryPoint\",\"urlTemplate\":\"https:\/\/marijastoja.fr\/?s={search_term_string}\"},\"query-input\":{\"@type\":\"PropertyValueSpecification\",\"valueRequired\":true,\"valueName\":\"search_term_string\"}}],\"inLanguage\":\"en-US\"},{\"@type\":\"Organization\",\"@id\":\"https:\/\/marijastoja.fr\/#organization\",\"name\":\"Marija Stoja\",\"url\":\"https:\/\/marijastoja.fr\/\",\"logo\":{\"@type\":\"ImageObject\",\"inLanguage\":\"en-US\",\"@id\":\"https:\/\/marijastoja.fr\/#\/schema\/logo\/image\/\",\"url\":\"https:\/\/marijastoja.fr\/wp-content\/uploads\/2025\/12\/cropped-logo-noir.png\",\"contentUrl\":\"https:\/\/marijastoja.fr\/wp-content\/uploads\/2025\/12\/cropped-logo-noir.png\",\"width\":878,\"height\":322,\"caption\":\"Marija Stoja\"},\"image\":{\"@id\":\"https:\/\/marijastoja.fr\/#\/schema\/logo\/image\/\"}}]}<\/script>\n<!-- \/ Yoast SEO plugin. -->","yoast_head_json":{"title":"T-Shirt Upcycl\u00e9 Oversize Personnalis\u00e9 | Marija Stoja","description":"T-shirt upcycl\u00e9 oversize personnalis\u00e9 par Marija Stoja. Pi\u00e8ce unique customis\u00e9e \u00e0 la main en coton. Mode responsable, style d\u00e9contract\u00e9 et original. Livraison F","robots":{"index":"index","follow":"follow","max-snippet":"max-snippet:-1","max-image-preview":"max-image-preview:large","max-video-preview":"max-video-preview:-1"},"canonical":"https:\/\/marijastoja.fr\/en\/product\/tshirt-oversize-coton-personnalise-jeans-wax\/","og_locale":"en_US","og_type":"article","og_title":"T-Shirt Upcycl\u00e9 Oversize Personnalis\u00e9 | Marija Stoja","og_description":"T-shirt upcycl\u00e9 oversize personnalis\u00e9 par Marija Stoja. Pi\u00e8ce unique customis\u00e9e \u00e0 la main en coton. Mode responsable, style d\u00e9contract\u00e9 et original. Livraison F","og_url":"https:\/\/marijastoja.fr\/en\/product\/tshirt-oversize-coton-personnalise-jeans-wax\/","og_site_name":"Marija Stoja","article_modified_time":"2026-03-17T13:59:14+00:00","og_image":[{"width":1152,"height":2048,"url":"https:\/\/marijastoja.fr\/wp-content\/uploads\/2026\/01\/6d1e9ed0-31c8-4919-aac3-a0152ce3fcf4.jpg","type":"image\/jpeg"}],"twitter_card":"summary_large_image","twitter_misc":{"Est. reading time":"1 minute"},"schema":{"@context":"https:\/\/schema.org","@graph":[{"@type":"WebPage","@id":"https:\/\/marijastoja.fr\/produit\/tshirt-oversize-coton-personnalise-jeans-wax\/","url":"https:\/\/marijastoja.fr\/produit\/tshirt-oversize-coton-personnalise-jeans-wax\/","name":"T-Shirt Upcycl\u00e9 Oversize Personnalis\u00e9 | Marija Stoja","isPartOf":{"@id":"https:\/\/marijastoja.fr\/#website"},"primaryImageOfPage":{"@id":"https:\/\/marijastoja.fr\/produit\/tshirt-oversize-coton-personnalise-jeans-wax\/#primaryimage"},"image":{"@id":"https:\/\/marijastoja.fr\/produit\/tshirt-oversize-coton-personnalise-jeans-wax\/#primaryimage"},"thumbnailUrl":"https:\/\/marijastoja.fr\/wp-content\/uploads\/2026\/01\/6d1e9ed0-31c8-4919-aac3-a0152ce3fcf4.jpg","datePublished":"2026-01-04T16:14:06+00:00","dateModified":"2026-03-17T13:59:14+00:00","description":"T-shirt upcycl\u00e9 oversize personnalis\u00e9 par Marija Stoja. Pi\u00e8ce unique customis\u00e9e \u00e0 la main en coton. Mode responsable, style d\u00e9contract\u00e9 et original. Livraison F","breadcrumb":{"@id":"https:\/\/marijastoja.fr\/produit\/tshirt-oversize-coton-personnalise-jeans-wax\/#breadcrumb"},"inLanguage":"en-US","potentialAction":[{"@type":"ReadAction","target":["https:\/\/marijastoja.fr\/produit\/tshirt-oversize-coton-personnalise-jeans-wax\/"]}]},{"@type":"ImageObject","inLanguage":"en-US","@id":"https:\/\/marijastoja.fr\/produit\/tshirt-oversize-coton-personnalise-jeans-wax\/#primaryimage","url":"https:\/\/marijastoja.fr\/wp-content\/uploads\/2026\/01\/6d1e9ed0-31c8-4919-aac3-a0152ce3fcf4.jpg","contentUrl":"https:\/\/marijastoja.fr\/wp-content\/uploads\/2026\/01\/6d1e9ed0-31c8-4919-aac3-a0152ce3fcf4.jpg","width":1152,"height":2048,"caption":"t-shirt upcycl\u00e9 - Marija Stoja"},{"@type":"BreadcrumbList","@id":"https:\/\/marijastoja.fr\/produit\/tshirt-oversize-coton-personnalise-jeans-wax\/#breadcrumb","itemListElement":[{"@type":"ListItem","position":1,"name":"Accueil","item":"https:\/\/marijastoja.fr\/"},{"@type":"ListItem","position":2,"name":"Boutique","item":"https:\/\/marijastoja.fr\/boutique\/"},{"@type":"ListItem","position":3,"name":"T-shirt upcycl\u00e9 Marija Stoja &#8211; mod\u00e8le unique"}]},{"@type":"WebSite","@id":"https:\/\/marijastoja.fr\/#website","url":"https:\/\/marijastoja.fr\/","name":"Marija Stoja","description":"Upcycling","publisher":{"@id":"https:\/\/marijastoja.fr\/#organization"},"potentialAction":[{"@type":"SearchAction","target":{"@type":"EntryPoint","urlTemplate":"https:\/\/marijastoja.fr\/?s={search_term_string}"},"query-input":{"@type":"PropertyValueSpecification","valueRequired":true,"valueName":"search_term_string"}}],"inLanguage":"en-US"},{"@type":"Organization","@id":"https:\/\/marijastoja.fr\/#organization","name":"Marija Stoja","url":"https:\/\/marijastoja.fr\/","logo":{"@type":"ImageObject","inLanguage":"en-US","@id":"https:\/\/marijastoja.fr\/#\/schema\/logo\/image\/","url":"https:\/\/marijastoja.fr\/wp-content\/uploads\/2025\/12\/cropped-logo-noir.png","contentUrl":"https:\/\/marijastoja.fr\/wp-content\/uploads\/2025\/12\/cropped-logo-noir.png","width":878,"height":322,"caption":"Marija Stoja"},"image":{"@id":"https:\/\/marijastoja.fr\/#\/schema\/logo\/image\/"}}]}},"jetpack_sharing_enabled":true,"_links":{"self":[{"href":"https:\/\/marijastoja.fr\/en\/wp-json\/wp\/v2\/product\/1173","targetHints":{"allow":["GET"]}}],"collection":[{"href":"https:\/\/marijastoja.fr\/en\/wp-json\/wp\/v2\/product"}],"about":[{"href":"https:\/\/marijastoja.fr\/en\/wp-json\/wp\/v2\/types\/product"}],"replies":[{"embeddable":true,"href":"https:\/\/marijastoja.fr\/en\/wp-json\/wp\/v2\/comments?post=1173"}],"wp:featuredmedia":[{"embeddable":true,"href":"https:\/\/marijastoja.fr\/en\/wp-json\/wp\/v2\/media\/1135"}],"wp:attachment":[{"href":"https:\/\/marijastoja.fr\/en\/wp-json\/wp\/v2\/media?parent=1173"}],"wp:term":[{"taxonomy":"product_brand","embeddable":true,"href":"https:\/\/marijastoja.fr\/en\/wp-json\/wp\/v2\/product_brand?post=1173"},{"taxonomy":"product_cat","embeddable":true,"href":"https:\/\/marijastoja.fr\/en\/wp-json\/wp\/v2\/product_cat?post=1173"},{"taxonomy":"product_tag","embeddable":true,"href":"https:\/\/marijastoja.fr\/en\/wp-json\/wp\/v2\/product_tag?post=1173"},{"taxonomy":"giftcard-category","embeddable":true,"href":"https:\/\/marijastoja.fr\/en\/wp-json\/wp\/v2\/giftcard-category?post=1173"}],"curies":[{"name":"wp","href":"https:\/\/api.w.org\/{rel}","templated":true}]}}