{"id":1174,"date":"2026-01-04T17:39:20","date_gmt":"2026-01-04T16:39:20","guid":{"rendered":"https:\/\/marijastoja.fr\/?post_type=product&#038;p=1174"},"modified":"2026-03-17T14:59:09","modified_gmt":"2026-03-17T13:59:09","slug":"chemise-vintage-oversize-upcyclee-armani-manches-wax","status":"publish","type":"product","link":"https:\/\/marijastoja.fr\/en\/product\/chemise-vintage-oversize-upcyclee-armani-manches-wax\/","title":{"rendered":"Chemise vintage oversize upcycl\u00e9e \u2013 Armani &#038; manches wax"},"content":{"rendered":"<h2>Chemise Upcycl\u00e9e Vintage \u2013 D\u00e9tails de la pi\u00e8ce<\/h2>\n<p data-start=\"628\" data-end=\"799\">Chemise upcycl\u00e9e vintage, cette chemise vintage <strong data-start=\"650\" data-end=\"691\"><span class=\"hover:entity-accent entity-underline inline cursor-pointer align-baseline\"><span class=\"whitespace-normal\">Armani<\/span><\/span><\/strong> a \u00e9t\u00e9 transform\u00e9e pour devenir une pi\u00e8ce <strong>unique<\/strong> et forte, \u00e0 la fronti\u00e8re entre chemise classique et cr\u00e9ation couture.<\/p>\n<p data-start=\"801\" data-end=\"1193\">La base en <strong data-start=\"812\" data-end=\"836\">denim clair oversize<\/strong> conserve l\u2019\u00e9l\u00e9gance et la structure du v\u00eatement d\u2019origine, tandis que l\u2019intervention textile vient totalement red\u00e9finir la silhouette.<br data-start=\"971\" data-end=\"974\" \/>Les <strong data-start=\"978\" data-end=\"1022\">manches oversize rapport\u00e9es en tissu wax<\/strong>, volontairement amples et sculpturales, apportent volume, mouvement et caract\u00e8re. Elles contrastent avec la sobri\u00e9t\u00e9 de la chemise et affirment une esth\u00e9tique audacieuse.<\/p>\n<p data-start=\"1195\" data-end=\"1426\">Sur l\u2019ensemble de la pi\u00e8ce, des <strong data-start=\"1227\" data-end=\"1253\">motifs floraux en jean<\/strong> sont appliqu\u00e9s comme un fil conducteur.<br data-start=\"1293\" data-end=\"1296\" \/>Leur centre en denim imprim\u00e9 fait \u00e9cho aux motifs du wax des manches, cr\u00e9ant un lien visuel subtil entre les diff\u00e9rentes mati\u00e8res.<\/p>\n<p data-start=\"1428\" data-end=\"1628\">L\u2019\u00e9quilibre entre le denim vintage, le wax graphique et les volumes exag\u00e9r\u00e9s donne naissance \u00e0 une chemise <strong data-start=\"1535\" data-end=\"1569\">expressive, hybride et assum\u00e9e<\/strong>, pens\u00e9e pour \u00eatre port\u00e9e comme une pi\u00e8ce centrale du look.<\/p>\n<p data-start=\"1428\" data-end=\"1628\">Elle peut convenir a toutes les tailles avec sa coupe large, selon l&rsquo;effet d\u00e9sir\u00e9.<\/p>\n<p>D\u00e9couvrez \u00e9galement nos autres <a href=\"https:\/\/marijastoja.fr\/en\/hauts\/\">hauts upcycl\u00e9s<\/a> dans la boutique Marija Stoja. Pour en savoir plus sur l&rsquo;<a href=\"https:\/\/fr.wikipedia.org\/wiki\/Upcycling\" target=\"_blank\" rel=\"noopener\">upcycling<\/a> et la mode responsable, explorez notre univers cr\u00e9atif.<\/p>","protected":false},"excerpt":{"rendered":"<p>Chemise Upcycl\u00e9e Vintage \u2013 D\u00e9tails de la pi\u00e8ce Chemise upcycl\u00e9e vintage, cette chemise vintage Armani a \u00e9t\u00e9 transform\u00e9e pour devenir une pi\u00e8ce unique et forte, \u00e0 la fronti\u00e8re entre chemise classique et cr\u00e9ation couture. La base en denim clair oversize conserve l\u2019\u00e9l\u00e9gance et la structure du v\u00eatement d\u2019origine, tandis que l\u2019intervention textile vient totalement red\u00e9finir [&hellip;]<\/p>\n","protected":false},"featured_media":1141,"comment_status":"open","ping_status":"closed","template":"","meta":{"_acf_changed":false},"product_brand":[],"product_cat":[74,72,15],"product_tag":[],"giftcard-category":[],"class_list":{"0":"post-1174","1":"product","2":"type-product","3":"status-publish","4":"has-post-thumbnail","6":"product_cat-chemises","7":"product_cat-hauts","8":"product_cat-non-classe","9":"pa_taille-xl","11":"first","12":"instock","13":"shipping-taxable","14":"purchasable","15":"product-type-simple"},"acf":[],"yoast_head":"<!-- This site is optimized with the Yoast SEO plugin v27.2 - https:\/\/yoast.com\/product\/yoast-seo-wordpress\/ -->\n<title>Chemise Upcycl\u00e9e Vintage Armani Wax | Marija Stoja<\/title>\n<meta name=\"description\" content=\"Chemise upcycl\u00e9e vintage oversize Armani avec manches en wax. Pi\u00e8ce unique customis\u00e9e \u00e0 la main par Marija Stoja. Mode responsable et originale Marija Stoja.\" \/>\n<meta name=\"robots\" content=\"index, follow, max-snippet:-1, max-image-preview:large, max-video-preview:-1\" \/>\n<link rel=\"canonical\" href=\"https:\/\/marijastoja.fr\/en\/product\/chemise-vintage-oversize-upcyclee-armani-manches-wax\/\" \/>\n<meta property=\"og:locale\" content=\"en_US\" \/>\n<meta property=\"og:type\" content=\"article\" \/>\n<meta property=\"og:title\" content=\"Chemise Upcycl\u00e9e Vintage Armani Wax | Marija Stoja\" \/>\n<meta property=\"og:description\" content=\"Chemise upcycl\u00e9e vintage oversize Armani avec manches en wax. Pi\u00e8ce unique customis\u00e9e \u00e0 la main par Marija Stoja. Mode responsable et originale Marija Stoja.\" \/>\n<meta property=\"og:url\" content=\"https:\/\/marijastoja.fr\/en\/product\/chemise-vintage-oversize-upcyclee-armani-manches-wax\/\" \/>\n<meta property=\"og:site_name\" content=\"Marija Stoja\" \/>\n<meta property=\"article:modified_time\" content=\"2026-03-17T13:59:09+00:00\" \/>\n<meta property=\"og:image\" content=\"https:\/\/marijastoja.fr\/wp-content\/uploads\/2026\/01\/6899bc54-e1b8-41d0-9f4b-a2d3f6621556.jpg\" \/>\n\t<meta property=\"og:image:width\" content=\"1152\" \/>\n\t<meta property=\"og:image:height\" content=\"2048\" \/>\n\t<meta property=\"og:image:type\" content=\"image\/jpeg\" \/>\n<meta name=\"twitter:card\" content=\"summary_large_image\" \/>\n<meta name=\"twitter:label1\" content=\"Est. reading time\" \/>\n\t<meta name=\"twitter:data1\" content=\"1 minute\" \/>\n<script type=\"application\/ld+json\" class=\"yoast-schema-graph\">{\"@context\":\"https:\/\/schema.org\",\"@graph\":[{\"@type\":\"WebPage\",\"@id\":\"https:\/\/marijastoja.fr\/produit\/chemise-vintage-oversize-upcyclee-armani-manches-wax\/\",\"url\":\"https:\/\/marijastoja.fr\/produit\/chemise-vintage-oversize-upcyclee-armani-manches-wax\/\",\"name\":\"Chemise Upcycl\u00e9e Vintage Armani Wax | Marija Stoja\",\"isPartOf\":{\"@id\":\"https:\/\/marijastoja.fr\/#website\"},\"primaryImageOfPage\":{\"@id\":\"https:\/\/marijastoja.fr\/produit\/chemise-vintage-oversize-upcyclee-armani-manches-wax\/#primaryimage\"},\"image\":{\"@id\":\"https:\/\/marijastoja.fr\/produit\/chemise-vintage-oversize-upcyclee-armani-manches-wax\/#primaryimage\"},\"thumbnailUrl\":\"https:\/\/marijastoja.fr\/wp-content\/uploads\/2026\/01\/6899bc54-e1b8-41d0-9f4b-a2d3f6621556.jpg\",\"datePublished\":\"2026-01-04T16:39:20+00:00\",\"dateModified\":\"2026-03-17T13:59:09+00:00\",\"description\":\"Chemise upcycl\u00e9e vintage oversize Armani avec manches en wax. Pi\u00e8ce unique customis\u00e9e \u00e0 la main par Marija Stoja. Mode responsable et originale Marija Stoja.\",\"breadcrumb\":{\"@id\":\"https:\/\/marijastoja.fr\/produit\/chemise-vintage-oversize-upcyclee-armani-manches-wax\/#breadcrumb\"},\"inLanguage\":\"en-US\",\"potentialAction\":[{\"@type\":\"ReadAction\",\"target\":[\"https:\/\/marijastoja.fr\/produit\/chemise-vintage-oversize-upcyclee-armani-manches-wax\/\"]}]},{\"@type\":\"ImageObject\",\"inLanguage\":\"en-US\",\"@id\":\"https:\/\/marijastoja.fr\/produit\/chemise-vintage-oversize-upcyclee-armani-manches-wax\/#primaryimage\",\"url\":\"https:\/\/marijastoja.fr\/wp-content\/uploads\/2026\/01\/6899bc54-e1b8-41d0-9f4b-a2d3f6621556.jpg\",\"contentUrl\":\"https:\/\/marijastoja.fr\/wp-content\/uploads\/2026\/01\/6899bc54-e1b8-41d0-9f4b-a2d3f6621556.jpg\",\"width\":1152,\"height\":2048,\"caption\":\"chemise upcycl\u00e9e vintage - Marija Stoja\"},{\"@type\":\"BreadcrumbList\",\"@id\":\"https:\/\/marijastoja.fr\/produit\/chemise-vintage-oversize-upcyclee-armani-manches-wax\/#breadcrumb\",\"itemListElement\":[{\"@type\":\"ListItem\",\"position\":1,\"name\":\"Accueil\",\"item\":\"https:\/\/marijastoja.fr\/\"},{\"@type\":\"ListItem\",\"position\":2,\"name\":\"Boutique\",\"item\":\"https:\/\/marijastoja.fr\/boutique\/\"},{\"@type\":\"ListItem\",\"position\":3,\"name\":\"Chemise vintage oversize upcycl\u00e9e \u2013 Armani &#038; manches wax\"}]},{\"@type\":\"WebSite\",\"@id\":\"https:\/\/marijastoja.fr\/#website\",\"url\":\"https:\/\/marijastoja.fr\/\",\"name\":\"Marija Stoja\",\"description\":\"Upcycling\",\"publisher\":{\"@id\":\"https:\/\/marijastoja.fr\/#organization\"},\"potentialAction\":[{\"@type\":\"SearchAction\",\"target\":{\"@type\":\"EntryPoint\",\"urlTemplate\":\"https:\/\/marijastoja.fr\/?s={search_term_string}\"},\"query-input\":{\"@type\":\"PropertyValueSpecification\",\"valueRequired\":true,\"valueName\":\"search_term_string\"}}],\"inLanguage\":\"en-US\"},{\"@type\":\"Organization\",\"@id\":\"https:\/\/marijastoja.fr\/#organization\",\"name\":\"Marija Stoja\",\"url\":\"https:\/\/marijastoja.fr\/\",\"logo\":{\"@type\":\"ImageObject\",\"inLanguage\":\"en-US\",\"@id\":\"https:\/\/marijastoja.fr\/#\/schema\/logo\/image\/\",\"url\":\"https:\/\/marijastoja.fr\/wp-content\/uploads\/2025\/12\/cropped-logo-noir.png\",\"contentUrl\":\"https:\/\/marijastoja.fr\/wp-content\/uploads\/2025\/12\/cropped-logo-noir.png\",\"width\":878,\"height\":322,\"caption\":\"Marija Stoja\"},\"image\":{\"@id\":\"https:\/\/marijastoja.fr\/#\/schema\/logo\/image\/\"}}]}<\/script>\n<!-- \/ Yoast SEO plugin. -->","yoast_head_json":{"title":"Chemise Upcycl\u00e9e Vintage Armani Wax | Marija Stoja","description":"Chemise upcycl\u00e9e vintage oversize Armani avec manches en wax. Pi\u00e8ce unique customis\u00e9e \u00e0 la main par Marija Stoja. Mode responsable et originale Marija Stoja.","robots":{"index":"index","follow":"follow","max-snippet":"max-snippet:-1","max-image-preview":"max-image-preview:large","max-video-preview":"max-video-preview:-1"},"canonical":"https:\/\/marijastoja.fr\/en\/product\/chemise-vintage-oversize-upcyclee-armani-manches-wax\/","og_locale":"en_US","og_type":"article","og_title":"Chemise Upcycl\u00e9e Vintage Armani Wax | Marija Stoja","og_description":"Chemise upcycl\u00e9e vintage oversize Armani avec manches en wax. Pi\u00e8ce unique customis\u00e9e \u00e0 la main par Marija Stoja. Mode responsable et originale Marija Stoja.","og_url":"https:\/\/marijastoja.fr\/en\/product\/chemise-vintage-oversize-upcyclee-armani-manches-wax\/","og_site_name":"Marija Stoja","article_modified_time":"2026-03-17T13:59:09+00:00","og_image":[{"width":1152,"height":2048,"url":"https:\/\/marijastoja.fr\/wp-content\/uploads\/2026\/01\/6899bc54-e1b8-41d0-9f4b-a2d3f6621556.jpg","type":"image\/jpeg"}],"twitter_card":"summary_large_image","twitter_misc":{"Est. reading time":"1 minute"},"schema":{"@context":"https:\/\/schema.org","@graph":[{"@type":"WebPage","@id":"https:\/\/marijastoja.fr\/produit\/chemise-vintage-oversize-upcyclee-armani-manches-wax\/","url":"https:\/\/marijastoja.fr\/produit\/chemise-vintage-oversize-upcyclee-armani-manches-wax\/","name":"Chemise Upcycl\u00e9e Vintage Armani Wax | Marija Stoja","isPartOf":{"@id":"https:\/\/marijastoja.fr\/#website"},"primaryImageOfPage":{"@id":"https:\/\/marijastoja.fr\/produit\/chemise-vintage-oversize-upcyclee-armani-manches-wax\/#primaryimage"},"image":{"@id":"https:\/\/marijastoja.fr\/produit\/chemise-vintage-oversize-upcyclee-armani-manches-wax\/#primaryimage"},"thumbnailUrl":"https:\/\/marijastoja.fr\/wp-content\/uploads\/2026\/01\/6899bc54-e1b8-41d0-9f4b-a2d3f6621556.jpg","datePublished":"2026-01-04T16:39:20+00:00","dateModified":"2026-03-17T13:59:09+00:00","description":"Chemise upcycl\u00e9e vintage oversize Armani avec manches en wax. Pi\u00e8ce unique customis\u00e9e \u00e0 la main par Marija Stoja. Mode responsable et originale Marija Stoja.","breadcrumb":{"@id":"https:\/\/marijastoja.fr\/produit\/chemise-vintage-oversize-upcyclee-armani-manches-wax\/#breadcrumb"},"inLanguage":"en-US","potentialAction":[{"@type":"ReadAction","target":["https:\/\/marijastoja.fr\/produit\/chemise-vintage-oversize-upcyclee-armani-manches-wax\/"]}]},{"@type":"ImageObject","inLanguage":"en-US","@id":"https:\/\/marijastoja.fr\/produit\/chemise-vintage-oversize-upcyclee-armani-manches-wax\/#primaryimage","url":"https:\/\/marijastoja.fr\/wp-content\/uploads\/2026\/01\/6899bc54-e1b8-41d0-9f4b-a2d3f6621556.jpg","contentUrl":"https:\/\/marijastoja.fr\/wp-content\/uploads\/2026\/01\/6899bc54-e1b8-41d0-9f4b-a2d3f6621556.jpg","width":1152,"height":2048,"caption":"chemise upcycl\u00e9e vintage - Marija Stoja"},{"@type":"BreadcrumbList","@id":"https:\/\/marijastoja.fr\/produit\/chemise-vintage-oversize-upcyclee-armani-manches-wax\/#breadcrumb","itemListElement":[{"@type":"ListItem","position":1,"name":"Accueil","item":"https:\/\/marijastoja.fr\/"},{"@type":"ListItem","position":2,"name":"Boutique","item":"https:\/\/marijastoja.fr\/boutique\/"},{"@type":"ListItem","position":3,"name":"Chemise vintage oversize upcycl\u00e9e \u2013 Armani &#038; manches wax"}]},{"@type":"WebSite","@id":"https:\/\/marijastoja.fr\/#website","url":"https:\/\/marijastoja.fr\/","name":"Marija Stoja","description":"Upcycling","publisher":{"@id":"https:\/\/marijastoja.fr\/#organization"},"potentialAction":[{"@type":"SearchAction","target":{"@type":"EntryPoint","urlTemplate":"https:\/\/marijastoja.fr\/?s={search_term_string}"},"query-input":{"@type":"PropertyValueSpecification","valueRequired":true,"valueName":"search_term_string"}}],"inLanguage":"en-US"},{"@type":"Organization","@id":"https:\/\/marijastoja.fr\/#organization","name":"Marija Stoja","url":"https:\/\/marijastoja.fr\/","logo":{"@type":"ImageObject","inLanguage":"en-US","@id":"https:\/\/marijastoja.fr\/#\/schema\/logo\/image\/","url":"https:\/\/marijastoja.fr\/wp-content\/uploads\/2025\/12\/cropped-logo-noir.png","contentUrl":"https:\/\/marijastoja.fr\/wp-content\/uploads\/2025\/12\/cropped-logo-noir.png","width":878,"height":322,"caption":"Marija Stoja"},"image":{"@id":"https:\/\/marijastoja.fr\/#\/schema\/logo\/image\/"}}]}},"jetpack_sharing_enabled":true,"_links":{"self":[{"href":"https:\/\/marijastoja.fr\/en\/wp-json\/wp\/v2\/product\/1174","targetHints":{"allow":["GET"]}}],"collection":[{"href":"https:\/\/marijastoja.fr\/en\/wp-json\/wp\/v2\/product"}],"about":[{"href":"https:\/\/marijastoja.fr\/en\/wp-json\/wp\/v2\/types\/product"}],"replies":[{"embeddable":true,"href":"https:\/\/marijastoja.fr\/en\/wp-json\/wp\/v2\/comments?post=1174"}],"wp:featuredmedia":[{"embeddable":true,"href":"https:\/\/marijastoja.fr\/en\/wp-json\/wp\/v2\/media\/1141"}],"wp:attachment":[{"href":"https:\/\/marijastoja.fr\/en\/wp-json\/wp\/v2\/media?parent=1174"}],"wp:term":[{"taxonomy":"product_brand","embeddable":true,"href":"https:\/\/marijastoja.fr\/en\/wp-json\/wp\/v2\/product_brand?post=1174"},{"taxonomy":"product_cat","embeddable":true,"href":"https:\/\/marijastoja.fr\/en\/wp-json\/wp\/v2\/product_cat?post=1174"},{"taxonomy":"product_tag","embeddable":true,"href":"https:\/\/marijastoja.fr\/en\/wp-json\/wp\/v2\/product_tag?post=1174"},{"taxonomy":"giftcard-category","embeddable":true,"href":"https:\/\/marijastoja.fr\/en\/wp-json\/wp\/v2\/giftcard-category?post=1174"}],"curies":[{"name":"wp","href":"https:\/\/api.w.org\/{rel}","templated":true}]}}