{"id":1177,"date":"2026-01-04T17:56:20","date_gmt":"2026-01-04T16:56:20","guid":{"rendered":"https:\/\/marijastoja.fr\/?post_type=product&#038;p=1177"},"modified":"2026-03-17T14:59:03","modified_gmt":"2026-03-17T13:59:03","slug":"robe-tunique-upcyclee-en-denim-esmeralda","status":"publish","type":"product","link":"https:\/\/marijastoja.fr\/en\/product\/robe-tunique-upcyclee-en-denim-esmeralda\/","title":{"rendered":"Robe \/ tunique upcycl\u00e9e en denim \u2013 Esmeralda"},"content":{"rendered":"<h2>Robe Upcycl\u00e9e En Denim \u2013 D\u00e9tails de la pi\u00e8ce<\/h2>\n<p data-start=\"560\" data-end=\"747\">Robe upcycl\u00e9e en denim, cette pi\u00e8ce hybride peut se porter <strong data-start=\"595\" data-end=\"620\">en robe ou en tunique<\/strong>, selon la morphologie et l\u2019envie.<br data-start=\"654\" data-end=\"657\" \/>Elle est con\u00e7ue comme un v\u00eatement d\u2019expression, \u00e0 la fronti\u00e8re entre douceur et caract\u00e8re.<\/p>\n<p data-start=\"749\" data-end=\"1078\">La base en <strong data-start=\"760\" data-end=\"776\">denim souple<\/strong> structure la silhouette tout en conservant un tomb\u00e9 naturel et confortable.<br data-start=\"852\" data-end=\"855\" \/>\u00c0 l\u2019arri\u00e8re, un <strong data-start=\"871\" data-end=\"901\">visuel inspir\u00e9 d\u2019Esmeralda<\/strong> s\u2019impose comme un tableau textile, apportant une dimension po\u00e9tique et symbolique \u00e0 la pi\u00e8ce. Cette r\u00e9f\u00e9rence iconique \u00e9voque la libert\u00e9, la f\u00e9minit\u00e9 assum\u00e9e et l\u2019ind\u00e9pendance.<\/p>\n<p data-start=\"1080\" data-end=\"1301\">Le bas du v\u00eatement est sublim\u00e9 par des <strong data-start=\"1119\" data-end=\"1141\">froufrous en tulle<\/strong>, qui viennent casser la rigidit\u00e9 du denim et cr\u00e9er du mouvement. Ce contraste entre mati\u00e8re brute et transparence l\u00e9g\u00e8re donne \u00e0 la pi\u00e8ce toute sa singularit\u00e9.<\/p>\n<p data-start=\"1303\" data-end=\"1469\">Pens\u00e9e pour \u00eatre port\u00e9e librement, cette robe\/tunique s\u2019adapte \u00e0 chaque personne et \u00e0 chaque style.<br data-start=\"1402\" data-end=\"1405\" \/>C\u2019est une cr\u00e9ation <strong data-start=\"1424\" data-end=\"1434\">unique<\/strong>, expressive, et charg\u00e9e d\u2019\u00e9motion.<\/p>\n<p>D\u00e9couvrez \u00e9galement nos autres <a href=\"https:\/\/marijastoja.fr\/en\/hauts\/\">cr\u00e9ations upcycl\u00e9es<\/a> dans la boutique Marija Stoja. Pour en savoir plus sur l&rsquo;<a href=\"https:\/\/fr.wikipedia.org\/wiki\/Upcycling\" target=\"_blank\" rel=\"noopener\">upcycling<\/a> et la mode responsable, explorez notre univers cr\u00e9atif.<\/p>","protected":false},"excerpt":{"rendered":"<p>Robe Upcycl\u00e9e En Denim \u2013 D\u00e9tails de la pi\u00e8ce Robe upcycl\u00e9e en denim, cette pi\u00e8ce hybride peut se porter en robe ou en tunique, selon la morphologie et l\u2019envie.Elle est con\u00e7ue comme un v\u00eatement d\u2019expression, \u00e0 la fronti\u00e8re entre douceur et caract\u00e8re. La base en denim souple structure la silhouette tout en conservant un tomb\u00e9 [&hellip;]<\/p>\n","protected":false},"featured_media":1176,"comment_status":"open","ping_status":"closed","template":"","meta":{"_acf_changed":false},"product_brand":[],"product_cat":[74,72],"product_tag":[],"giftcard-category":[],"class_list":{"0":"post-1177","1":"product","2":"type-product","3":"status-publish","4":"has-post-thumbnail","6":"product_cat-chemises","7":"product_cat-hauts","8":"pa_taille-s","10":"first","11":"instock","12":"shipping-taxable","13":"purchasable","14":"product-type-simple"},"acf":[],"yoast_head":"<!-- This site is optimized with the Yoast SEO plugin v27.2 - https:\/\/yoast.com\/product\/yoast-seo-wordpress\/ -->\n<title>Robe Upcycl\u00e9e en Denim Esmeralda Upcycl\u00e9e | Marija Stoja<\/title>\n<meta name=\"description\" content=\"Robe upcycl\u00e9e en denim inspir\u00e9e d&#039;Esmeralda, customis\u00e9e \u00e0 la main. Pi\u00e8ce unique Marija Stoja, style boh\u00e8me et mode responsable et cr\u00e9ative Exp\u00e9di\u00e9 rapidement.\" \/>\n<meta name=\"robots\" content=\"index, follow, max-snippet:-1, max-image-preview:large, max-video-preview:-1\" \/>\n<link rel=\"canonical\" href=\"https:\/\/marijastoja.fr\/en\/product\/robe-tunique-upcyclee-en-denim-esmeralda\/\" \/>\n<meta property=\"og:locale\" content=\"en_US\" \/>\n<meta property=\"og:type\" content=\"article\" \/>\n<meta property=\"og:title\" content=\"Robe Upcycl\u00e9e en Denim Esmeralda Upcycl\u00e9e | Marija Stoja\" \/>\n<meta property=\"og:description\" content=\"Robe upcycl\u00e9e en denim inspir\u00e9e d&#039;Esmeralda, customis\u00e9e \u00e0 la main. Pi\u00e8ce unique Marija Stoja, style boh\u00e8me et mode responsable et cr\u00e9ative Exp\u00e9di\u00e9 rapidement.\" \/>\n<meta property=\"og:url\" content=\"https:\/\/marijastoja.fr\/en\/product\/robe-tunique-upcyclee-en-denim-esmeralda\/\" \/>\n<meta property=\"og:site_name\" content=\"Marija Stoja\" \/>\n<meta property=\"article:modified_time\" content=\"2026-03-17T13:59:03+00:00\" \/>\n<meta property=\"og:image\" content=\"https:\/\/marijastoja.fr\/wp-content\/uploads\/2026\/01\/IMG_8909.jpeg\" \/>\n\t<meta property=\"og:image:width\" content=\"1320\" \/>\n\t<meta property=\"og:image:height\" content=\"1118\" \/>\n\t<meta property=\"og:image:type\" content=\"image\/jpeg\" \/>\n<meta name=\"twitter:card\" content=\"summary_large_image\" \/>\n<meta name=\"twitter:label1\" content=\"Est. reading time\" \/>\n\t<meta name=\"twitter:data1\" content=\"1 minute\" \/>\n<script type=\"application\/ld+json\" class=\"yoast-schema-graph\">{\"@context\":\"https:\/\/schema.org\",\"@graph\":[{\"@type\":\"WebPage\",\"@id\":\"https:\/\/marijastoja.fr\/produit\/robe-tunique-upcyclee-en-denim-esmeralda\/\",\"url\":\"https:\/\/marijastoja.fr\/produit\/robe-tunique-upcyclee-en-denim-esmeralda\/\",\"name\":\"Robe Upcycl\u00e9e en Denim Esmeralda Upcycl\u00e9e | Marija Stoja\",\"isPartOf\":{\"@id\":\"https:\/\/marijastoja.fr\/#website\"},\"primaryImageOfPage\":{\"@id\":\"https:\/\/marijastoja.fr\/produit\/robe-tunique-upcyclee-en-denim-esmeralda\/#primaryimage\"},\"image\":{\"@id\":\"https:\/\/marijastoja.fr\/produit\/robe-tunique-upcyclee-en-denim-esmeralda\/#primaryimage\"},\"thumbnailUrl\":\"https:\/\/marijastoja.fr\/wp-content\/uploads\/2026\/01\/IMG_8909.jpeg\",\"datePublished\":\"2026-01-04T16:56:20+00:00\",\"dateModified\":\"2026-03-17T13:59:03+00:00\",\"description\":\"Robe upcycl\u00e9e en denim inspir\u00e9e d'Esmeralda, customis\u00e9e \u00e0 la main. Pi\u00e8ce unique Marija Stoja, style boh\u00e8me et mode responsable et cr\u00e9ative Exp\u00e9di\u00e9 rapidement.\",\"breadcrumb\":{\"@id\":\"https:\/\/marijastoja.fr\/produit\/robe-tunique-upcyclee-en-denim-esmeralda\/#breadcrumb\"},\"inLanguage\":\"en-US\",\"potentialAction\":[{\"@type\":\"ReadAction\",\"target\":[\"https:\/\/marijastoja.fr\/produit\/robe-tunique-upcyclee-en-denim-esmeralda\/\"]}]},{\"@type\":\"ImageObject\",\"inLanguage\":\"en-US\",\"@id\":\"https:\/\/marijastoja.fr\/produit\/robe-tunique-upcyclee-en-denim-esmeralda\/#primaryimage\",\"url\":\"https:\/\/marijastoja.fr\/wp-content\/uploads\/2026\/01\/IMG_8909.jpeg\",\"contentUrl\":\"https:\/\/marijastoja.fr\/wp-content\/uploads\/2026\/01\/IMG_8909.jpeg\",\"width\":1320,\"height\":1118,\"caption\":\"Screenshot\"},{\"@type\":\"BreadcrumbList\",\"@id\":\"https:\/\/marijastoja.fr\/produit\/robe-tunique-upcyclee-en-denim-esmeralda\/#breadcrumb\",\"itemListElement\":[{\"@type\":\"ListItem\",\"position\":1,\"name\":\"Accueil\",\"item\":\"https:\/\/marijastoja.fr\/\"},{\"@type\":\"ListItem\",\"position\":2,\"name\":\"Boutique\",\"item\":\"https:\/\/marijastoja.fr\/boutique\/\"},{\"@type\":\"ListItem\",\"position\":3,\"name\":\"Robe \/ tunique upcycl\u00e9e en denim \u2013 Esmeralda\"}]},{\"@type\":\"WebSite\",\"@id\":\"https:\/\/marijastoja.fr\/#website\",\"url\":\"https:\/\/marijastoja.fr\/\",\"name\":\"Marija Stoja\",\"description\":\"Upcycling\",\"publisher\":{\"@id\":\"https:\/\/marijastoja.fr\/#organization\"},\"potentialAction\":[{\"@type\":\"SearchAction\",\"target\":{\"@type\":\"EntryPoint\",\"urlTemplate\":\"https:\/\/marijastoja.fr\/?s={search_term_string}\"},\"query-input\":{\"@type\":\"PropertyValueSpecification\",\"valueRequired\":true,\"valueName\":\"search_term_string\"}}],\"inLanguage\":\"en-US\"},{\"@type\":\"Organization\",\"@id\":\"https:\/\/marijastoja.fr\/#organization\",\"name\":\"Marija Stoja\",\"url\":\"https:\/\/marijastoja.fr\/\",\"logo\":{\"@type\":\"ImageObject\",\"inLanguage\":\"en-US\",\"@id\":\"https:\/\/marijastoja.fr\/#\/schema\/logo\/image\/\",\"url\":\"https:\/\/marijastoja.fr\/wp-content\/uploads\/2025\/12\/cropped-logo-noir.png\",\"contentUrl\":\"https:\/\/marijastoja.fr\/wp-content\/uploads\/2025\/12\/cropped-logo-noir.png\",\"width\":878,\"height\":322,\"caption\":\"Marija Stoja\"},\"image\":{\"@id\":\"https:\/\/marijastoja.fr\/#\/schema\/logo\/image\/\"}}]}<\/script>\n<!-- \/ Yoast SEO plugin. -->","yoast_head_json":{"title":"Robe Upcycl\u00e9e en Denim Esmeralda Upcycl\u00e9e | Marija Stoja","description":"Robe upcycl\u00e9e en denim inspir\u00e9e d'Esmeralda, customis\u00e9e \u00e0 la main. Pi\u00e8ce unique Marija Stoja, style boh\u00e8me et mode responsable et cr\u00e9ative Exp\u00e9di\u00e9 rapidement.","robots":{"index":"index","follow":"follow","max-snippet":"max-snippet:-1","max-image-preview":"max-image-preview:large","max-video-preview":"max-video-preview:-1"},"canonical":"https:\/\/marijastoja.fr\/en\/product\/robe-tunique-upcyclee-en-denim-esmeralda\/","og_locale":"en_US","og_type":"article","og_title":"Robe Upcycl\u00e9e en Denim Esmeralda Upcycl\u00e9e | Marija Stoja","og_description":"Robe upcycl\u00e9e en denim inspir\u00e9e d'Esmeralda, customis\u00e9e \u00e0 la main. Pi\u00e8ce unique Marija Stoja, style boh\u00e8me et mode responsable et cr\u00e9ative Exp\u00e9di\u00e9 rapidement.","og_url":"https:\/\/marijastoja.fr\/en\/product\/robe-tunique-upcyclee-en-denim-esmeralda\/","og_site_name":"Marija Stoja","article_modified_time":"2026-03-17T13:59:03+00:00","og_image":[{"width":1320,"height":1118,"url":"https:\/\/marijastoja.fr\/wp-content\/uploads\/2026\/01\/IMG_8909.jpeg","type":"image\/jpeg"}],"twitter_card":"summary_large_image","twitter_misc":{"Est. reading time":"1 minute"},"schema":{"@context":"https:\/\/schema.org","@graph":[{"@type":"WebPage","@id":"https:\/\/marijastoja.fr\/produit\/robe-tunique-upcyclee-en-denim-esmeralda\/","url":"https:\/\/marijastoja.fr\/produit\/robe-tunique-upcyclee-en-denim-esmeralda\/","name":"Robe Upcycl\u00e9e en Denim Esmeralda Upcycl\u00e9e | Marija Stoja","isPartOf":{"@id":"https:\/\/marijastoja.fr\/#website"},"primaryImageOfPage":{"@id":"https:\/\/marijastoja.fr\/produit\/robe-tunique-upcyclee-en-denim-esmeralda\/#primaryimage"},"image":{"@id":"https:\/\/marijastoja.fr\/produit\/robe-tunique-upcyclee-en-denim-esmeralda\/#primaryimage"},"thumbnailUrl":"https:\/\/marijastoja.fr\/wp-content\/uploads\/2026\/01\/IMG_8909.jpeg","datePublished":"2026-01-04T16:56:20+00:00","dateModified":"2026-03-17T13:59:03+00:00","description":"Robe upcycl\u00e9e en denim inspir\u00e9e d'Esmeralda, customis\u00e9e \u00e0 la main. Pi\u00e8ce unique Marija Stoja, style boh\u00e8me et mode responsable et cr\u00e9ative Exp\u00e9di\u00e9 rapidement.","breadcrumb":{"@id":"https:\/\/marijastoja.fr\/produit\/robe-tunique-upcyclee-en-denim-esmeralda\/#breadcrumb"},"inLanguage":"en-US","potentialAction":[{"@type":"ReadAction","target":["https:\/\/marijastoja.fr\/produit\/robe-tunique-upcyclee-en-denim-esmeralda\/"]}]},{"@type":"ImageObject","inLanguage":"en-US","@id":"https:\/\/marijastoja.fr\/produit\/robe-tunique-upcyclee-en-denim-esmeralda\/#primaryimage","url":"https:\/\/marijastoja.fr\/wp-content\/uploads\/2026\/01\/IMG_8909.jpeg","contentUrl":"https:\/\/marijastoja.fr\/wp-content\/uploads\/2026\/01\/IMG_8909.jpeg","width":1320,"height":1118,"caption":"Screenshot"},{"@type":"BreadcrumbList","@id":"https:\/\/marijastoja.fr\/produit\/robe-tunique-upcyclee-en-denim-esmeralda\/#breadcrumb","itemListElement":[{"@type":"ListItem","position":1,"name":"Accueil","item":"https:\/\/marijastoja.fr\/"},{"@type":"ListItem","position":2,"name":"Boutique","item":"https:\/\/marijastoja.fr\/boutique\/"},{"@type":"ListItem","position":3,"name":"Robe \/ tunique upcycl\u00e9e en denim \u2013 Esmeralda"}]},{"@type":"WebSite","@id":"https:\/\/marijastoja.fr\/#website","url":"https:\/\/marijastoja.fr\/","name":"Marija Stoja","description":"Upcycling","publisher":{"@id":"https:\/\/marijastoja.fr\/#organization"},"potentialAction":[{"@type":"SearchAction","target":{"@type":"EntryPoint","urlTemplate":"https:\/\/marijastoja.fr\/?s={search_term_string}"},"query-input":{"@type":"PropertyValueSpecification","valueRequired":true,"valueName":"search_term_string"}}],"inLanguage":"en-US"},{"@type":"Organization","@id":"https:\/\/marijastoja.fr\/#organization","name":"Marija Stoja","url":"https:\/\/marijastoja.fr\/","logo":{"@type":"ImageObject","inLanguage":"en-US","@id":"https:\/\/marijastoja.fr\/#\/schema\/logo\/image\/","url":"https:\/\/marijastoja.fr\/wp-content\/uploads\/2025\/12\/cropped-logo-noir.png","contentUrl":"https:\/\/marijastoja.fr\/wp-content\/uploads\/2025\/12\/cropped-logo-noir.png","width":878,"height":322,"caption":"Marija Stoja"},"image":{"@id":"https:\/\/marijastoja.fr\/#\/schema\/logo\/image\/"}}]}},"jetpack_sharing_enabled":true,"_links":{"self":[{"href":"https:\/\/marijastoja.fr\/en\/wp-json\/wp\/v2\/product\/1177","targetHints":{"allow":["GET"]}}],"collection":[{"href":"https:\/\/marijastoja.fr\/en\/wp-json\/wp\/v2\/product"}],"about":[{"href":"https:\/\/marijastoja.fr\/en\/wp-json\/wp\/v2\/types\/product"}],"replies":[{"embeddable":true,"href":"https:\/\/marijastoja.fr\/en\/wp-json\/wp\/v2\/comments?post=1177"}],"wp:featuredmedia":[{"embeddable":true,"href":"https:\/\/marijastoja.fr\/en\/wp-json\/wp\/v2\/media\/1176"}],"wp:attachment":[{"href":"https:\/\/marijastoja.fr\/en\/wp-json\/wp\/v2\/media?parent=1177"}],"wp:term":[{"taxonomy":"product_brand","embeddable":true,"href":"https:\/\/marijastoja.fr\/en\/wp-json\/wp\/v2\/product_brand?post=1177"},{"taxonomy":"product_cat","embeddable":true,"href":"https:\/\/marijastoja.fr\/en\/wp-json\/wp\/v2\/product_cat?post=1177"},{"taxonomy":"product_tag","embeddable":true,"href":"https:\/\/marijastoja.fr\/en\/wp-json\/wp\/v2\/product_tag?post=1177"},{"taxonomy":"giftcard-category","embeddable":true,"href":"https:\/\/marijastoja.fr\/en\/wp-json\/wp\/v2\/giftcard-category?post=1177"}],"curies":[{"name":"wp","href":"https:\/\/api.w.org\/{rel}","templated":true}]}}