{"id":1235,"date":"2026-01-07T15:25:13","date_gmt":"2026-01-07T14:25:13","guid":{"rendered":"https:\/\/marijastoja.fr\/?post_type=product&#038;p=1235"},"modified":"2026-03-17T14:58:55","modified_gmt":"2026-03-17T13:58:55","slug":"manteau-miuf-miuf-upcycle-en-teddy-brode-de-fleurs","status":"publish","type":"product","link":"https:\/\/marijastoja.fr\/en\/product\/manteau-miuf-miuf-upcycle-en-teddy-brode-de-fleurs\/","title":{"rendered":"Manteau MIUF MIUF \u2013 Manteau upcycl\u00e9 en teddy brod\u00e9 de fleurs"},"content":{"rendered":"<h2>Manteau Upcycl\u00e9 \u2013 D\u00e9tails de la pi\u00e8ce<\/h2>\n<p data-start=\"370\" data-end=\"497\">Manteau upcycl\u00e9, ce manteau est une pi\u00e8ce manifeste.<br data-start=\"405\" data-end=\"408\" \/>Un v\u00eatement qui ne cherche pas \u00e0 se fondre dans le d\u00e9cor, mais \u00e0 y laisser une empreinte.<\/p>\n<p data-start=\"499\" data-end=\"842\">Enti\u00e8rement <strong data-start=\"511\" data-end=\"522\">upcycl\u00e9<\/strong>, ce manteau en mati\u00e8re teddy noir a \u00e9t\u00e9 transform\u00e9 \u00e0 la main en une pi\u00e8ce artistique et chaleureuse. Il est orn\u00e9 de <strong data-start=\"647\" data-end=\"701\">fleurs appliqu\u00e9es dans diff\u00e9rentes nuances de bleu<\/strong>, comme un jardin d\u2019hiver cousu sur un ciel de nuit \u00e9clair\u00e9. Chaque fleur est pos\u00e9e une \u00e0 une, cr\u00e9ant un rythme visuel organique, presque vivant.<\/p>\n<p data-start=\"844\" data-end=\"1024\">Au dos, l\u2019inscription <strong data-start=\"866\" data-end=\"881\">\u201cMIUF MIUF\u201d<\/strong> apporte une signature graphique forte, \u00e0 la fois pop, brute et po\u00e9tique. Une sorte d\u2019onomatop\u00e9e textile, comme le battement d\u2019un c\u0153ur cr\u00e9atif.<\/p>\n<p data-start=\"1026\" data-end=\"1262\">\u2728 <strong data-start=\"1028\" data-end=\"1065\">Coupe confortable et enveloppante<\/strong><br data-start=\"1065\" data-end=\"1068\" \/>\u2728 <strong data-start=\"1070\" data-end=\"1107\">Capuche, poches, fermeture \u00e0 bouton<\/strong><br data-start=\"1107\" data-end=\"1110\" \/>\u2728 <strong data-start=\"1112\" data-end=\"1191\">Pi\u00e8ce chaude et douillette, parfaite pour l\u2019hiver et les mi-saisons froides<\/strong><br data-start=\"1191\" data-end=\"1194\" \/>\u2728 <strong data-start=\"1196\" data-end=\"1262\">Style oversize, easy \u00e0 porter sur un look chill ou plus pointu<\/strong><\/p>\n<p data-start=\"1264\" data-end=\"1425\">Chaque pi\u00e8ce est <strong data-start=\"1281\" data-end=\"1291\">unique<\/strong>. Ce manteau n\u2019est pas reproductible \u00e0 l\u2019identique. Il porte les traces de son ancienne vie et la nouvelle histoire que tu lui offres.<\/p>\n<p data-start=\"1427\" data-end=\"1467\">\ud83c\udf31 En achetant cette pi\u00e8ce, tu choisis :<\/p>\n<ul data-start=\"1468\" data-end=\"1556\">\n<li data-start=\"1468\" data-end=\"1494\">\n<p data-start=\"1470\" data-end=\"1494\">une <strong data-start=\"1474\" data-end=\"1494\">mode responsable<\/strong><\/p>\n<\/li>\n<li data-start=\"1495\" data-end=\"1524\">\n<p data-start=\"1497\" data-end=\"1524\">une <strong data-start=\"1501\" data-end=\"1524\">cr\u00e9ation artisanale<\/strong><\/p>\n<\/li>\n<li data-start=\"1525\" data-end=\"1556\">\n<p data-start=\"1527\" data-end=\"1556\">un <strong data-start=\"1530\" data-end=\"1556\">v\u00eatement qui a une \u00e2me<\/strong><\/p>\n<\/li>\n<\/ul>\n<blockquote data-start=\"1558\" data-end=\"1666\">\n<p data-start=\"1560\" data-end=\"1666\">Ce n\u2019est pas juste un manteau. C\u2019est un compagnon de route pour les jours froids et les humeurs cr\u00e9atives.<\/p>\n<\/blockquote>\n<p data-start=\"1560\" data-end=\"1666\">Il est \u00e9galement possible de demander une\u00a0<strong data-start=\"1494\" data-end=\"1549\">customized creation<\/strong>, via l\u2019onglet du menu\u00a0<strong data-start=\"1572\" data-end=\"1602\">\u00ab Cr\u00e9ation personnalis\u00e9e \u00bb\u00a0<\/strong>ou en cliquant<strong data-start=\"1583\" data-end=\"1613\">\u00a0<a href=\"https:\/\/marijastoja.fr\/en\/sur-mesure\/\">ici<\/a><\/strong>.<\/p>\n<p>D\u00e9couvrez \u00e9galement nos autres <a href=\"https:\/\/marijastoja.fr\/en\/vestes-2\/\">vestes upcycl\u00e9es<\/a> dans la boutique Marija Stoja. Pour en savoir plus sur l&rsquo;<a href=\"https:\/\/fr.wikipedia.org\/wiki\/Upcycling\" target=\"_blank\" rel=\"noopener\">upcycling<\/a> et la mode responsable, explorez notre univers cr\u00e9atif.<\/p>","protected":false},"excerpt":{"rendered":"<p>Manteau Upcycl\u00e9 \u2013 D\u00e9tails de la pi\u00e8ce Manteau upcycl\u00e9, ce manteau est une pi\u00e8ce manifeste.Un v\u00eatement qui ne cherche pas \u00e0 se fondre dans le d\u00e9cor, mais \u00e0 y laisser une empreinte. Enti\u00e8rement upcycl\u00e9, ce manteau en mati\u00e8re teddy noir a \u00e9t\u00e9 transform\u00e9 \u00e0 la main en une pi\u00e8ce artistique et chaleureuse. Il est orn\u00e9 [&hellip;]<\/p>\n","protected":false},"featured_media":1232,"comment_status":"open","ping_status":"closed","template":"","meta":{"_acf_changed":false},"product_brand":[],"product_cat":[15,23],"product_tag":[],"giftcard-category":[],"class_list":{"0":"post-1235","1":"product","2":"type-product","3":"status-publish","4":"has-post-thumbnail","6":"product_cat-non-classe","7":"product_cat-vestes","8":"pa_taille-l","10":"first","11":"instock","12":"shipping-taxable","13":"purchasable","14":"product-type-simple"},"acf":[],"yoast_head":"<!-- This site is optimized with the Yoast SEO plugin v27.2 - https:\/\/yoast.com\/product\/yoast-seo-wordpress\/ -->\n<title>Manteau Upcycl\u00e9 MIUF MIUF Teddy Brod\u00e9 | Marija Stoja<\/title>\n<meta name=\"description\" content=\"Manteau upcycl\u00e9 MIUF MIUF en teddy brod\u00e9 de fleurs, customis\u00e9 \u00e0 la main. Pi\u00e8ce unique chaleureuse et originale Marija Stoja. Mode responsable Marija Stoja.\" \/>\n<meta name=\"robots\" content=\"index, follow, max-snippet:-1, max-image-preview:large, max-video-preview:-1\" \/>\n<link rel=\"canonical\" href=\"https:\/\/marijastoja.fr\/en\/product\/manteau-miuf-miuf-upcycle-en-teddy-brode-de-fleurs\/\" \/>\n<meta property=\"og:locale\" content=\"en_US\" \/>\n<meta property=\"og:type\" content=\"article\" \/>\n<meta property=\"og:title\" content=\"Manteau Upcycl\u00e9 MIUF MIUF Teddy Brod\u00e9 | Marija Stoja\" \/>\n<meta property=\"og:description\" content=\"Manteau upcycl\u00e9 MIUF MIUF en teddy brod\u00e9 de fleurs, customis\u00e9 \u00e0 la main. Pi\u00e8ce unique chaleureuse et originale Marija Stoja. Mode responsable Marija Stoja.\" \/>\n<meta property=\"og:url\" content=\"https:\/\/marijastoja.fr\/en\/product\/manteau-miuf-miuf-upcycle-en-teddy-brode-de-fleurs\/\" \/>\n<meta property=\"og:site_name\" content=\"Marija Stoja\" \/>\n<meta property=\"article:modified_time\" content=\"2026-03-17T13:58:55+00:00\" \/>\n<meta property=\"og:image\" content=\"https:\/\/marijastoja.fr\/wp-content\/uploads\/2026\/01\/6dc01bd3-1ee2-46fd-b80d-9aa97a7987c9.jpg\" \/>\n\t<meta property=\"og:image:width\" content=\"1152\" \/>\n\t<meta property=\"og:image:height\" content=\"2048\" \/>\n\t<meta property=\"og:image:type\" content=\"image\/jpeg\" \/>\n<meta name=\"twitter:card\" content=\"summary_large_image\" \/>\n<meta name=\"twitter:label1\" content=\"Est. reading time\" \/>\n\t<meta name=\"twitter:data1\" content=\"1 minute\" \/>\n<script type=\"application\/ld+json\" class=\"yoast-schema-graph\">{\"@context\":\"https:\/\/schema.org\",\"@graph\":[{\"@type\":\"WebPage\",\"@id\":\"https:\/\/marijastoja.fr\/produit\/manteau-miuf-miuf-upcycle-en-teddy-brode-de-fleurs\/\",\"url\":\"https:\/\/marijastoja.fr\/produit\/manteau-miuf-miuf-upcycle-en-teddy-brode-de-fleurs\/\",\"name\":\"Manteau Upcycl\u00e9 MIUF MIUF Teddy Brod\u00e9 | Marija Stoja\",\"isPartOf\":{\"@id\":\"https:\/\/marijastoja.fr\/#website\"},\"primaryImageOfPage\":{\"@id\":\"https:\/\/marijastoja.fr\/produit\/manteau-miuf-miuf-upcycle-en-teddy-brode-de-fleurs\/#primaryimage\"},\"image\":{\"@id\":\"https:\/\/marijastoja.fr\/produit\/manteau-miuf-miuf-upcycle-en-teddy-brode-de-fleurs\/#primaryimage\"},\"thumbnailUrl\":\"https:\/\/marijastoja.fr\/wp-content\/uploads\/2026\/01\/6dc01bd3-1ee2-46fd-b80d-9aa97a7987c9.jpg\",\"datePublished\":\"2026-01-07T14:25:13+00:00\",\"dateModified\":\"2026-03-17T13:58:55+00:00\",\"description\":\"Manteau upcycl\u00e9 MIUF MIUF en teddy brod\u00e9 de fleurs, customis\u00e9 \u00e0 la main. Pi\u00e8ce unique chaleureuse et originale Marija Stoja. Mode responsable Marija Stoja.\",\"breadcrumb\":{\"@id\":\"https:\/\/marijastoja.fr\/produit\/manteau-miuf-miuf-upcycle-en-teddy-brode-de-fleurs\/#breadcrumb\"},\"inLanguage\":\"en-US\",\"potentialAction\":[{\"@type\":\"ReadAction\",\"target\":[\"https:\/\/marijastoja.fr\/produit\/manteau-miuf-miuf-upcycle-en-teddy-brode-de-fleurs\/\"]}]},{\"@type\":\"ImageObject\",\"inLanguage\":\"en-US\",\"@id\":\"https:\/\/marijastoja.fr\/produit\/manteau-miuf-miuf-upcycle-en-teddy-brode-de-fleurs\/#primaryimage\",\"url\":\"https:\/\/marijastoja.fr\/wp-content\/uploads\/2026\/01\/6dc01bd3-1ee2-46fd-b80d-9aa97a7987c9.jpg\",\"contentUrl\":\"https:\/\/marijastoja.fr\/wp-content\/uploads\/2026\/01\/6dc01bd3-1ee2-46fd-b80d-9aa97a7987c9.jpg\",\"width\":1152,\"height\":2048,\"caption\":\"manteau upcycl\u00e9 - Marija Stoja\"},{\"@type\":\"BreadcrumbList\",\"@id\":\"https:\/\/marijastoja.fr\/produit\/manteau-miuf-miuf-upcycle-en-teddy-brode-de-fleurs\/#breadcrumb\",\"itemListElement\":[{\"@type\":\"ListItem\",\"position\":1,\"name\":\"Accueil\",\"item\":\"https:\/\/marijastoja.fr\/\"},{\"@type\":\"ListItem\",\"position\":2,\"name\":\"Boutique\",\"item\":\"https:\/\/marijastoja.fr\/boutique\/\"},{\"@type\":\"ListItem\",\"position\":3,\"name\":\"Manteau MIUF MIUF \u2013 Manteau upcycl\u00e9 en teddy brod\u00e9 de fleurs\"}]},{\"@type\":\"WebSite\",\"@id\":\"https:\/\/marijastoja.fr\/#website\",\"url\":\"https:\/\/marijastoja.fr\/\",\"name\":\"Marija Stoja\",\"description\":\"Upcycling\",\"publisher\":{\"@id\":\"https:\/\/marijastoja.fr\/#organization\"},\"potentialAction\":[{\"@type\":\"SearchAction\",\"target\":{\"@type\":\"EntryPoint\",\"urlTemplate\":\"https:\/\/marijastoja.fr\/?s={search_term_string}\"},\"query-input\":{\"@type\":\"PropertyValueSpecification\",\"valueRequired\":true,\"valueName\":\"search_term_string\"}}],\"inLanguage\":\"en-US\"},{\"@type\":\"Organization\",\"@id\":\"https:\/\/marijastoja.fr\/#organization\",\"name\":\"Marija Stoja\",\"url\":\"https:\/\/marijastoja.fr\/\",\"logo\":{\"@type\":\"ImageObject\",\"inLanguage\":\"en-US\",\"@id\":\"https:\/\/marijastoja.fr\/#\/schema\/logo\/image\/\",\"url\":\"https:\/\/marijastoja.fr\/wp-content\/uploads\/2025\/12\/cropped-logo-noir.png\",\"contentUrl\":\"https:\/\/marijastoja.fr\/wp-content\/uploads\/2025\/12\/cropped-logo-noir.png\",\"width\":878,\"height\":322,\"caption\":\"Marija Stoja\"},\"image\":{\"@id\":\"https:\/\/marijastoja.fr\/#\/schema\/logo\/image\/\"}}]}<\/script>\n<!-- \/ Yoast SEO plugin. -->","yoast_head_json":{"title":"Manteau Upcycl\u00e9 MIUF MIUF Teddy Brod\u00e9 | Marija Stoja","description":"Manteau upcycl\u00e9 MIUF MIUF en teddy brod\u00e9 de fleurs, customis\u00e9 \u00e0 la main. Pi\u00e8ce unique chaleureuse et originale Marija Stoja. Mode responsable Marija Stoja.","robots":{"index":"index","follow":"follow","max-snippet":"max-snippet:-1","max-image-preview":"max-image-preview:large","max-video-preview":"max-video-preview:-1"},"canonical":"https:\/\/marijastoja.fr\/en\/product\/manteau-miuf-miuf-upcycle-en-teddy-brode-de-fleurs\/","og_locale":"en_US","og_type":"article","og_title":"Manteau Upcycl\u00e9 MIUF MIUF Teddy Brod\u00e9 | Marija Stoja","og_description":"Manteau upcycl\u00e9 MIUF MIUF en teddy brod\u00e9 de fleurs, customis\u00e9 \u00e0 la main. Pi\u00e8ce unique chaleureuse et originale Marija Stoja. Mode responsable Marija Stoja.","og_url":"https:\/\/marijastoja.fr\/en\/product\/manteau-miuf-miuf-upcycle-en-teddy-brode-de-fleurs\/","og_site_name":"Marija Stoja","article_modified_time":"2026-03-17T13:58:55+00:00","og_image":[{"width":1152,"height":2048,"url":"https:\/\/marijastoja.fr\/wp-content\/uploads\/2026\/01\/6dc01bd3-1ee2-46fd-b80d-9aa97a7987c9.jpg","type":"image\/jpeg"}],"twitter_card":"summary_large_image","twitter_misc":{"Est. reading time":"1 minute"},"schema":{"@context":"https:\/\/schema.org","@graph":[{"@type":"WebPage","@id":"https:\/\/marijastoja.fr\/produit\/manteau-miuf-miuf-upcycle-en-teddy-brode-de-fleurs\/","url":"https:\/\/marijastoja.fr\/produit\/manteau-miuf-miuf-upcycle-en-teddy-brode-de-fleurs\/","name":"Manteau Upcycl\u00e9 MIUF MIUF Teddy Brod\u00e9 | Marija Stoja","isPartOf":{"@id":"https:\/\/marijastoja.fr\/#website"},"primaryImageOfPage":{"@id":"https:\/\/marijastoja.fr\/produit\/manteau-miuf-miuf-upcycle-en-teddy-brode-de-fleurs\/#primaryimage"},"image":{"@id":"https:\/\/marijastoja.fr\/produit\/manteau-miuf-miuf-upcycle-en-teddy-brode-de-fleurs\/#primaryimage"},"thumbnailUrl":"https:\/\/marijastoja.fr\/wp-content\/uploads\/2026\/01\/6dc01bd3-1ee2-46fd-b80d-9aa97a7987c9.jpg","datePublished":"2026-01-07T14:25:13+00:00","dateModified":"2026-03-17T13:58:55+00:00","description":"Manteau upcycl\u00e9 MIUF MIUF en teddy brod\u00e9 de fleurs, customis\u00e9 \u00e0 la main. Pi\u00e8ce unique chaleureuse et originale Marija Stoja. Mode responsable Marija Stoja.","breadcrumb":{"@id":"https:\/\/marijastoja.fr\/produit\/manteau-miuf-miuf-upcycle-en-teddy-brode-de-fleurs\/#breadcrumb"},"inLanguage":"en-US","potentialAction":[{"@type":"ReadAction","target":["https:\/\/marijastoja.fr\/produit\/manteau-miuf-miuf-upcycle-en-teddy-brode-de-fleurs\/"]}]},{"@type":"ImageObject","inLanguage":"en-US","@id":"https:\/\/marijastoja.fr\/produit\/manteau-miuf-miuf-upcycle-en-teddy-brode-de-fleurs\/#primaryimage","url":"https:\/\/marijastoja.fr\/wp-content\/uploads\/2026\/01\/6dc01bd3-1ee2-46fd-b80d-9aa97a7987c9.jpg","contentUrl":"https:\/\/marijastoja.fr\/wp-content\/uploads\/2026\/01\/6dc01bd3-1ee2-46fd-b80d-9aa97a7987c9.jpg","width":1152,"height":2048,"caption":"manteau upcycl\u00e9 - Marija Stoja"},{"@type":"BreadcrumbList","@id":"https:\/\/marijastoja.fr\/produit\/manteau-miuf-miuf-upcycle-en-teddy-brode-de-fleurs\/#breadcrumb","itemListElement":[{"@type":"ListItem","position":1,"name":"Accueil","item":"https:\/\/marijastoja.fr\/"},{"@type":"ListItem","position":2,"name":"Boutique","item":"https:\/\/marijastoja.fr\/boutique\/"},{"@type":"ListItem","position":3,"name":"Manteau MIUF MIUF \u2013 Manteau upcycl\u00e9 en teddy brod\u00e9 de fleurs"}]},{"@type":"WebSite","@id":"https:\/\/marijastoja.fr\/#website","url":"https:\/\/marijastoja.fr\/","name":"Marija Stoja","description":"Upcycling","publisher":{"@id":"https:\/\/marijastoja.fr\/#organization"},"potentialAction":[{"@type":"SearchAction","target":{"@type":"EntryPoint","urlTemplate":"https:\/\/marijastoja.fr\/?s={search_term_string}"},"query-input":{"@type":"PropertyValueSpecification","valueRequired":true,"valueName":"search_term_string"}}],"inLanguage":"en-US"},{"@type":"Organization","@id":"https:\/\/marijastoja.fr\/#organization","name":"Marija Stoja","url":"https:\/\/marijastoja.fr\/","logo":{"@type":"ImageObject","inLanguage":"en-US","@id":"https:\/\/marijastoja.fr\/#\/schema\/logo\/image\/","url":"https:\/\/marijastoja.fr\/wp-content\/uploads\/2025\/12\/cropped-logo-noir.png","contentUrl":"https:\/\/marijastoja.fr\/wp-content\/uploads\/2025\/12\/cropped-logo-noir.png","width":878,"height":322,"caption":"Marija Stoja"},"image":{"@id":"https:\/\/marijastoja.fr\/#\/schema\/logo\/image\/"}}]}},"jetpack_sharing_enabled":true,"_links":{"self":[{"href":"https:\/\/marijastoja.fr\/en\/wp-json\/wp\/v2\/product\/1235","targetHints":{"allow":["GET"]}}],"collection":[{"href":"https:\/\/marijastoja.fr\/en\/wp-json\/wp\/v2\/product"}],"about":[{"href":"https:\/\/marijastoja.fr\/en\/wp-json\/wp\/v2\/types\/product"}],"replies":[{"embeddable":true,"href":"https:\/\/marijastoja.fr\/en\/wp-json\/wp\/v2\/comments?post=1235"}],"wp:featuredmedia":[{"embeddable":true,"href":"https:\/\/marijastoja.fr\/en\/wp-json\/wp\/v2\/media\/1232"}],"wp:attachment":[{"href":"https:\/\/marijastoja.fr\/en\/wp-json\/wp\/v2\/media?parent=1235"}],"wp:term":[{"taxonomy":"product_brand","embeddable":true,"href":"https:\/\/marijastoja.fr\/en\/wp-json\/wp\/v2\/product_brand?post=1235"},{"taxonomy":"product_cat","embeddable":true,"href":"https:\/\/marijastoja.fr\/en\/wp-json\/wp\/v2\/product_cat?post=1235"},{"taxonomy":"product_tag","embeddable":true,"href":"https:\/\/marijastoja.fr\/en\/wp-json\/wp\/v2\/product_tag?post=1235"},{"taxonomy":"giftcard-category","embeddable":true,"href":"https:\/\/marijastoja.fr\/en\/wp-json\/wp\/v2\/giftcard-category?post=1235"}],"curies":[{"name":"wp","href":"https:\/\/api.w.org\/{rel}","templated":true}]}}