{"id":1242,"date":"2026-01-09T16:56:37","date_gmt":"2026-01-09T15:56:37","guid":{"rendered":"https:\/\/marijastoja.fr\/?post_type=product&#038;p=1242"},"modified":"2026-03-17T14:58:50","modified_gmt":"2026-03-17T13:58:50","slug":"veste-jean-upcyclee-coeur-brise-piece-unique","status":"publish","type":"product","link":"https:\/\/marijastoja.fr\/en\/product\/veste-jean-upcyclee-coeur-brise-piece-unique\/","title":{"rendered":"Veste en jean upcycl\u00e9e \u201cAlmost One Heart\u201d"},"content":{"rendered":"<h2>Veste En Jean Upcycl\u00e9e \u2013 D\u00e9tails de la pi\u00e8ce<\/h2>\n<p data-start=\"210\" data-end=\"284\">Il y a des v\u00eatements qui habillent. Et puis il y a ceux qui <strong data-start=\"270\" data-end=\"283\">racontent<\/strong>.<\/p>\n<p data-start=\"286\" data-end=\"546\">Cette veste en jean upcycl\u00e9e est une pi\u00e8ce unique, enti\u00e8rement transform\u00e9e \u00e0 la main.<br data-start=\"371\" data-end=\"374\" \/>Au dos, un message fort, presque un aveu :<br data-start=\"416\" data-end=\"419\" \/><strong data-start=\"419\" data-end=\"463\">\u201cI\u2019m slow falling out of love with you.\u201d <\/strong>Si t&rsquo;as la r\u00e8f elle est faite pour toi!<br data-start=\"463\" data-end=\"466\" \/>Une phrase comme une chute lente, comme un d\u00e9tachement qui ne fait pas de bruit.<\/p>\n<p data-start=\"548\" data-end=\"597\">\u00c0 l\u2019avant, le c\u0153ur de la pi\u00e8ce, au sens litt\u00e9ral.<\/p>\n<p data-start=\"599\" data-end=\"626\">Un c\u0153ur en deux parties :<\/p>\n<ul data-start=\"627\" data-end=\"748\">\n<li data-start=\"627\" data-end=\"689\">\n<p data-start=\"629\" data-end=\"689\">\ud83d\udda4 Une moiti\u00e9 en denim noir, c\u00f4t\u00e9 armure, c\u00f4t\u00e9 protection.<\/p>\n<\/li>\n<li data-start=\"690\" data-end=\"748\">\n<p data-start=\"692\" data-end=\"748\">\ud83c\udf38 Une moiti\u00e9 en tissu rose, c\u00f4t\u00e9 sensible, c\u00f4t\u00e9 vivant.<\/p>\n<\/li>\n<\/ul>\n<p data-start=\"750\" data-end=\"1003\">Quand la veste est ouverte, le c\u0153ur est s\u00e9par\u00e9.<br data-start=\"797\" data-end=\"800\" \/>Quand on la ferme, il <strong data-start=\"822\" data-end=\"831\">tente<\/strong> de se reconstituer\u2026 mais ne se rejoint jamais tout \u00e0 fait, comme une cicatrice permanente.<br data-start=\"961\" data-end=\"964\" \/>Rien ne revient exactement comme avant.<\/p>\n<p data-start=\"1005\" data-end=\"1251\">Chaque d\u00e9tail est cousu artisanalement. Les formes sont volontairement organiques, imparfaites, vivantes. Cette veste parle de rupture, de transformation, de ce moment fragile o\u00f9 l\u2019on n\u2019est d\u00e9j\u00e0 plus tout \u00e0 fait deux, mais pas encore vraiment un.<\/p>\n<p data-start=\"1253\" data-end=\"1427\">\u2728 Pi\u00e8ce unique<br data-start=\"1267\" data-end=\"1270\" \/>\u2728 Fait main \u00e0 partir d\u2019un v\u00eatement existant (upcycling)<br data-start=\"1325\" data-end=\"1328\" \/>\u2728 Veste en jean clair customis\u00e9e<br data-start=\"1360\" data-end=\"1363\" \/>\u2728 Patchs cousus \u00e0 la main<br data-start=\"1388\" data-end=\"1391\" \/>\u2728 D\u00e9marche artistique et responsable<\/p>\n<p data-start=\"1429\" data-end=\"1514\">\ud83d\udc49 Une veste-manifeste, pour celles et ceux qui portent leurs failles comme un style.<\/p>\n<p data-start=\"1429\" data-end=\"1514\">Il est \u00e9galement possible de demander une\u00a0<strong data-start=\"1494\" data-end=\"1549\">customized creation<\/strong>, via l\u2019onglet du menu\u00a0<strong data-start=\"1572\" data-end=\"1602\">\u00ab Cr\u00e9ation personnalis\u00e9e \u00bb\u00a0<\/strong>ou en cliquant<strong data-start=\"1572\" data-end=\"1602\"><a href=\"https:\/\/marijastoja.fr\/en\/sur-mesure\/\">\u00a0ici<\/a>.<\/strong><\/p>\n<p>D\u00e9couvrez \u00e9galement nos autres <a href=\"https:\/\/marijastoja.fr\/en\/vestes-2\/\">vestes upcycl\u00e9es<\/a> dans la boutique Marija Stoja. Pour en savoir plus sur l&rsquo;<a href=\"https:\/\/fr.wikipedia.org\/wiki\/Upcycling\" target=\"_blank\" rel=\"noopener\">upcycling<\/a> et la mode responsable, explorez notre univers cr\u00e9atif.<\/p>","protected":false},"excerpt":{"rendered":"<p>Veste En Jean Upcycl\u00e9e \u2013 D\u00e9tails de la pi\u00e8ce Il y a des v\u00eatements qui habillent. Et puis il y a ceux qui racontent. Cette veste en jean upcycl\u00e9e est une pi\u00e8ce unique, enti\u00e8rement transform\u00e9e \u00e0 la main.Au dos, un message fort, presque un aveu :\u201cI\u2019m slow falling out of love with you.\u201d Si t&rsquo;as [&hellip;]<\/p>\n","protected":false},"featured_media":1238,"comment_status":"open","ping_status":"closed","template":"","meta":{"_acf_changed":false},"product_brand":[],"product_cat":[15,23],"product_tag":[],"giftcard-category":[],"class_list":{"0":"post-1242","1":"product","2":"type-product","3":"status-publish","4":"has-post-thumbnail","6":"product_cat-non-classe","7":"product_cat-vestes","8":"pa_taille-m","10":"first","11":"instock","12":"shipping-taxable","13":"purchasable","14":"product-type-simple"},"acf":[],"yoast_head":"<!-- This site is optimized with the Yoast SEO plugin v27.2 - https:\/\/yoast.com\/product\/yoast-seo-wordpress\/ -->\n<title>Veste en Jean Upcycl\u00e9e Almost One Heart | Marija Stoja<\/title>\n<meta name=\"description\" content=\"Veste en jean upcycl\u00e9e Almost One Heart, customis\u00e9e \u00e0 la main par Marija Stoja. Pi\u00e8ce unique romantique et originale. Mode responsable et cr\u00e9ative Marija Stoja.\" \/>\n<meta name=\"robots\" content=\"index, follow, max-snippet:-1, max-image-preview:large, max-video-preview:-1\" \/>\n<link rel=\"canonical\" href=\"https:\/\/marijastoja.fr\/en\/product\/veste-jean-upcyclee-coeur-brise-piece-unique\/\" \/>\n<meta property=\"og:locale\" content=\"en_US\" \/>\n<meta property=\"og:type\" content=\"article\" \/>\n<meta property=\"og:title\" content=\"Veste en Jean Upcycl\u00e9e Almost One Heart | Marija Stoja\" \/>\n<meta property=\"og:description\" content=\"Veste en jean upcycl\u00e9e Almost One Heart, customis\u00e9e \u00e0 la main par Marija Stoja. Pi\u00e8ce unique romantique et originale. Mode responsable et cr\u00e9ative Marija Stoja.\" \/>\n<meta property=\"og:url\" content=\"https:\/\/marijastoja.fr\/en\/product\/veste-jean-upcyclee-coeur-brise-piece-unique\/\" \/>\n<meta property=\"og:site_name\" content=\"Marija Stoja\" \/>\n<meta property=\"article:modified_time\" content=\"2026-03-17T13:58:50+00:00\" \/>\n<meta property=\"og:image\" content=\"https:\/\/marijastoja.fr\/wp-content\/uploads\/2026\/01\/IMG_9132-scaled.jpeg\" \/>\n\t<meta property=\"og:image:width\" content=\"1440\" \/>\n\t<meta property=\"og:image:height\" content=\"2560\" \/>\n\t<meta property=\"og:image:type\" content=\"image\/jpeg\" \/>\n<meta name=\"twitter:card\" content=\"summary_large_image\" \/>\n<meta name=\"twitter:label1\" content=\"Est. reading time\" \/>\n\t<meta name=\"twitter:data1\" content=\"1 minute\" \/>\n<script type=\"application\/ld+json\" class=\"yoast-schema-graph\">{\"@context\":\"https:\/\/schema.org\",\"@graph\":[{\"@type\":\"WebPage\",\"@id\":\"https:\/\/marijastoja.fr\/produit\/veste-jean-upcyclee-coeur-brise-piece-unique\/\",\"url\":\"https:\/\/marijastoja.fr\/produit\/veste-jean-upcyclee-coeur-brise-piece-unique\/\",\"name\":\"Veste en Jean Upcycl\u00e9e Almost One Heart | Marija Stoja\",\"isPartOf\":{\"@id\":\"https:\/\/marijastoja.fr\/#website\"},\"primaryImageOfPage\":{\"@id\":\"https:\/\/marijastoja.fr\/produit\/veste-jean-upcyclee-coeur-brise-piece-unique\/#primaryimage\"},\"image\":{\"@id\":\"https:\/\/marijastoja.fr\/produit\/veste-jean-upcyclee-coeur-brise-piece-unique\/#primaryimage\"},\"thumbnailUrl\":\"https:\/\/marijastoja.fr\/wp-content\/uploads\/2026\/01\/IMG_9132-scaled.jpeg\",\"datePublished\":\"2026-01-09T15:56:37+00:00\",\"dateModified\":\"2026-03-17T13:58:50+00:00\",\"description\":\"Veste en jean upcycl\u00e9e Almost One Heart, customis\u00e9e \u00e0 la main par Marija Stoja. Pi\u00e8ce unique romantique et originale. Mode responsable et cr\u00e9ative Marija Stoja.\",\"breadcrumb\":{\"@id\":\"https:\/\/marijastoja.fr\/produit\/veste-jean-upcyclee-coeur-brise-piece-unique\/#breadcrumb\"},\"inLanguage\":\"en-US\",\"potentialAction\":[{\"@type\":\"ReadAction\",\"target\":[\"https:\/\/marijastoja.fr\/produit\/veste-jean-upcyclee-coeur-brise-piece-unique\/\"]}]},{\"@type\":\"ImageObject\",\"inLanguage\":\"en-US\",\"@id\":\"https:\/\/marijastoja.fr\/produit\/veste-jean-upcyclee-coeur-brise-piece-unique\/#primaryimage\",\"url\":\"https:\/\/marijastoja.fr\/wp-content\/uploads\/2026\/01\/IMG_9132-scaled.jpeg\",\"contentUrl\":\"https:\/\/marijastoja.fr\/wp-content\/uploads\/2026\/01\/IMG_9132-scaled.jpeg\",\"width\":1440,\"height\":2560,\"caption\":\"veste en jean upcycl\u00e9e - Marija Stoja\"},{\"@type\":\"BreadcrumbList\",\"@id\":\"https:\/\/marijastoja.fr\/produit\/veste-jean-upcyclee-coeur-brise-piece-unique\/#breadcrumb\",\"itemListElement\":[{\"@type\":\"ListItem\",\"position\":1,\"name\":\"Accueil\",\"item\":\"https:\/\/marijastoja.fr\/\"},{\"@type\":\"ListItem\",\"position\":2,\"name\":\"Boutique\",\"item\":\"https:\/\/marijastoja.fr\/boutique\/\"},{\"@type\":\"ListItem\",\"position\":3,\"name\":\"Veste en jean upcycl\u00e9e \u201cAlmost One Heart\u201d\"}]},{\"@type\":\"WebSite\",\"@id\":\"https:\/\/marijastoja.fr\/#website\",\"url\":\"https:\/\/marijastoja.fr\/\",\"name\":\"Marija Stoja\",\"description\":\"Upcycling\",\"publisher\":{\"@id\":\"https:\/\/marijastoja.fr\/#organization\"},\"potentialAction\":[{\"@type\":\"SearchAction\",\"target\":{\"@type\":\"EntryPoint\",\"urlTemplate\":\"https:\/\/marijastoja.fr\/?s={search_term_string}\"},\"query-input\":{\"@type\":\"PropertyValueSpecification\",\"valueRequired\":true,\"valueName\":\"search_term_string\"}}],\"inLanguage\":\"en-US\"},{\"@type\":\"Organization\",\"@id\":\"https:\/\/marijastoja.fr\/#organization\",\"name\":\"Marija Stoja\",\"url\":\"https:\/\/marijastoja.fr\/\",\"logo\":{\"@type\":\"ImageObject\",\"inLanguage\":\"en-US\",\"@id\":\"https:\/\/marijastoja.fr\/#\/schema\/logo\/image\/\",\"url\":\"https:\/\/marijastoja.fr\/wp-content\/uploads\/2025\/12\/cropped-logo-noir.png\",\"contentUrl\":\"https:\/\/marijastoja.fr\/wp-content\/uploads\/2025\/12\/cropped-logo-noir.png\",\"width\":878,\"height\":322,\"caption\":\"Marija Stoja\"},\"image\":{\"@id\":\"https:\/\/marijastoja.fr\/#\/schema\/logo\/image\/\"}}]}<\/script>\n<!-- \/ Yoast SEO plugin. -->","yoast_head_json":{"title":"Veste en Jean Upcycl\u00e9e Almost One Heart | Marija Stoja","description":"Veste en jean upcycl\u00e9e Almost One Heart, customis\u00e9e \u00e0 la main par Marija Stoja. Pi\u00e8ce unique romantique et originale. Mode responsable et cr\u00e9ative Marija Stoja.","robots":{"index":"index","follow":"follow","max-snippet":"max-snippet:-1","max-image-preview":"max-image-preview:large","max-video-preview":"max-video-preview:-1"},"canonical":"https:\/\/marijastoja.fr\/en\/product\/veste-jean-upcyclee-coeur-brise-piece-unique\/","og_locale":"en_US","og_type":"article","og_title":"Veste en Jean Upcycl\u00e9e Almost One Heart | Marija Stoja","og_description":"Veste en jean upcycl\u00e9e Almost One Heart, customis\u00e9e \u00e0 la main par Marija Stoja. Pi\u00e8ce unique romantique et originale. Mode responsable et cr\u00e9ative Marija Stoja.","og_url":"https:\/\/marijastoja.fr\/en\/product\/veste-jean-upcyclee-coeur-brise-piece-unique\/","og_site_name":"Marija Stoja","article_modified_time":"2026-03-17T13:58:50+00:00","og_image":[{"width":1440,"height":2560,"url":"https:\/\/marijastoja.fr\/wp-content\/uploads\/2026\/01\/IMG_9132-scaled.jpeg","type":"image\/jpeg"}],"twitter_card":"summary_large_image","twitter_misc":{"Est. reading time":"1 minute"},"schema":{"@context":"https:\/\/schema.org","@graph":[{"@type":"WebPage","@id":"https:\/\/marijastoja.fr\/produit\/veste-jean-upcyclee-coeur-brise-piece-unique\/","url":"https:\/\/marijastoja.fr\/produit\/veste-jean-upcyclee-coeur-brise-piece-unique\/","name":"Veste en Jean Upcycl\u00e9e Almost One Heart | Marija Stoja","isPartOf":{"@id":"https:\/\/marijastoja.fr\/#website"},"primaryImageOfPage":{"@id":"https:\/\/marijastoja.fr\/produit\/veste-jean-upcyclee-coeur-brise-piece-unique\/#primaryimage"},"image":{"@id":"https:\/\/marijastoja.fr\/produit\/veste-jean-upcyclee-coeur-brise-piece-unique\/#primaryimage"},"thumbnailUrl":"https:\/\/marijastoja.fr\/wp-content\/uploads\/2026\/01\/IMG_9132-scaled.jpeg","datePublished":"2026-01-09T15:56:37+00:00","dateModified":"2026-03-17T13:58:50+00:00","description":"Veste en jean upcycl\u00e9e Almost One Heart, customis\u00e9e \u00e0 la main par Marija Stoja. Pi\u00e8ce unique romantique et originale. Mode responsable et cr\u00e9ative Marija Stoja.","breadcrumb":{"@id":"https:\/\/marijastoja.fr\/produit\/veste-jean-upcyclee-coeur-brise-piece-unique\/#breadcrumb"},"inLanguage":"en-US","potentialAction":[{"@type":"ReadAction","target":["https:\/\/marijastoja.fr\/produit\/veste-jean-upcyclee-coeur-brise-piece-unique\/"]}]},{"@type":"ImageObject","inLanguage":"en-US","@id":"https:\/\/marijastoja.fr\/produit\/veste-jean-upcyclee-coeur-brise-piece-unique\/#primaryimage","url":"https:\/\/marijastoja.fr\/wp-content\/uploads\/2026\/01\/IMG_9132-scaled.jpeg","contentUrl":"https:\/\/marijastoja.fr\/wp-content\/uploads\/2026\/01\/IMG_9132-scaled.jpeg","width":1440,"height":2560,"caption":"veste en jean upcycl\u00e9e - Marija Stoja"},{"@type":"BreadcrumbList","@id":"https:\/\/marijastoja.fr\/produit\/veste-jean-upcyclee-coeur-brise-piece-unique\/#breadcrumb","itemListElement":[{"@type":"ListItem","position":1,"name":"Accueil","item":"https:\/\/marijastoja.fr\/"},{"@type":"ListItem","position":2,"name":"Boutique","item":"https:\/\/marijastoja.fr\/boutique\/"},{"@type":"ListItem","position":3,"name":"Veste en jean upcycl\u00e9e \u201cAlmost One Heart\u201d"}]},{"@type":"WebSite","@id":"https:\/\/marijastoja.fr\/#website","url":"https:\/\/marijastoja.fr\/","name":"Marija Stoja","description":"Upcycling","publisher":{"@id":"https:\/\/marijastoja.fr\/#organization"},"potentialAction":[{"@type":"SearchAction","target":{"@type":"EntryPoint","urlTemplate":"https:\/\/marijastoja.fr\/?s={search_term_string}"},"query-input":{"@type":"PropertyValueSpecification","valueRequired":true,"valueName":"search_term_string"}}],"inLanguage":"en-US"},{"@type":"Organization","@id":"https:\/\/marijastoja.fr\/#organization","name":"Marija Stoja","url":"https:\/\/marijastoja.fr\/","logo":{"@type":"ImageObject","inLanguage":"en-US","@id":"https:\/\/marijastoja.fr\/#\/schema\/logo\/image\/","url":"https:\/\/marijastoja.fr\/wp-content\/uploads\/2025\/12\/cropped-logo-noir.png","contentUrl":"https:\/\/marijastoja.fr\/wp-content\/uploads\/2025\/12\/cropped-logo-noir.png","width":878,"height":322,"caption":"Marija Stoja"},"image":{"@id":"https:\/\/marijastoja.fr\/#\/schema\/logo\/image\/"}}]}},"jetpack_sharing_enabled":true,"_links":{"self":[{"href":"https:\/\/marijastoja.fr\/en\/wp-json\/wp\/v2\/product\/1242","targetHints":{"allow":["GET"]}}],"collection":[{"href":"https:\/\/marijastoja.fr\/en\/wp-json\/wp\/v2\/product"}],"about":[{"href":"https:\/\/marijastoja.fr\/en\/wp-json\/wp\/v2\/types\/product"}],"replies":[{"embeddable":true,"href":"https:\/\/marijastoja.fr\/en\/wp-json\/wp\/v2\/comments?post=1242"}],"wp:featuredmedia":[{"embeddable":true,"href":"https:\/\/marijastoja.fr\/en\/wp-json\/wp\/v2\/media\/1238"}],"wp:attachment":[{"href":"https:\/\/marijastoja.fr\/en\/wp-json\/wp\/v2\/media?parent=1242"}],"wp:term":[{"taxonomy":"product_brand","embeddable":true,"href":"https:\/\/marijastoja.fr\/en\/wp-json\/wp\/v2\/product_brand?post=1242"},{"taxonomy":"product_cat","embeddable":true,"href":"https:\/\/marijastoja.fr\/en\/wp-json\/wp\/v2\/product_cat?post=1242"},{"taxonomy":"product_tag","embeddable":true,"href":"https:\/\/marijastoja.fr\/en\/wp-json\/wp\/v2\/product_tag?post=1242"},{"taxonomy":"giftcard-category","embeddable":true,"href":"https:\/\/marijastoja.fr\/en\/wp-json\/wp\/v2\/giftcard-category?post=1242"}],"curies":[{"name":"wp","href":"https:\/\/api.w.org\/{rel}","templated":true}]}}