{"id":1243,"date":"2026-01-09T17:13:01","date_gmt":"2026-01-09T16:13:01","guid":{"rendered":"https:\/\/marijastoja.fr\/?post_type=product&#038;p=1243"},"modified":"2026-03-17T14:58:46","modified_gmt":"2026-03-17T13:58:46","slug":"veste-en-jean-y2k-christina-aguilera-piece-unique-upcyclee","status":"publish","type":"product","link":"https:\/\/marijastoja.fr\/en\/product\/veste-en-jean-y2k-christina-aguilera-piece-unique-upcyclee\/","title":{"rendered":"Veste en jean Y2K Christina Aguilera \u2013 Pi\u00e8ce unique upcycl\u00e9e strass\u00e9e \u00e0 la main"},"content":{"rendered":"<h2>Veste En Jean Upcycl\u00e9e \u2013 D\u00e9tails de la pi\u00e8ce<\/h2>\n<p data-start=\"445\" data-end=\"612\">Veste en jean upcycl\u00e9e, cette veste est un <strong data-start=\"464\" data-end=\"494\">hommage direct \u00e0 l\u2019\u00e8re Y2K<\/strong>, \u00e0 ses ic\u00f4nes pop, \u00e0 ses looks audacieux et \u00e0 cette \u00e9poque o\u00f9 tout brillait un peu trop\u2026 et c\u2019\u00e9tait parfait comme \u00e7a.<\/p>\n<p data-start=\"614\" data-end=\"758\">Base : une veste en jean lilas upcycl\u00e9e, transform\u00e9e en <strong data-start=\"670\" data-end=\"689\">pi\u00e8ce unique<\/strong>\u00a0autour de l\u2019univers de <strong data-start=\"713\" data-end=\"757\">Christina Aguilera \u2013 \u201cGenie in a Bottle\u201d<\/strong>.<\/p>\n<p data-start=\"760\" data-end=\"991\">Au dos, un grand visuel iconique de l\u2019artiste, entour\u00e9 de <strong data-start=\"818\" data-end=\"837\">papillons en jean<\/strong>\u00a0qui semblent s\u2019\u00e9chapper du tissu. Sur le devant, des <strong data-start=\"891\" data-end=\"913\">\u00e9toiles appliqu\u00e9es<\/strong> et des d\u00e9tails en strass viennent cr\u00e9er un jeu de lumi\u00e8re subtil mais assum\u00e9.<\/p>\n<p data-start=\"993\" data-end=\"1190\">\u2728 <strong data-start=\"995\" data-end=\"1050\">Tous les strass ont \u00e9t\u00e9 pos\u00e9s \u00e0 la main, un par un.<\/strong><br data-start=\"1050\" data-end=\"1053\" \/>C\u2019est un travail artisanal, minutieux, fait avec patience et intention. Chaque reflet raconte une heure pass\u00e9e \u00e0 transformer cette pi\u00e8ce.<\/p>\n<p data-start=\"1623\" data-end=\"1653\">\ud83c\udf19 Porter cette veste, c\u2019est :<\/p>\n<ul data-start=\"1654\" data-end=\"1801\">\n<li data-start=\"1654\" data-end=\"1694\">\n<p data-start=\"1656\" data-end=\"1694\">affirmer ton amour pour la pop culture<\/p>\n<\/li>\n<li data-start=\"1695\" data-end=\"1741\">\n<p data-start=\"1697\" data-end=\"1741\">porter une pi\u00e8ce que personne d\u2019autre n\u2019aura<\/p>\n<\/li>\n<li data-start=\"1742\" data-end=\"1801\">\n<p data-start=\"1744\" data-end=\"1801\">transformer un v\u00eatement en manifeste nostalgique et styl\u00e9<\/p>\n<\/li>\n<\/ul>\n<blockquote data-start=\"1803\" data-end=\"1899\">\n<p data-start=\"1805\" data-end=\"1899\">Ce n\u2019est pas juste une veste. C\u2019est un souvenir des ann\u00e9es 2000 qui a appris \u00e0 briller encore.<\/p>\n<p data-start=\"1805\" data-end=\"1899\">Il est \u00e9galement possible de demander une\u00a0<strong data-start=\"1494\" data-end=\"1549\">customized creation<\/strong>, via l\u2019onglet du menu\u00a0<strong data-start=\"1572\" data-end=\"1602\">\u00ab Cr\u00e9ation personnalis\u00e9e \u00bb\u00a0<\/strong>ou en cliquant<strong data-start=\"1572\" data-end=\"1602\"><a href=\"https:\/\/marijastoja.fr\/en\/sur-mesure\/\">\u00a0ici<\/a>.<\/strong><\/p>\n<\/blockquote>\n<p>D\u00e9couvrez \u00e9galement nos autres <a href=\"https:\/\/marijastoja.fr\/en\/vestes-2\/\">vestes upcycl\u00e9es<\/a> dans la boutique Marija Stoja. Pour en savoir plus sur l&rsquo;<a href=\"https:\/\/fr.wikipedia.org\/wiki\/Upcycling\" target=\"_blank\" rel=\"noopener\">upcycling<\/a> et la mode responsable, explorez notre univers cr\u00e9atif.<\/p>","protected":false},"excerpt":{"rendered":"<p>Veste En Jean Upcycl\u00e9e \u2013 D\u00e9tails de la pi\u00e8ce Veste en jean upcycl\u00e9e, cette veste est un hommage direct \u00e0 l\u2019\u00e8re Y2K, \u00e0 ses ic\u00f4nes pop, \u00e0 ses looks audacieux et \u00e0 cette \u00e9poque o\u00f9 tout brillait un peu trop\u2026 et c\u2019\u00e9tait parfait comme \u00e7a. Base : une veste en jean lilas upcycl\u00e9e, transform\u00e9e en [&hellip;]<\/p>\n","protected":false},"featured_media":1240,"comment_status":"open","ping_status":"closed","template":"","meta":{"_acf_changed":false},"product_brand":[],"product_cat":[15,23],"product_tag":[],"giftcard-category":[],"class_list":{"0":"post-1243","1":"product","2":"type-product","3":"status-publish","4":"has-post-thumbnail","6":"product_cat-non-classe","7":"product_cat-vestes","8":"pa_taille-m","10":"first","11":"instock","12":"shipping-taxable","13":"purchasable","14":"product-type-simple"},"acf":[],"yoast_head":"<!-- This site is optimized with the Yoast SEO plugin v27.2 - https:\/\/yoast.com\/product\/yoast-seo-wordpress\/ -->\n<title>Veste En Jean Upcycl\u00e9e | Pi\u00e8ce Unique | Marija Stoja<\/title>\n<meta name=\"description\" content=\"Veste en jean upcycl\u00e9e Y2K strass\u00e9e \u00e0 la main, inspir\u00e9e de Christina Aguilera. Pi\u00e8ce unique Marija Stoja, style 2000s revisit\u00e9 et mode responsable Marija Stoja.\" \/>\n<meta name=\"robots\" content=\"index, follow, max-snippet:-1, max-image-preview:large, max-video-preview:-1\" \/>\n<link rel=\"canonical\" href=\"https:\/\/marijastoja.fr\/en\/product\/veste-en-jean-y2k-christina-aguilera-piece-unique-upcyclee\/\" \/>\n<meta property=\"og:locale\" content=\"en_US\" \/>\n<meta property=\"og:type\" content=\"article\" \/>\n<meta property=\"og:title\" content=\"Veste En Jean Upcycl\u00e9e | Pi\u00e8ce Unique | Marija Stoja\" \/>\n<meta property=\"og:description\" content=\"Veste en jean upcycl\u00e9e Y2K strass\u00e9e \u00e0 la main, inspir\u00e9e de Christina Aguilera. Pi\u00e8ce unique Marija Stoja, style 2000s revisit\u00e9 et mode responsable Marija Stoja.\" \/>\n<meta property=\"og:url\" content=\"https:\/\/marijastoja.fr\/en\/product\/veste-en-jean-y2k-christina-aguilera-piece-unique-upcyclee\/\" \/>\n<meta property=\"og:site_name\" content=\"Marija Stoja\" \/>\n<meta property=\"article:modified_time\" content=\"2026-03-17T13:58:46+00:00\" \/>\n<meta property=\"og:image\" content=\"https:\/\/marijastoja.fr\/wp-content\/uploads\/2026\/01\/IMG_9130-scaled.jpeg\" \/>\n\t<meta property=\"og:image:width\" content=\"1440\" \/>\n\t<meta property=\"og:image:height\" content=\"2560\" \/>\n\t<meta property=\"og:image:type\" content=\"image\/jpeg\" \/>\n<meta name=\"twitter:card\" content=\"summary_large_image\" \/>\n<meta name=\"twitter:label1\" content=\"Est. reading time\" \/>\n\t<meta name=\"twitter:data1\" content=\"1 minute\" \/>\n<script type=\"application\/ld+json\" class=\"yoast-schema-graph\">{\"@context\":\"https:\/\/schema.org\",\"@graph\":[{\"@type\":\"WebPage\",\"@id\":\"https:\/\/marijastoja.fr\/produit\/veste-en-jean-y2k-christina-aguilera-piece-unique-upcyclee\/\",\"url\":\"https:\/\/marijastoja.fr\/produit\/veste-en-jean-y2k-christina-aguilera-piece-unique-upcyclee\/\",\"name\":\"Veste En Jean Upcycl\u00e9e | Pi\u00e8ce Unique | Marija Stoja\",\"isPartOf\":{\"@id\":\"https:\/\/marijastoja.fr\/#website\"},\"primaryImageOfPage\":{\"@id\":\"https:\/\/marijastoja.fr\/produit\/veste-en-jean-y2k-christina-aguilera-piece-unique-upcyclee\/#primaryimage\"},\"image\":{\"@id\":\"https:\/\/marijastoja.fr\/produit\/veste-en-jean-y2k-christina-aguilera-piece-unique-upcyclee\/#primaryimage\"},\"thumbnailUrl\":\"https:\/\/marijastoja.fr\/wp-content\/uploads\/2026\/01\/IMG_9130-scaled.jpeg\",\"datePublished\":\"2026-01-09T16:13:01+00:00\",\"dateModified\":\"2026-03-17T13:58:46+00:00\",\"description\":\"Veste en jean upcycl\u00e9e Y2K strass\u00e9e \u00e0 la main, inspir\u00e9e de Christina Aguilera. Pi\u00e8ce unique Marija Stoja, style 2000s revisit\u00e9 et mode responsable Marija Stoja.\",\"breadcrumb\":{\"@id\":\"https:\/\/marijastoja.fr\/produit\/veste-en-jean-y2k-christina-aguilera-piece-unique-upcyclee\/#breadcrumb\"},\"inLanguage\":\"en-US\",\"potentialAction\":[{\"@type\":\"ReadAction\",\"target\":[\"https:\/\/marijastoja.fr\/produit\/veste-en-jean-y2k-christina-aguilera-piece-unique-upcyclee\/\"]}]},{\"@type\":\"ImageObject\",\"inLanguage\":\"en-US\",\"@id\":\"https:\/\/marijastoja.fr\/produit\/veste-en-jean-y2k-christina-aguilera-piece-unique-upcyclee\/#primaryimage\",\"url\":\"https:\/\/marijastoja.fr\/wp-content\/uploads\/2026\/01\/IMG_9130-scaled.jpeg\",\"contentUrl\":\"https:\/\/marijastoja.fr\/wp-content\/uploads\/2026\/01\/IMG_9130-scaled.jpeg\",\"width\":1440,\"height\":2560,\"caption\":\"veste en jean upcycl\u00e9e - Marija Stoja\"},{\"@type\":\"BreadcrumbList\",\"@id\":\"https:\/\/marijastoja.fr\/produit\/veste-en-jean-y2k-christina-aguilera-piece-unique-upcyclee\/#breadcrumb\",\"itemListElement\":[{\"@type\":\"ListItem\",\"position\":1,\"name\":\"Accueil\",\"item\":\"https:\/\/marijastoja.fr\/\"},{\"@type\":\"ListItem\",\"position\":2,\"name\":\"Boutique\",\"item\":\"https:\/\/marijastoja.fr\/boutique\/\"},{\"@type\":\"ListItem\",\"position\":3,\"name\":\"Veste en jean Y2K Christina Aguilera \u2013 Pi\u00e8ce unique upcycl\u00e9e strass\u00e9e \u00e0 la main\"}]},{\"@type\":\"WebSite\",\"@id\":\"https:\/\/marijastoja.fr\/#website\",\"url\":\"https:\/\/marijastoja.fr\/\",\"name\":\"Marija Stoja\",\"description\":\"Upcycling\",\"publisher\":{\"@id\":\"https:\/\/marijastoja.fr\/#organization\"},\"potentialAction\":[{\"@type\":\"SearchAction\",\"target\":{\"@type\":\"EntryPoint\",\"urlTemplate\":\"https:\/\/marijastoja.fr\/?s={search_term_string}\"},\"query-input\":{\"@type\":\"PropertyValueSpecification\",\"valueRequired\":true,\"valueName\":\"search_term_string\"}}],\"inLanguage\":\"en-US\"},{\"@type\":\"Organization\",\"@id\":\"https:\/\/marijastoja.fr\/#organization\",\"name\":\"Marija Stoja\",\"url\":\"https:\/\/marijastoja.fr\/\",\"logo\":{\"@type\":\"ImageObject\",\"inLanguage\":\"en-US\",\"@id\":\"https:\/\/marijastoja.fr\/#\/schema\/logo\/image\/\",\"url\":\"https:\/\/marijastoja.fr\/wp-content\/uploads\/2025\/12\/cropped-logo-noir.png\",\"contentUrl\":\"https:\/\/marijastoja.fr\/wp-content\/uploads\/2025\/12\/cropped-logo-noir.png\",\"width\":878,\"height\":322,\"caption\":\"Marija Stoja\"},\"image\":{\"@id\":\"https:\/\/marijastoja.fr\/#\/schema\/logo\/image\/\"}}]}<\/script>\n<!-- \/ Yoast SEO plugin. -->","yoast_head_json":{"title":"Veste En Jean Upcycl\u00e9e | Pi\u00e8ce Unique | Marija Stoja","description":"Veste en jean upcycl\u00e9e Y2K strass\u00e9e \u00e0 la main, inspir\u00e9e de Christina Aguilera. Pi\u00e8ce unique Marija Stoja, style 2000s revisit\u00e9 et mode responsable Marija Stoja.","robots":{"index":"index","follow":"follow","max-snippet":"max-snippet:-1","max-image-preview":"max-image-preview:large","max-video-preview":"max-video-preview:-1"},"canonical":"https:\/\/marijastoja.fr\/en\/product\/veste-en-jean-y2k-christina-aguilera-piece-unique-upcyclee\/","og_locale":"en_US","og_type":"article","og_title":"Veste En Jean Upcycl\u00e9e | Pi\u00e8ce Unique | Marija Stoja","og_description":"Veste en jean upcycl\u00e9e Y2K strass\u00e9e \u00e0 la main, inspir\u00e9e de Christina Aguilera. Pi\u00e8ce unique Marija Stoja, style 2000s revisit\u00e9 et mode responsable Marija Stoja.","og_url":"https:\/\/marijastoja.fr\/en\/product\/veste-en-jean-y2k-christina-aguilera-piece-unique-upcyclee\/","og_site_name":"Marija Stoja","article_modified_time":"2026-03-17T13:58:46+00:00","og_image":[{"width":1440,"height":2560,"url":"https:\/\/marijastoja.fr\/wp-content\/uploads\/2026\/01\/IMG_9130-scaled.jpeg","type":"image\/jpeg"}],"twitter_card":"summary_large_image","twitter_misc":{"Est. reading time":"1 minute"},"schema":{"@context":"https:\/\/schema.org","@graph":[{"@type":"WebPage","@id":"https:\/\/marijastoja.fr\/produit\/veste-en-jean-y2k-christina-aguilera-piece-unique-upcyclee\/","url":"https:\/\/marijastoja.fr\/produit\/veste-en-jean-y2k-christina-aguilera-piece-unique-upcyclee\/","name":"Veste En Jean Upcycl\u00e9e | Pi\u00e8ce Unique | Marija Stoja","isPartOf":{"@id":"https:\/\/marijastoja.fr\/#website"},"primaryImageOfPage":{"@id":"https:\/\/marijastoja.fr\/produit\/veste-en-jean-y2k-christina-aguilera-piece-unique-upcyclee\/#primaryimage"},"image":{"@id":"https:\/\/marijastoja.fr\/produit\/veste-en-jean-y2k-christina-aguilera-piece-unique-upcyclee\/#primaryimage"},"thumbnailUrl":"https:\/\/marijastoja.fr\/wp-content\/uploads\/2026\/01\/IMG_9130-scaled.jpeg","datePublished":"2026-01-09T16:13:01+00:00","dateModified":"2026-03-17T13:58:46+00:00","description":"Veste en jean upcycl\u00e9e Y2K strass\u00e9e \u00e0 la main, inspir\u00e9e de Christina Aguilera. Pi\u00e8ce unique Marija Stoja, style 2000s revisit\u00e9 et mode responsable Marija Stoja.","breadcrumb":{"@id":"https:\/\/marijastoja.fr\/produit\/veste-en-jean-y2k-christina-aguilera-piece-unique-upcyclee\/#breadcrumb"},"inLanguage":"en-US","potentialAction":[{"@type":"ReadAction","target":["https:\/\/marijastoja.fr\/produit\/veste-en-jean-y2k-christina-aguilera-piece-unique-upcyclee\/"]}]},{"@type":"ImageObject","inLanguage":"en-US","@id":"https:\/\/marijastoja.fr\/produit\/veste-en-jean-y2k-christina-aguilera-piece-unique-upcyclee\/#primaryimage","url":"https:\/\/marijastoja.fr\/wp-content\/uploads\/2026\/01\/IMG_9130-scaled.jpeg","contentUrl":"https:\/\/marijastoja.fr\/wp-content\/uploads\/2026\/01\/IMG_9130-scaled.jpeg","width":1440,"height":2560,"caption":"veste en jean upcycl\u00e9e - Marija Stoja"},{"@type":"BreadcrumbList","@id":"https:\/\/marijastoja.fr\/produit\/veste-en-jean-y2k-christina-aguilera-piece-unique-upcyclee\/#breadcrumb","itemListElement":[{"@type":"ListItem","position":1,"name":"Accueil","item":"https:\/\/marijastoja.fr\/"},{"@type":"ListItem","position":2,"name":"Boutique","item":"https:\/\/marijastoja.fr\/boutique\/"},{"@type":"ListItem","position":3,"name":"Veste en jean Y2K Christina Aguilera \u2013 Pi\u00e8ce unique upcycl\u00e9e strass\u00e9e \u00e0 la main"}]},{"@type":"WebSite","@id":"https:\/\/marijastoja.fr\/#website","url":"https:\/\/marijastoja.fr\/","name":"Marija Stoja","description":"Upcycling","publisher":{"@id":"https:\/\/marijastoja.fr\/#organization"},"potentialAction":[{"@type":"SearchAction","target":{"@type":"EntryPoint","urlTemplate":"https:\/\/marijastoja.fr\/?s={search_term_string}"},"query-input":{"@type":"PropertyValueSpecification","valueRequired":true,"valueName":"search_term_string"}}],"inLanguage":"en-US"},{"@type":"Organization","@id":"https:\/\/marijastoja.fr\/#organization","name":"Marija Stoja","url":"https:\/\/marijastoja.fr\/","logo":{"@type":"ImageObject","inLanguage":"en-US","@id":"https:\/\/marijastoja.fr\/#\/schema\/logo\/image\/","url":"https:\/\/marijastoja.fr\/wp-content\/uploads\/2025\/12\/cropped-logo-noir.png","contentUrl":"https:\/\/marijastoja.fr\/wp-content\/uploads\/2025\/12\/cropped-logo-noir.png","width":878,"height":322,"caption":"Marija Stoja"},"image":{"@id":"https:\/\/marijastoja.fr\/#\/schema\/logo\/image\/"}}]}},"jetpack_sharing_enabled":true,"_links":{"self":[{"href":"https:\/\/marijastoja.fr\/en\/wp-json\/wp\/v2\/product\/1243","targetHints":{"allow":["GET"]}}],"collection":[{"href":"https:\/\/marijastoja.fr\/en\/wp-json\/wp\/v2\/product"}],"about":[{"href":"https:\/\/marijastoja.fr\/en\/wp-json\/wp\/v2\/types\/product"}],"replies":[{"embeddable":true,"href":"https:\/\/marijastoja.fr\/en\/wp-json\/wp\/v2\/comments?post=1243"}],"wp:featuredmedia":[{"embeddable":true,"href":"https:\/\/marijastoja.fr\/en\/wp-json\/wp\/v2\/media\/1240"}],"wp:attachment":[{"href":"https:\/\/marijastoja.fr\/en\/wp-json\/wp\/v2\/media?parent=1243"}],"wp:term":[{"taxonomy":"product_brand","embeddable":true,"href":"https:\/\/marijastoja.fr\/en\/wp-json\/wp\/v2\/product_brand?post=1243"},{"taxonomy":"product_cat","embeddable":true,"href":"https:\/\/marijastoja.fr\/en\/wp-json\/wp\/v2\/product_cat?post=1243"},{"taxonomy":"product_tag","embeddable":true,"href":"https:\/\/marijastoja.fr\/en\/wp-json\/wp\/v2\/product_tag?post=1243"},{"taxonomy":"giftcard-category","embeddable":true,"href":"https:\/\/marijastoja.fr\/en\/wp-json\/wp\/v2\/giftcard-category?post=1243"}],"curies":[{"name":"wp","href":"https:\/\/api.w.org\/{rel}","templated":true}]}}