{"id":1255,"date":"2026-01-12T21:51:46","date_gmt":"2026-01-12T20:51:46","guid":{"rendered":"https:\/\/marijastoja.fr\/?post_type=product&#038;p=1255"},"modified":"2026-04-10T10:56:33","modified_gmt":"2026-04-10T08:56:33","slug":"t-shirt-upcycle-artistique-marija-stoja-midnight-city","status":"publish","type":"product","link":"https:\/\/marijastoja.fr\/en\/product\/t-shirt-upcycle-artistique-marija-stoja-midnight-city\/","title":{"rendered":"T-shirt Signature Marija Stoja \u2013 \u201cMidnight City\u201d"},"content":{"rendered":"<h2>T-Shirt Upcycl\u00e9 \u2013 D\u00e9tails de la pi\u00e8ce<\/h2>\n<p data-start=\"527\" data-end=\"646\">T-shirt upcycl\u00e9, ce t-shirt oversize en coton est une\u00a0<strong data-start=\"564\" data-end=\"583\">cr\u00e9ation unique<\/strong>, pens\u00e9e comme un support d\u2019expression visuelle et identitaire.<\/p>\n<p data-start=\"648\" data-end=\"873\">La base en\u00a0<strong data-start=\"659\" data-end=\"688\">coton doux et confortable<\/strong>\u00a0offre une coupe ample et fluide, facile \u00e0 porter au quotidien.<\/p>\n<p data-start=\"343\" data-end=\"382\">Sous la pleine lune, m\u00eame les villes qui ne dorment jamais continuent de r\u00eaver.<\/p>\n<p data-start=\"384\" data-end=\"764\">Ce t-shirt signature Marija Stoja est une <strong data-start=\"426\" data-end=\"452\">toile urbaine \u00e0 porter<\/strong>, une sc\u00e8ne nocturne cousue dans le noir profond du coton. Sur une base minimaliste et \u00e9l\u00e9gante, cette pi\u00e8ce raconte la <strong data-start=\"572\" data-end=\"589\">ville la nuit <\/strong>: ses immeubles, ses fen\u00eatres encore allum\u00e9es, ses vies invisibles derri\u00e8re les murs\u2026 et au-dessus de tout, une <strong data-start=\"701\" data-end=\"716\">pleine lune<\/strong>, ronde et silencieuse, comme un \u0153il qui veille.<\/p>\n<p data-start=\"766\" data-end=\"1088\">Les bandes verticales en denim effiloch\u00e9 dessinent une <strong data-start=\"821\" data-end=\"841\">skyline po\u00e9tique<\/strong>, rythm\u00e9e par des touches jaunes \u00e9voquant les lumi\u00e8res des appartements, les insomnies, les r\u00eaves encore \u00e9veill\u00e9s. Les bandes graphiques ethniques encadrent la sc\u00e8ne comme des piliers, donnant \u00e0 la composition une structure presque architecturale.<\/p>\n<p data-start=\"1090\" data-end=\"1225\">Au-dessus, la <strong data-start=\"1104\" data-end=\"1119\">pleine lune<\/strong> tr\u00f4ne comme un symbole:<br data-start=\"1143\" data-end=\"1146\" \/>\ud83c\udf15 la nuit, l\u2019introspection, le calme apr\u00e8s le bruit, les pens\u00e9es qui d\u00e9rivent.<\/p>\n<p data-start=\"1227\" data-end=\"1355\">Ce t-shirt est \u00e0 la fois :<br \/>\n\ud83d\udda4 Une pi\u00e8ce artistique<br data-start=\"1277\" data-end=\"1280\" \/>\ud83d\udda4 Un v\u00eatement portable au quotidien<br data-start=\"1316\" data-end=\"1319\" \/>\ud83d\udda4 Une \u0153uvre textile contemporaine<\/p>\n<p data-start=\"1357\" data-end=\"1471\">Sur le devant et dans le dos, la <strong data-start=\"1390\" data-end=\"1416\">signature Marija Stoja<\/strong> vient signer la pi\u00e8ce comme un artiste signe sa toile.<\/p>\n<blockquote data-start=\"1603\" data-end=\"1709\">\n<p style=\"text-align: left;\" data-start=\"1605\" data-end=\"1709\">Porter ce t-shirt, c\u2019est porter un fragment de nuit, un morceau de ville, et un peu de silence lumineux.<\/p>\n<p style=\"text-align: left;\" data-start=\"1605\" data-end=\"1709\">Il est \u00e9galement possible de demander une\u00a0<strong data-start=\"1494\" data-end=\"1549\">cr\u00e9ation personnalis\u00e9e \u00e0 partir d\u2019un t-shirt vierge<\/strong>, via l\u2019onglet du menu\u00a0<strong data-start=\"1572\" data-end=\"1602\">\u00ab Cr\u00e9ation personnalis\u00e9e \u00bb\u00a0<\/strong>ou en cliquant<strong data-start=\"1572\" data-end=\"1602\"><a href=\"https:\/\/marijastoja.fr\/en\/sur-mesure\/\">\u00a0ici<\/a>.<\/strong><\/p>\n<\/blockquote>\n<p>D\u00e9couvrez \u00e9galement nos autres <a href=\"https:\/\/marijastoja.fr\/en\/t-shirts\/\">t-shirts upcycl\u00e9s<\/a> dans la boutique Marija Stoja. Pour en savoir plus sur l&rsquo;<a href=\"https:\/\/fr.wikipedia.org\/wiki\/Upcycling\" target=\"_blank\" rel=\"noopener\">upcycling<\/a> et la mode responsable, explorez notre univers cr\u00e9atif.<\/p>","protected":false},"excerpt":{"rendered":"<p>T-Shirt Upcycl\u00e9 \u2013 D\u00e9tails de la pi\u00e8ce T-shirt upcycl\u00e9, ce t-shirt oversize en coton est une\u00a0cr\u00e9ation unique, pens\u00e9e comme un support d\u2019expression visuelle et identitaire. La base en\u00a0coton doux et confortable\u00a0offre une coupe ample et fluide, facile \u00e0 porter au quotidien. Sous la pleine lune, m\u00eame les villes qui ne dorment jamais continuent de r\u00eaver. [&hellip;]<\/p>\n","protected":false},"featured_media":1246,"comment_status":"open","ping_status":"closed","template":"","meta":{"_acf_changed":false},"product_brand":[],"product_cat":[15,69],"product_tag":[],"giftcard-category":[],"class_list":{"0":"post-1255","1":"product","2":"type-product","3":"status-publish","4":"has-post-thumbnail","6":"product_cat-non-classe","7":"product_cat-t-shirt-ms-upcycle","8":"pa_taille-l","10":"first","11":"outofstock","12":"shipping-taxable","13":"purchasable","14":"product-type-simple"},"acf":[],"yoast_head":"<!-- This site is optimized with the Yoast SEO plugin v27.2 - https:\/\/yoast.com\/product\/yoast-seo-wordpress\/ -->\n<title>T-Shirt Upcycl\u00e9 Midnight City | Pi\u00e8ce Unique | Marija Stoja<\/title>\n<meta name=\"description\" content=\"T-shirt upcycl\u00e9 Midnight City, pi\u00e8ce artistique unique cr\u00e9\u00e9e par Marija Stoja. Customis\u00e9 \u00e0 la main, style contemporain et mode responsable Exp\u00e9di\u00e9 rapidement.\" \/>\n<meta name=\"robots\" content=\"index, follow, max-snippet:-1, max-image-preview:large, max-video-preview:-1\" \/>\n<link rel=\"canonical\" href=\"https:\/\/marijastoja.fr\/en\/product\/t-shirt-upcycle-artistique-marija-stoja-midnight-city\/\" \/>\n<meta property=\"og:locale\" content=\"en_US\" \/>\n<meta property=\"og:type\" content=\"article\" \/>\n<meta property=\"og:title\" content=\"T-Shirt Upcycl\u00e9 Midnight City | Pi\u00e8ce Unique | Marija Stoja\" \/>\n<meta property=\"og:description\" content=\"T-shirt upcycl\u00e9 Midnight City, pi\u00e8ce artistique unique cr\u00e9\u00e9e par Marija Stoja. Customis\u00e9 \u00e0 la main, style contemporain et mode responsable Exp\u00e9di\u00e9 rapidement.\" \/>\n<meta property=\"og:url\" content=\"https:\/\/marijastoja.fr\/en\/product\/t-shirt-upcycle-artistique-marija-stoja-midnight-city\/\" \/>\n<meta property=\"og:site_name\" content=\"Marija Stoja\" \/>\n<meta property=\"article:modified_time\" content=\"2026-04-10T08:56:33+00:00\" \/>\n<meta property=\"og:image\" content=\"https:\/\/marijastoja.fr\/wp-content\/uploads\/2026\/01\/IMG_9197-scaled.jpeg\" \/>\n\t<meta property=\"og:image:width\" content=\"1440\" \/>\n\t<meta property=\"og:image:height\" content=\"2560\" \/>\n\t<meta property=\"og:image:type\" content=\"image\/jpeg\" \/>\n<meta name=\"twitter:card\" content=\"summary_large_image\" \/>\n<meta name=\"twitter:label1\" content=\"Est. reading time\" \/>\n\t<meta name=\"twitter:data1\" content=\"1 minute\" \/>\n<script type=\"application\/ld+json\" class=\"yoast-schema-graph\">{\"@context\":\"https:\/\/schema.org\",\"@graph\":[{\"@type\":\"WebPage\",\"@id\":\"https:\/\/marijastoja.fr\/produit\/t-shirt-upcycle-artistique-marija-stoja-midnight-city\/\",\"url\":\"https:\/\/marijastoja.fr\/produit\/t-shirt-upcycle-artistique-marija-stoja-midnight-city\/\",\"name\":\"T-Shirt Upcycl\u00e9 Midnight City | Pi\u00e8ce Unique | Marija Stoja\",\"isPartOf\":{\"@id\":\"https:\/\/marijastoja.fr\/#website\"},\"primaryImageOfPage\":{\"@id\":\"https:\/\/marijastoja.fr\/produit\/t-shirt-upcycle-artistique-marija-stoja-midnight-city\/#primaryimage\"},\"image\":{\"@id\":\"https:\/\/marijastoja.fr\/produit\/t-shirt-upcycle-artistique-marija-stoja-midnight-city\/#primaryimage\"},\"thumbnailUrl\":\"https:\/\/marijastoja.fr\/wp-content\/uploads\/2026\/01\/IMG_9197-scaled.jpeg\",\"datePublished\":\"2026-01-12T20:51:46+00:00\",\"dateModified\":\"2026-04-10T08:56:33+00:00\",\"description\":\"T-shirt upcycl\u00e9 Midnight City, pi\u00e8ce artistique unique cr\u00e9\u00e9e par Marija Stoja. Customis\u00e9 \u00e0 la main, style contemporain et mode responsable Exp\u00e9di\u00e9 rapidement.\",\"breadcrumb\":{\"@id\":\"https:\/\/marijastoja.fr\/produit\/t-shirt-upcycle-artistique-marija-stoja-midnight-city\/#breadcrumb\"},\"inLanguage\":\"en-US\",\"potentialAction\":[{\"@type\":\"ReadAction\",\"target\":[\"https:\/\/marijastoja.fr\/produit\/t-shirt-upcycle-artistique-marija-stoja-midnight-city\/\"]}]},{\"@type\":\"ImageObject\",\"inLanguage\":\"en-US\",\"@id\":\"https:\/\/marijastoja.fr\/produit\/t-shirt-upcycle-artistique-marija-stoja-midnight-city\/#primaryimage\",\"url\":\"https:\/\/marijastoja.fr\/wp-content\/uploads\/2026\/01\/IMG_9197-scaled.jpeg\",\"contentUrl\":\"https:\/\/marijastoja.fr\/wp-content\/uploads\/2026\/01\/IMG_9197-scaled.jpeg\",\"width\":1440,\"height\":2560,\"caption\":\"t-shirt upcycl\u00e9 - Marija Stoja\"},{\"@type\":\"BreadcrumbList\",\"@id\":\"https:\/\/marijastoja.fr\/produit\/t-shirt-upcycle-artistique-marija-stoja-midnight-city\/#breadcrumb\",\"itemListElement\":[{\"@type\":\"ListItem\",\"position\":1,\"name\":\"Accueil\",\"item\":\"https:\/\/marijastoja.fr\/\"},{\"@type\":\"ListItem\",\"position\":2,\"name\":\"Boutique\",\"item\":\"https:\/\/marijastoja.fr\/boutique\/\"},{\"@type\":\"ListItem\",\"position\":3,\"name\":\"T-shirt Signature Marija Stoja \u2013 \u201cMidnight City\u201d\"}]},{\"@type\":\"WebSite\",\"@id\":\"https:\/\/marijastoja.fr\/#website\",\"url\":\"https:\/\/marijastoja.fr\/\",\"name\":\"Marija Stoja\",\"description\":\"Upcycling\",\"publisher\":{\"@id\":\"https:\/\/marijastoja.fr\/#organization\"},\"potentialAction\":[{\"@type\":\"SearchAction\",\"target\":{\"@type\":\"EntryPoint\",\"urlTemplate\":\"https:\/\/marijastoja.fr\/?s={search_term_string}\"},\"query-input\":{\"@type\":\"PropertyValueSpecification\",\"valueRequired\":true,\"valueName\":\"search_term_string\"}}],\"inLanguage\":\"en-US\"},{\"@type\":\"Organization\",\"@id\":\"https:\/\/marijastoja.fr\/#organization\",\"name\":\"Marija Stoja\",\"url\":\"https:\/\/marijastoja.fr\/\",\"logo\":{\"@type\":\"ImageObject\",\"inLanguage\":\"en-US\",\"@id\":\"https:\/\/marijastoja.fr\/#\/schema\/logo\/image\/\",\"url\":\"https:\/\/marijastoja.fr\/wp-content\/uploads\/2025\/12\/cropped-logo-noir.png\",\"contentUrl\":\"https:\/\/marijastoja.fr\/wp-content\/uploads\/2025\/12\/cropped-logo-noir.png\",\"width\":878,\"height\":322,\"caption\":\"Marija Stoja\"},\"image\":{\"@id\":\"https:\/\/marijastoja.fr\/#\/schema\/logo\/image\/\"}}]}<\/script>\n<!-- \/ Yoast SEO plugin. -->","yoast_head_json":{"title":"T-Shirt Upcycl\u00e9 Midnight City | Pi\u00e8ce Unique | Marija Stoja","description":"T-shirt upcycl\u00e9 Midnight City, pi\u00e8ce artistique unique cr\u00e9\u00e9e par Marija Stoja. Customis\u00e9 \u00e0 la main, style contemporain et mode responsable Exp\u00e9di\u00e9 rapidement.","robots":{"index":"index","follow":"follow","max-snippet":"max-snippet:-1","max-image-preview":"max-image-preview:large","max-video-preview":"max-video-preview:-1"},"canonical":"https:\/\/marijastoja.fr\/en\/product\/t-shirt-upcycle-artistique-marija-stoja-midnight-city\/","og_locale":"en_US","og_type":"article","og_title":"T-Shirt Upcycl\u00e9 Midnight City | Pi\u00e8ce Unique | Marija Stoja","og_description":"T-shirt upcycl\u00e9 Midnight City, pi\u00e8ce artistique unique cr\u00e9\u00e9e par Marija Stoja. Customis\u00e9 \u00e0 la main, style contemporain et mode responsable Exp\u00e9di\u00e9 rapidement.","og_url":"https:\/\/marijastoja.fr\/en\/product\/t-shirt-upcycle-artistique-marija-stoja-midnight-city\/","og_site_name":"Marija Stoja","article_modified_time":"2026-04-10T08:56:33+00:00","og_image":[{"width":1440,"height":2560,"url":"https:\/\/marijastoja.fr\/wp-content\/uploads\/2026\/01\/IMG_9197-scaled.jpeg","type":"image\/jpeg"}],"twitter_card":"summary_large_image","twitter_misc":{"Est. reading time":"1 minute"},"schema":{"@context":"https:\/\/schema.org","@graph":[{"@type":"WebPage","@id":"https:\/\/marijastoja.fr\/produit\/t-shirt-upcycle-artistique-marija-stoja-midnight-city\/","url":"https:\/\/marijastoja.fr\/produit\/t-shirt-upcycle-artistique-marija-stoja-midnight-city\/","name":"T-Shirt Upcycl\u00e9 Midnight City | Pi\u00e8ce Unique | Marija Stoja","isPartOf":{"@id":"https:\/\/marijastoja.fr\/#website"},"primaryImageOfPage":{"@id":"https:\/\/marijastoja.fr\/produit\/t-shirt-upcycle-artistique-marija-stoja-midnight-city\/#primaryimage"},"image":{"@id":"https:\/\/marijastoja.fr\/produit\/t-shirt-upcycle-artistique-marija-stoja-midnight-city\/#primaryimage"},"thumbnailUrl":"https:\/\/marijastoja.fr\/wp-content\/uploads\/2026\/01\/IMG_9197-scaled.jpeg","datePublished":"2026-01-12T20:51:46+00:00","dateModified":"2026-04-10T08:56:33+00:00","description":"T-shirt upcycl\u00e9 Midnight City, pi\u00e8ce artistique unique cr\u00e9\u00e9e par Marija Stoja. Customis\u00e9 \u00e0 la main, style contemporain et mode responsable Exp\u00e9di\u00e9 rapidement.","breadcrumb":{"@id":"https:\/\/marijastoja.fr\/produit\/t-shirt-upcycle-artistique-marija-stoja-midnight-city\/#breadcrumb"},"inLanguage":"en-US","potentialAction":[{"@type":"ReadAction","target":["https:\/\/marijastoja.fr\/produit\/t-shirt-upcycle-artistique-marija-stoja-midnight-city\/"]}]},{"@type":"ImageObject","inLanguage":"en-US","@id":"https:\/\/marijastoja.fr\/produit\/t-shirt-upcycle-artistique-marija-stoja-midnight-city\/#primaryimage","url":"https:\/\/marijastoja.fr\/wp-content\/uploads\/2026\/01\/IMG_9197-scaled.jpeg","contentUrl":"https:\/\/marijastoja.fr\/wp-content\/uploads\/2026\/01\/IMG_9197-scaled.jpeg","width":1440,"height":2560,"caption":"t-shirt upcycl\u00e9 - Marija Stoja"},{"@type":"BreadcrumbList","@id":"https:\/\/marijastoja.fr\/produit\/t-shirt-upcycle-artistique-marija-stoja-midnight-city\/#breadcrumb","itemListElement":[{"@type":"ListItem","position":1,"name":"Accueil","item":"https:\/\/marijastoja.fr\/"},{"@type":"ListItem","position":2,"name":"Boutique","item":"https:\/\/marijastoja.fr\/boutique\/"},{"@type":"ListItem","position":3,"name":"T-shirt Signature Marija Stoja \u2013 \u201cMidnight City\u201d"}]},{"@type":"WebSite","@id":"https:\/\/marijastoja.fr\/#website","url":"https:\/\/marijastoja.fr\/","name":"Marija Stoja","description":"Upcycling","publisher":{"@id":"https:\/\/marijastoja.fr\/#organization"},"potentialAction":[{"@type":"SearchAction","target":{"@type":"EntryPoint","urlTemplate":"https:\/\/marijastoja.fr\/?s={search_term_string}"},"query-input":{"@type":"PropertyValueSpecification","valueRequired":true,"valueName":"search_term_string"}}],"inLanguage":"en-US"},{"@type":"Organization","@id":"https:\/\/marijastoja.fr\/#organization","name":"Marija Stoja","url":"https:\/\/marijastoja.fr\/","logo":{"@type":"ImageObject","inLanguage":"en-US","@id":"https:\/\/marijastoja.fr\/#\/schema\/logo\/image\/","url":"https:\/\/marijastoja.fr\/wp-content\/uploads\/2025\/12\/cropped-logo-noir.png","contentUrl":"https:\/\/marijastoja.fr\/wp-content\/uploads\/2025\/12\/cropped-logo-noir.png","width":878,"height":322,"caption":"Marija Stoja"},"image":{"@id":"https:\/\/marijastoja.fr\/#\/schema\/logo\/image\/"}}]}},"jetpack_sharing_enabled":true,"_links":{"self":[{"href":"https:\/\/marijastoja.fr\/en\/wp-json\/wp\/v2\/product\/1255","targetHints":{"allow":["GET"]}}],"collection":[{"href":"https:\/\/marijastoja.fr\/en\/wp-json\/wp\/v2\/product"}],"about":[{"href":"https:\/\/marijastoja.fr\/en\/wp-json\/wp\/v2\/types\/product"}],"replies":[{"embeddable":true,"href":"https:\/\/marijastoja.fr\/en\/wp-json\/wp\/v2\/comments?post=1255"}],"wp:featuredmedia":[{"embeddable":true,"href":"https:\/\/marijastoja.fr\/en\/wp-json\/wp\/v2\/media\/1246"}],"wp:attachment":[{"href":"https:\/\/marijastoja.fr\/en\/wp-json\/wp\/v2\/media?parent=1255"}],"wp:term":[{"taxonomy":"product_brand","embeddable":true,"href":"https:\/\/marijastoja.fr\/en\/wp-json\/wp\/v2\/product_brand?post=1255"},{"taxonomy":"product_cat","embeddable":true,"href":"https:\/\/marijastoja.fr\/en\/wp-json\/wp\/v2\/product_cat?post=1255"},{"taxonomy":"product_tag","embeddable":true,"href":"https:\/\/marijastoja.fr\/en\/wp-json\/wp\/v2\/product_tag?post=1255"},{"taxonomy":"giftcard-category","embeddable":true,"href":"https:\/\/marijastoja.fr\/en\/wp-json\/wp\/v2\/giftcard-category?post=1255"}],"curies":[{"name":"wp","href":"https:\/\/api.w.org\/{rel}","templated":true}]}}