{"id":1266,"date":"2026-01-14T14:23:17","date_gmt":"2026-01-14T13:23:17","guid":{"rendered":"https:\/\/marijastoja.fr\/?post_type=product&#038;p=1266"},"modified":"2026-03-17T14:58:30","modified_gmt":"2026-03-17T13:58:30","slug":"veste-militaire-upcycle-star-wars","status":"publish","type":"product","link":"https:\/\/marijastoja.fr\/en\/product\/veste-militaire-upcycle-star-wars\/","title":{"rendered":"Veste militaire upcycl\u00e9 &#8211; Star Wars"},"content":{"rendered":"<h2>Veste Militaire Upcycl\u00e9e \u2013 D\u00e9tails de la pi\u00e8ce<\/h2>\n<p data-start=\"945\" data-end=\"1185\">Veste militaire upcycl\u00e9e, cette veste Star Wars upcycl\u00e9e est une pi\u00e8ce unique r\u00e9alis\u00e9e \u00e0 partir d\u2019une veste militaire camouflage vintage. Elle a \u00e9t\u00e9 enti\u00e8rement retravaill\u00e9e \u00e0 la main pour devenir un v\u00eatement de caract\u00e8re, entre esth\u00e9tique utilitaire et culture pop.<\/p>\n<p data-start=\"1187\" data-end=\"1435\">Dans le dos, un visuel Star Wars iconique est int\u00e9gr\u00e9 et encadr\u00e9 par un travail de couture apparente, comme un insigne d\u2019uniforme d\u00e9tourn\u00e9. Le col en jean upcycl\u00e9 vient casser le code militaire et apporter une signature forte et artisanale.<\/p>\n<p data-start=\"1437\" data-end=\"1738\">Chaque d\u00e9tail de cette veste militaire Star Wars a \u00e9t\u00e9 pens\u00e9 comme une transformation: assemblage de mati\u00e8res, r\u00e9cup\u00e9ration textile, finitions visibles et esprit brut. Cette cr\u00e9ation incarne parfaitement l\u2019esprit de l\u2019upcycling, o\u00f9 un v\u00eatement existant devient une pi\u00e8ce neuve, originale et exclusive.<\/p>\n<p data-start=\"1740\" data-end=\"1929\">Cette veste Star Wars customis\u00e9e est une pi\u00e8ce unique, disponible en un seul exemplaire. Elle se porte comme une pi\u00e8ce forte, capable de transformer une tenue simple en silhouette affirm\u00e9e.<\/p>\n<p data-start=\"1740\" data-end=\"1929\">Il est \u00e9galement possible de demander une\u00a0<strong data-start=\"1494\" data-end=\"1549\">customized creation<\/strong>, via l\u2019onglet du menu\u00a0<strong data-start=\"1572\" data-end=\"1602\">\u00ab Cr\u00e9ation personnalis\u00e9e \u00bb\u00a0<\/strong>ou en cliquant<strong data-start=\"1572\" data-end=\"1602\"><a href=\"https:\/\/marijastoja.fr\/en\/sur-mesure\/\">\u00a0ici<\/a>.<\/strong><\/p>\n<p>D\u00e9couvrez \u00e9galement nos autres <a href=\"https:\/\/marijastoja.fr\/en\/vestes-2\/\">vestes upcycl\u00e9es<\/a> dans la boutique Marija Stoja. Pour en savoir plus sur l&rsquo;<a href=\"https:\/\/fr.wikipedia.org\/wiki\/Upcycling\" target=\"_blank\" rel=\"noopener\">upcycling<\/a> et la mode responsable, explorez notre univers cr\u00e9atif.<\/p>","protected":false},"excerpt":{"rendered":"<p>Veste Militaire Upcycl\u00e9e \u2013 D\u00e9tails de la pi\u00e8ce Veste militaire upcycl\u00e9e, cette veste Star Wars upcycl\u00e9e est une pi\u00e8ce unique r\u00e9alis\u00e9e \u00e0 partir d\u2019une veste militaire camouflage vintage. Elle a \u00e9t\u00e9 enti\u00e8rement retravaill\u00e9e \u00e0 la main pour devenir un v\u00eatement de caract\u00e8re, entre esth\u00e9tique utilitaire et culture pop. Dans le dos, un visuel Star Wars [&hellip;]<\/p>\n","protected":false},"featured_media":1264,"comment_status":"open","ping_status":"closed","template":"","meta":{"_acf_changed":false},"product_brand":[],"product_cat":[15,23],"product_tag":[],"giftcard-category":[],"class_list":{"0":"post-1266","1":"product","2":"type-product","3":"status-publish","4":"has-post-thumbnail","6":"product_cat-non-classe","7":"product_cat-vestes","8":"pa_taille-m","10":"first","11":"instock","12":"shipping-taxable","13":"purchasable","14":"product-type-simple"},"acf":[],"yoast_head":"<!-- This site is optimized with the Yoast SEO plugin v27.2 - https:\/\/yoast.com\/product\/yoast-seo-wordpress\/ -->\n<title>Veste Militaire Upcycl\u00e9e Star Wars | Marija Stoja<\/title>\n<meta name=\"description\" content=\"Veste militaire upcycl\u00e9e aux motifs Star Wars, customis\u00e9e \u00e0 la main. Pi\u00e8ce unique Marija Stoja, hommage d\u00e9cal\u00e9 \u00e0 la saga. Mode responsable Exp\u00e9di\u00e9 rapidement.\" \/>\n<meta name=\"robots\" content=\"index, follow, max-snippet:-1, max-image-preview:large, max-video-preview:-1\" \/>\n<link rel=\"canonical\" href=\"https:\/\/marijastoja.fr\/en\/product\/veste-militaire-upcycle-star-wars\/\" \/>\n<meta property=\"og:locale\" content=\"en_US\" \/>\n<meta property=\"og:type\" content=\"article\" \/>\n<meta property=\"og:title\" content=\"Veste Militaire Upcycl\u00e9e Star Wars | Marija Stoja\" \/>\n<meta property=\"og:description\" content=\"Veste militaire upcycl\u00e9e aux motifs Star Wars, customis\u00e9e \u00e0 la main. Pi\u00e8ce unique Marija Stoja, hommage d\u00e9cal\u00e9 \u00e0 la saga. Mode responsable Exp\u00e9di\u00e9 rapidement.\" \/>\n<meta property=\"og:url\" content=\"https:\/\/marijastoja.fr\/en\/product\/veste-militaire-upcycle-star-wars\/\" \/>\n<meta property=\"og:site_name\" content=\"Marija Stoja\" \/>\n<meta property=\"article:modified_time\" content=\"2026-03-17T13:58:30+00:00\" \/>\n<meta property=\"og:image\" content=\"https:\/\/marijastoja.fr\/wp-content\/uploads\/2026\/01\/IMG_9217-scaled.jpeg\" \/>\n\t<meta property=\"og:image:width\" content=\"1440\" \/>\n\t<meta property=\"og:image:height\" content=\"2560\" \/>\n\t<meta property=\"og:image:type\" content=\"image\/jpeg\" \/>\n<meta name=\"twitter:card\" content=\"summary_large_image\" \/>\n<meta name=\"twitter:label1\" content=\"Est. reading time\" \/>\n\t<meta name=\"twitter:data1\" content=\"1 minute\" \/>\n<script type=\"application\/ld+json\" class=\"yoast-schema-graph\">{\"@context\":\"https:\/\/schema.org\",\"@graph\":[{\"@type\":\"WebPage\",\"@id\":\"https:\/\/marijastoja.fr\/produit\/veste-militaire-upcycle-star-wars\/\",\"url\":\"https:\/\/marijastoja.fr\/produit\/veste-militaire-upcycle-star-wars\/\",\"name\":\"Veste Militaire Upcycl\u00e9e Star Wars | Marija Stoja\",\"isPartOf\":{\"@id\":\"https:\/\/marijastoja.fr\/#website\"},\"primaryImageOfPage\":{\"@id\":\"https:\/\/marijastoja.fr\/produit\/veste-militaire-upcycle-star-wars\/#primaryimage\"},\"image\":{\"@id\":\"https:\/\/marijastoja.fr\/produit\/veste-militaire-upcycle-star-wars\/#primaryimage\"},\"thumbnailUrl\":\"https:\/\/marijastoja.fr\/wp-content\/uploads\/2026\/01\/IMG_9217-scaled.jpeg\",\"datePublished\":\"2026-01-14T13:23:17+00:00\",\"dateModified\":\"2026-03-17T13:58:30+00:00\",\"description\":\"Veste militaire upcycl\u00e9e aux motifs Star Wars, customis\u00e9e \u00e0 la main. Pi\u00e8ce unique Marija Stoja, hommage d\u00e9cal\u00e9 \u00e0 la saga. Mode responsable Exp\u00e9di\u00e9 rapidement.\",\"breadcrumb\":{\"@id\":\"https:\/\/marijastoja.fr\/produit\/veste-militaire-upcycle-star-wars\/#breadcrumb\"},\"inLanguage\":\"en-US\",\"potentialAction\":[{\"@type\":\"ReadAction\",\"target\":[\"https:\/\/marijastoja.fr\/produit\/veste-militaire-upcycle-star-wars\/\"]}]},{\"@type\":\"ImageObject\",\"inLanguage\":\"en-US\",\"@id\":\"https:\/\/marijastoja.fr\/produit\/veste-militaire-upcycle-star-wars\/#primaryimage\",\"url\":\"https:\/\/marijastoja.fr\/wp-content\/uploads\/2026\/01\/IMG_9217-scaled.jpeg\",\"contentUrl\":\"https:\/\/marijastoja.fr\/wp-content\/uploads\/2026\/01\/IMG_9217-scaled.jpeg\",\"width\":1440,\"height\":2560,\"caption\":\"veste militaire upcycl\u00e9e - Marija Stoja\"},{\"@type\":\"BreadcrumbList\",\"@id\":\"https:\/\/marijastoja.fr\/produit\/veste-militaire-upcycle-star-wars\/#breadcrumb\",\"itemListElement\":[{\"@type\":\"ListItem\",\"position\":1,\"name\":\"Accueil\",\"item\":\"https:\/\/marijastoja.fr\/\"},{\"@type\":\"ListItem\",\"position\":2,\"name\":\"Boutique\",\"item\":\"https:\/\/marijastoja.fr\/boutique\/\"},{\"@type\":\"ListItem\",\"position\":3,\"name\":\"Veste militaire upcycl\u00e9 &#8211; Star Wars\"}]},{\"@type\":\"WebSite\",\"@id\":\"https:\/\/marijastoja.fr\/#website\",\"url\":\"https:\/\/marijastoja.fr\/\",\"name\":\"Marija Stoja\",\"description\":\"Upcycling\",\"publisher\":{\"@id\":\"https:\/\/marijastoja.fr\/#organization\"},\"potentialAction\":[{\"@type\":\"SearchAction\",\"target\":{\"@type\":\"EntryPoint\",\"urlTemplate\":\"https:\/\/marijastoja.fr\/?s={search_term_string}\"},\"query-input\":{\"@type\":\"PropertyValueSpecification\",\"valueRequired\":true,\"valueName\":\"search_term_string\"}}],\"inLanguage\":\"en-US\"},{\"@type\":\"Organization\",\"@id\":\"https:\/\/marijastoja.fr\/#organization\",\"name\":\"Marija Stoja\",\"url\":\"https:\/\/marijastoja.fr\/\",\"logo\":{\"@type\":\"ImageObject\",\"inLanguage\":\"en-US\",\"@id\":\"https:\/\/marijastoja.fr\/#\/schema\/logo\/image\/\",\"url\":\"https:\/\/marijastoja.fr\/wp-content\/uploads\/2025\/12\/cropped-logo-noir.png\",\"contentUrl\":\"https:\/\/marijastoja.fr\/wp-content\/uploads\/2025\/12\/cropped-logo-noir.png\",\"width\":878,\"height\":322,\"caption\":\"Marija Stoja\"},\"image\":{\"@id\":\"https:\/\/marijastoja.fr\/#\/schema\/logo\/image\/\"}}]}<\/script>\n<!-- \/ Yoast SEO plugin. -->","yoast_head_json":{"title":"Veste Militaire Upcycl\u00e9e Star Wars | Marija Stoja","description":"Veste militaire upcycl\u00e9e aux motifs Star Wars, customis\u00e9e \u00e0 la main. Pi\u00e8ce unique Marija Stoja, hommage d\u00e9cal\u00e9 \u00e0 la saga. Mode responsable Exp\u00e9di\u00e9 rapidement.","robots":{"index":"index","follow":"follow","max-snippet":"max-snippet:-1","max-image-preview":"max-image-preview:large","max-video-preview":"max-video-preview:-1"},"canonical":"https:\/\/marijastoja.fr\/en\/product\/veste-militaire-upcycle-star-wars\/","og_locale":"en_US","og_type":"article","og_title":"Veste Militaire Upcycl\u00e9e Star Wars | Marija Stoja","og_description":"Veste militaire upcycl\u00e9e aux motifs Star Wars, customis\u00e9e \u00e0 la main. Pi\u00e8ce unique Marija Stoja, hommage d\u00e9cal\u00e9 \u00e0 la saga. Mode responsable Exp\u00e9di\u00e9 rapidement.","og_url":"https:\/\/marijastoja.fr\/en\/product\/veste-militaire-upcycle-star-wars\/","og_site_name":"Marija Stoja","article_modified_time":"2026-03-17T13:58:30+00:00","og_image":[{"width":1440,"height":2560,"url":"https:\/\/marijastoja.fr\/wp-content\/uploads\/2026\/01\/IMG_9217-scaled.jpeg","type":"image\/jpeg"}],"twitter_card":"summary_large_image","twitter_misc":{"Est. reading time":"1 minute"},"schema":{"@context":"https:\/\/schema.org","@graph":[{"@type":"WebPage","@id":"https:\/\/marijastoja.fr\/produit\/veste-militaire-upcycle-star-wars\/","url":"https:\/\/marijastoja.fr\/produit\/veste-militaire-upcycle-star-wars\/","name":"Veste Militaire Upcycl\u00e9e Star Wars | Marija Stoja","isPartOf":{"@id":"https:\/\/marijastoja.fr\/#website"},"primaryImageOfPage":{"@id":"https:\/\/marijastoja.fr\/produit\/veste-militaire-upcycle-star-wars\/#primaryimage"},"image":{"@id":"https:\/\/marijastoja.fr\/produit\/veste-militaire-upcycle-star-wars\/#primaryimage"},"thumbnailUrl":"https:\/\/marijastoja.fr\/wp-content\/uploads\/2026\/01\/IMG_9217-scaled.jpeg","datePublished":"2026-01-14T13:23:17+00:00","dateModified":"2026-03-17T13:58:30+00:00","description":"Veste militaire upcycl\u00e9e aux motifs Star Wars, customis\u00e9e \u00e0 la main. Pi\u00e8ce unique Marija Stoja, hommage d\u00e9cal\u00e9 \u00e0 la saga. Mode responsable Exp\u00e9di\u00e9 rapidement.","breadcrumb":{"@id":"https:\/\/marijastoja.fr\/produit\/veste-militaire-upcycle-star-wars\/#breadcrumb"},"inLanguage":"en-US","potentialAction":[{"@type":"ReadAction","target":["https:\/\/marijastoja.fr\/produit\/veste-militaire-upcycle-star-wars\/"]}]},{"@type":"ImageObject","inLanguage":"en-US","@id":"https:\/\/marijastoja.fr\/produit\/veste-militaire-upcycle-star-wars\/#primaryimage","url":"https:\/\/marijastoja.fr\/wp-content\/uploads\/2026\/01\/IMG_9217-scaled.jpeg","contentUrl":"https:\/\/marijastoja.fr\/wp-content\/uploads\/2026\/01\/IMG_9217-scaled.jpeg","width":1440,"height":2560,"caption":"veste militaire upcycl\u00e9e - Marija Stoja"},{"@type":"BreadcrumbList","@id":"https:\/\/marijastoja.fr\/produit\/veste-militaire-upcycle-star-wars\/#breadcrumb","itemListElement":[{"@type":"ListItem","position":1,"name":"Accueil","item":"https:\/\/marijastoja.fr\/"},{"@type":"ListItem","position":2,"name":"Boutique","item":"https:\/\/marijastoja.fr\/boutique\/"},{"@type":"ListItem","position":3,"name":"Veste militaire upcycl\u00e9 &#8211; Star Wars"}]},{"@type":"WebSite","@id":"https:\/\/marijastoja.fr\/#website","url":"https:\/\/marijastoja.fr\/","name":"Marija Stoja","description":"Upcycling","publisher":{"@id":"https:\/\/marijastoja.fr\/#organization"},"potentialAction":[{"@type":"SearchAction","target":{"@type":"EntryPoint","urlTemplate":"https:\/\/marijastoja.fr\/?s={search_term_string}"},"query-input":{"@type":"PropertyValueSpecification","valueRequired":true,"valueName":"search_term_string"}}],"inLanguage":"en-US"},{"@type":"Organization","@id":"https:\/\/marijastoja.fr\/#organization","name":"Marija Stoja","url":"https:\/\/marijastoja.fr\/","logo":{"@type":"ImageObject","inLanguage":"en-US","@id":"https:\/\/marijastoja.fr\/#\/schema\/logo\/image\/","url":"https:\/\/marijastoja.fr\/wp-content\/uploads\/2025\/12\/cropped-logo-noir.png","contentUrl":"https:\/\/marijastoja.fr\/wp-content\/uploads\/2025\/12\/cropped-logo-noir.png","width":878,"height":322,"caption":"Marija Stoja"},"image":{"@id":"https:\/\/marijastoja.fr\/#\/schema\/logo\/image\/"}}]}},"jetpack_sharing_enabled":true,"_links":{"self":[{"href":"https:\/\/marijastoja.fr\/en\/wp-json\/wp\/v2\/product\/1266","targetHints":{"allow":["GET"]}}],"collection":[{"href":"https:\/\/marijastoja.fr\/en\/wp-json\/wp\/v2\/product"}],"about":[{"href":"https:\/\/marijastoja.fr\/en\/wp-json\/wp\/v2\/types\/product"}],"replies":[{"embeddable":true,"href":"https:\/\/marijastoja.fr\/en\/wp-json\/wp\/v2\/comments?post=1266"}],"wp:featuredmedia":[{"embeddable":true,"href":"https:\/\/marijastoja.fr\/en\/wp-json\/wp\/v2\/media\/1264"}],"wp:attachment":[{"href":"https:\/\/marijastoja.fr\/en\/wp-json\/wp\/v2\/media?parent=1266"}],"wp:term":[{"taxonomy":"product_brand","embeddable":true,"href":"https:\/\/marijastoja.fr\/en\/wp-json\/wp\/v2\/product_brand?post=1266"},{"taxonomy":"product_cat","embeddable":true,"href":"https:\/\/marijastoja.fr\/en\/wp-json\/wp\/v2\/product_cat?post=1266"},{"taxonomy":"product_tag","embeddable":true,"href":"https:\/\/marijastoja.fr\/en\/wp-json\/wp\/v2\/product_tag?post=1266"},{"taxonomy":"giftcard-category","embeddable":true,"href":"https:\/\/marijastoja.fr\/en\/wp-json\/wp\/v2\/giftcard-category?post=1266"}],"curies":[{"name":"wp","href":"https:\/\/api.w.org\/{rel}","templated":true}]}}