{"id":1280,"date":"2026-01-15T14:09:54","date_gmt":"2026-01-15T13:09:54","guid":{"rendered":"https:\/\/marijastoja.fr\/?post_type=product&#038;p=1280"},"modified":"2026-03-17T14:58:17","modified_gmt":"2026-03-17T13:58:17","slug":"chouchou-a-imprimes-varies-fait-main","status":"publish","type":"product","link":"https:\/\/marijastoja.fr\/en\/product\/chouchou-a-imprimes-varies-fait-main\/","title":{"rendered":"Chouchou \u00e0 imprim\u00e9s vari\u00e9s"},"content":{"rendered":"<h2>Chouchou Imprim\u00e9 Fait Main \u2013 D\u00e9tails de la pi\u00e8ce<\/h2>\n<p data-start=\"2773\" data-end=\"2983\">Chouchou imprim\u00e9 fait main, ces chouchous \u00e0 imprim\u00e9s sont pens\u00e9s comme de petits terrains d\u2019expression textile. Fleurs, motifs graphiques, inspirations vintage ou street: chaque tissu est choisi pour son caract\u00e8re et son potentiel visuel.<\/p>\n<p data-start=\"2985\" data-end=\"3249\">Fabriqu\u00e9s \u00e0 la main en petite s\u00e9rie ou en pi\u00e8ce unique, ils permettent de changer de style selon l\u2019humeur, la tenue ou l\u2019\u00e9nergie du jour. Toujours confortables, ils maintiennent les cheveux sans les ab\u00eemer et peuvent aussi se porter au poignet comme un accessoire.<\/p>\n<p data-start=\"3251\" data-end=\"3316\">Chaque chouchou est diff\u00e9rent, parce que chaque jour l\u2019est aussi.<\/p>\n<p data-start=\"3318\" data-end=\"3432\">\ud83c\udfad Fait main<br data-start=\"3330\" data-end=\"3333\" \/>\ud83c\udfad Imprim\u00e9s vari\u00e9s et originaux<br data-start=\"3364\" data-end=\"3367\" \/>\ud83c\udfad Confortable et r\u00e9sistant<br data-start=\"3394\" data-end=\"3397\" \/>\ud83c\udfad Production raisonn\u00e9e \/ upcycling<\/p>\n<p>D\u00e9couvrez \u00e9galement nos autres <a href=\"https:\/\/marijastoja.fr\/en\/accessoires\/\">accessoires faits main<\/a> dans la boutique Marija Stoja. Pour en savoir plus sur l&rsquo;<a href=\"https:\/\/fr.wikipedia.org\/wiki\/Upcycling\" target=\"_blank\" rel=\"noopener\">upcycling<\/a> et la mode responsable, explorez notre univers cr\u00e9atif.<\/p>","protected":false},"excerpt":{"rendered":"<p>Chouchou Imprim\u00e9 Fait Main \u2013 D\u00e9tails de la pi\u00e8ce Chouchou imprim\u00e9 fait main, ces chouchous \u00e0 imprim\u00e9s sont pens\u00e9s comme de petits terrains d\u2019expression textile. Fleurs, motifs graphiques, inspirations vintage ou street: chaque tissu est choisi pour son caract\u00e8re et son potentiel visuel. Fabriqu\u00e9s \u00e0 la main en petite s\u00e9rie ou en pi\u00e8ce unique, ils [&hellip;]<\/p>\n","protected":false},"featured_media":1296,"comment_status":"open","ping_status":"closed","template":"","meta":{"_acf_changed":false},"product_brand":[],"product_cat":[24,64,15],"product_tag":[],"giftcard-category":[],"class_list":{"0":"post-1280","1":"product","2":"type-product","3":"status-publish","4":"has-post-thumbnail","6":"product_cat-accessoires","7":"product_cat-chouchous","8":"product_cat-non-classe","10":"first","11":"instock","12":"shipping-taxable","13":"purchasable","14":"product-type-variable","15":"wvs-archive-product-wrapper"},"acf":[],"yoast_head":"<!-- This site is optimized with the Yoast SEO plugin v27.2 - https:\/\/yoast.com\/product\/yoast-seo-wordpress\/ -->\n<title>Chouchou Imprim\u00e9 Fait Main | Pi\u00e8ce Unique | Marija Stoja<\/title>\n<meta name=\"description\" content=\"Chouchou imprim\u00e9 fait main par Marija Stoja. Accessoire unique aux imprim\u00e9s vari\u00e9s, fabriqu\u00e9 artisanalement. Mode responsable et originale Exp\u00e9di\u00e9 rapidement.\" \/>\n<meta name=\"robots\" content=\"index, follow, max-snippet:-1, max-image-preview:large, max-video-preview:-1\" \/>\n<link rel=\"canonical\" href=\"https:\/\/marijastoja.fr\/en\/product\/chouchou-a-imprimes-varies-fait-main\/\" \/>\n<meta property=\"og:locale\" content=\"en_US\" \/>\n<meta property=\"og:type\" content=\"article\" \/>\n<meta property=\"og:title\" content=\"Chouchou Imprim\u00e9 Fait Main | Pi\u00e8ce Unique | Marija Stoja\" \/>\n<meta property=\"og:description\" content=\"Chouchou imprim\u00e9 fait main par Marija Stoja. Accessoire unique aux imprim\u00e9s vari\u00e9s, fabriqu\u00e9 artisanalement. Mode responsable et originale Exp\u00e9di\u00e9 rapidement.\" \/>\n<meta property=\"og:url\" content=\"https:\/\/marijastoja.fr\/en\/product\/chouchou-a-imprimes-varies-fait-main\/\" \/>\n<meta property=\"og:site_name\" content=\"Marija Stoja\" \/>\n<meta property=\"article:modified_time\" content=\"2026-03-17T13:58:17+00:00\" \/>\n<meta property=\"og:image\" content=\"https:\/\/marijastoja.fr\/wp-content\/uploads\/2026\/01\/IMG_9296-scaled.jpeg\" \/>\n\t<meta property=\"og:image:width\" content=\"1440\" \/>\n\t<meta property=\"og:image:height\" content=\"2560\" \/>\n\t<meta property=\"og:image:type\" content=\"image\/jpeg\" \/>\n<meta name=\"twitter:card\" content=\"summary_large_image\" \/>\n<meta name=\"twitter:label1\" content=\"Est. reading time\" \/>\n\t<meta name=\"twitter:data1\" content=\"1 minute\" \/>\n<script type=\"application\/ld+json\" class=\"yoast-schema-graph\">{\"@context\":\"https:\/\/schema.org\",\"@graph\":[{\"@type\":\"WebPage\",\"@id\":\"https:\/\/marijastoja.fr\/produit\/chouchou-a-imprimes-varies-fait-main\/\",\"url\":\"https:\/\/marijastoja.fr\/produit\/chouchou-a-imprimes-varies-fait-main\/\",\"name\":\"Chouchou Imprim\u00e9 Fait Main | Pi\u00e8ce Unique | Marija Stoja\",\"isPartOf\":{\"@id\":\"https:\/\/marijastoja.fr\/#website\"},\"primaryImageOfPage\":{\"@id\":\"https:\/\/marijastoja.fr\/produit\/chouchou-a-imprimes-varies-fait-main\/#primaryimage\"},\"image\":{\"@id\":\"https:\/\/marijastoja.fr\/produit\/chouchou-a-imprimes-varies-fait-main\/#primaryimage\"},\"thumbnailUrl\":\"https:\/\/marijastoja.fr\/wp-content\/uploads\/2026\/01\/IMG_9296-scaled.jpeg\",\"datePublished\":\"2026-01-15T13:09:54+00:00\",\"dateModified\":\"2026-03-17T13:58:17+00:00\",\"description\":\"Chouchou imprim\u00e9 fait main par Marija Stoja. Accessoire unique aux imprim\u00e9s vari\u00e9s, fabriqu\u00e9 artisanalement. Mode responsable et originale Exp\u00e9di\u00e9 rapidement.\",\"breadcrumb\":{\"@id\":\"https:\/\/marijastoja.fr\/produit\/chouchou-a-imprimes-varies-fait-main\/#breadcrumb\"},\"inLanguage\":\"en-US\",\"potentialAction\":[{\"@type\":\"ReadAction\",\"target\":[\"https:\/\/marijastoja.fr\/produit\/chouchou-a-imprimes-varies-fait-main\/\"]}]},{\"@type\":\"ImageObject\",\"inLanguage\":\"en-US\",\"@id\":\"https:\/\/marijastoja.fr\/produit\/chouchou-a-imprimes-varies-fait-main\/#primaryimage\",\"url\":\"https:\/\/marijastoja.fr\/wp-content\/uploads\/2026\/01\/IMG_9296-scaled.jpeg\",\"contentUrl\":\"https:\/\/marijastoja.fr\/wp-content\/uploads\/2026\/01\/IMG_9296-scaled.jpeg\",\"width\":1440,\"height\":2560,\"caption\":\"chouchou imprim\u00e9 fait main - Marija Stoja\"},{\"@type\":\"BreadcrumbList\",\"@id\":\"https:\/\/marijastoja.fr\/produit\/chouchou-a-imprimes-varies-fait-main\/#breadcrumb\",\"itemListElement\":[{\"@type\":\"ListItem\",\"position\":1,\"name\":\"Accueil\",\"item\":\"https:\/\/marijastoja.fr\/\"},{\"@type\":\"ListItem\",\"position\":2,\"name\":\"Boutique\",\"item\":\"https:\/\/marijastoja.fr\/boutique\/\"},{\"@type\":\"ListItem\",\"position\":3,\"name\":\"Chouchou \u00e0 imprim\u00e9s vari\u00e9s\"}]},{\"@type\":\"WebSite\",\"@id\":\"https:\/\/marijastoja.fr\/#website\",\"url\":\"https:\/\/marijastoja.fr\/\",\"name\":\"Marija Stoja\",\"description\":\"Upcycling\",\"publisher\":{\"@id\":\"https:\/\/marijastoja.fr\/#organization\"},\"potentialAction\":[{\"@type\":\"SearchAction\",\"target\":{\"@type\":\"EntryPoint\",\"urlTemplate\":\"https:\/\/marijastoja.fr\/?s={search_term_string}\"},\"query-input\":{\"@type\":\"PropertyValueSpecification\",\"valueRequired\":true,\"valueName\":\"search_term_string\"}}],\"inLanguage\":\"en-US\"},{\"@type\":\"Organization\",\"@id\":\"https:\/\/marijastoja.fr\/#organization\",\"name\":\"Marija Stoja\",\"url\":\"https:\/\/marijastoja.fr\/\",\"logo\":{\"@type\":\"ImageObject\",\"inLanguage\":\"en-US\",\"@id\":\"https:\/\/marijastoja.fr\/#\/schema\/logo\/image\/\",\"url\":\"https:\/\/marijastoja.fr\/wp-content\/uploads\/2025\/12\/cropped-logo-noir.png\",\"contentUrl\":\"https:\/\/marijastoja.fr\/wp-content\/uploads\/2025\/12\/cropped-logo-noir.png\",\"width\":878,\"height\":322,\"caption\":\"Marija Stoja\"},\"image\":{\"@id\":\"https:\/\/marijastoja.fr\/#\/schema\/logo\/image\/\"}}]}<\/script>\n<!-- \/ Yoast SEO plugin. -->","yoast_head_json":{"title":"Chouchou Imprim\u00e9 Fait Main | Pi\u00e8ce Unique | Marija Stoja","description":"Chouchou imprim\u00e9 fait main par Marija Stoja. Accessoire unique aux imprim\u00e9s vari\u00e9s, fabriqu\u00e9 artisanalement. Mode responsable et originale Exp\u00e9di\u00e9 rapidement.","robots":{"index":"index","follow":"follow","max-snippet":"max-snippet:-1","max-image-preview":"max-image-preview:large","max-video-preview":"max-video-preview:-1"},"canonical":"https:\/\/marijastoja.fr\/en\/product\/chouchou-a-imprimes-varies-fait-main\/","og_locale":"en_US","og_type":"article","og_title":"Chouchou Imprim\u00e9 Fait Main | Pi\u00e8ce Unique | Marija Stoja","og_description":"Chouchou imprim\u00e9 fait main par Marija Stoja. Accessoire unique aux imprim\u00e9s vari\u00e9s, fabriqu\u00e9 artisanalement. Mode responsable et originale Exp\u00e9di\u00e9 rapidement.","og_url":"https:\/\/marijastoja.fr\/en\/product\/chouchou-a-imprimes-varies-fait-main\/","og_site_name":"Marija Stoja","article_modified_time":"2026-03-17T13:58:17+00:00","og_image":[{"width":1440,"height":2560,"url":"https:\/\/marijastoja.fr\/wp-content\/uploads\/2026\/01\/IMG_9296-scaled.jpeg","type":"image\/jpeg"}],"twitter_card":"summary_large_image","twitter_misc":{"Est. reading time":"1 minute"},"schema":{"@context":"https:\/\/schema.org","@graph":[{"@type":"WebPage","@id":"https:\/\/marijastoja.fr\/produit\/chouchou-a-imprimes-varies-fait-main\/","url":"https:\/\/marijastoja.fr\/produit\/chouchou-a-imprimes-varies-fait-main\/","name":"Chouchou Imprim\u00e9 Fait Main | Pi\u00e8ce Unique | Marija Stoja","isPartOf":{"@id":"https:\/\/marijastoja.fr\/#website"},"primaryImageOfPage":{"@id":"https:\/\/marijastoja.fr\/produit\/chouchou-a-imprimes-varies-fait-main\/#primaryimage"},"image":{"@id":"https:\/\/marijastoja.fr\/produit\/chouchou-a-imprimes-varies-fait-main\/#primaryimage"},"thumbnailUrl":"https:\/\/marijastoja.fr\/wp-content\/uploads\/2026\/01\/IMG_9296-scaled.jpeg","datePublished":"2026-01-15T13:09:54+00:00","dateModified":"2026-03-17T13:58:17+00:00","description":"Chouchou imprim\u00e9 fait main par Marija Stoja. Accessoire unique aux imprim\u00e9s vari\u00e9s, fabriqu\u00e9 artisanalement. Mode responsable et originale Exp\u00e9di\u00e9 rapidement.","breadcrumb":{"@id":"https:\/\/marijastoja.fr\/produit\/chouchou-a-imprimes-varies-fait-main\/#breadcrumb"},"inLanguage":"en-US","potentialAction":[{"@type":"ReadAction","target":["https:\/\/marijastoja.fr\/produit\/chouchou-a-imprimes-varies-fait-main\/"]}]},{"@type":"ImageObject","inLanguage":"en-US","@id":"https:\/\/marijastoja.fr\/produit\/chouchou-a-imprimes-varies-fait-main\/#primaryimage","url":"https:\/\/marijastoja.fr\/wp-content\/uploads\/2026\/01\/IMG_9296-scaled.jpeg","contentUrl":"https:\/\/marijastoja.fr\/wp-content\/uploads\/2026\/01\/IMG_9296-scaled.jpeg","width":1440,"height":2560,"caption":"chouchou imprim\u00e9 fait main - Marija Stoja"},{"@type":"BreadcrumbList","@id":"https:\/\/marijastoja.fr\/produit\/chouchou-a-imprimes-varies-fait-main\/#breadcrumb","itemListElement":[{"@type":"ListItem","position":1,"name":"Accueil","item":"https:\/\/marijastoja.fr\/"},{"@type":"ListItem","position":2,"name":"Boutique","item":"https:\/\/marijastoja.fr\/boutique\/"},{"@type":"ListItem","position":3,"name":"Chouchou \u00e0 imprim\u00e9s vari\u00e9s"}]},{"@type":"WebSite","@id":"https:\/\/marijastoja.fr\/#website","url":"https:\/\/marijastoja.fr\/","name":"Marija Stoja","description":"Upcycling","publisher":{"@id":"https:\/\/marijastoja.fr\/#organization"},"potentialAction":[{"@type":"SearchAction","target":{"@type":"EntryPoint","urlTemplate":"https:\/\/marijastoja.fr\/?s={search_term_string}"},"query-input":{"@type":"PropertyValueSpecification","valueRequired":true,"valueName":"search_term_string"}}],"inLanguage":"en-US"},{"@type":"Organization","@id":"https:\/\/marijastoja.fr\/#organization","name":"Marija Stoja","url":"https:\/\/marijastoja.fr\/","logo":{"@type":"ImageObject","inLanguage":"en-US","@id":"https:\/\/marijastoja.fr\/#\/schema\/logo\/image\/","url":"https:\/\/marijastoja.fr\/wp-content\/uploads\/2025\/12\/cropped-logo-noir.png","contentUrl":"https:\/\/marijastoja.fr\/wp-content\/uploads\/2025\/12\/cropped-logo-noir.png","width":878,"height":322,"caption":"Marija Stoja"},"image":{"@id":"https:\/\/marijastoja.fr\/#\/schema\/logo\/image\/"}}]}},"jetpack_sharing_enabled":true,"_links":{"self":[{"href":"https:\/\/marijastoja.fr\/en\/wp-json\/wp\/v2\/product\/1280","targetHints":{"allow":["GET"]}}],"collection":[{"href":"https:\/\/marijastoja.fr\/en\/wp-json\/wp\/v2\/product"}],"about":[{"href":"https:\/\/marijastoja.fr\/en\/wp-json\/wp\/v2\/types\/product"}],"replies":[{"embeddable":true,"href":"https:\/\/marijastoja.fr\/en\/wp-json\/wp\/v2\/comments?post=1280"}],"wp:featuredmedia":[{"embeddable":true,"href":"https:\/\/marijastoja.fr\/en\/wp-json\/wp\/v2\/media\/1296"}],"wp:attachment":[{"href":"https:\/\/marijastoja.fr\/en\/wp-json\/wp\/v2\/media?parent=1280"}],"wp:term":[{"taxonomy":"product_brand","embeddable":true,"href":"https:\/\/marijastoja.fr\/en\/wp-json\/wp\/v2\/product_brand?post=1280"},{"taxonomy":"product_cat","embeddable":true,"href":"https:\/\/marijastoja.fr\/en\/wp-json\/wp\/v2\/product_cat?post=1280"},{"taxonomy":"product_tag","embeddable":true,"href":"https:\/\/marijastoja.fr\/en\/wp-json\/wp\/v2\/product_tag?post=1280"},{"taxonomy":"giftcard-category","embeddable":true,"href":"https:\/\/marijastoja.fr\/en\/wp-json\/wp\/v2\/giftcard-category?post=1280"}],"curies":[{"name":"wp","href":"https:\/\/api.w.org\/{rel}","templated":true}]}}