{"id":1327,"date":"2026-01-17T10:50:37","date_gmt":"2026-01-17T09:50:37","guid":{"rendered":"https:\/\/marijastoja.fr\/?post_type=product&#038;p=1327"},"modified":"2026-03-04T11:49:20","modified_gmt":"2026-03-04T10:49:20","slug":"veste-jean-cendrillon-upcyclee","status":"publish","type":"product","link":"https:\/\/marijastoja.fr\/en\/product\/veste-jean-cendrillon-upcyclee\/","title":{"rendered":"Cinderella upcycled denim jacket"},"content":{"rendered":"<h2>Veste En Jean Upcycl\u00e9e \u2013 D\u00e9tails de la pi\u00e8ce<\/h2>\n<p data-start=\"280\" data-end=\"508\">Veste en jean upcycl\u00e9e, cette veste en jean est une r\u00e9interpr\u00e9tation contemporaine et po\u00e9tique du conte de Cendrillon. Pens\u00e9e comme une \u0153uvre \u00e0 porter, elle raconte l\u2019instant fragile entre le r\u00eave et la fuite, juste avant que l\u2019horloge ne sonne minuit.<\/p>\n<p data-start=\"510\" data-end=\"868\">Au dos, le portrait de Cendrillon est encadr\u00e9 et sublim\u00e9 par des d\u00e9tails en strass d\u00e9licatement pos\u00e9s, comme des \u00e9clats de lumi\u00e8re. Des oiseaux bleus, symboles de libert\u00e9 et de transformation, traversent la veste et cr\u00e9ent un mouvement narratif, comme si l\u2019h\u00e9ro\u00efne s\u2019\u00e9chappait du conte. Un strass bijou au cou vient signer la pi\u00e8ce comme un collier pr\u00e9cieux.<\/p>\n<p data-start=\"870\" data-end=\"1203\">Sur le devant, cousus \u00e0 la main m\u00eale fleurs, oiseaux et d\u00e9tails graphiques. De petits strass sont pos\u00e9s comme des gouttes de ros\u00e9e, apportant une touche de lumi\u00e8re subtile et \u00e9l\u00e9gante.<\/p>\n<p data-start=\"870\" data-end=\"1203\">Cette veste est une <strong data-start=\"1284\" data-end=\"1300\">pi\u00e8ce unique<\/strong>, issue de l\u2019upcycling, et ne sera jamais reproduite \u00e0 l\u2019identique.<\/p>\n<p data-start=\"870\" data-end=\"1203\">Il est \u00e9galement possible de demander une\u00a0<strong data-start=\"1494\" data-end=\"1549\">customized creation<\/strong>, via l\u2019onglet du menu\u00a0<strong data-start=\"1572\" data-end=\"1602\">\u00ab Cr\u00e9ation personnalis\u00e9e \u00bb\u00a0<\/strong>ou en cliquant<strong data-start=\"1572\" data-end=\"1602\"><a href=\"https:\/\/marijastoja.fr\/en\/sur-mesure\/\">\u00a0ici<\/a>.<\/strong><\/p>\n<blockquote data-start=\"1491\" data-end=\"1565\">\n<p data-start=\"1493\" data-end=\"1565\">\n<\/blockquote>\n<p>D\u00e9couvrez \u00e9galement nos autres <a href=\"https:\/\/marijastoja.fr\/en\/vestes-2\/\">vestes upcycl\u00e9es<\/a> dans la boutique Marija Stoja. Pour en savoir plus sur l&rsquo;<a href=\"https:\/\/fr.wikipedia.org\/wiki\/Upcycling\" target=\"_blank\" rel=\"noopener\">upcycling<\/a> et la mode responsable, explorez notre univers cr\u00e9atif.<\/p>","protected":false},"excerpt":{"rendered":"<p>Veste En Jean Upcycl\u00e9e \u2013 D\u00e9tails de la pi\u00e8ce Veste en jean upcycl\u00e9e, cette veste en jean est une r\u00e9interpr\u00e9tation contemporaine et po\u00e9tique du conte de Cendrillon. Pens\u00e9e comme une \u0153uvre \u00e0 porter, elle raconte l\u2019instant fragile entre le r\u00eave et la fuite, juste avant que l\u2019horloge ne sonne minuit. Au dos, le portrait de [&hellip;]<\/p>\n","protected":false},"featured_media":1324,"comment_status":"open","ping_status":"closed","template":"","meta":{"_acf_changed":false},"product_brand":[],"product_cat":[15,23],"product_tag":[],"giftcard-category":[],"class_list":{"0":"post-1327","1":"product","2":"type-product","3":"status-publish","4":"has-post-thumbnail","6":"product_cat-non-classe","7":"product_cat-vestes","8":"pa_taille-s","10":"first","11":"instock","12":"shipping-taxable","13":"purchasable","14":"product-type-simple"},"acf":[],"yoast_head":"<!-- This site is optimized with the Yoast SEO plugin v27.2 - https:\/\/yoast.com\/product\/yoast-seo-wordpress\/ -->\n<title>Veste en Jean Upcycl\u00e9e Cendrillon | Marija Stoja<\/title>\n<meta name=\"description\" content=\"Veste en jean upcycl\u00e9e aux motifs Cendrillon, customis\u00e9e \u00e0 la main. Pi\u00e8ce unique et originale Marija Stoja. Mode responsable et cr\u00e9ative Commandez maintenant !\" \/>\n<meta name=\"robots\" content=\"index, follow, max-snippet:-1, max-image-preview:large, max-video-preview:-1\" \/>\n<link rel=\"canonical\" href=\"https:\/\/marijastoja.fr\/en\/product\/veste-jean-cendrillon-upcyclee\/\" \/>\n<meta property=\"og:locale\" content=\"en_US\" \/>\n<meta property=\"og:type\" content=\"article\" \/>\n<meta property=\"og:title\" content=\"Veste en Jean Upcycl\u00e9e Cendrillon | Marija Stoja\" \/>\n<meta property=\"og:description\" content=\"Veste en jean upcycl\u00e9e aux motifs Cendrillon, customis\u00e9e \u00e0 la main. Pi\u00e8ce unique et originale Marija Stoja. Mode responsable et cr\u00e9ative Commandez maintenant !\" \/>\n<meta property=\"og:url\" content=\"https:\/\/marijastoja.fr\/en\/product\/veste-jean-cendrillon-upcyclee\/\" \/>\n<meta property=\"og:site_name\" content=\"Marija Stoja\" \/>\n<meta property=\"article:modified_time\" content=\"2026-03-04T10:49:20+00:00\" \/>\n<meta property=\"og:image\" content=\"https:\/\/marijastoja.fr\/wp-content\/uploads\/2026\/01\/IMG_9333-scaled.jpeg\" \/>\n\t<meta property=\"og:image:width\" content=\"1440\" \/>\n\t<meta property=\"og:image:height\" content=\"2560\" \/>\n\t<meta property=\"og:image:type\" content=\"image\/jpeg\" \/>\n<meta name=\"twitter:card\" content=\"summary_large_image\" \/>\n<meta name=\"twitter:label1\" content=\"Est. reading time\" \/>\n\t<meta name=\"twitter:data1\" content=\"1 minute\" \/>\n<script type=\"application\/ld+json\" class=\"yoast-schema-graph\">{\"@context\":\"https:\/\/schema.org\",\"@graph\":[{\"@type\":\"WebPage\",\"@id\":\"https:\/\/marijastoja.fr\/produit\/veste-jean-cendrillon-upcyclee\/\",\"url\":\"https:\/\/marijastoja.fr\/produit\/veste-jean-cendrillon-upcyclee\/\",\"name\":\"Veste en Jean Upcycl\u00e9e Cendrillon | Marija Stoja\",\"isPartOf\":{\"@id\":\"https:\/\/marijastoja.fr\/#website\"},\"primaryImageOfPage\":{\"@id\":\"https:\/\/marijastoja.fr\/produit\/veste-jean-cendrillon-upcyclee\/#primaryimage\"},\"image\":{\"@id\":\"https:\/\/marijastoja.fr\/produit\/veste-jean-cendrillon-upcyclee\/#primaryimage\"},\"thumbnailUrl\":\"https:\/\/marijastoja.fr\/wp-content\/uploads\/2026\/01\/IMG_9333-scaled.jpeg\",\"datePublished\":\"2026-01-17T09:50:37+00:00\",\"dateModified\":\"2026-03-04T10:49:20+00:00\",\"description\":\"Veste en jean upcycl\u00e9e aux motifs Cendrillon, customis\u00e9e \u00e0 la main. Pi\u00e8ce unique et originale Marija Stoja. Mode responsable et cr\u00e9ative Commandez maintenant !\",\"breadcrumb\":{\"@id\":\"https:\/\/marijastoja.fr\/produit\/veste-jean-cendrillon-upcyclee\/#breadcrumb\"},\"inLanguage\":\"en-US\",\"potentialAction\":[{\"@type\":\"ReadAction\",\"target\":[\"https:\/\/marijastoja.fr\/produit\/veste-jean-cendrillon-upcyclee\/\"]}]},{\"@type\":\"ImageObject\",\"inLanguage\":\"en-US\",\"@id\":\"https:\/\/marijastoja.fr\/produit\/veste-jean-cendrillon-upcyclee\/#primaryimage\",\"url\":\"https:\/\/marijastoja.fr\/wp-content\/uploads\/2026\/01\/IMG_9333-scaled.jpeg\",\"contentUrl\":\"https:\/\/marijastoja.fr\/wp-content\/uploads\/2026\/01\/IMG_9333-scaled.jpeg\",\"width\":1440,\"height\":2560,\"caption\":\"veste en jean upcycl\u00e9e - Marija Stoja\"},{\"@type\":\"BreadcrumbList\",\"@id\":\"https:\/\/marijastoja.fr\/produit\/veste-jean-cendrillon-upcyclee\/#breadcrumb\",\"itemListElement\":[{\"@type\":\"ListItem\",\"position\":1,\"name\":\"Accueil\",\"item\":\"https:\/\/marijastoja.fr\/\"},{\"@type\":\"ListItem\",\"position\":2,\"name\":\"Boutique\",\"item\":\"https:\/\/marijastoja.fr\/boutique\/\"},{\"@type\":\"ListItem\",\"position\":3,\"name\":\"Veste en jean upcycl\u00e9es Cendrillon\"}]},{\"@type\":\"WebSite\",\"@id\":\"https:\/\/marijastoja.fr\/#website\",\"url\":\"https:\/\/marijastoja.fr\/\",\"name\":\"Marija Stoja\",\"description\":\"Upcycling\",\"publisher\":{\"@id\":\"https:\/\/marijastoja.fr\/#organization\"},\"potentialAction\":[{\"@type\":\"SearchAction\",\"target\":{\"@type\":\"EntryPoint\",\"urlTemplate\":\"https:\/\/marijastoja.fr\/?s={search_term_string}\"},\"query-input\":{\"@type\":\"PropertyValueSpecification\",\"valueRequired\":true,\"valueName\":\"search_term_string\"}}],\"inLanguage\":\"en-US\"},{\"@type\":\"Organization\",\"@id\":\"https:\/\/marijastoja.fr\/#organization\",\"name\":\"Marija Stoja\",\"url\":\"https:\/\/marijastoja.fr\/\",\"logo\":{\"@type\":\"ImageObject\",\"inLanguage\":\"en-US\",\"@id\":\"https:\/\/marijastoja.fr\/#\/schema\/logo\/image\/\",\"url\":\"https:\/\/marijastoja.fr\/wp-content\/uploads\/2025\/12\/cropped-logo-noir.png\",\"contentUrl\":\"https:\/\/marijastoja.fr\/wp-content\/uploads\/2025\/12\/cropped-logo-noir.png\",\"width\":878,\"height\":322,\"caption\":\"Marija Stoja\"},\"image\":{\"@id\":\"https:\/\/marijastoja.fr\/#\/schema\/logo\/image\/\"}}]}<\/script>\n<!-- \/ Yoast SEO plugin. -->","yoast_head_json":{"title":"Veste en Jean Upcycl\u00e9e Cendrillon | Marija Stoja","description":"Veste en jean upcycl\u00e9e aux motifs Cendrillon, customis\u00e9e \u00e0 la main. Pi\u00e8ce unique et originale Marija Stoja. Mode responsable et cr\u00e9ative Commandez maintenant !","robots":{"index":"index","follow":"follow","max-snippet":"max-snippet:-1","max-image-preview":"max-image-preview:large","max-video-preview":"max-video-preview:-1"},"canonical":"https:\/\/marijastoja.fr\/en\/product\/veste-jean-cendrillon-upcyclee\/","og_locale":"en_US","og_type":"article","og_title":"Veste en Jean Upcycl\u00e9e Cendrillon | Marija Stoja","og_description":"Veste en jean upcycl\u00e9e aux motifs Cendrillon, customis\u00e9e \u00e0 la main. Pi\u00e8ce unique et originale Marija Stoja. Mode responsable et cr\u00e9ative Commandez maintenant !","og_url":"https:\/\/marijastoja.fr\/en\/product\/veste-jean-cendrillon-upcyclee\/","og_site_name":"Marija Stoja","article_modified_time":"2026-03-04T10:49:20+00:00","og_image":[{"width":1440,"height":2560,"url":"https:\/\/marijastoja.fr\/wp-content\/uploads\/2026\/01\/IMG_9333-scaled.jpeg","type":"image\/jpeg"}],"twitter_card":"summary_large_image","twitter_misc":{"Est. reading time":"1 minute"},"schema":{"@context":"https:\/\/schema.org","@graph":[{"@type":"WebPage","@id":"https:\/\/marijastoja.fr\/produit\/veste-jean-cendrillon-upcyclee\/","url":"https:\/\/marijastoja.fr\/produit\/veste-jean-cendrillon-upcyclee\/","name":"Veste en Jean Upcycl\u00e9e Cendrillon | Marija Stoja","isPartOf":{"@id":"https:\/\/marijastoja.fr\/#website"},"primaryImageOfPage":{"@id":"https:\/\/marijastoja.fr\/produit\/veste-jean-cendrillon-upcyclee\/#primaryimage"},"image":{"@id":"https:\/\/marijastoja.fr\/produit\/veste-jean-cendrillon-upcyclee\/#primaryimage"},"thumbnailUrl":"https:\/\/marijastoja.fr\/wp-content\/uploads\/2026\/01\/IMG_9333-scaled.jpeg","datePublished":"2026-01-17T09:50:37+00:00","dateModified":"2026-03-04T10:49:20+00:00","description":"Veste en jean upcycl\u00e9e aux motifs Cendrillon, customis\u00e9e \u00e0 la main. Pi\u00e8ce unique et originale Marija Stoja. Mode responsable et cr\u00e9ative Commandez maintenant !","breadcrumb":{"@id":"https:\/\/marijastoja.fr\/produit\/veste-jean-cendrillon-upcyclee\/#breadcrumb"},"inLanguage":"en-US","potentialAction":[{"@type":"ReadAction","target":["https:\/\/marijastoja.fr\/produit\/veste-jean-cendrillon-upcyclee\/"]}]},{"@type":"ImageObject","inLanguage":"en-US","@id":"https:\/\/marijastoja.fr\/produit\/veste-jean-cendrillon-upcyclee\/#primaryimage","url":"https:\/\/marijastoja.fr\/wp-content\/uploads\/2026\/01\/IMG_9333-scaled.jpeg","contentUrl":"https:\/\/marijastoja.fr\/wp-content\/uploads\/2026\/01\/IMG_9333-scaled.jpeg","width":1440,"height":2560,"caption":"veste en jean upcycl\u00e9e - Marija Stoja"},{"@type":"BreadcrumbList","@id":"https:\/\/marijastoja.fr\/produit\/veste-jean-cendrillon-upcyclee\/#breadcrumb","itemListElement":[{"@type":"ListItem","position":1,"name":"Accueil","item":"https:\/\/marijastoja.fr\/"},{"@type":"ListItem","position":2,"name":"Boutique","item":"https:\/\/marijastoja.fr\/boutique\/"},{"@type":"ListItem","position":3,"name":"Veste en jean upcycl\u00e9es Cendrillon"}]},{"@type":"WebSite","@id":"https:\/\/marijastoja.fr\/#website","url":"https:\/\/marijastoja.fr\/","name":"Marija Stoja","description":"Upcycling","publisher":{"@id":"https:\/\/marijastoja.fr\/#organization"},"potentialAction":[{"@type":"SearchAction","target":{"@type":"EntryPoint","urlTemplate":"https:\/\/marijastoja.fr\/?s={search_term_string}"},"query-input":{"@type":"PropertyValueSpecification","valueRequired":true,"valueName":"search_term_string"}}],"inLanguage":"en-US"},{"@type":"Organization","@id":"https:\/\/marijastoja.fr\/#organization","name":"Marija Stoja","url":"https:\/\/marijastoja.fr\/","logo":{"@type":"ImageObject","inLanguage":"en-US","@id":"https:\/\/marijastoja.fr\/#\/schema\/logo\/image\/","url":"https:\/\/marijastoja.fr\/wp-content\/uploads\/2025\/12\/cropped-logo-noir.png","contentUrl":"https:\/\/marijastoja.fr\/wp-content\/uploads\/2025\/12\/cropped-logo-noir.png","width":878,"height":322,"caption":"Marija Stoja"},"image":{"@id":"https:\/\/marijastoja.fr\/#\/schema\/logo\/image\/"}}]}},"jetpack_sharing_enabled":true,"_links":{"self":[{"href":"https:\/\/marijastoja.fr\/en\/wp-json\/wp\/v2\/product\/1327","targetHints":{"allow":["GET"]}}],"collection":[{"href":"https:\/\/marijastoja.fr\/en\/wp-json\/wp\/v2\/product"}],"about":[{"href":"https:\/\/marijastoja.fr\/en\/wp-json\/wp\/v2\/types\/product"}],"replies":[{"embeddable":true,"href":"https:\/\/marijastoja.fr\/en\/wp-json\/wp\/v2\/comments?post=1327"}],"wp:featuredmedia":[{"embeddable":true,"href":"https:\/\/marijastoja.fr\/en\/wp-json\/wp\/v2\/media\/1324"}],"wp:attachment":[{"href":"https:\/\/marijastoja.fr\/en\/wp-json\/wp\/v2\/media?parent=1327"}],"wp:term":[{"taxonomy":"product_brand","embeddable":true,"href":"https:\/\/marijastoja.fr\/en\/wp-json\/wp\/v2\/product_brand?post=1327"},{"taxonomy":"product_cat","embeddable":true,"href":"https:\/\/marijastoja.fr\/en\/wp-json\/wp\/v2\/product_cat?post=1327"},{"taxonomy":"product_tag","embeddable":true,"href":"https:\/\/marijastoja.fr\/en\/wp-json\/wp\/v2\/product_tag?post=1327"},{"taxonomy":"giftcard-category","embeddable":true,"href":"https:\/\/marijastoja.fr\/en\/wp-json\/wp\/v2\/giftcard-category?post=1327"}],"curies":[{"name":"wp","href":"https:\/\/api.w.org\/{rel}","templated":true}]}}