{"id":1328,"date":"2026-01-17T10:57:59","date_gmt":"2026-01-17T09:57:59","guid":{"rendered":"https:\/\/marijastoja.fr\/?post_type=product&#038;p=1328"},"modified":"2026-03-17T14:58:06","modified_gmt":"2026-03-17T13:58:06","slug":"veste-camouflage-upcyclee-thug-mouse-stars-piece-unique","status":"publish","type":"product","link":"https:\/\/marijastoja.fr\/en\/product\/veste-camouflage-upcyclee-thug-mouse-stars-piece-unique\/","title":{"rendered":"Veste camouflage upcycl\u00e9e \u201cThug Mouse Stars\u201d \u2013 Pi\u00e8ce unique"},"content":{"rendered":"<h2>Veste Camouflage Upcycl\u00e9e \u2013 D\u00e9tails de la pi\u00e8ce<\/h2>\n<p data-start=\"443\" data-end=\"665\">Veste camouflage upcycl\u00e9e, cette veste camouflage est une r\u00e9interpr\u00e9tation street et pop d\u2019une ic\u00f4ne culte. Pens\u00e9e comme une pi\u00e8ce forte, elle m\u00e9lange l\u2019univers militaire, le cartoon et l\u2019esth\u00e9tique ann\u00e9es 80 dans une composition explosive et assum\u00e9e.<\/p>\n<p data-start=\"667\" data-end=\"916\">Au dos, le personnage de Mickey en version d\u00e9cal\u00e9e est entour\u00e9 d\u2019une pluie d\u2019\u00e9toiles multicolores cousues une \u00e0 une. Ces \u00e9toiles cr\u00e9ent un mouvement, une \u00e9nergie, presque une constellation urbaine qui transforme la veste en v\u00e9ritable pi\u00e8ce de sc\u00e8ne.<\/p>\n<p data-start=\"918\" data-end=\"1161\">Sur le devant, les \u00e9toiles continuent d\u2019envahir la veste, comme si le motif d\u00e9bordait du dos pour contaminer toute la pi\u00e8ce. Chaque \u00e9toile est appliqu\u00e9e et cousue \u00e0 la main, rendant la composition volontairement asym\u00e9trique, vivante et unique.<\/p>\n<p data-start=\"1163\" data-end=\"1422\">Cette veste est une <strong data-start=\"1183\" data-end=\"1199\">pi\u00e8ce unique<\/strong>, issue de l\u2019upcycling, enti\u00e8rement retravaill\u00e9e \u00e0 la main. Elle incarne un m\u00e9lange de streetwear, pop culture et cr\u00e9ation artisanale, pens\u00e9e pour celles et ceux qui veulent porter une pi\u00e8ce qui ne ressemble \u00e0 aucune autre.<\/p>\n<blockquote data-start=\"1541\" data-end=\"1616\">\n<p data-start=\"1543\" data-end=\"1616\">Une veste qui ne passe pas inaper\u00e7ue. Une constellation urbaine \u00e0 porter.<\/p>\n<p data-start=\"1543\" data-end=\"1616\">Mod\u00e8le mixte.<\/p>\n<p data-start=\"1543\" data-end=\"1616\">Il est \u00e9galement possible de demander une\u00a0<strong data-start=\"1494\" data-end=\"1549\">customized creation<\/strong>, via l\u2019onglet du menu\u00a0<strong data-start=\"1572\" data-end=\"1602\">\u00ab Cr\u00e9ation personnalis\u00e9e \u00bb\u00a0<\/strong>ou en cliquant<strong data-start=\"1572\" data-end=\"1602\"><a href=\"https:\/\/marijastoja.fr\/en\/sur-mesure\/\">\u00a0ici<\/a>.<\/strong><\/p>\n<\/blockquote>\n<p>D\u00e9couvrez \u00e9galement nos autres <a href=\"https:\/\/marijastoja.fr\/en\/vestes-2\/\">vestes upcycl\u00e9es<\/a> dans la boutique Marija Stoja. Pour en savoir plus sur l&rsquo;<a href=\"https:\/\/fr.wikipedia.org\/wiki\/Upcycling\" target=\"_blank\" rel=\"noopener\">upcycling<\/a> et la mode responsable, explorez notre univers cr\u00e9atif.<\/p>","protected":false},"excerpt":{"rendered":"<p>Veste Camouflage Upcycl\u00e9e \u2013 D\u00e9tails de la pi\u00e8ce Veste camouflage upcycl\u00e9e, cette veste camouflage est une r\u00e9interpr\u00e9tation street et pop d\u2019une ic\u00f4ne culte. Pens\u00e9e comme une pi\u00e8ce forte, elle m\u00e9lange l\u2019univers militaire, le cartoon et l\u2019esth\u00e9tique ann\u00e9es 80 dans une composition explosive et assum\u00e9e. Au dos, le personnage de Mickey en version d\u00e9cal\u00e9e est entour\u00e9 [&hellip;]<\/p>\n","protected":false},"featured_media":1325,"comment_status":"open","ping_status":"closed","template":"","meta":{"_acf_changed":false},"product_brand":[],"product_cat":[15,23],"product_tag":[],"giftcard-category":[],"class_list":{"0":"post-1328","1":"product","2":"type-product","3":"status-publish","4":"has-post-thumbnail","6":"product_cat-non-classe","7":"product_cat-vestes","8":"pa_taille-m","10":"first","11":"instock","12":"shipping-taxable","13":"purchasable","14":"product-type-simple"},"acf":[],"yoast_head":"<!-- This site is optimized with the Yoast SEO plugin v27.2 - https:\/\/yoast.com\/product\/yoast-seo-wordpress\/ -->\n<title>Veste Camouflage Upcycl\u00e9e Thug Mouse Stars | Marija Stoja<\/title>\n<meta name=\"description\" content=\"Veste camouflage upcycl\u00e9e Thug Mouse Stars, customis\u00e9e \u00e0 la main. Pi\u00e8ce unique Marija Stoja. Mode responsable, style rock et d\u00e9cal\u00e9 Livraison France &amp; Europe.\" \/>\n<meta name=\"robots\" content=\"index, follow, max-snippet:-1, max-image-preview:large, max-video-preview:-1\" \/>\n<link rel=\"canonical\" href=\"https:\/\/marijastoja.fr\/en\/product\/veste-camouflage-upcyclee-thug-mouse-stars-piece-unique\/\" \/>\n<meta property=\"og:locale\" content=\"en_US\" \/>\n<meta property=\"og:type\" content=\"article\" \/>\n<meta property=\"og:title\" content=\"Veste Camouflage Upcycl\u00e9e Thug Mouse Stars | Marija Stoja\" \/>\n<meta property=\"og:description\" content=\"Veste camouflage upcycl\u00e9e Thug Mouse Stars, customis\u00e9e \u00e0 la main. Pi\u00e8ce unique Marija Stoja. Mode responsable, style rock et d\u00e9cal\u00e9 Livraison France &amp; Europe.\" \/>\n<meta property=\"og:url\" content=\"https:\/\/marijastoja.fr\/en\/product\/veste-camouflage-upcyclee-thug-mouse-stars-piece-unique\/\" \/>\n<meta property=\"og:site_name\" content=\"Marija Stoja\" \/>\n<meta property=\"article:modified_time\" content=\"2026-03-17T13:58:06+00:00\" \/>\n<meta property=\"og:image\" content=\"https:\/\/marijastoja.fr\/wp-content\/uploads\/2026\/01\/IMG_9334-scaled.jpeg\" \/>\n\t<meta property=\"og:image:width\" content=\"1440\" \/>\n\t<meta property=\"og:image:height\" content=\"2560\" \/>\n\t<meta property=\"og:image:type\" content=\"image\/jpeg\" \/>\n<meta name=\"twitter:card\" content=\"summary_large_image\" \/>\n<meta name=\"twitter:label1\" content=\"Est. reading time\" \/>\n\t<meta name=\"twitter:data1\" content=\"1 minute\" \/>\n<script type=\"application\/ld+json\" class=\"yoast-schema-graph\">{\"@context\":\"https:\/\/schema.org\",\"@graph\":[{\"@type\":\"WebPage\",\"@id\":\"https:\/\/marijastoja.fr\/produit\/veste-camouflage-upcyclee-thug-mouse-stars-piece-unique\/\",\"url\":\"https:\/\/marijastoja.fr\/produit\/veste-camouflage-upcyclee-thug-mouse-stars-piece-unique\/\",\"name\":\"Veste Camouflage Upcycl\u00e9e Thug Mouse Stars | Marija Stoja\",\"isPartOf\":{\"@id\":\"https:\/\/marijastoja.fr\/#website\"},\"primaryImageOfPage\":{\"@id\":\"https:\/\/marijastoja.fr\/produit\/veste-camouflage-upcyclee-thug-mouse-stars-piece-unique\/#primaryimage\"},\"image\":{\"@id\":\"https:\/\/marijastoja.fr\/produit\/veste-camouflage-upcyclee-thug-mouse-stars-piece-unique\/#primaryimage\"},\"thumbnailUrl\":\"https:\/\/marijastoja.fr\/wp-content\/uploads\/2026\/01\/IMG_9334-scaled.jpeg\",\"datePublished\":\"2026-01-17T09:57:59+00:00\",\"dateModified\":\"2026-03-17T13:58:06+00:00\",\"description\":\"Veste camouflage upcycl\u00e9e Thug Mouse Stars, customis\u00e9e \u00e0 la main. Pi\u00e8ce unique Marija Stoja. Mode responsable, style rock et d\u00e9cal\u00e9 Livraison France & Europe.\",\"breadcrumb\":{\"@id\":\"https:\/\/marijastoja.fr\/produit\/veste-camouflage-upcyclee-thug-mouse-stars-piece-unique\/#breadcrumb\"},\"inLanguage\":\"en-US\",\"potentialAction\":[{\"@type\":\"ReadAction\",\"target\":[\"https:\/\/marijastoja.fr\/produit\/veste-camouflage-upcyclee-thug-mouse-stars-piece-unique\/\"]}]},{\"@type\":\"ImageObject\",\"inLanguage\":\"en-US\",\"@id\":\"https:\/\/marijastoja.fr\/produit\/veste-camouflage-upcyclee-thug-mouse-stars-piece-unique\/#primaryimage\",\"url\":\"https:\/\/marijastoja.fr\/wp-content\/uploads\/2026\/01\/IMG_9334-scaled.jpeg\",\"contentUrl\":\"https:\/\/marijastoja.fr\/wp-content\/uploads\/2026\/01\/IMG_9334-scaled.jpeg\",\"width\":1440,\"height\":2560,\"caption\":\"veste camouflage upcycl\u00e9e - Marija Stoja\"},{\"@type\":\"BreadcrumbList\",\"@id\":\"https:\/\/marijastoja.fr\/produit\/veste-camouflage-upcyclee-thug-mouse-stars-piece-unique\/#breadcrumb\",\"itemListElement\":[{\"@type\":\"ListItem\",\"position\":1,\"name\":\"Accueil\",\"item\":\"https:\/\/marijastoja.fr\/\"},{\"@type\":\"ListItem\",\"position\":2,\"name\":\"Boutique\",\"item\":\"https:\/\/marijastoja.fr\/boutique\/\"},{\"@type\":\"ListItem\",\"position\":3,\"name\":\"Veste camouflage upcycl\u00e9e \u201cThug Mouse Stars\u201d \u2013 Pi\u00e8ce unique\"}]},{\"@type\":\"WebSite\",\"@id\":\"https:\/\/marijastoja.fr\/#website\",\"url\":\"https:\/\/marijastoja.fr\/\",\"name\":\"Marija Stoja\",\"description\":\"Upcycling\",\"publisher\":{\"@id\":\"https:\/\/marijastoja.fr\/#organization\"},\"potentialAction\":[{\"@type\":\"SearchAction\",\"target\":{\"@type\":\"EntryPoint\",\"urlTemplate\":\"https:\/\/marijastoja.fr\/?s={search_term_string}\"},\"query-input\":{\"@type\":\"PropertyValueSpecification\",\"valueRequired\":true,\"valueName\":\"search_term_string\"}}],\"inLanguage\":\"en-US\"},{\"@type\":\"Organization\",\"@id\":\"https:\/\/marijastoja.fr\/#organization\",\"name\":\"Marija Stoja\",\"url\":\"https:\/\/marijastoja.fr\/\",\"logo\":{\"@type\":\"ImageObject\",\"inLanguage\":\"en-US\",\"@id\":\"https:\/\/marijastoja.fr\/#\/schema\/logo\/image\/\",\"url\":\"https:\/\/marijastoja.fr\/wp-content\/uploads\/2025\/12\/cropped-logo-noir.png\",\"contentUrl\":\"https:\/\/marijastoja.fr\/wp-content\/uploads\/2025\/12\/cropped-logo-noir.png\",\"width\":878,\"height\":322,\"caption\":\"Marija Stoja\"},\"image\":{\"@id\":\"https:\/\/marijastoja.fr\/#\/schema\/logo\/image\/\"}}]}<\/script>\n<!-- \/ Yoast SEO plugin. -->","yoast_head_json":{"title":"Veste Camouflage Upcycl\u00e9e Thug Mouse Stars | Marija Stoja","description":"Veste camouflage upcycl\u00e9e Thug Mouse Stars, customis\u00e9e \u00e0 la main. Pi\u00e8ce unique Marija Stoja. Mode responsable, style rock et d\u00e9cal\u00e9 Livraison France & Europe.","robots":{"index":"index","follow":"follow","max-snippet":"max-snippet:-1","max-image-preview":"max-image-preview:large","max-video-preview":"max-video-preview:-1"},"canonical":"https:\/\/marijastoja.fr\/en\/product\/veste-camouflage-upcyclee-thug-mouse-stars-piece-unique\/","og_locale":"en_US","og_type":"article","og_title":"Veste Camouflage Upcycl\u00e9e Thug Mouse Stars | Marija Stoja","og_description":"Veste camouflage upcycl\u00e9e Thug Mouse Stars, customis\u00e9e \u00e0 la main. Pi\u00e8ce unique Marija Stoja. Mode responsable, style rock et d\u00e9cal\u00e9 Livraison France & Europe.","og_url":"https:\/\/marijastoja.fr\/en\/product\/veste-camouflage-upcyclee-thug-mouse-stars-piece-unique\/","og_site_name":"Marija Stoja","article_modified_time":"2026-03-17T13:58:06+00:00","og_image":[{"width":1440,"height":2560,"url":"https:\/\/marijastoja.fr\/wp-content\/uploads\/2026\/01\/IMG_9334-scaled.jpeg","type":"image\/jpeg"}],"twitter_card":"summary_large_image","twitter_misc":{"Est. reading time":"1 minute"},"schema":{"@context":"https:\/\/schema.org","@graph":[{"@type":"WebPage","@id":"https:\/\/marijastoja.fr\/produit\/veste-camouflage-upcyclee-thug-mouse-stars-piece-unique\/","url":"https:\/\/marijastoja.fr\/produit\/veste-camouflage-upcyclee-thug-mouse-stars-piece-unique\/","name":"Veste Camouflage Upcycl\u00e9e Thug Mouse Stars | Marija Stoja","isPartOf":{"@id":"https:\/\/marijastoja.fr\/#website"},"primaryImageOfPage":{"@id":"https:\/\/marijastoja.fr\/produit\/veste-camouflage-upcyclee-thug-mouse-stars-piece-unique\/#primaryimage"},"image":{"@id":"https:\/\/marijastoja.fr\/produit\/veste-camouflage-upcyclee-thug-mouse-stars-piece-unique\/#primaryimage"},"thumbnailUrl":"https:\/\/marijastoja.fr\/wp-content\/uploads\/2026\/01\/IMG_9334-scaled.jpeg","datePublished":"2026-01-17T09:57:59+00:00","dateModified":"2026-03-17T13:58:06+00:00","description":"Veste camouflage upcycl\u00e9e Thug Mouse Stars, customis\u00e9e \u00e0 la main. Pi\u00e8ce unique Marija Stoja. Mode responsable, style rock et d\u00e9cal\u00e9 Livraison France & Europe.","breadcrumb":{"@id":"https:\/\/marijastoja.fr\/produit\/veste-camouflage-upcyclee-thug-mouse-stars-piece-unique\/#breadcrumb"},"inLanguage":"en-US","potentialAction":[{"@type":"ReadAction","target":["https:\/\/marijastoja.fr\/produit\/veste-camouflage-upcyclee-thug-mouse-stars-piece-unique\/"]}]},{"@type":"ImageObject","inLanguage":"en-US","@id":"https:\/\/marijastoja.fr\/produit\/veste-camouflage-upcyclee-thug-mouse-stars-piece-unique\/#primaryimage","url":"https:\/\/marijastoja.fr\/wp-content\/uploads\/2026\/01\/IMG_9334-scaled.jpeg","contentUrl":"https:\/\/marijastoja.fr\/wp-content\/uploads\/2026\/01\/IMG_9334-scaled.jpeg","width":1440,"height":2560,"caption":"veste camouflage upcycl\u00e9e - Marija Stoja"},{"@type":"BreadcrumbList","@id":"https:\/\/marijastoja.fr\/produit\/veste-camouflage-upcyclee-thug-mouse-stars-piece-unique\/#breadcrumb","itemListElement":[{"@type":"ListItem","position":1,"name":"Accueil","item":"https:\/\/marijastoja.fr\/"},{"@type":"ListItem","position":2,"name":"Boutique","item":"https:\/\/marijastoja.fr\/boutique\/"},{"@type":"ListItem","position":3,"name":"Veste camouflage upcycl\u00e9e \u201cThug Mouse Stars\u201d \u2013 Pi\u00e8ce unique"}]},{"@type":"WebSite","@id":"https:\/\/marijastoja.fr\/#website","url":"https:\/\/marijastoja.fr\/","name":"Marija Stoja","description":"Upcycling","publisher":{"@id":"https:\/\/marijastoja.fr\/#organization"},"potentialAction":[{"@type":"SearchAction","target":{"@type":"EntryPoint","urlTemplate":"https:\/\/marijastoja.fr\/?s={search_term_string}"},"query-input":{"@type":"PropertyValueSpecification","valueRequired":true,"valueName":"search_term_string"}}],"inLanguage":"en-US"},{"@type":"Organization","@id":"https:\/\/marijastoja.fr\/#organization","name":"Marija Stoja","url":"https:\/\/marijastoja.fr\/","logo":{"@type":"ImageObject","inLanguage":"en-US","@id":"https:\/\/marijastoja.fr\/#\/schema\/logo\/image\/","url":"https:\/\/marijastoja.fr\/wp-content\/uploads\/2025\/12\/cropped-logo-noir.png","contentUrl":"https:\/\/marijastoja.fr\/wp-content\/uploads\/2025\/12\/cropped-logo-noir.png","width":878,"height":322,"caption":"Marija Stoja"},"image":{"@id":"https:\/\/marijastoja.fr\/#\/schema\/logo\/image\/"}}]}},"jetpack_sharing_enabled":true,"_links":{"self":[{"href":"https:\/\/marijastoja.fr\/en\/wp-json\/wp\/v2\/product\/1328","targetHints":{"allow":["GET"]}}],"collection":[{"href":"https:\/\/marijastoja.fr\/en\/wp-json\/wp\/v2\/product"}],"about":[{"href":"https:\/\/marijastoja.fr\/en\/wp-json\/wp\/v2\/types\/product"}],"replies":[{"embeddable":true,"href":"https:\/\/marijastoja.fr\/en\/wp-json\/wp\/v2\/comments?post=1328"}],"wp:featuredmedia":[{"embeddable":true,"href":"https:\/\/marijastoja.fr\/en\/wp-json\/wp\/v2\/media\/1325"}],"wp:attachment":[{"href":"https:\/\/marijastoja.fr\/en\/wp-json\/wp\/v2\/media?parent=1328"}],"wp:term":[{"taxonomy":"product_brand","embeddable":true,"href":"https:\/\/marijastoja.fr\/en\/wp-json\/wp\/v2\/product_brand?post=1328"},{"taxonomy":"product_cat","embeddable":true,"href":"https:\/\/marijastoja.fr\/en\/wp-json\/wp\/v2\/product_cat?post=1328"},{"taxonomy":"product_tag","embeddable":true,"href":"https:\/\/marijastoja.fr\/en\/wp-json\/wp\/v2\/product_tag?post=1328"},{"taxonomy":"giftcard-category","embeddable":true,"href":"https:\/\/marijastoja.fr\/en\/wp-json\/wp\/v2\/giftcard-category?post=1328"}],"curies":[{"name":"wp","href":"https:\/\/api.w.org\/{rel}","templated":true}]}}