{"id":1329,"date":"2026-01-17T11:27:04","date_gmt":"2026-01-17T10:27:04","guid":{"rendered":"https:\/\/marijastoja.fr\/?post_type=product&#038;p=1329"},"modified":"2026-03-01T12:07:12","modified_gmt":"2026-03-01T11:07:12","slug":"t-shirt-upcycle-ms-signature-piece-unique-createur","status":"publish","type":"product","link":"https:\/\/marijastoja.fr\/en\/product\/t-shirt-upcycle-ms-signature-piece-unique-createur\/","title":{"rendered":"MS Signature\u201c upcycled T-shirt - Unique piece"},"content":{"rendered":"<h2>T-Shirt Upcycl\u00e9 \u2013 D\u00e9tails de la pi\u00e8ce<\/h2>\n<p data-start=\"527\" data-end=\"646\">T-shirt upcycl\u00e9, ce t-shirt oversize en coton est une\u00a0<strong data-start=\"564\" data-end=\"583\">cr\u00e9ation unique<\/strong>, pens\u00e9e comme un support d\u2019expression visuelle et identitaire.<\/p>\n<p data-start=\"648\" data-end=\"873\">La base en\u00a0<strong data-start=\"659\" data-end=\"688\">coton doux et confortable<\/strong>\u00a0offre une coupe ample et fluide, facile \u00e0 porter au quotidien.<\/p>\n<p data-start=\"292\" data-end=\"484\">Minimaliste de face, graphique et affirm\u00e9 de dos, il incarne l\u2019\u00e9quilibre entre identit\u00e9 de marque et cr\u00e9ation artisanale.<\/p>\n<p data-start=\"486\" data-end=\"811\">Sur le devant, la signature <em data-start=\"514\" data-end=\"528\">Marija Stoja<\/em> est imprim\u00e9e comme un sceau, sobre et \u00e9l\u00e9gant. Au dos, une composition verticale structur\u00e9e m\u00eale bandes graphiques inspir\u00e9es de motifs ethniques et des d\u00e9tails en jean appliqu\u00e9e cousu main. L\u2019ensemble cr\u00e9e un contraste fort entre la rigueur du noir et la richesse des textures, presque architecturale, qui affirme force et ind\u00e9pendance.<\/p>\n<p data-start=\"813\" data-end=\"963\">Chaque motif est d\u00e9coup\u00e9, positionn\u00e9 et cousue \u00e0 la main, faisant de ce t-shirt une <strong data-start=\"900\" data-end=\"916\">pi\u00e8ce unique<\/strong>, issue de l\u2019upcycling et du travail artisanal.<\/p>\n<p data-start=\"965\" data-end=\"1136\">Ce t-shirt n\u2019est pas un simple logo. C\u2019est une <strong data-start=\"1012\" data-end=\"1038\">d\u00e9claration d\u2019identit\u00e9<\/strong>, une pi\u00e8ce manifeste qui affirme l\u2019univers de la marque: graphique, ind\u00e9pendante, et hors normes. C&rsquo;est une pi\u00e8ce signature, pens\u00e9e pour celles et ceux qui veulent porter un v\u00eatement simple, fort et diff\u00e9rent.<\/p>\n<p data-start=\"965\" data-end=\"1136\">Il est \u00e9galement possible de demander une\u00a0<strong data-start=\"1494\" data-end=\"1549\">cr\u00e9ation personnalis\u00e9e \u00e0 partir d\u2019un t-shirt vierge<\/strong>, via l\u2019onglet du menu\u00a0<strong data-start=\"1572\" data-end=\"1602\">\u00ab Cr\u00e9ation personnalis\u00e9e \u00bb\u00a0<\/strong>ou en cliquant<strong data-start=\"1572\" data-end=\"1602\"><a href=\"https:\/\/marijastoja.fr\/en\/sur-mesure\/\">\u00a0ici<\/a>.<\/strong><\/p>\n<p>D\u00e9couvrez \u00e9galement nos autres <a href=\"https:\/\/marijastoja.fr\/en\/t-shirts\/\">t-shirts upcycl\u00e9s<\/a> dans la boutique Marija Stoja. Pour en savoir plus sur l&rsquo;<a href=\"https:\/\/fr.wikipedia.org\/wiki\/Upcycling\" target=\"_blank\" rel=\"noopener\">upcycling<\/a> et la mode responsable, explorez notre univers cr\u00e9atif.<\/p>","protected":false},"excerpt":{"rendered":"<p>T-Shirt Upcycl\u00e9 \u2013 D\u00e9tails de la pi\u00e8ce T-shirt upcycl\u00e9, ce t-shirt oversize en coton est une\u00a0cr\u00e9ation unique, pens\u00e9e comme un support d\u2019expression visuelle et identitaire. La base en\u00a0coton doux et confortable\u00a0offre une coupe ample et fluide, facile \u00e0 porter au quotidien. Minimaliste de face, graphique et affirm\u00e9 de dos, il incarne l\u2019\u00e9quilibre entre identit\u00e9 de [&hellip;]<\/p>\n","protected":false},"featured_media":1321,"comment_status":"open","ping_status":"closed","template":"","meta":{"_acf_changed":false},"product_brand":[],"product_cat":[15,69],"product_tag":[],"giftcard-category":[],"class_list":{"0":"post-1329","1":"product","2":"type-product","3":"status-publish","4":"has-post-thumbnail","6":"product_cat-non-classe","7":"product_cat-t-shirt-ms-upcycle","8":"pa_taille-l","10":"first","11":"instock","12":"shipping-taxable","13":"purchasable","14":"product-type-simple"},"acf":[],"yoast_head":"<!-- This site is optimized with the Yoast SEO plugin v27.2 - https:\/\/yoast.com\/product\/yoast-seo-wordpress\/ -->\n<title>T-Shirt Upcycl\u00e9 MS Signature Pi\u00e8ce Unique | Marija Stoja<\/title>\n<meta name=\"description\" content=\"T-shirt upcycl\u00e9 MS Signature, pi\u00e8ce unique customis\u00e9e \u00e0 la main par Marija Stoja. Broderies et d\u00e9tails originaux. Mode responsable et cr\u00e9ative Marija Stoja.\" \/>\n<meta name=\"robots\" content=\"index, follow, max-snippet:-1, max-image-preview:large, max-video-preview:-1\" \/>\n<link rel=\"canonical\" href=\"https:\/\/marijastoja.fr\/en\/product\/t-shirt-upcycle-ms-signature-piece-unique-createur\/\" \/>\n<meta property=\"og:locale\" content=\"en_US\" \/>\n<meta property=\"og:type\" content=\"article\" \/>\n<meta property=\"og:title\" content=\"T-Shirt Upcycl\u00e9 MS Signature Pi\u00e8ce Unique | Marija Stoja\" \/>\n<meta property=\"og:description\" content=\"T-shirt upcycl\u00e9 MS Signature, pi\u00e8ce unique customis\u00e9e \u00e0 la main par Marija Stoja. Broderies et d\u00e9tails originaux. Mode responsable et cr\u00e9ative Marija Stoja.\" \/>\n<meta property=\"og:url\" content=\"https:\/\/marijastoja.fr\/en\/product\/t-shirt-upcycle-ms-signature-piece-unique-createur\/\" \/>\n<meta property=\"og:site_name\" content=\"Marija Stoja\" \/>\n<meta property=\"article:modified_time\" content=\"2026-03-01T11:07:12+00:00\" \/>\n<meta property=\"og:image\" content=\"https:\/\/marijastoja.fr\/wp-content\/uploads\/2026\/01\/IMG_9327-scaled.jpeg\" \/>\n\t<meta property=\"og:image:width\" content=\"1440\" \/>\n\t<meta property=\"og:image:height\" content=\"2560\" \/>\n\t<meta property=\"og:image:type\" content=\"image\/jpeg\" \/>\n<meta name=\"twitter:card\" content=\"summary_large_image\" \/>\n<meta name=\"twitter:label1\" content=\"Est. reading time\" \/>\n\t<meta name=\"twitter:data1\" content=\"1 minute\" \/>\n<script type=\"application\/ld+json\" class=\"yoast-schema-graph\">{\"@context\":\"https:\/\/schema.org\",\"@graph\":[{\"@type\":\"WebPage\",\"@id\":\"https:\/\/marijastoja.fr\/produit\/t-shirt-upcycle-ms-signature-piece-unique-createur\/\",\"url\":\"https:\/\/marijastoja.fr\/produit\/t-shirt-upcycle-ms-signature-piece-unique-createur\/\",\"name\":\"T-Shirt Upcycl\u00e9 MS Signature Pi\u00e8ce Unique | Marija Stoja\",\"isPartOf\":{\"@id\":\"https:\/\/marijastoja.fr\/#website\"},\"primaryImageOfPage\":{\"@id\":\"https:\/\/marijastoja.fr\/produit\/t-shirt-upcycle-ms-signature-piece-unique-createur\/#primaryimage\"},\"image\":{\"@id\":\"https:\/\/marijastoja.fr\/produit\/t-shirt-upcycle-ms-signature-piece-unique-createur\/#primaryimage\"},\"thumbnailUrl\":\"https:\/\/marijastoja.fr\/wp-content\/uploads\/2026\/01\/IMG_9327-scaled.jpeg\",\"datePublished\":\"2026-01-17T10:27:04+00:00\",\"dateModified\":\"2026-03-01T11:07:12+00:00\",\"description\":\"T-shirt upcycl\u00e9 MS Signature, pi\u00e8ce unique customis\u00e9e \u00e0 la main par Marija Stoja. Broderies et d\u00e9tails originaux. Mode responsable et cr\u00e9ative Marija Stoja.\",\"breadcrumb\":{\"@id\":\"https:\/\/marijastoja.fr\/produit\/t-shirt-upcycle-ms-signature-piece-unique-createur\/#breadcrumb\"},\"inLanguage\":\"en-US\",\"potentialAction\":[{\"@type\":\"ReadAction\",\"target\":[\"https:\/\/marijastoja.fr\/produit\/t-shirt-upcycle-ms-signature-piece-unique-createur\/\"]}]},{\"@type\":\"ImageObject\",\"inLanguage\":\"en-US\",\"@id\":\"https:\/\/marijastoja.fr\/produit\/t-shirt-upcycle-ms-signature-piece-unique-createur\/#primaryimage\",\"url\":\"https:\/\/marijastoja.fr\/wp-content\/uploads\/2026\/01\/IMG_9327-scaled.jpeg\",\"contentUrl\":\"https:\/\/marijastoja.fr\/wp-content\/uploads\/2026\/01\/IMG_9327-scaled.jpeg\",\"width\":1440,\"height\":2560,\"caption\":\"t-shirt upcycl\u00e9 - Marija Stoja\"},{\"@type\":\"BreadcrumbList\",\"@id\":\"https:\/\/marijastoja.fr\/produit\/t-shirt-upcycle-ms-signature-piece-unique-createur\/#breadcrumb\",\"itemListElement\":[{\"@type\":\"ListItem\",\"position\":1,\"name\":\"Accueil\",\"item\":\"https:\/\/marijastoja.fr\/\"},{\"@type\":\"ListItem\",\"position\":2,\"name\":\"Boutique\",\"item\":\"https:\/\/marijastoja.fr\/boutique\/\"},{\"@type\":\"ListItem\",\"position\":3,\"name\":\"T-shirt upcycl\u00e9 \u201cMS Signature\u201d \u2013 Pi\u00e8ce unique\"}]},{\"@type\":\"WebSite\",\"@id\":\"https:\/\/marijastoja.fr\/#website\",\"url\":\"https:\/\/marijastoja.fr\/\",\"name\":\"Marija Stoja\",\"description\":\"Upcycling\",\"publisher\":{\"@id\":\"https:\/\/marijastoja.fr\/#organization\"},\"potentialAction\":[{\"@type\":\"SearchAction\",\"target\":{\"@type\":\"EntryPoint\",\"urlTemplate\":\"https:\/\/marijastoja.fr\/?s={search_term_string}\"},\"query-input\":{\"@type\":\"PropertyValueSpecification\",\"valueRequired\":true,\"valueName\":\"search_term_string\"}}],\"inLanguage\":\"en-US\"},{\"@type\":\"Organization\",\"@id\":\"https:\/\/marijastoja.fr\/#organization\",\"name\":\"Marija Stoja\",\"url\":\"https:\/\/marijastoja.fr\/\",\"logo\":{\"@type\":\"ImageObject\",\"inLanguage\":\"en-US\",\"@id\":\"https:\/\/marijastoja.fr\/#\/schema\/logo\/image\/\",\"url\":\"https:\/\/marijastoja.fr\/wp-content\/uploads\/2025\/12\/cropped-logo-noir.png\",\"contentUrl\":\"https:\/\/marijastoja.fr\/wp-content\/uploads\/2025\/12\/cropped-logo-noir.png\",\"width\":878,\"height\":322,\"caption\":\"Marija Stoja\"},\"image\":{\"@id\":\"https:\/\/marijastoja.fr\/#\/schema\/logo\/image\/\"}}]}<\/script>\n<!-- \/ Yoast SEO plugin. -->","yoast_head_json":{"title":"T-Shirt Upcycl\u00e9 MS Signature Pi\u00e8ce Unique | Marija Stoja","description":"T-shirt upcycl\u00e9 MS Signature, pi\u00e8ce unique customis\u00e9e \u00e0 la main par Marija Stoja. Broderies et d\u00e9tails originaux. Mode responsable et cr\u00e9ative Marija Stoja.","robots":{"index":"index","follow":"follow","max-snippet":"max-snippet:-1","max-image-preview":"max-image-preview:large","max-video-preview":"max-video-preview:-1"},"canonical":"https:\/\/marijastoja.fr\/en\/product\/t-shirt-upcycle-ms-signature-piece-unique-createur\/","og_locale":"en_US","og_type":"article","og_title":"T-Shirt Upcycl\u00e9 MS Signature Pi\u00e8ce Unique | Marija Stoja","og_description":"T-shirt upcycl\u00e9 MS Signature, pi\u00e8ce unique customis\u00e9e \u00e0 la main par Marija Stoja. Broderies et d\u00e9tails originaux. Mode responsable et cr\u00e9ative Marija Stoja.","og_url":"https:\/\/marijastoja.fr\/en\/product\/t-shirt-upcycle-ms-signature-piece-unique-createur\/","og_site_name":"Marija Stoja","article_modified_time":"2026-03-01T11:07:12+00:00","og_image":[{"width":1440,"height":2560,"url":"https:\/\/marijastoja.fr\/wp-content\/uploads\/2026\/01\/IMG_9327-scaled.jpeg","type":"image\/jpeg"}],"twitter_card":"summary_large_image","twitter_misc":{"Est. reading time":"1 minute"},"schema":{"@context":"https:\/\/schema.org","@graph":[{"@type":"WebPage","@id":"https:\/\/marijastoja.fr\/produit\/t-shirt-upcycle-ms-signature-piece-unique-createur\/","url":"https:\/\/marijastoja.fr\/produit\/t-shirt-upcycle-ms-signature-piece-unique-createur\/","name":"T-Shirt Upcycl\u00e9 MS Signature Pi\u00e8ce Unique | Marija Stoja","isPartOf":{"@id":"https:\/\/marijastoja.fr\/#website"},"primaryImageOfPage":{"@id":"https:\/\/marijastoja.fr\/produit\/t-shirt-upcycle-ms-signature-piece-unique-createur\/#primaryimage"},"image":{"@id":"https:\/\/marijastoja.fr\/produit\/t-shirt-upcycle-ms-signature-piece-unique-createur\/#primaryimage"},"thumbnailUrl":"https:\/\/marijastoja.fr\/wp-content\/uploads\/2026\/01\/IMG_9327-scaled.jpeg","datePublished":"2026-01-17T10:27:04+00:00","dateModified":"2026-03-01T11:07:12+00:00","description":"T-shirt upcycl\u00e9 MS Signature, pi\u00e8ce unique customis\u00e9e \u00e0 la main par Marija Stoja. Broderies et d\u00e9tails originaux. Mode responsable et cr\u00e9ative Marija Stoja.","breadcrumb":{"@id":"https:\/\/marijastoja.fr\/produit\/t-shirt-upcycle-ms-signature-piece-unique-createur\/#breadcrumb"},"inLanguage":"en-US","potentialAction":[{"@type":"ReadAction","target":["https:\/\/marijastoja.fr\/produit\/t-shirt-upcycle-ms-signature-piece-unique-createur\/"]}]},{"@type":"ImageObject","inLanguage":"en-US","@id":"https:\/\/marijastoja.fr\/produit\/t-shirt-upcycle-ms-signature-piece-unique-createur\/#primaryimage","url":"https:\/\/marijastoja.fr\/wp-content\/uploads\/2026\/01\/IMG_9327-scaled.jpeg","contentUrl":"https:\/\/marijastoja.fr\/wp-content\/uploads\/2026\/01\/IMG_9327-scaled.jpeg","width":1440,"height":2560,"caption":"t-shirt upcycl\u00e9 - Marija Stoja"},{"@type":"BreadcrumbList","@id":"https:\/\/marijastoja.fr\/produit\/t-shirt-upcycle-ms-signature-piece-unique-createur\/#breadcrumb","itemListElement":[{"@type":"ListItem","position":1,"name":"Accueil","item":"https:\/\/marijastoja.fr\/"},{"@type":"ListItem","position":2,"name":"Boutique","item":"https:\/\/marijastoja.fr\/boutique\/"},{"@type":"ListItem","position":3,"name":"T-shirt upcycl\u00e9 \u201cMS Signature\u201d \u2013 Pi\u00e8ce unique"}]},{"@type":"WebSite","@id":"https:\/\/marijastoja.fr\/#website","url":"https:\/\/marijastoja.fr\/","name":"Marija Stoja","description":"Upcycling","publisher":{"@id":"https:\/\/marijastoja.fr\/#organization"},"potentialAction":[{"@type":"SearchAction","target":{"@type":"EntryPoint","urlTemplate":"https:\/\/marijastoja.fr\/?s={search_term_string}"},"query-input":{"@type":"PropertyValueSpecification","valueRequired":true,"valueName":"search_term_string"}}],"inLanguage":"en-US"},{"@type":"Organization","@id":"https:\/\/marijastoja.fr\/#organization","name":"Marija Stoja","url":"https:\/\/marijastoja.fr\/","logo":{"@type":"ImageObject","inLanguage":"en-US","@id":"https:\/\/marijastoja.fr\/#\/schema\/logo\/image\/","url":"https:\/\/marijastoja.fr\/wp-content\/uploads\/2025\/12\/cropped-logo-noir.png","contentUrl":"https:\/\/marijastoja.fr\/wp-content\/uploads\/2025\/12\/cropped-logo-noir.png","width":878,"height":322,"caption":"Marija Stoja"},"image":{"@id":"https:\/\/marijastoja.fr\/#\/schema\/logo\/image\/"}}]}},"jetpack_sharing_enabled":true,"_links":{"self":[{"href":"https:\/\/marijastoja.fr\/en\/wp-json\/wp\/v2\/product\/1329","targetHints":{"allow":["GET"]}}],"collection":[{"href":"https:\/\/marijastoja.fr\/en\/wp-json\/wp\/v2\/product"}],"about":[{"href":"https:\/\/marijastoja.fr\/en\/wp-json\/wp\/v2\/types\/product"}],"replies":[{"embeddable":true,"href":"https:\/\/marijastoja.fr\/en\/wp-json\/wp\/v2\/comments?post=1329"}],"wp:featuredmedia":[{"embeddable":true,"href":"https:\/\/marijastoja.fr\/en\/wp-json\/wp\/v2\/media\/1321"}],"wp:attachment":[{"href":"https:\/\/marijastoja.fr\/en\/wp-json\/wp\/v2\/media?parent=1329"}],"wp:term":[{"taxonomy":"product_brand","embeddable":true,"href":"https:\/\/marijastoja.fr\/en\/wp-json\/wp\/v2\/product_brand?post=1329"},{"taxonomy":"product_cat","embeddable":true,"href":"https:\/\/marijastoja.fr\/en\/wp-json\/wp\/v2\/product_cat?post=1329"},{"taxonomy":"product_tag","embeddable":true,"href":"https:\/\/marijastoja.fr\/en\/wp-json\/wp\/v2\/product_tag?post=1329"},{"taxonomy":"giftcard-category","embeddable":true,"href":"https:\/\/marijastoja.fr\/en\/wp-json\/wp\/v2\/giftcard-category?post=1329"}],"curies":[{"name":"wp","href":"https:\/\/api.w.org\/{rel}","templated":true}]}}