{"id":1654,"date":"2026-01-23T13:40:48","date_gmt":"2026-01-23T12:40:48","guid":{"rendered":"https:\/\/marijastoja.fr\/?post_type=product&#038;p=1654"},"modified":"2026-03-17T14:57:21","modified_gmt":"2026-03-17T13:57:21","slug":"robe-longue-vintage-esprit-campagne-dirndl-romantique","status":"publish","type":"product","link":"https:\/\/marijastoja.fr\/en\/product\/robe-longue-vintage-esprit-campagne-dirndl-romantique\/","title":{"rendered":"Robe longue vintage esprit campagne \/ dirndl romantique"},"content":{"rendered":"<h2>Robe Longue Vintage \u2013 D\u00e9tails de la pi\u00e8ce<\/h2>\n<p data-start=\"250\" data-end=\"551\">Robe longue vintage, cette robe est une v\u00e9ritable <strong data-start=\"279\" data-end=\"307\">invitation \u00e0 la campagne<\/strong>, entre fleurs sauvages, f\u00eates de village et douceur d\u2019un autre temps.<br data-start=\"377\" data-end=\"380\" \/>Inspir\u00e9e de l\u2019esth\u00e9tique <strong data-start=\"405\" data-end=\"428\">dirndl traditionnel<\/strong> (robes d\u2019Europe centrale), elle en propose une <strong data-start=\"476\" data-end=\"517\">interpr\u00e9tation romantique et portable<\/strong>, loin du costume, proche du r\u00eave.<\/p>\n<p data-start=\"553\" data-end=\"895\">Le buste est joliment structur\u00e9 et met la silhouette en valeur gr\u00e2ce \u00e0 une <strong data-start=\"628\" data-end=\"646\">taille marqu\u00e9e<\/strong>, tandis que la <strong data-start=\"662\" data-end=\"687\">jupe longue et fluide<\/strong> accompagne le mouvement avec \u00e9l\u00e9gance et l\u00e9g\u00e8ret\u00e9.<br data-start=\"738\" data-end=\"741\" \/>Les <strong data-start=\"745\" data-end=\"785\">manches courtes en coton blanc brod\u00e9<\/strong>, l\u00e9g\u00e8rement bouffantes, rappellent les blouses traditionnelles et apportent une touche d\u00e9licate et lumineuse.<\/p>\n<p data-start=\"897\" data-end=\"1120\">Les <strong data-start=\"901\" data-end=\"934\">motifs floraux bleus et verts<\/strong>, associ\u00e9s \u00e0 un jeu de bandes verticales et de galons en dentelle, donnent \u00e0 cette robe un charme authentique, presque folklorique, tout en restant douce et facile \u00e0 porter au quotidien.<\/p>\n<p data-start=\"1122\" data-end=\"1181\">Elle se ferme par une <strong data-start=\"1144\" data-end=\"1180\">fermeture \u00e9clair discr\u00e8te au dos<\/strong>.<\/p>\n<p data-start=\"1183\" data-end=\"1318\">C\u2019est le genre de robe qui raconte une histoire. Une robe pour celles qui aiment les pi\u00e8ces <strong data-start=\"1275\" data-end=\"1317\">pleines d\u2019\u00e2me, de po\u00e9sie et de m\u00e9moire<\/strong>.<\/p>\n<hr data-start=\"1320\" data-end=\"1323\" \/>\n<h2 data-start=\"1325\" data-end=\"1347\">\ud83d\udccf Mesures (\u00e0 plat)<\/h2>\n<ul data-start=\"1349\" data-end=\"1470\">\n<li data-start=\"1349\" data-end=\"1371\">\n<p data-start=\"1351\" data-end=\"1371\">Taille : <strong data-start=\"1360\" data-end=\"1369\">34 cm<\/strong><\/p>\n<\/li>\n<li data-start=\"1372\" data-end=\"1396\">\n<p data-start=\"1374\" data-end=\"1396\">Poitrine : <strong data-start=\"1385\" data-end=\"1394\">42 cm<\/strong><\/p>\n<\/li>\n<li data-start=\"1397\" data-end=\"1439\">\n<p data-start=\"1399\" data-end=\"1439\">Longueur depuis la taille : <strong data-start=\"1427\" data-end=\"1437\">101 cm<\/strong><\/p>\n<\/li>\n<li data-start=\"1440\" data-end=\"1470\">\n<p data-start=\"1442\" data-end=\"1470\">Longueur totale : <strong data-start=\"1460\" data-end=\"1470\">140 cm<\/strong><\/p>\n<\/li>\n<\/ul>\n<p data-start=\"1472\" data-end=\"1543\">\ud83d\udc49 Correspond environ \u00e0 une <strong data-start=\"1500\" data-end=\"1522\">taille S<\/strong><\/p>\n<hr data-start=\"1545\" data-end=\"1548\" \/>\n<h2 data-start=\"1550\" data-end=\"1563\">\ud83e\uddf5 D\u00e9tails<\/h2>\n<ul data-start=\"1565\" data-end=\"1779\">\n<li data-start=\"1565\" data-end=\"1621\">\n<p data-start=\"1567\" data-end=\"1621\">Style : vintage, romantique, campagne, esprit dirndl<\/p>\n<\/li>\n<li data-start=\"1622\" data-end=\"1668\">\n<p data-start=\"1624\" data-end=\"1668\">Coupe : taille marqu\u00e9e, jupe longue fluide<\/p>\n<\/li>\n<li data-start=\"1669\" data-end=\"1721\">\n<p data-start=\"1671\" data-end=\"1721\">Manches : courtes, bouffantes, broderie anglaise<\/p>\n<\/li>\n<li data-start=\"1722\" data-end=\"1748\">\n<p data-start=\"1724\" data-end=\"1748\">Fermeture : zip au dos<\/p>\n<\/li>\n<li data-start=\"1749\" data-end=\"1779\">\n<p data-start=\"1751\" data-end=\"1779\">Pi\u00e8ce : seconde main, unique<\/p>\n<\/li>\n<li data-start=\"1960\" data-end=\"1993\">\n<p data-start=\"1962\" data-end=\"1993\">Robe <strong data-start=\"1967\" data-end=\"1993\">vintage \/ seconde main<\/strong><\/p>\n<\/li>\n<li data-start=\"1994\" data-end=\"2012\">\n<p data-start=\"1996\" data-end=\"2012\">En tr\u00e8s bon \u00e9tat<\/p>\n<\/li>\n<li data-start=\"2013\" data-end=\"2106\">\n<p data-start=\"2015\" data-end=\"2106\">Peut pr\u00e9senter de l\u00e9g\u00e8res traces du temps, qui font partie de son charme et de son histoire<\/p>\n<\/li>\n<\/ul>\n<p>D\u00e9couvrez \u00e9galement nos autres <a href=\"https:\/\/marijastoja.fr\/en\/friperie\/\">friperie vintage<\/a> dans la boutique Marija Stoja. Pour en savoir plus sur l&rsquo;<a href=\"https:\/\/fr.wikipedia.org\/wiki\/Mode_vintage\" target=\"_blank\" rel=\"noopener\">mode vintage<\/a> et la mode responsable, explorez notre univers cr\u00e9atif.<\/p>","protected":false},"excerpt":{"rendered":"<p>Robe Longue Vintage \u2013 D\u00e9tails de la pi\u00e8ce Robe longue vintage, cette robe est une v\u00e9ritable invitation \u00e0 la campagne, entre fleurs sauvages, f\u00eates de village et douceur d\u2019un autre temps.Inspir\u00e9e de l\u2019esth\u00e9tique dirndl traditionnel (robes d\u2019Europe centrale), elle en propose une interpr\u00e9tation romantique et portable, loin du costume, proche du r\u00eave. Le buste est [&hellip;]<\/p>\n","protected":false},"featured_media":1640,"comment_status":"open","ping_status":"closed","template":"","meta":{"_acf_changed":false},"product_brand":[],"product_cat":[47,68],"product_tag":[],"giftcard-category":[],"class_list":{"0":"post-1654","1":"product","2":"type-product","3":"status-publish","4":"has-post-thumbnail","6":"product_cat-friperie","7":"product_cat-friperie-femmes","8":"pa_taille-s","10":"first","11":"instock","12":"shipping-taxable","13":"purchasable","14":"product-type-simple"},"acf":[],"yoast_head":"<!-- This site is optimized with the Yoast SEO plugin v27.2 - https:\/\/yoast.com\/product\/yoast-seo-wordpress\/ -->\n<title>Robe Longue Vintage Dirndl Romantique | Marija Stoja<\/title>\n<meta name=\"description\" content=\"Robe longue vintage esprit campagne et dirndl romantique. Pi\u00e8ce de friperie unique et authentique, s\u00e9lectionn\u00e9e par Marija Stoja. Mode durable Marija Stoja.\" \/>\n<meta name=\"robots\" content=\"index, follow, max-snippet:-1, max-image-preview:large, max-video-preview:-1\" \/>\n<link rel=\"canonical\" href=\"https:\/\/marijastoja.fr\/en\/product\/robe-longue-vintage-esprit-campagne-dirndl-romantique\/\" \/>\n<meta property=\"og:locale\" content=\"en_US\" \/>\n<meta property=\"og:type\" content=\"article\" \/>\n<meta property=\"og:title\" content=\"Robe Longue Vintage Dirndl Romantique | Marija Stoja\" \/>\n<meta property=\"og:description\" content=\"Robe longue vintage esprit campagne et dirndl romantique. Pi\u00e8ce de friperie unique et authentique, s\u00e9lectionn\u00e9e par Marija Stoja. Mode durable Marija Stoja.\" \/>\n<meta property=\"og:url\" content=\"https:\/\/marijastoja.fr\/en\/product\/robe-longue-vintage-esprit-campagne-dirndl-romantique\/\" \/>\n<meta property=\"og:site_name\" content=\"Marija Stoja\" \/>\n<meta property=\"article:modified_time\" content=\"2026-03-17T13:57:21+00:00\" \/>\n<meta property=\"og:image\" content=\"https:\/\/marijastoja.fr\/wp-content\/uploads\/2026\/01\/IMG_9426.jpeg\" \/>\n\t<meta property=\"og:image:width\" content=\"1320\" \/>\n\t<meta property=\"og:image:height\" content=\"2345\" \/>\n\t<meta property=\"og:image:type\" content=\"image\/jpeg\" \/>\n<meta name=\"twitter:card\" content=\"summary_large_image\" \/>\n<meta name=\"twitter:label1\" content=\"Est. reading time\" \/>\n\t<meta name=\"twitter:data1\" content=\"1 minute\" \/>\n<script type=\"application\/ld+json\" class=\"yoast-schema-graph\">{\"@context\":\"https:\/\/schema.org\",\"@graph\":[{\"@type\":\"WebPage\",\"@id\":\"https:\/\/marijastoja.fr\/produit\/robe-longue-vintage-esprit-campagne-dirndl-romantique\/\",\"url\":\"https:\/\/marijastoja.fr\/produit\/robe-longue-vintage-esprit-campagne-dirndl-romantique\/\",\"name\":\"Robe Longue Vintage Dirndl Romantique | Marija Stoja\",\"isPartOf\":{\"@id\":\"https:\/\/marijastoja.fr\/#website\"},\"primaryImageOfPage\":{\"@id\":\"https:\/\/marijastoja.fr\/produit\/robe-longue-vintage-esprit-campagne-dirndl-romantique\/#primaryimage\"},\"image\":{\"@id\":\"https:\/\/marijastoja.fr\/produit\/robe-longue-vintage-esprit-campagne-dirndl-romantique\/#primaryimage\"},\"thumbnailUrl\":\"https:\/\/marijastoja.fr\/wp-content\/uploads\/2026\/01\/IMG_9426.jpeg\",\"datePublished\":\"2026-01-23T12:40:48+00:00\",\"dateModified\":\"2026-03-17T13:57:21+00:00\",\"description\":\"Robe longue vintage esprit campagne et dirndl romantique. Pi\u00e8ce de friperie unique et authentique, s\u00e9lectionn\u00e9e par Marija Stoja. Mode durable Marija Stoja.\",\"breadcrumb\":{\"@id\":\"https:\/\/marijastoja.fr\/produit\/robe-longue-vintage-esprit-campagne-dirndl-romantique\/#breadcrumb\"},\"inLanguage\":\"en-US\",\"potentialAction\":[{\"@type\":\"ReadAction\",\"target\":[\"https:\/\/marijastoja.fr\/produit\/robe-longue-vintage-esprit-campagne-dirndl-romantique\/\"]}]},{\"@type\":\"ImageObject\",\"inLanguage\":\"en-US\",\"@id\":\"https:\/\/marijastoja.fr\/produit\/robe-longue-vintage-esprit-campagne-dirndl-romantique\/#primaryimage\",\"url\":\"https:\/\/marijastoja.fr\/wp-content\/uploads\/2026\/01\/IMG_9426.jpeg\",\"contentUrl\":\"https:\/\/marijastoja.fr\/wp-content\/uploads\/2026\/01\/IMG_9426.jpeg\",\"width\":1320,\"height\":2345,\"caption\":\"Screenshot\"},{\"@type\":\"BreadcrumbList\",\"@id\":\"https:\/\/marijastoja.fr\/produit\/robe-longue-vintage-esprit-campagne-dirndl-romantique\/#breadcrumb\",\"itemListElement\":[{\"@type\":\"ListItem\",\"position\":1,\"name\":\"Accueil\",\"item\":\"https:\/\/marijastoja.fr\/\"},{\"@type\":\"ListItem\",\"position\":2,\"name\":\"Boutique\",\"item\":\"https:\/\/marijastoja.fr\/boutique\/\"},{\"@type\":\"ListItem\",\"position\":3,\"name\":\"Robe longue vintage esprit campagne \/ dirndl romantique\"}]},{\"@type\":\"WebSite\",\"@id\":\"https:\/\/marijastoja.fr\/#website\",\"url\":\"https:\/\/marijastoja.fr\/\",\"name\":\"Marija Stoja\",\"description\":\"Upcycling\",\"publisher\":{\"@id\":\"https:\/\/marijastoja.fr\/#organization\"},\"potentialAction\":[{\"@type\":\"SearchAction\",\"target\":{\"@type\":\"EntryPoint\",\"urlTemplate\":\"https:\/\/marijastoja.fr\/?s={search_term_string}\"},\"query-input\":{\"@type\":\"PropertyValueSpecification\",\"valueRequired\":true,\"valueName\":\"search_term_string\"}}],\"inLanguage\":\"en-US\"},{\"@type\":\"Organization\",\"@id\":\"https:\/\/marijastoja.fr\/#organization\",\"name\":\"Marija Stoja\",\"url\":\"https:\/\/marijastoja.fr\/\",\"logo\":{\"@type\":\"ImageObject\",\"inLanguage\":\"en-US\",\"@id\":\"https:\/\/marijastoja.fr\/#\/schema\/logo\/image\/\",\"url\":\"https:\/\/marijastoja.fr\/wp-content\/uploads\/2025\/12\/cropped-logo-noir.png\",\"contentUrl\":\"https:\/\/marijastoja.fr\/wp-content\/uploads\/2025\/12\/cropped-logo-noir.png\",\"width\":878,\"height\":322,\"caption\":\"Marija Stoja\"},\"image\":{\"@id\":\"https:\/\/marijastoja.fr\/#\/schema\/logo\/image\/\"}}]}<\/script>\n<!-- \/ Yoast SEO plugin. -->","yoast_head_json":{"title":"Robe Longue Vintage Dirndl Romantique | Marija Stoja","description":"Robe longue vintage esprit campagne et dirndl romantique. Pi\u00e8ce de friperie unique et authentique, s\u00e9lectionn\u00e9e par Marija Stoja. Mode durable Marija Stoja.","robots":{"index":"index","follow":"follow","max-snippet":"max-snippet:-1","max-image-preview":"max-image-preview:large","max-video-preview":"max-video-preview:-1"},"canonical":"https:\/\/marijastoja.fr\/en\/product\/robe-longue-vintage-esprit-campagne-dirndl-romantique\/","og_locale":"en_US","og_type":"article","og_title":"Robe Longue Vintage Dirndl Romantique | Marija Stoja","og_description":"Robe longue vintage esprit campagne et dirndl romantique. Pi\u00e8ce de friperie unique et authentique, s\u00e9lectionn\u00e9e par Marija Stoja. Mode durable Marija Stoja.","og_url":"https:\/\/marijastoja.fr\/en\/product\/robe-longue-vintage-esprit-campagne-dirndl-romantique\/","og_site_name":"Marija Stoja","article_modified_time":"2026-03-17T13:57:21+00:00","og_image":[{"width":1320,"height":2345,"url":"https:\/\/marijastoja.fr\/wp-content\/uploads\/2026\/01\/IMG_9426.jpeg","type":"image\/jpeg"}],"twitter_card":"summary_large_image","twitter_misc":{"Est. reading time":"1 minute"},"schema":{"@context":"https:\/\/schema.org","@graph":[{"@type":"WebPage","@id":"https:\/\/marijastoja.fr\/produit\/robe-longue-vintage-esprit-campagne-dirndl-romantique\/","url":"https:\/\/marijastoja.fr\/produit\/robe-longue-vintage-esprit-campagne-dirndl-romantique\/","name":"Robe Longue Vintage Dirndl Romantique | Marija Stoja","isPartOf":{"@id":"https:\/\/marijastoja.fr\/#website"},"primaryImageOfPage":{"@id":"https:\/\/marijastoja.fr\/produit\/robe-longue-vintage-esprit-campagne-dirndl-romantique\/#primaryimage"},"image":{"@id":"https:\/\/marijastoja.fr\/produit\/robe-longue-vintage-esprit-campagne-dirndl-romantique\/#primaryimage"},"thumbnailUrl":"https:\/\/marijastoja.fr\/wp-content\/uploads\/2026\/01\/IMG_9426.jpeg","datePublished":"2026-01-23T12:40:48+00:00","dateModified":"2026-03-17T13:57:21+00:00","description":"Robe longue vintage esprit campagne et dirndl romantique. Pi\u00e8ce de friperie unique et authentique, s\u00e9lectionn\u00e9e par Marija Stoja. Mode durable Marija Stoja.","breadcrumb":{"@id":"https:\/\/marijastoja.fr\/produit\/robe-longue-vintage-esprit-campagne-dirndl-romantique\/#breadcrumb"},"inLanguage":"en-US","potentialAction":[{"@type":"ReadAction","target":["https:\/\/marijastoja.fr\/produit\/robe-longue-vintage-esprit-campagne-dirndl-romantique\/"]}]},{"@type":"ImageObject","inLanguage":"en-US","@id":"https:\/\/marijastoja.fr\/produit\/robe-longue-vintage-esprit-campagne-dirndl-romantique\/#primaryimage","url":"https:\/\/marijastoja.fr\/wp-content\/uploads\/2026\/01\/IMG_9426.jpeg","contentUrl":"https:\/\/marijastoja.fr\/wp-content\/uploads\/2026\/01\/IMG_9426.jpeg","width":1320,"height":2345,"caption":"Screenshot"},{"@type":"BreadcrumbList","@id":"https:\/\/marijastoja.fr\/produit\/robe-longue-vintage-esprit-campagne-dirndl-romantique\/#breadcrumb","itemListElement":[{"@type":"ListItem","position":1,"name":"Accueil","item":"https:\/\/marijastoja.fr\/"},{"@type":"ListItem","position":2,"name":"Boutique","item":"https:\/\/marijastoja.fr\/boutique\/"},{"@type":"ListItem","position":3,"name":"Robe longue vintage esprit campagne \/ dirndl romantique"}]},{"@type":"WebSite","@id":"https:\/\/marijastoja.fr\/#website","url":"https:\/\/marijastoja.fr\/","name":"Marija Stoja","description":"Upcycling","publisher":{"@id":"https:\/\/marijastoja.fr\/#organization"},"potentialAction":[{"@type":"SearchAction","target":{"@type":"EntryPoint","urlTemplate":"https:\/\/marijastoja.fr\/?s={search_term_string}"},"query-input":{"@type":"PropertyValueSpecification","valueRequired":true,"valueName":"search_term_string"}}],"inLanguage":"en-US"},{"@type":"Organization","@id":"https:\/\/marijastoja.fr\/#organization","name":"Marija Stoja","url":"https:\/\/marijastoja.fr\/","logo":{"@type":"ImageObject","inLanguage":"en-US","@id":"https:\/\/marijastoja.fr\/#\/schema\/logo\/image\/","url":"https:\/\/marijastoja.fr\/wp-content\/uploads\/2025\/12\/cropped-logo-noir.png","contentUrl":"https:\/\/marijastoja.fr\/wp-content\/uploads\/2025\/12\/cropped-logo-noir.png","width":878,"height":322,"caption":"Marija Stoja"},"image":{"@id":"https:\/\/marijastoja.fr\/#\/schema\/logo\/image\/"}}]}},"jetpack_sharing_enabled":true,"_links":{"self":[{"href":"https:\/\/marijastoja.fr\/en\/wp-json\/wp\/v2\/product\/1654","targetHints":{"allow":["GET"]}}],"collection":[{"href":"https:\/\/marijastoja.fr\/en\/wp-json\/wp\/v2\/product"}],"about":[{"href":"https:\/\/marijastoja.fr\/en\/wp-json\/wp\/v2\/types\/product"}],"replies":[{"embeddable":true,"href":"https:\/\/marijastoja.fr\/en\/wp-json\/wp\/v2\/comments?post=1654"}],"wp:featuredmedia":[{"embeddable":true,"href":"https:\/\/marijastoja.fr\/en\/wp-json\/wp\/v2\/media\/1640"}],"wp:attachment":[{"href":"https:\/\/marijastoja.fr\/en\/wp-json\/wp\/v2\/media?parent=1654"}],"wp:term":[{"taxonomy":"product_brand","embeddable":true,"href":"https:\/\/marijastoja.fr\/en\/wp-json\/wp\/v2\/product_brand?post=1654"},{"taxonomy":"product_cat","embeddable":true,"href":"https:\/\/marijastoja.fr\/en\/wp-json\/wp\/v2\/product_cat?post=1654"},{"taxonomy":"product_tag","embeddable":true,"href":"https:\/\/marijastoja.fr\/en\/wp-json\/wp\/v2\/product_tag?post=1654"},{"taxonomy":"giftcard-category","embeddable":true,"href":"https:\/\/marijastoja.fr\/en\/wp-json\/wp\/v2\/giftcard-category?post=1654"}],"curies":[{"name":"wp","href":"https:\/\/api.w.org\/{rel}","templated":true}]}}