{"id":1760,"date":"2026-01-27T17:55:26","date_gmt":"2026-01-27T16:55:26","guid":{"rendered":"https:\/\/marijastoja.fr\/?post_type=product&#038;p=1760"},"modified":"2026-03-17T14:56:52","modified_gmt":"2026-03-17T13:56:52","slug":"jean-upcycle-patchwork-fleurs-zebre","status":"publish","type":"product","link":"https:\/\/marijastoja.fr\/en\/product\/jean-upcycle-patchwork-fleurs-zebre\/","title":{"rendered":"Jean upcycl\u00e9 patchwork fleurs z\u00e8bre"},"content":{"rendered":"<h2>Jean Upcycl\u00e9 Patchwork \u2013 D\u00e9tails de la pi\u00e8ce<\/h2>\n<p data-start=\"915\" data-end=\"1212\">Jean upcycl\u00e9 patchwork, ce jean upcycl\u00e9 fleurs est une pi\u00e8ce unique enti\u00e8rement retravaill\u00e9e \u00e0 la main \u00e0 partir d\u2019un jean vintage. Il a \u00e9t\u00e9 transform\u00e9 en une cr\u00e9ation artistique forte gr\u00e2ce \u00e0 un travail de patchwork m\u00ealant fleurs graphiques et motifs z\u00e8bre, pour un rendu \u00e0 la fois audacieux, mode et totalement exclusif.<\/p>\n<p data-start=\"1214\" data-end=\"1520\">Chaque \u00e9l\u00e9ment textile a \u00e9t\u00e9 d\u00e9coup\u00e9, assembl\u00e9 et cousu manuellement pour cr\u00e9er une composition asym\u00e9trique et vivante. Les contrastes entre le denim brut, le noir profond, le rose doux et l\u2019imprim\u00e9 z\u00e8bre donnent \u00e0 ce jean customis\u00e9 une identit\u00e9 visuelle tr\u00e8s forte, entre pop, street et pi\u00e8ce de cr\u00e9ateur.<\/p>\n<p data-start=\"1522\" data-end=\"1733\">Ce jean patchwork upcycl\u00e9 est une pi\u00e8ce unique, disponible en un seul exemplaire. Il incarne parfaitement l\u2019esprit de l\u2019upcycling: transformer un v\u00eatement existant en une cr\u00e9ation neuve, artistique et d\u00e9sirable.<\/p>\n<p data-start=\"1735\" data-end=\"1830\">Ce jean se porte comme une pi\u00e8ce centrale dans une tenue, capable \u00e0 lui seul de signer un look.<\/p>\n<p>D\u00e9couvrez \u00e9galement nos autres <a href=\"https:\/\/marijastoja.fr\/en\/pantalons-2\/\">pantalons upcycl\u00e9s<\/a> dans la boutique Marija Stoja. Pour en savoir plus sur l&rsquo;<a href=\"https:\/\/fr.wikipedia.org\/wiki\/Upcycling\" target=\"_blank\" rel=\"noopener\">upcycling<\/a> et la mode responsable, explorez notre univers cr\u00e9atif.<\/p>","protected":false},"excerpt":{"rendered":"<p>Jean Upcycl\u00e9 Patchwork \u2013 D\u00e9tails de la pi\u00e8ce Jean upcycl\u00e9 patchwork, ce jean upcycl\u00e9 fleurs est une pi\u00e8ce unique enti\u00e8rement retravaill\u00e9e \u00e0 la main \u00e0 partir d\u2019un jean vintage. Il a \u00e9t\u00e9 transform\u00e9 en une cr\u00e9ation artistique forte gr\u00e2ce \u00e0 un travail de patchwork m\u00ealant fleurs graphiques et motifs z\u00e8bre, pour un rendu \u00e0 la [&hellip;]<\/p>\n","protected":false},"featured_media":1761,"comment_status":"open","ping_status":"closed","template":"","meta":{"_acf_changed":false},"product_brand":[],"product_cat":[25],"product_tag":[],"giftcard-category":[],"class_list":{"0":"post-1760","1":"product","2":"type-product","3":"status-publish","4":"has-post-thumbnail","6":"product_cat-pantalons","7":"pa_taille-l","9":"first","10":"instock","11":"shipping-taxable","12":"purchasable","13":"product-type-simple"},"acf":[],"yoast_head":"<!-- This site is optimized with the Yoast SEO plugin v27.2 - https:\/\/yoast.com\/product\/yoast-seo-wordpress\/ -->\n<title>Jean Upcycl\u00e9 Patchwork Fleurs Z\u00e8bre | Marija Stoja<\/title>\n<meta name=\"description\" content=\"Jean upcycl\u00e9 patchwork avec motifs fleurs et z\u00e8bre, customis\u00e9 \u00e0 la main. Pi\u00e8ce unique Marija Stoja, style original et mode responsable Pi\u00e8ce unique faite main.\" \/>\n<meta name=\"robots\" content=\"index, follow, max-snippet:-1, max-image-preview:large, max-video-preview:-1\" \/>\n<link rel=\"canonical\" href=\"https:\/\/marijastoja.fr\/en\/product\/jean-upcycle-patchwork-fleurs-zebre\/\" \/>\n<meta property=\"og:locale\" content=\"en_US\" \/>\n<meta property=\"og:type\" content=\"article\" \/>\n<meta property=\"og:title\" content=\"Jean Upcycl\u00e9 Patchwork Fleurs Z\u00e8bre | Marija Stoja\" \/>\n<meta property=\"og:description\" content=\"Jean upcycl\u00e9 patchwork avec motifs fleurs et z\u00e8bre, customis\u00e9 \u00e0 la main. Pi\u00e8ce unique Marija Stoja, style original et mode responsable Pi\u00e8ce unique faite main.\" \/>\n<meta property=\"og:url\" content=\"https:\/\/marijastoja.fr\/en\/product\/jean-upcycle-patchwork-fleurs-zebre\/\" \/>\n<meta property=\"og:site_name\" content=\"Marija Stoja\" \/>\n<meta property=\"article:modified_time\" content=\"2026-03-17T13:56:52+00:00\" \/>\n<meta property=\"og:image\" content=\"https:\/\/marijastoja.fr\/wp-content\/uploads\/2026\/01\/1a464af3-65df-455e-aaa6-ec221cc208da-1.jpg\" \/>\n\t<meta property=\"og:image:width\" content=\"1152\" \/>\n\t<meta property=\"og:image:height\" content=\"2048\" \/>\n\t<meta property=\"og:image:type\" content=\"image\/jpeg\" \/>\n<meta name=\"twitter:card\" content=\"summary_large_image\" \/>\n<meta name=\"twitter:label1\" content=\"Est. reading time\" \/>\n\t<meta name=\"twitter:data1\" content=\"1 minute\" \/>\n<script type=\"application\/ld+json\" class=\"yoast-schema-graph\">{\"@context\":\"https:\/\/schema.org\",\"@graph\":[{\"@type\":\"WebPage\",\"@id\":\"https:\/\/marijastoja.fr\/produit\/jean-upcycle-patchwork-fleurs-zebre\/\",\"url\":\"https:\/\/marijastoja.fr\/produit\/jean-upcycle-patchwork-fleurs-zebre\/\",\"name\":\"Jean Upcycl\u00e9 Patchwork Fleurs Z\u00e8bre | Marija Stoja\",\"isPartOf\":{\"@id\":\"https:\/\/marijastoja.fr\/#website\"},\"primaryImageOfPage\":{\"@id\":\"https:\/\/marijastoja.fr\/produit\/jean-upcycle-patchwork-fleurs-zebre\/#primaryimage\"},\"image\":{\"@id\":\"https:\/\/marijastoja.fr\/produit\/jean-upcycle-patchwork-fleurs-zebre\/#primaryimage\"},\"thumbnailUrl\":\"https:\/\/marijastoja.fr\/wp-content\/uploads\/2026\/01\/1a464af3-65df-455e-aaa6-ec221cc208da-1.jpg\",\"datePublished\":\"2026-01-27T16:55:26+00:00\",\"dateModified\":\"2026-03-17T13:56:52+00:00\",\"description\":\"Jean upcycl\u00e9 patchwork avec motifs fleurs et z\u00e8bre, customis\u00e9 \u00e0 la main. Pi\u00e8ce unique Marija Stoja, style original et mode responsable Pi\u00e8ce unique faite main.\",\"breadcrumb\":{\"@id\":\"https:\/\/marijastoja.fr\/produit\/jean-upcycle-patchwork-fleurs-zebre\/#breadcrumb\"},\"inLanguage\":\"en-US\",\"potentialAction\":[{\"@type\":\"ReadAction\",\"target\":[\"https:\/\/marijastoja.fr\/produit\/jean-upcycle-patchwork-fleurs-zebre\/\"]}]},{\"@type\":\"ImageObject\",\"inLanguage\":\"en-US\",\"@id\":\"https:\/\/marijastoja.fr\/produit\/jean-upcycle-patchwork-fleurs-zebre\/#primaryimage\",\"url\":\"https:\/\/marijastoja.fr\/wp-content\/uploads\/2026\/01\/1a464af3-65df-455e-aaa6-ec221cc208da-1.jpg\",\"contentUrl\":\"https:\/\/marijastoja.fr\/wp-content\/uploads\/2026\/01\/1a464af3-65df-455e-aaa6-ec221cc208da-1.jpg\",\"width\":1152,\"height\":2048,\"caption\":\"jean upcycl\u00e9 patchwork - Marija Stoja\"},{\"@type\":\"BreadcrumbList\",\"@id\":\"https:\/\/marijastoja.fr\/produit\/jean-upcycle-patchwork-fleurs-zebre\/#breadcrumb\",\"itemListElement\":[{\"@type\":\"ListItem\",\"position\":1,\"name\":\"Accueil\",\"item\":\"https:\/\/marijastoja.fr\/\"},{\"@type\":\"ListItem\",\"position\":2,\"name\":\"Boutique\",\"item\":\"https:\/\/marijastoja.fr\/boutique\/\"},{\"@type\":\"ListItem\",\"position\":3,\"name\":\"Jean upcycl\u00e9 patchwork fleurs z\u00e8bre\"}]},{\"@type\":\"WebSite\",\"@id\":\"https:\/\/marijastoja.fr\/#website\",\"url\":\"https:\/\/marijastoja.fr\/\",\"name\":\"Marija Stoja\",\"description\":\"Upcycling\",\"publisher\":{\"@id\":\"https:\/\/marijastoja.fr\/#organization\"},\"potentialAction\":[{\"@type\":\"SearchAction\",\"target\":{\"@type\":\"EntryPoint\",\"urlTemplate\":\"https:\/\/marijastoja.fr\/?s={search_term_string}\"},\"query-input\":{\"@type\":\"PropertyValueSpecification\",\"valueRequired\":true,\"valueName\":\"search_term_string\"}}],\"inLanguage\":\"en-US\"},{\"@type\":\"Organization\",\"@id\":\"https:\/\/marijastoja.fr\/#organization\",\"name\":\"Marija Stoja\",\"url\":\"https:\/\/marijastoja.fr\/\",\"logo\":{\"@type\":\"ImageObject\",\"inLanguage\":\"en-US\",\"@id\":\"https:\/\/marijastoja.fr\/#\/schema\/logo\/image\/\",\"url\":\"https:\/\/marijastoja.fr\/wp-content\/uploads\/2025\/12\/cropped-logo-noir.png\",\"contentUrl\":\"https:\/\/marijastoja.fr\/wp-content\/uploads\/2025\/12\/cropped-logo-noir.png\",\"width\":878,\"height\":322,\"caption\":\"Marija Stoja\"},\"image\":{\"@id\":\"https:\/\/marijastoja.fr\/#\/schema\/logo\/image\/\"}}]}<\/script>\n<!-- \/ Yoast SEO plugin. -->","yoast_head_json":{"title":"Jean Upcycl\u00e9 Patchwork Fleurs Z\u00e8bre | Marija Stoja","description":"Jean upcycl\u00e9 patchwork avec motifs fleurs et z\u00e8bre, customis\u00e9 \u00e0 la main. Pi\u00e8ce unique Marija Stoja, style original et mode responsable Pi\u00e8ce unique faite main.","robots":{"index":"index","follow":"follow","max-snippet":"max-snippet:-1","max-image-preview":"max-image-preview:large","max-video-preview":"max-video-preview:-1"},"canonical":"https:\/\/marijastoja.fr\/en\/product\/jean-upcycle-patchwork-fleurs-zebre\/","og_locale":"en_US","og_type":"article","og_title":"Jean Upcycl\u00e9 Patchwork Fleurs Z\u00e8bre | Marija Stoja","og_description":"Jean upcycl\u00e9 patchwork avec motifs fleurs et z\u00e8bre, customis\u00e9 \u00e0 la main. Pi\u00e8ce unique Marija Stoja, style original et mode responsable Pi\u00e8ce unique faite main.","og_url":"https:\/\/marijastoja.fr\/en\/product\/jean-upcycle-patchwork-fleurs-zebre\/","og_site_name":"Marija Stoja","article_modified_time":"2026-03-17T13:56:52+00:00","og_image":[{"width":1152,"height":2048,"url":"https:\/\/marijastoja.fr\/wp-content\/uploads\/2026\/01\/1a464af3-65df-455e-aaa6-ec221cc208da-1.jpg","type":"image\/jpeg"}],"twitter_card":"summary_large_image","twitter_misc":{"Est. reading time":"1 minute"},"schema":{"@context":"https:\/\/schema.org","@graph":[{"@type":"WebPage","@id":"https:\/\/marijastoja.fr\/produit\/jean-upcycle-patchwork-fleurs-zebre\/","url":"https:\/\/marijastoja.fr\/produit\/jean-upcycle-patchwork-fleurs-zebre\/","name":"Jean Upcycl\u00e9 Patchwork Fleurs Z\u00e8bre | Marija Stoja","isPartOf":{"@id":"https:\/\/marijastoja.fr\/#website"},"primaryImageOfPage":{"@id":"https:\/\/marijastoja.fr\/produit\/jean-upcycle-patchwork-fleurs-zebre\/#primaryimage"},"image":{"@id":"https:\/\/marijastoja.fr\/produit\/jean-upcycle-patchwork-fleurs-zebre\/#primaryimage"},"thumbnailUrl":"https:\/\/marijastoja.fr\/wp-content\/uploads\/2026\/01\/1a464af3-65df-455e-aaa6-ec221cc208da-1.jpg","datePublished":"2026-01-27T16:55:26+00:00","dateModified":"2026-03-17T13:56:52+00:00","description":"Jean upcycl\u00e9 patchwork avec motifs fleurs et z\u00e8bre, customis\u00e9 \u00e0 la main. Pi\u00e8ce unique Marija Stoja, style original et mode responsable Pi\u00e8ce unique faite main.","breadcrumb":{"@id":"https:\/\/marijastoja.fr\/produit\/jean-upcycle-patchwork-fleurs-zebre\/#breadcrumb"},"inLanguage":"en-US","potentialAction":[{"@type":"ReadAction","target":["https:\/\/marijastoja.fr\/produit\/jean-upcycle-patchwork-fleurs-zebre\/"]}]},{"@type":"ImageObject","inLanguage":"en-US","@id":"https:\/\/marijastoja.fr\/produit\/jean-upcycle-patchwork-fleurs-zebre\/#primaryimage","url":"https:\/\/marijastoja.fr\/wp-content\/uploads\/2026\/01\/1a464af3-65df-455e-aaa6-ec221cc208da-1.jpg","contentUrl":"https:\/\/marijastoja.fr\/wp-content\/uploads\/2026\/01\/1a464af3-65df-455e-aaa6-ec221cc208da-1.jpg","width":1152,"height":2048,"caption":"jean upcycl\u00e9 patchwork - Marija Stoja"},{"@type":"BreadcrumbList","@id":"https:\/\/marijastoja.fr\/produit\/jean-upcycle-patchwork-fleurs-zebre\/#breadcrumb","itemListElement":[{"@type":"ListItem","position":1,"name":"Accueil","item":"https:\/\/marijastoja.fr\/"},{"@type":"ListItem","position":2,"name":"Boutique","item":"https:\/\/marijastoja.fr\/boutique\/"},{"@type":"ListItem","position":3,"name":"Jean upcycl\u00e9 patchwork fleurs z\u00e8bre"}]},{"@type":"WebSite","@id":"https:\/\/marijastoja.fr\/#website","url":"https:\/\/marijastoja.fr\/","name":"Marija Stoja","description":"Upcycling","publisher":{"@id":"https:\/\/marijastoja.fr\/#organization"},"potentialAction":[{"@type":"SearchAction","target":{"@type":"EntryPoint","urlTemplate":"https:\/\/marijastoja.fr\/?s={search_term_string}"},"query-input":{"@type":"PropertyValueSpecification","valueRequired":true,"valueName":"search_term_string"}}],"inLanguage":"en-US"},{"@type":"Organization","@id":"https:\/\/marijastoja.fr\/#organization","name":"Marija Stoja","url":"https:\/\/marijastoja.fr\/","logo":{"@type":"ImageObject","inLanguage":"en-US","@id":"https:\/\/marijastoja.fr\/#\/schema\/logo\/image\/","url":"https:\/\/marijastoja.fr\/wp-content\/uploads\/2025\/12\/cropped-logo-noir.png","contentUrl":"https:\/\/marijastoja.fr\/wp-content\/uploads\/2025\/12\/cropped-logo-noir.png","width":878,"height":322,"caption":"Marija Stoja"},"image":{"@id":"https:\/\/marijastoja.fr\/#\/schema\/logo\/image\/"}}]}},"jetpack_sharing_enabled":true,"_links":{"self":[{"href":"https:\/\/marijastoja.fr\/en\/wp-json\/wp\/v2\/product\/1760","targetHints":{"allow":["GET"]}}],"collection":[{"href":"https:\/\/marijastoja.fr\/en\/wp-json\/wp\/v2\/product"}],"about":[{"href":"https:\/\/marijastoja.fr\/en\/wp-json\/wp\/v2\/types\/product"}],"replies":[{"embeddable":true,"href":"https:\/\/marijastoja.fr\/en\/wp-json\/wp\/v2\/comments?post=1760"}],"wp:featuredmedia":[{"embeddable":true,"href":"https:\/\/marijastoja.fr\/en\/wp-json\/wp\/v2\/media\/1761"}],"wp:attachment":[{"href":"https:\/\/marijastoja.fr\/en\/wp-json\/wp\/v2\/media?parent=1760"}],"wp:term":[{"taxonomy":"product_brand","embeddable":true,"href":"https:\/\/marijastoja.fr\/en\/wp-json\/wp\/v2\/product_brand?post=1760"},{"taxonomy":"product_cat","embeddable":true,"href":"https:\/\/marijastoja.fr\/en\/wp-json\/wp\/v2\/product_cat?post=1760"},{"taxonomy":"product_tag","embeddable":true,"href":"https:\/\/marijastoja.fr\/en\/wp-json\/wp\/v2\/product_tag?post=1760"},{"taxonomy":"giftcard-category","embeddable":true,"href":"https:\/\/marijastoja.fr\/en\/wp-json\/wp\/v2\/giftcard-category?post=1760"}],"curies":[{"name":"wp","href":"https:\/\/api.w.org\/{rel}","templated":true}]}}