{"id":1939,"date":"2026-03-12T13:43:05","date_gmt":"2026-03-12T12:43:05","guid":{"rendered":"https:\/\/marijastoja.fr\/?post_type=product&#038;p=1939"},"modified":"2026-03-17T14:56:18","modified_gmt":"2026-03-17T13:56:18","slug":"sweat-tie-dye-upcycle-piece-unique","status":"publish","type":"product","link":"https:\/\/marijastoja.fr\/en\/product\/sweat-tie-dye-upcycle-piece-unique\/","title":{"rendered":"Sweat tie-dye \u2013 pi\u00e8ce unique upcycl\u00e9e"},"content":{"rendered":"<p data-start=\"120\" data-end=\"160\"><strong>Sweat tie-dye upcycl\u00e9 \u2013 pi\u00e8ce unique<\/strong><\/p>\n<p data-start=\"120\" data-end=\"160\"><strong>Sweat tie dye upcycl\u00e9 : une pi\u00e8ce unique entre streetwear et cr\u00e9ation artistique<\/strong><\/p>\n<p data-start=\"120\" data-end=\"160\">Ce sweat tie-dye est n\u00e9 d\u2019un processus de transformation. \u00c0 partir d\u2019une base simple, le v\u00eatement a \u00e9t\u00e9 retravaill\u00e9 pour devenir une pi\u00e8ce unique o\u00f9 streetwear et expression artistique se rencontrent.<\/p>\n<p data-start=\"356\" data-end=\"743\">La premi\u00e8re intervention se trouve dans la teinture. Le tissu a \u00e9t\u00e9 retravaill\u00e9 avec un <strong data-start=\"444\" data-end=\"469\">effet tie-dye spiral\u00e9<\/strong>, cr\u00e9ant un mouvement visuel intense dans des nuances sombres et vertes. Cette technique donne au sweat une profondeur particuli\u00e8re, presque hypnotique. Chaque teinture \u00e9tant r\u00e9alis\u00e9e \u00e0 la main, le motif obtenu est totalement unique et impossible \u00e0 reproduire \u00e0 l\u2019identique.<\/p>\n<p data-start=\"356\" data-end=\"743\"><strong>Un design graphique fort inspir\u00e9 de la culture street<\/strong><\/p>\n<p data-start=\"745\" data-end=\"1080\">Sur cette toile dynamique viennent se poser des <strong data-start=\"793\" data-end=\"851\">applications florales dans diff\u00e9rentes nuances de bleu<\/strong>. Ces fleurs cr\u00e9ent un contraste visuel int\u00e9ressant avec le tie-dye et apportent une dimension plus organique \u00e0 la pi\u00e8ce. Elles semblent presque flotter sur le v\u00eatement, comme si la nature venait s\u2019inviter dans un univers street.<\/p>\n<p data-start=\"1082\" data-end=\"1310\">Au dos, un visuel <strong data-start=\"1100\" data-end=\"1125\">\u201cJust Do It\u201d revisit\u00e9<\/strong> s\u2019int\u00e8gre \u00e0 la composition et renforce l\u2019esth\u00e9tique urbaine de la pi\u00e8ce. L\u2019ensemble forme une cr\u00e9ation graphique forte, entre culture streetwear, collage visuel et approche artistique.<\/p>\n<p data-start=\"1312\" data-end=\"1435\">La signature <strong data-start=\"1325\" data-end=\"1331\">MS<\/strong> est \u00e9galement pr\u00e9sente, marquant l\u2019identit\u00e9 de la transformation et le travail r\u00e9alis\u00e9 sur le v\u00eatement.<\/p>\n<p data-start=\"1312\" data-end=\"1435\"><strong>Customisation r\u00e9alis\u00e9e \u00e0 la main<\/strong><\/p>\n<p data-start=\"1437\" data-end=\"1694\">Ce sweat s\u2019inscrit dans une d\u00e9marche d\u2019<strong data-start=\"1476\" data-end=\"1489\">upcycling<\/strong>, o\u00f9 un v\u00eatement existant est transform\u00e9 pour lui donner une nouvelle vie et une nouvelle identit\u00e9. L\u2019objectif n\u2019est pas seulement de customiser, mais de cr\u00e9er une pi\u00e8ce qui poss\u00e8de sa propre personnalit\u00e9.<\/p>\n<p data-start=\"1696\" data-end=\"1776\">Confortable, visuellement fort et enti\u00e8rement unique, ce sweat ne se r\u00e9p\u00e8te pas.<\/p>\n<p data-start=\"1778\" data-end=\"1815\" data-is-last-node=\"\" data-is-only-node=\"\">Ce sweat tie-dye upcycl\u00e9 n\u2019existe qu\u2019en un seul exemplaire.<\/p>\n<p data-start=\"1778\" data-end=\"1815\" data-is-last-node=\"\" data-is-only-node=\"\">R\u00e9alisation artisanale, qui s&rsquo;inscrit dans un mode de confection \u00e9cologique et durable, afin de faire revivre des pi\u00e8ces abandonn\u00e9es au lieu de les jeter.<\/p>\n<p data-start=\"1262\" data-end=\"1385\">\ud83e\uddf5 Pi\u00e8ce unique<br data-start=\"1277\" data-end=\"1280\" \/>\ud83c\udfa8 Customisation r\u00e9alis\u00e9e \u00e0 la main<br data-start=\"1315\" data-end=\"1318\" \/>\ud83c\udf2a\ufe0f Tie-dye artisanal<br data-start=\"1339\" data-end=\"1342\" \/>\ud83c\udf3c Applications florales<br data-start=\"1366\" data-end=\"1369\" \/>\ud83c\udf31 Mode upcycl\u00e9e<\/p>\n<p data-start=\"1262\" data-end=\"1385\"><strong>Une pi\u00e8ce unique impossible \u00e0 reproduire<\/strong><\/p>\n<p data-start=\"1387\" data-end=\"1446\">Un sweat confortable, graphique et impossible \u00e0 reproduire.<\/p>","protected":false},"excerpt":{"rendered":"<p>Sweat tie-dye upcycl\u00e9 \u2013 pi\u00e8ce unique Sweat tie dye upcycl\u00e9 : une pi\u00e8ce unique entre streetwear et cr\u00e9ation artistique Ce sweat tie-dye est n\u00e9 d\u2019un processus de transformation. \u00c0 partir d\u2019une base simple, le v\u00eatement a \u00e9t\u00e9 retravaill\u00e9 pour devenir une pi\u00e8ce unique o\u00f9 streetwear et expression artistique se rencontrent. La premi\u00e8re intervention se trouve [&hellip;]<\/p>\n","protected":false},"featured_media":1934,"comment_status":"open","ping_status":"closed","template":"","meta":{"_acf_changed":false},"product_brand":[],"product_cat":[72,114],"product_tag":[],"giftcard-category":[],"class_list":{"0":"post-1939","1":"product","2":"type-product","3":"status-publish","4":"has-post-thumbnail","6":"product_cat-hauts","7":"product_cat-sweats","8":"pa_taille-l","10":"first","11":"instock","12":"shipping-taxable","13":"purchasable","14":"product-type-simple"},"acf":[],"yoast_head":"<!-- This site is optimized with the Yoast SEO plugin v27.2 - https:\/\/yoast.com\/product\/yoast-seo-wordpress\/ -->\n<title>sweat tie-dye upcycl\u00e9 - Marija Stoja<\/title>\n<meta name=\"description\" content=\"Sweat tie dye upcycl\u00e9 avec fleurs appliqu\u00e9es et design street. Pi\u00e8ce unique artisanale m\u00ealant streetwear et expression artistique.\" \/>\n<meta name=\"robots\" content=\"index, follow, max-snippet:-1, max-image-preview:large, max-video-preview:-1\" \/>\n<link rel=\"canonical\" href=\"https:\/\/marijastoja.fr\/en\/product\/sweat-tie-dye-upcycle-piece-unique\/\" \/>\n<meta property=\"og:locale\" content=\"en_US\" \/>\n<meta property=\"og:type\" content=\"article\" \/>\n<meta property=\"og:title\" content=\"sweat tie-dye upcycl\u00e9 - Marija Stoja\" \/>\n<meta property=\"og:description\" content=\"Sweat tie dye upcycl\u00e9 avec fleurs appliqu\u00e9es et design street. Pi\u00e8ce unique artisanale m\u00ealant streetwear et expression artistique.\" \/>\n<meta property=\"og:url\" content=\"https:\/\/marijastoja.fr\/en\/product\/sweat-tie-dye-upcycle-piece-unique\/\" \/>\n<meta property=\"og:site_name\" content=\"Marija Stoja\" \/>\n<meta property=\"article:modified_time\" content=\"2026-03-17T13:56:18+00:00\" \/>\n<meta property=\"og:image\" content=\"https:\/\/marijastoja.fr\/wp-content\/uploads\/2026\/03\/IMG_0049-scaled.jpeg\" \/>\n\t<meta property=\"og:image:width\" content=\"1440\" \/>\n\t<meta property=\"og:image:height\" content=\"2560\" \/>\n\t<meta property=\"og:image:type\" content=\"image\/jpeg\" \/>\n<meta name=\"twitter:card\" content=\"summary_large_image\" \/>\n<meta name=\"twitter:label1\" content=\"Est. reading time\" \/>\n\t<meta name=\"twitter:data1\" content=\"2 minutes\" \/>\n<script type=\"application\/ld+json\" class=\"yoast-schema-graph\">{\"@context\":\"https:\/\/schema.org\",\"@graph\":[{\"@type\":\"WebPage\",\"@id\":\"https:\/\/marijastoja.fr\/produit\/sweat-tie-dye-upcycle-piece-unique\/\",\"url\":\"https:\/\/marijastoja.fr\/produit\/sweat-tie-dye-upcycle-piece-unique\/\",\"name\":\"sweat tie-dye upcycl\u00e9 - Marija Stoja\",\"isPartOf\":{\"@id\":\"https:\/\/marijastoja.fr\/#website\"},\"primaryImageOfPage\":{\"@id\":\"https:\/\/marijastoja.fr\/produit\/sweat-tie-dye-upcycle-piece-unique\/#primaryimage\"},\"image\":{\"@id\":\"https:\/\/marijastoja.fr\/produit\/sweat-tie-dye-upcycle-piece-unique\/#primaryimage\"},\"thumbnailUrl\":\"https:\/\/marijastoja.fr\/wp-content\/uploads\/2026\/03\/IMG_0049-scaled.jpeg\",\"datePublished\":\"2026-03-12T12:43:05+00:00\",\"dateModified\":\"2026-03-17T13:56:18+00:00\",\"description\":\"Sweat tie dye upcycl\u00e9 avec fleurs appliqu\u00e9es et design street. Pi\u00e8ce unique artisanale m\u00ealant streetwear et expression artistique.\",\"breadcrumb\":{\"@id\":\"https:\/\/marijastoja.fr\/produit\/sweat-tie-dye-upcycle-piece-unique\/#breadcrumb\"},\"inLanguage\":\"en-US\",\"potentialAction\":[{\"@type\":\"ReadAction\",\"target\":[\"https:\/\/marijastoja.fr\/produit\/sweat-tie-dye-upcycle-piece-unique\/\"]}]},{\"@type\":\"ImageObject\",\"inLanguage\":\"en-US\",\"@id\":\"https:\/\/marijastoja.fr\/produit\/sweat-tie-dye-upcycle-piece-unique\/#primaryimage\",\"url\":\"https:\/\/marijastoja.fr\/wp-content\/uploads\/2026\/03\/IMG_0049-scaled.jpeg\",\"contentUrl\":\"https:\/\/marijastoja.fr\/wp-content\/uploads\/2026\/03\/IMG_0049-scaled.jpeg\",\"width\":1440,\"height\":2560,\"caption\":\"sweat tie-dye\"},{\"@type\":\"BreadcrumbList\",\"@id\":\"https:\/\/marijastoja.fr\/produit\/sweat-tie-dye-upcycle-piece-unique\/#breadcrumb\",\"itemListElement\":[{\"@type\":\"ListItem\",\"position\":1,\"name\":\"Accueil\",\"item\":\"https:\/\/marijastoja.fr\/\"},{\"@type\":\"ListItem\",\"position\":2,\"name\":\"Boutique\",\"item\":\"https:\/\/marijastoja.fr\/boutique\/\"},{\"@type\":\"ListItem\",\"position\":3,\"name\":\"Sweat tie-dye \u2013 pi\u00e8ce unique upcycl\u00e9e\"}]},{\"@type\":\"WebSite\",\"@id\":\"https:\/\/marijastoja.fr\/#website\",\"url\":\"https:\/\/marijastoja.fr\/\",\"name\":\"Marija Stoja\",\"description\":\"Upcycling\",\"publisher\":{\"@id\":\"https:\/\/marijastoja.fr\/#organization\"},\"potentialAction\":[{\"@type\":\"SearchAction\",\"target\":{\"@type\":\"EntryPoint\",\"urlTemplate\":\"https:\/\/marijastoja.fr\/?s={search_term_string}\"},\"query-input\":{\"@type\":\"PropertyValueSpecification\",\"valueRequired\":true,\"valueName\":\"search_term_string\"}}],\"inLanguage\":\"en-US\"},{\"@type\":\"Organization\",\"@id\":\"https:\/\/marijastoja.fr\/#organization\",\"name\":\"Marija Stoja\",\"url\":\"https:\/\/marijastoja.fr\/\",\"logo\":{\"@type\":\"ImageObject\",\"inLanguage\":\"en-US\",\"@id\":\"https:\/\/marijastoja.fr\/#\/schema\/logo\/image\/\",\"url\":\"https:\/\/marijastoja.fr\/wp-content\/uploads\/2025\/12\/cropped-logo-noir.png\",\"contentUrl\":\"https:\/\/marijastoja.fr\/wp-content\/uploads\/2025\/12\/cropped-logo-noir.png\",\"width\":878,\"height\":322,\"caption\":\"Marija Stoja\"},\"image\":{\"@id\":\"https:\/\/marijastoja.fr\/#\/schema\/logo\/image\/\"}}]}<\/script>\n<!-- \/ Yoast SEO plugin. -->","yoast_head_json":{"title":"sweat tie-dye upcycl\u00e9 - Marija Stoja","description":"Sweat tie dye upcycl\u00e9 avec fleurs appliqu\u00e9es et design street. Pi\u00e8ce unique artisanale m\u00ealant streetwear et expression artistique.","robots":{"index":"index","follow":"follow","max-snippet":"max-snippet:-1","max-image-preview":"max-image-preview:large","max-video-preview":"max-video-preview:-1"},"canonical":"https:\/\/marijastoja.fr\/en\/product\/sweat-tie-dye-upcycle-piece-unique\/","og_locale":"en_US","og_type":"article","og_title":"sweat tie-dye upcycl\u00e9 - Marija Stoja","og_description":"Sweat tie dye upcycl\u00e9 avec fleurs appliqu\u00e9es et design street. Pi\u00e8ce unique artisanale m\u00ealant streetwear et expression artistique.","og_url":"https:\/\/marijastoja.fr\/en\/product\/sweat-tie-dye-upcycle-piece-unique\/","og_site_name":"Marija Stoja","article_modified_time":"2026-03-17T13:56:18+00:00","og_image":[{"width":1440,"height":2560,"url":"https:\/\/marijastoja.fr\/wp-content\/uploads\/2026\/03\/IMG_0049-scaled.jpeg","type":"image\/jpeg"}],"twitter_card":"summary_large_image","twitter_misc":{"Est. reading time":"2 minutes"},"schema":{"@context":"https:\/\/schema.org","@graph":[{"@type":"WebPage","@id":"https:\/\/marijastoja.fr\/produit\/sweat-tie-dye-upcycle-piece-unique\/","url":"https:\/\/marijastoja.fr\/produit\/sweat-tie-dye-upcycle-piece-unique\/","name":"sweat tie-dye upcycl\u00e9 - Marija Stoja","isPartOf":{"@id":"https:\/\/marijastoja.fr\/#website"},"primaryImageOfPage":{"@id":"https:\/\/marijastoja.fr\/produit\/sweat-tie-dye-upcycle-piece-unique\/#primaryimage"},"image":{"@id":"https:\/\/marijastoja.fr\/produit\/sweat-tie-dye-upcycle-piece-unique\/#primaryimage"},"thumbnailUrl":"https:\/\/marijastoja.fr\/wp-content\/uploads\/2026\/03\/IMG_0049-scaled.jpeg","datePublished":"2026-03-12T12:43:05+00:00","dateModified":"2026-03-17T13:56:18+00:00","description":"Sweat tie dye upcycl\u00e9 avec fleurs appliqu\u00e9es et design street. Pi\u00e8ce unique artisanale m\u00ealant streetwear et expression artistique.","breadcrumb":{"@id":"https:\/\/marijastoja.fr\/produit\/sweat-tie-dye-upcycle-piece-unique\/#breadcrumb"},"inLanguage":"en-US","potentialAction":[{"@type":"ReadAction","target":["https:\/\/marijastoja.fr\/produit\/sweat-tie-dye-upcycle-piece-unique\/"]}]},{"@type":"ImageObject","inLanguage":"en-US","@id":"https:\/\/marijastoja.fr\/produit\/sweat-tie-dye-upcycle-piece-unique\/#primaryimage","url":"https:\/\/marijastoja.fr\/wp-content\/uploads\/2026\/03\/IMG_0049-scaled.jpeg","contentUrl":"https:\/\/marijastoja.fr\/wp-content\/uploads\/2026\/03\/IMG_0049-scaled.jpeg","width":1440,"height":2560,"caption":"sweat tie-dye"},{"@type":"BreadcrumbList","@id":"https:\/\/marijastoja.fr\/produit\/sweat-tie-dye-upcycle-piece-unique\/#breadcrumb","itemListElement":[{"@type":"ListItem","position":1,"name":"Accueil","item":"https:\/\/marijastoja.fr\/"},{"@type":"ListItem","position":2,"name":"Boutique","item":"https:\/\/marijastoja.fr\/boutique\/"},{"@type":"ListItem","position":3,"name":"Sweat tie-dye \u2013 pi\u00e8ce unique upcycl\u00e9e"}]},{"@type":"WebSite","@id":"https:\/\/marijastoja.fr\/#website","url":"https:\/\/marijastoja.fr\/","name":"Marija Stoja","description":"Upcycling","publisher":{"@id":"https:\/\/marijastoja.fr\/#organization"},"potentialAction":[{"@type":"SearchAction","target":{"@type":"EntryPoint","urlTemplate":"https:\/\/marijastoja.fr\/?s={search_term_string}"},"query-input":{"@type":"PropertyValueSpecification","valueRequired":true,"valueName":"search_term_string"}}],"inLanguage":"en-US"},{"@type":"Organization","@id":"https:\/\/marijastoja.fr\/#organization","name":"Marija Stoja","url":"https:\/\/marijastoja.fr\/","logo":{"@type":"ImageObject","inLanguage":"en-US","@id":"https:\/\/marijastoja.fr\/#\/schema\/logo\/image\/","url":"https:\/\/marijastoja.fr\/wp-content\/uploads\/2025\/12\/cropped-logo-noir.png","contentUrl":"https:\/\/marijastoja.fr\/wp-content\/uploads\/2025\/12\/cropped-logo-noir.png","width":878,"height":322,"caption":"Marija Stoja"},"image":{"@id":"https:\/\/marijastoja.fr\/#\/schema\/logo\/image\/"}}]}},"jetpack_sharing_enabled":true,"_links":{"self":[{"href":"https:\/\/marijastoja.fr\/en\/wp-json\/wp\/v2\/product\/1939","targetHints":{"allow":["GET"]}}],"collection":[{"href":"https:\/\/marijastoja.fr\/en\/wp-json\/wp\/v2\/product"}],"about":[{"href":"https:\/\/marijastoja.fr\/en\/wp-json\/wp\/v2\/types\/product"}],"replies":[{"embeddable":true,"href":"https:\/\/marijastoja.fr\/en\/wp-json\/wp\/v2\/comments?post=1939"}],"wp:featuredmedia":[{"embeddable":true,"href":"https:\/\/marijastoja.fr\/en\/wp-json\/wp\/v2\/media\/1934"}],"wp:attachment":[{"href":"https:\/\/marijastoja.fr\/en\/wp-json\/wp\/v2\/media?parent=1939"}],"wp:term":[{"taxonomy":"product_brand","embeddable":true,"href":"https:\/\/marijastoja.fr\/en\/wp-json\/wp\/v2\/product_brand?post=1939"},{"taxonomy":"product_cat","embeddable":true,"href":"https:\/\/marijastoja.fr\/en\/wp-json\/wp\/v2\/product_cat?post=1939"},{"taxonomy":"product_tag","embeddable":true,"href":"https:\/\/marijastoja.fr\/en\/wp-json\/wp\/v2\/product_tag?post=1939"},{"taxonomy":"giftcard-category","embeddable":true,"href":"https:\/\/marijastoja.fr\/en\/wp-json\/wp\/v2\/giftcard-category?post=1939"}],"curies":[{"name":"wp","href":"https:\/\/api.w.org\/{rel}","templated":true}]}}