{"id":1943,"date":"2026-03-12T15:16:24","date_gmt":"2026-03-12T14:16:24","guid":{"rendered":"https:\/\/marijastoja.fr\/?post_type=product&#038;p=1943"},"modified":"2026-03-17T14:55:56","modified_gmt":"2026-03-17T13:55:56","slug":"veste-militaire-customisee","status":"publish","type":"product","link":"https:\/\/marijastoja.fr\/en\/product\/veste-militaire-customisee\/","title":{"rendered":"Veste militaire customis\u00e9e"},"content":{"rendered":"<h1 data-section-id=\"152k4w4\" data-start=\"273\" data-end=\"339\">Veste militaire customis\u00e9e \u2013 veste vintage upcycl\u00e9e pi\u00e8ce unique<\/h1>\n<h2 data-section-id=\"dtigwl\" data-start=\"341\" data-end=\"401\">Une v\u00e9ritable veste militaire transform\u00e9e en pi\u00e8ce unique<\/h2>\n<p data-start=\"403\" data-end=\"642\">Cette <strong data-start=\"409\" data-end=\"439\">veste militaire customis\u00e9e<\/strong> est une pi\u00e8ce unique cr\u00e9\u00e9e \u00e0 partir d\u2019une v\u00e9ritable veste militaire vintage. La base conserve l\u2019esth\u00e9tique utilitaire et robuste de l\u2019uniforme, reconnaissable \u00e0 sa couleur kaki et \u00e0 sa coupe structur\u00e9e.<\/p>\n<p data-start=\"644\" data-end=\"823\">J\u2019ai transform\u00e9 cette veste afin de lui donner une nouvelle identit\u00e9 artistique. Le contraste entre l\u2019esprit militaire et l\u2019intervention textile cr\u00e9e une pi\u00e8ce forte et originale.<\/p>\n<h2 data-section-id=\"rvwtkr\" data-start=\"825\" data-end=\"891\">Une veste militaire vintage revisit\u00e9e avec une cr\u00e9ation textile<\/h2>\n<p data-start=\"893\" data-end=\"1092\">Au dos, une <strong data-start=\"905\" data-end=\"962\">composition textile repr\u00e9sentant des chevaux au galop<\/strong> apporte une dimension artistique \u00e0 la veste. Cette sc\u00e8ne cr\u00e9e un contraste visuel int\u00e9ressant avec la sobri\u00e9t\u00e9 du kaki militaire.<\/p>\n<p data-start=\"1094\" data-end=\"1204\">Quelques \u00e9l\u00e9ments d\u00e9coratifs viennent compl\u00e9ter la composition et apportent une touche lumineuse \u00e0 l\u2019ensemble.<\/p>\n<p data-start=\"1206\" data-end=\"1309\">Le r\u00e9sultat est une veste qui m\u00e9lange <strong data-start=\"1244\" data-end=\"1308\">univers militaire, cr\u00e9ation textile et esth\u00e9tique streetwear<\/strong>.<\/p>\n<h3 data-section-id=\"9aovp0\" data-start=\"1311\" data-end=\"1345\">Une veste issue de l\u2019upcycling<\/h3>\n<p data-start=\"1347\" data-end=\"1538\">Cette <strong data-start=\"1353\" data-end=\"1383\">veste militaire customis\u00e9e<\/strong> s\u2019inscrit dans une d\u00e9marche d\u2019upcycling. L\u2019objectif est de transformer un v\u00eatement existant pour lui donner une nouvelle vie et cr\u00e9er une pi\u00e8ce originale.<\/p>\n<h3 data-section-id=\"7owapc\" data-start=\"1540\" data-end=\"1584\">Une pi\u00e8ce unique impossible \u00e0 reproduire<\/h3>\n<p data-start=\"1586\" data-end=\"1684\">Chaque transformation \u00e9tant r\u00e9alis\u00e9e \u00e0 la main, <strong data-start=\"1634\" data-end=\"1683\">cette veste n\u2019existe qu\u2019en un seul exemplaire<\/strong>.<\/p>\n<h4 data-start=\"1686\" data-end=\"1709\">D\u00e9tails du produit<\/h4>\n<ul data-start=\"1711\" data-end=\"1891\">\n<li data-section-id=\"19t1wc6\" data-start=\"1711\" data-end=\"1741\">\n<p data-start=\"1713\" data-end=\"1741\">veste militaire customis\u00e9e<\/p>\n<\/li>\n<li data-section-id=\"9gmo3e\" data-start=\"1742\" data-end=\"1784\">\n<p data-start=\"1744\" data-end=\"1784\">base v\u00e9ritable veste militaire vintage<\/p>\n<\/li>\n<li data-section-id=\"fif7ht\" data-start=\"1785\" data-end=\"1837\">\n<p data-start=\"1787\" data-end=\"1837\">cr\u00e9ation textile au dos repr\u00e9sentant des chevaux<\/p>\n<\/li>\n<li data-section-id=\"1pspsoz\" data-start=\"1838\" data-end=\"1867\">\n<p data-start=\"1840\" data-end=\"1867\">transformation artisanale<\/p>\n<\/li>\n<li data-section-id=\"dvz8r4\" data-start=\"1868\" data-end=\"1891\">\n<p data-start=\"1870\" data-end=\"1891\">pi\u00e8ce unique upcycl\u00e9e<\/p>\n<\/li>\n<\/ul>\n<h5 data-start=\"1893\" data-end=\"1904\">Style<\/h5>\n<p data-start=\"1906\" data-end=\"1947\">Vintage \u2013 militaire \u2013 cr\u00e9ation artistique<\/p>\n<h6 data-start=\"1949\" data-end=\"1975\">Conseil d\u2019entretien<\/h6>\n<p data-start=\"1977\" data-end=\"2041\">Lavage d\u00e9licat recommand\u00e9 afin de pr\u00e9server les \u00e9l\u00e9ments cousus.<\/p>","protected":false},"excerpt":{"rendered":"<p>Veste militaire customis\u00e9e \u2013 veste vintage upcycl\u00e9e pi\u00e8ce unique Une v\u00e9ritable veste militaire transform\u00e9e en pi\u00e8ce unique Cette veste militaire customis\u00e9e est une pi\u00e8ce unique cr\u00e9\u00e9e \u00e0 partir d\u2019une v\u00e9ritable veste militaire vintage. La base conserve l\u2019esth\u00e9tique utilitaire et robuste de l\u2019uniforme, reconnaissable \u00e0 sa couleur kaki et \u00e0 sa coupe structur\u00e9e. J\u2019ai transform\u00e9 cette [&hellip;]<\/p>\n","protected":false},"featured_media":1904,"comment_status":"open","ping_status":"closed","template":"","meta":{"_acf_changed":false},"product_brand":[],"product_cat":[23],"product_tag":[],"giftcard-category":[],"class_list":{"0":"post-1943","1":"product","2":"type-product","3":"status-publish","4":"has-post-thumbnail","6":"product_cat-vestes","7":"pa_taille-l","9":"first","10":"instock","11":"shipping-taxable","12":"purchasable","13":"product-type-simple"},"acf":[],"yoast_head":"<!-- This site is optimized with the Yoast SEO plugin v27.2 - https:\/\/yoast.com\/product\/yoast-seo-wordpress\/ -->\n<title>Veste militaire customis\u00e9e - Marija Stoja<\/title>\n<meta name=\"description\" content=\"Veste militaire customis\u00e9e cr\u00e9\u00e9e \u00e0 partir d\u2019une v\u00e9ritable veste militaire vintage. Pi\u00e8ce unique upcycl\u00e9e avec cr\u00e9ation textile artistique au dos.\" \/>\n<meta name=\"robots\" content=\"index, follow, max-snippet:-1, max-image-preview:large, max-video-preview:-1\" \/>\n<link rel=\"canonical\" href=\"https:\/\/marijastoja.fr\/en\/product\/veste-militaire-customisee\/\" \/>\n<meta property=\"og:locale\" content=\"en_US\" \/>\n<meta property=\"og:type\" content=\"article\" \/>\n<meta property=\"og:title\" content=\"Veste militaire customis\u00e9e - Marija Stoja\" \/>\n<meta property=\"og:description\" content=\"Veste militaire customis\u00e9e cr\u00e9\u00e9e \u00e0 partir d\u2019une v\u00e9ritable veste militaire vintage. Pi\u00e8ce unique upcycl\u00e9e avec cr\u00e9ation textile artistique au dos.\" \/>\n<meta property=\"og:url\" content=\"https:\/\/marijastoja.fr\/en\/product\/veste-militaire-customisee\/\" \/>\n<meta property=\"og:site_name\" content=\"Marija Stoja\" \/>\n<meta property=\"article:modified_time\" content=\"2026-03-17T13:55:56+00:00\" \/>\n<meta property=\"og:image\" content=\"https:\/\/marijastoja.fr\/wp-content\/uploads\/2026\/03\/IMG_0079-scaled.jpeg\" \/>\n\t<meta property=\"og:image:width\" content=\"1440\" \/>\n\t<meta property=\"og:image:height\" content=\"2560\" \/>\n\t<meta property=\"og:image:type\" content=\"image\/jpeg\" \/>\n<meta name=\"twitter:card\" content=\"summary_large_image\" \/>\n<meta name=\"twitter:label1\" content=\"Est. reading time\" \/>\n\t<meta name=\"twitter:data1\" content=\"2 minutes\" \/>\n<script type=\"application\/ld+json\" class=\"yoast-schema-graph\">{\"@context\":\"https:\/\/schema.org\",\"@graph\":[{\"@type\":\"WebPage\",\"@id\":\"https:\/\/marijastoja.fr\/produit\/veste-militaire-customisee\/\",\"url\":\"https:\/\/marijastoja.fr\/produit\/veste-militaire-customisee\/\",\"name\":\"Veste militaire customis\u00e9e - Marija Stoja\",\"isPartOf\":{\"@id\":\"https:\/\/marijastoja.fr\/#website\"},\"primaryImageOfPage\":{\"@id\":\"https:\/\/marijastoja.fr\/produit\/veste-militaire-customisee\/#primaryimage\"},\"image\":{\"@id\":\"https:\/\/marijastoja.fr\/produit\/veste-militaire-customisee\/#primaryimage\"},\"thumbnailUrl\":\"https:\/\/marijastoja.fr\/wp-content\/uploads\/2026\/03\/IMG_0079-scaled.jpeg\",\"datePublished\":\"2026-03-12T14:16:24+00:00\",\"dateModified\":\"2026-03-17T13:55:56+00:00\",\"description\":\"Veste militaire customis\u00e9e cr\u00e9\u00e9e \u00e0 partir d\u2019une v\u00e9ritable veste militaire vintage. Pi\u00e8ce unique upcycl\u00e9e avec cr\u00e9ation textile artistique au dos.\",\"breadcrumb\":{\"@id\":\"https:\/\/marijastoja.fr\/produit\/veste-militaire-customisee\/#breadcrumb\"},\"inLanguage\":\"en-US\",\"potentialAction\":[{\"@type\":\"ReadAction\",\"target\":[\"https:\/\/marijastoja.fr\/produit\/veste-militaire-customisee\/\"]}]},{\"@type\":\"ImageObject\",\"inLanguage\":\"en-US\",\"@id\":\"https:\/\/marijastoja.fr\/produit\/veste-militaire-customisee\/#primaryimage\",\"url\":\"https:\/\/marijastoja.fr\/wp-content\/uploads\/2026\/03\/IMG_0079-scaled.jpeg\",\"contentUrl\":\"https:\/\/marijastoja.fr\/wp-content\/uploads\/2026\/03\/IMG_0079-scaled.jpeg\",\"width\":1440,\"height\":2560,\"caption\":\"veste militaire customis\u00e9e\"},{\"@type\":\"BreadcrumbList\",\"@id\":\"https:\/\/marijastoja.fr\/produit\/veste-militaire-customisee\/#breadcrumb\",\"itemListElement\":[{\"@type\":\"ListItem\",\"position\":1,\"name\":\"Accueil\",\"item\":\"https:\/\/marijastoja.fr\/\"},{\"@type\":\"ListItem\",\"position\":2,\"name\":\"Boutique\",\"item\":\"https:\/\/marijastoja.fr\/boutique\/\"},{\"@type\":\"ListItem\",\"position\":3,\"name\":\"Veste militaire customis\u00e9e\"}]},{\"@type\":\"WebSite\",\"@id\":\"https:\/\/marijastoja.fr\/#website\",\"url\":\"https:\/\/marijastoja.fr\/\",\"name\":\"Marija Stoja\",\"description\":\"Upcycling\",\"publisher\":{\"@id\":\"https:\/\/marijastoja.fr\/#organization\"},\"potentialAction\":[{\"@type\":\"SearchAction\",\"target\":{\"@type\":\"EntryPoint\",\"urlTemplate\":\"https:\/\/marijastoja.fr\/?s={search_term_string}\"},\"query-input\":{\"@type\":\"PropertyValueSpecification\",\"valueRequired\":true,\"valueName\":\"search_term_string\"}}],\"inLanguage\":\"en-US\"},{\"@type\":\"Organization\",\"@id\":\"https:\/\/marijastoja.fr\/#organization\",\"name\":\"Marija Stoja\",\"url\":\"https:\/\/marijastoja.fr\/\",\"logo\":{\"@type\":\"ImageObject\",\"inLanguage\":\"en-US\",\"@id\":\"https:\/\/marijastoja.fr\/#\/schema\/logo\/image\/\",\"url\":\"https:\/\/marijastoja.fr\/wp-content\/uploads\/2025\/12\/cropped-logo-noir.png\",\"contentUrl\":\"https:\/\/marijastoja.fr\/wp-content\/uploads\/2025\/12\/cropped-logo-noir.png\",\"width\":878,\"height\":322,\"caption\":\"Marija Stoja\"},\"image\":{\"@id\":\"https:\/\/marijastoja.fr\/#\/schema\/logo\/image\/\"}}]}<\/script>\n<!-- \/ Yoast SEO plugin. -->","yoast_head_json":{"title":"Veste militaire customis\u00e9e - Marija Stoja","description":"Veste militaire customis\u00e9e cr\u00e9\u00e9e \u00e0 partir d\u2019une v\u00e9ritable veste militaire vintage. Pi\u00e8ce unique upcycl\u00e9e avec cr\u00e9ation textile artistique au dos.","robots":{"index":"index","follow":"follow","max-snippet":"max-snippet:-1","max-image-preview":"max-image-preview:large","max-video-preview":"max-video-preview:-1"},"canonical":"https:\/\/marijastoja.fr\/en\/product\/veste-militaire-customisee\/","og_locale":"en_US","og_type":"article","og_title":"Veste militaire customis\u00e9e - Marija Stoja","og_description":"Veste militaire customis\u00e9e cr\u00e9\u00e9e \u00e0 partir d\u2019une v\u00e9ritable veste militaire vintage. Pi\u00e8ce unique upcycl\u00e9e avec cr\u00e9ation textile artistique au dos.","og_url":"https:\/\/marijastoja.fr\/en\/product\/veste-militaire-customisee\/","og_site_name":"Marija Stoja","article_modified_time":"2026-03-17T13:55:56+00:00","og_image":[{"width":1440,"height":2560,"url":"https:\/\/marijastoja.fr\/wp-content\/uploads\/2026\/03\/IMG_0079-scaled.jpeg","type":"image\/jpeg"}],"twitter_card":"summary_large_image","twitter_misc":{"Est. reading time":"2 minutes"},"schema":{"@context":"https:\/\/schema.org","@graph":[{"@type":"WebPage","@id":"https:\/\/marijastoja.fr\/produit\/veste-militaire-customisee\/","url":"https:\/\/marijastoja.fr\/produit\/veste-militaire-customisee\/","name":"Veste militaire customis\u00e9e - Marija Stoja","isPartOf":{"@id":"https:\/\/marijastoja.fr\/#website"},"primaryImageOfPage":{"@id":"https:\/\/marijastoja.fr\/produit\/veste-militaire-customisee\/#primaryimage"},"image":{"@id":"https:\/\/marijastoja.fr\/produit\/veste-militaire-customisee\/#primaryimage"},"thumbnailUrl":"https:\/\/marijastoja.fr\/wp-content\/uploads\/2026\/03\/IMG_0079-scaled.jpeg","datePublished":"2026-03-12T14:16:24+00:00","dateModified":"2026-03-17T13:55:56+00:00","description":"Veste militaire customis\u00e9e cr\u00e9\u00e9e \u00e0 partir d\u2019une v\u00e9ritable veste militaire vintage. Pi\u00e8ce unique upcycl\u00e9e avec cr\u00e9ation textile artistique au dos.","breadcrumb":{"@id":"https:\/\/marijastoja.fr\/produit\/veste-militaire-customisee\/#breadcrumb"},"inLanguage":"en-US","potentialAction":[{"@type":"ReadAction","target":["https:\/\/marijastoja.fr\/produit\/veste-militaire-customisee\/"]}]},{"@type":"ImageObject","inLanguage":"en-US","@id":"https:\/\/marijastoja.fr\/produit\/veste-militaire-customisee\/#primaryimage","url":"https:\/\/marijastoja.fr\/wp-content\/uploads\/2026\/03\/IMG_0079-scaled.jpeg","contentUrl":"https:\/\/marijastoja.fr\/wp-content\/uploads\/2026\/03\/IMG_0079-scaled.jpeg","width":1440,"height":2560,"caption":"veste militaire customis\u00e9e"},{"@type":"BreadcrumbList","@id":"https:\/\/marijastoja.fr\/produit\/veste-militaire-customisee\/#breadcrumb","itemListElement":[{"@type":"ListItem","position":1,"name":"Accueil","item":"https:\/\/marijastoja.fr\/"},{"@type":"ListItem","position":2,"name":"Boutique","item":"https:\/\/marijastoja.fr\/boutique\/"},{"@type":"ListItem","position":3,"name":"Veste militaire customis\u00e9e"}]},{"@type":"WebSite","@id":"https:\/\/marijastoja.fr\/#website","url":"https:\/\/marijastoja.fr\/","name":"Marija Stoja","description":"Upcycling","publisher":{"@id":"https:\/\/marijastoja.fr\/#organization"},"potentialAction":[{"@type":"SearchAction","target":{"@type":"EntryPoint","urlTemplate":"https:\/\/marijastoja.fr\/?s={search_term_string}"},"query-input":{"@type":"PropertyValueSpecification","valueRequired":true,"valueName":"search_term_string"}}],"inLanguage":"en-US"},{"@type":"Organization","@id":"https:\/\/marijastoja.fr\/#organization","name":"Marija Stoja","url":"https:\/\/marijastoja.fr\/","logo":{"@type":"ImageObject","inLanguage":"en-US","@id":"https:\/\/marijastoja.fr\/#\/schema\/logo\/image\/","url":"https:\/\/marijastoja.fr\/wp-content\/uploads\/2025\/12\/cropped-logo-noir.png","contentUrl":"https:\/\/marijastoja.fr\/wp-content\/uploads\/2025\/12\/cropped-logo-noir.png","width":878,"height":322,"caption":"Marija Stoja"},"image":{"@id":"https:\/\/marijastoja.fr\/#\/schema\/logo\/image\/"}}]}},"jetpack_sharing_enabled":true,"_links":{"self":[{"href":"https:\/\/marijastoja.fr\/en\/wp-json\/wp\/v2\/product\/1943","targetHints":{"allow":["GET"]}}],"collection":[{"href":"https:\/\/marijastoja.fr\/en\/wp-json\/wp\/v2\/product"}],"about":[{"href":"https:\/\/marijastoja.fr\/en\/wp-json\/wp\/v2\/types\/product"}],"replies":[{"embeddable":true,"href":"https:\/\/marijastoja.fr\/en\/wp-json\/wp\/v2\/comments?post=1943"}],"wp:featuredmedia":[{"embeddable":true,"href":"https:\/\/marijastoja.fr\/en\/wp-json\/wp\/v2\/media\/1904"}],"wp:attachment":[{"href":"https:\/\/marijastoja.fr\/en\/wp-json\/wp\/v2\/media?parent=1943"}],"wp:term":[{"taxonomy":"product_brand","embeddable":true,"href":"https:\/\/marijastoja.fr\/en\/wp-json\/wp\/v2\/product_brand?post=1943"},{"taxonomy":"product_cat","embeddable":true,"href":"https:\/\/marijastoja.fr\/en\/wp-json\/wp\/v2\/product_cat?post=1943"},{"taxonomy":"product_tag","embeddable":true,"href":"https:\/\/marijastoja.fr\/en\/wp-json\/wp\/v2\/product_tag?post=1943"},{"taxonomy":"giftcard-category","embeddable":true,"href":"https:\/\/marijastoja.fr\/en\/wp-json\/wp\/v2\/giftcard-category?post=1943"}],"curies":[{"name":"wp","href":"https:\/\/api.w.org\/{rel}","templated":true}]}}