{"id":1944,"date":"2026-03-12T16:24:13","date_gmt":"2026-03-12T15:24:13","guid":{"rendered":"https:\/\/marijastoja.fr\/?post_type=product&#038;p=1944"},"modified":"2026-03-17T14:55:48","modified_gmt":"2026-03-17T13:55:48","slug":"veste-militaire-customisee-piece-unique","status":"publish","type":"product","link":"https:\/\/marijastoja.fr\/en\/product\/veste-militaire-customisee-piece-unique\/","title":{"rendered":"Veste militaire customis\u00e9e \u2013 pi\u00e8ce unique"},"content":{"rendered":"<h1 data-section-id=\"wnvusz\" data-start=\"255\" data-end=\"307\">Veste militaire customis\u00e9e \u2013 pi\u00e8ce unique upcycl\u00e9e<\/h1>\n<h2 data-section-id=\"o62z4l\" data-start=\"309\" data-end=\"376\">Une v\u00e9ritable veste militaire transform\u00e9e en cr\u00e9ation artistique<\/h2>\n<p data-start=\"378\" data-end=\"617\">Cette <strong data-start=\"384\" data-end=\"414\">veste militaire customis\u00e9e<\/strong> est r\u00e9alis\u00e9e \u00e0 partir d\u2019une v\u00e9ritable veste militaire camouflage vintage. La base conserve l\u2019esth\u00e9tique robuste et utilitaire des v\u00eatements militaires, connue pour sa r\u00e9sistance et son style intemporel.<\/p>\n<p data-start=\"619\" data-end=\"799\">J\u2019ai transform\u00e9 cette veste afin de lui donner une nouvelle identit\u00e9 artistique. Le contraste entre l\u2019univers militaire et l\u2019intervention textile cr\u00e9e une pi\u00e8ce forte et originale.<\/p>\n<p data-start=\"801\" data-end=\"1049\">Au dos, une composition graphique attire imm\u00e9diatement le regard. Un visuel repr\u00e9sentant <strong data-start=\"890\" data-end=\"906\">Mickey Mouse<\/strong> appara\u00eet au centre de la veste. Autour de ce motif, plusieurs pi\u00e8ces de <strong data-start=\"979\" data-end=\"996\">denim recycl\u00e9<\/strong> ont \u00e9t\u00e9 cousues pour cr\u00e9er un cadre brut et textur\u00e9.<\/p>\n<p data-start=\"1051\" data-end=\"1266\">Ces morceaux de jean apportent du relief et donnent un effet collage tr\u00e8s graphique. Des tissus color\u00e9s viennent \u00e9galement dynamiser la composition et apportent un contraste int\u00e9ressant avec le camouflage militaire.<\/p>\n<h2 data-section-id=\"1hijx68\" data-start=\"1268\" data-end=\"1332\">Une veste militaire revisit\u00e9e entre streetwear et pop culture<\/h2>\n<p data-start=\"1334\" data-end=\"1529\">Cette <strong data-start=\"1340\" data-end=\"1370\">veste militaire customis\u00e9e<\/strong> m\u00e9lange plusieurs univers. Le camouflage rappelle l\u2019histoire militaire du v\u00eatement, tandis que le personnage iconique apporte une dimension pop et artistique.<\/p>\n<p data-start=\"1531\" data-end=\"1690\">L\u2019ajout de denim recycl\u00e9 et de textiles color\u00e9s renforce l\u2019esprit streetwear de la pi\u00e8ce. Le r\u00e9sultat donne une veste unique, expressive et visuellement forte.<\/p>\n<h2 data-section-id=\"11w6nia\" data-start=\"1692\" data-end=\"1732\">Une pi\u00e8ce unique issue de l\u2019upcycling<\/h2>\n<p data-start=\"1734\" data-end=\"1892\">Cette cr\u00e9ation s\u2019inscrit dans une d\u00e9marche d\u2019<strong data-start=\"1779\" data-end=\"1792\">upcycling<\/strong>. J\u2019utilise un v\u00eatement existant pour lui donner une nouvelle vie gr\u00e2ce \u00e0 la transformation textile.<\/p>\n<p data-start=\"1894\" data-end=\"1956\">Chaque \u00e9l\u00e9ment est cousu \u00e0 la main et plac\u00e9 de mani\u00e8re unique.<\/p>\n<h3 data-section-id=\"1qh1s11\" data-start=\"1958\" data-end=\"1995\">Une veste impossible \u00e0 reproduire<\/h3>\n<p data-start=\"1997\" data-end=\"2108\">Chaque transformation \u00e9tant artisanale, <strong data-start=\"2037\" data-end=\"2107\">cette veste militaire customis\u00e9e n\u2019existe qu\u2019en un seul exemplaire<\/strong>.<\/p>\n<h4 data-start=\"2110\" data-end=\"2133\">D\u00e9tails du produit<\/h4>\n<ul data-start=\"2135\" data-end=\"2331\">\n<li data-section-id=\"19t1wc6\" data-start=\"2135\" data-end=\"2165\">\n<p data-start=\"2137\" data-end=\"2165\">veste militaire customis\u00e9e<\/p>\n<\/li>\n<li data-section-id=\"1a7stts\" data-start=\"2166\" data-end=\"2211\">\n<p data-start=\"2168\" data-end=\"2211\">base v\u00e9ritable veste militaire camouflage<\/p>\n<\/li>\n<li data-section-id=\"s8z5po\" data-start=\"2212\" data-end=\"2246\">\n<p data-start=\"2214\" data-end=\"2246\">cr\u00e9ation textile Mickey au dos<\/p>\n<\/li>\n<li data-section-id=\"1ftmwhy\" data-start=\"2247\" data-end=\"2275\">\n<p data-start=\"2249\" data-end=\"2275\">collage de denim recycl\u00e9<\/p>\n<\/li>\n<li data-section-id=\"1415fur\" data-start=\"2276\" data-end=\"2305\">\n<p data-start=\"2278\" data-end=\"2305\">tissus graphiques color\u00e9s<\/p>\n<\/li>\n<li data-section-id=\"1tt864w\" data-start=\"2306\" data-end=\"2331\">\n<p data-start=\"2308\" data-end=\"2331\">pi\u00e8ce unique upcycl\u00e9e<\/p>\n<\/li>\n<\/ul>\n<h5 data-start=\"2333\" data-end=\"2348\">Entretien<\/h5>\n<p data-start=\"2350\" data-end=\"2376\">Lavage d\u00e9licat recommand\u00e9.<\/p>","protected":false},"excerpt":{"rendered":"<p>Veste militaire customis\u00e9e \u2013 pi\u00e8ce unique upcycl\u00e9e Une v\u00e9ritable veste militaire transform\u00e9e en cr\u00e9ation artistique Cette veste militaire customis\u00e9e est r\u00e9alis\u00e9e \u00e0 partir d\u2019une v\u00e9ritable veste militaire camouflage vintage. La base conserve l\u2019esth\u00e9tique robuste et utilitaire des v\u00eatements militaires, connue pour sa r\u00e9sistance et son style intemporel. J\u2019ai transform\u00e9 cette veste afin de lui donner [&hellip;]<\/p>\n","protected":false},"featured_media":1902,"comment_status":"open","ping_status":"closed","template":"","meta":{"_acf_changed":false},"product_brand":[],"product_cat":[23],"product_tag":[],"giftcard-category":[],"class_list":{"0":"post-1944","1":"product","2":"type-product","3":"status-publish","4":"has-post-thumbnail","6":"product_cat-vestes","7":"pa_taille-l","9":"first","10":"instock","11":"shipping-taxable","12":"purchasable","13":"product-type-simple"},"acf":[],"yoast_head":"<!-- This site is optimized with the Yoast SEO plugin v27.2 - https:\/\/yoast.com\/product\/yoast-seo-wordpress\/ -->\n<title>Veste militaire customis\u00e9e \u2013 pi\u00e8ce unique - Marija Stoja<\/title>\n<meta name=\"description\" content=\"Veste militaire customis\u00e9e et upcycl\u00e9e avec visuel Mickey au dos et denim recycl\u00e9. Une pi\u00e8ce unique entre streetwear, pop culture et cr\u00e9ation textile.\" \/>\n<meta name=\"robots\" content=\"index, follow, max-snippet:-1, max-image-preview:large, max-video-preview:-1\" \/>\n<link rel=\"canonical\" href=\"https:\/\/marijastoja.fr\/en\/product\/veste-militaire-customisee-piece-unique\/\" \/>\n<meta property=\"og:locale\" content=\"en_US\" \/>\n<meta property=\"og:type\" content=\"article\" \/>\n<meta property=\"og:title\" content=\"Veste militaire customis\u00e9e \u2013 pi\u00e8ce unique - Marija Stoja\" \/>\n<meta property=\"og:description\" content=\"Veste militaire customis\u00e9e et upcycl\u00e9e avec visuel Mickey au dos et denim recycl\u00e9. Une pi\u00e8ce unique entre streetwear, pop culture et cr\u00e9ation textile.\" \/>\n<meta property=\"og:url\" content=\"https:\/\/marijastoja.fr\/en\/product\/veste-militaire-customisee-piece-unique\/\" \/>\n<meta property=\"og:site_name\" content=\"Marija Stoja\" \/>\n<meta property=\"article:modified_time\" content=\"2026-03-17T13:55:48+00:00\" \/>\n<meta property=\"og:image\" content=\"https:\/\/marijastoja.fr\/wp-content\/uploads\/2026\/03\/IMG_0081-scaled.jpeg\" \/>\n\t<meta property=\"og:image:width\" content=\"1440\" \/>\n\t<meta property=\"og:image:height\" content=\"2560\" \/>\n\t<meta property=\"og:image:type\" content=\"image\/jpeg\" \/>\n<meta name=\"twitter:card\" content=\"summary_large_image\" \/>\n<meta name=\"twitter:label1\" content=\"Est. reading time\" \/>\n\t<meta name=\"twitter:data1\" content=\"2 minutes\" \/>\n<script type=\"application\/ld+json\" class=\"yoast-schema-graph\">{\"@context\":\"https:\/\/schema.org\",\"@graph\":[{\"@type\":\"WebPage\",\"@id\":\"https:\/\/marijastoja.fr\/produit\/veste-militaire-customisee-piece-unique\/\",\"url\":\"https:\/\/marijastoja.fr\/produit\/veste-militaire-customisee-piece-unique\/\",\"name\":\"Veste militaire customis\u00e9e \u2013 pi\u00e8ce unique - Marija Stoja\",\"isPartOf\":{\"@id\":\"https:\/\/marijastoja.fr\/#website\"},\"primaryImageOfPage\":{\"@id\":\"https:\/\/marijastoja.fr\/produit\/veste-militaire-customisee-piece-unique\/#primaryimage\"},\"image\":{\"@id\":\"https:\/\/marijastoja.fr\/produit\/veste-militaire-customisee-piece-unique\/#primaryimage\"},\"thumbnailUrl\":\"https:\/\/marijastoja.fr\/wp-content\/uploads\/2026\/03\/IMG_0081-scaled.jpeg\",\"datePublished\":\"2026-03-12T15:24:13+00:00\",\"dateModified\":\"2026-03-17T13:55:48+00:00\",\"description\":\"Veste militaire customis\u00e9e et upcycl\u00e9e avec visuel Mickey au dos et denim recycl\u00e9. Une pi\u00e8ce unique entre streetwear, pop culture et cr\u00e9ation textile.\",\"breadcrumb\":{\"@id\":\"https:\/\/marijastoja.fr\/produit\/veste-militaire-customisee-piece-unique\/#breadcrumb\"},\"inLanguage\":\"en-US\",\"potentialAction\":[{\"@type\":\"ReadAction\",\"target\":[\"https:\/\/marijastoja.fr\/produit\/veste-militaire-customisee-piece-unique\/\"]}]},{\"@type\":\"ImageObject\",\"inLanguage\":\"en-US\",\"@id\":\"https:\/\/marijastoja.fr\/produit\/veste-militaire-customisee-piece-unique\/#primaryimage\",\"url\":\"https:\/\/marijastoja.fr\/wp-content\/uploads\/2026\/03\/IMG_0081-scaled.jpeg\",\"contentUrl\":\"https:\/\/marijastoja.fr\/wp-content\/uploads\/2026\/03\/IMG_0081-scaled.jpeg\",\"width\":1440,\"height\":2560,\"caption\":\"veste militaire customis\u00e9e\"},{\"@type\":\"BreadcrumbList\",\"@id\":\"https:\/\/marijastoja.fr\/produit\/veste-militaire-customisee-piece-unique\/#breadcrumb\",\"itemListElement\":[{\"@type\":\"ListItem\",\"position\":1,\"name\":\"Accueil\",\"item\":\"https:\/\/marijastoja.fr\/\"},{\"@type\":\"ListItem\",\"position\":2,\"name\":\"Boutique\",\"item\":\"https:\/\/marijastoja.fr\/boutique\/\"},{\"@type\":\"ListItem\",\"position\":3,\"name\":\"Veste militaire customis\u00e9e \u2013 pi\u00e8ce unique\"}]},{\"@type\":\"WebSite\",\"@id\":\"https:\/\/marijastoja.fr\/#website\",\"url\":\"https:\/\/marijastoja.fr\/\",\"name\":\"Marija Stoja\",\"description\":\"Upcycling\",\"publisher\":{\"@id\":\"https:\/\/marijastoja.fr\/#organization\"},\"potentialAction\":[{\"@type\":\"SearchAction\",\"target\":{\"@type\":\"EntryPoint\",\"urlTemplate\":\"https:\/\/marijastoja.fr\/?s={search_term_string}\"},\"query-input\":{\"@type\":\"PropertyValueSpecification\",\"valueRequired\":true,\"valueName\":\"search_term_string\"}}],\"inLanguage\":\"en-US\"},{\"@type\":\"Organization\",\"@id\":\"https:\/\/marijastoja.fr\/#organization\",\"name\":\"Marija Stoja\",\"url\":\"https:\/\/marijastoja.fr\/\",\"logo\":{\"@type\":\"ImageObject\",\"inLanguage\":\"en-US\",\"@id\":\"https:\/\/marijastoja.fr\/#\/schema\/logo\/image\/\",\"url\":\"https:\/\/marijastoja.fr\/wp-content\/uploads\/2025\/12\/cropped-logo-noir.png\",\"contentUrl\":\"https:\/\/marijastoja.fr\/wp-content\/uploads\/2025\/12\/cropped-logo-noir.png\",\"width\":878,\"height\":322,\"caption\":\"Marija Stoja\"},\"image\":{\"@id\":\"https:\/\/marijastoja.fr\/#\/schema\/logo\/image\/\"}}]}<\/script>\n<!-- \/ Yoast SEO plugin. -->","yoast_head_json":{"title":"Veste militaire customis\u00e9e \u2013 pi\u00e8ce unique - Marija Stoja","description":"Veste militaire customis\u00e9e et upcycl\u00e9e avec visuel Mickey au dos et denim recycl\u00e9. Une pi\u00e8ce unique entre streetwear, pop culture et cr\u00e9ation textile.","robots":{"index":"index","follow":"follow","max-snippet":"max-snippet:-1","max-image-preview":"max-image-preview:large","max-video-preview":"max-video-preview:-1"},"canonical":"https:\/\/marijastoja.fr\/en\/product\/veste-militaire-customisee-piece-unique\/","og_locale":"en_US","og_type":"article","og_title":"Veste militaire customis\u00e9e \u2013 pi\u00e8ce unique - Marija Stoja","og_description":"Veste militaire customis\u00e9e et upcycl\u00e9e avec visuel Mickey au dos et denim recycl\u00e9. Une pi\u00e8ce unique entre streetwear, pop culture et cr\u00e9ation textile.","og_url":"https:\/\/marijastoja.fr\/en\/product\/veste-militaire-customisee-piece-unique\/","og_site_name":"Marija Stoja","article_modified_time":"2026-03-17T13:55:48+00:00","og_image":[{"width":1440,"height":2560,"url":"https:\/\/marijastoja.fr\/wp-content\/uploads\/2026\/03\/IMG_0081-scaled.jpeg","type":"image\/jpeg"}],"twitter_card":"summary_large_image","twitter_misc":{"Est. reading time":"2 minutes"},"schema":{"@context":"https:\/\/schema.org","@graph":[{"@type":"WebPage","@id":"https:\/\/marijastoja.fr\/produit\/veste-militaire-customisee-piece-unique\/","url":"https:\/\/marijastoja.fr\/produit\/veste-militaire-customisee-piece-unique\/","name":"Veste militaire customis\u00e9e \u2013 pi\u00e8ce unique - Marija Stoja","isPartOf":{"@id":"https:\/\/marijastoja.fr\/#website"},"primaryImageOfPage":{"@id":"https:\/\/marijastoja.fr\/produit\/veste-militaire-customisee-piece-unique\/#primaryimage"},"image":{"@id":"https:\/\/marijastoja.fr\/produit\/veste-militaire-customisee-piece-unique\/#primaryimage"},"thumbnailUrl":"https:\/\/marijastoja.fr\/wp-content\/uploads\/2026\/03\/IMG_0081-scaled.jpeg","datePublished":"2026-03-12T15:24:13+00:00","dateModified":"2026-03-17T13:55:48+00:00","description":"Veste militaire customis\u00e9e et upcycl\u00e9e avec visuel Mickey au dos et denim recycl\u00e9. Une pi\u00e8ce unique entre streetwear, pop culture et cr\u00e9ation textile.","breadcrumb":{"@id":"https:\/\/marijastoja.fr\/produit\/veste-militaire-customisee-piece-unique\/#breadcrumb"},"inLanguage":"en-US","potentialAction":[{"@type":"ReadAction","target":["https:\/\/marijastoja.fr\/produit\/veste-militaire-customisee-piece-unique\/"]}]},{"@type":"ImageObject","inLanguage":"en-US","@id":"https:\/\/marijastoja.fr\/produit\/veste-militaire-customisee-piece-unique\/#primaryimage","url":"https:\/\/marijastoja.fr\/wp-content\/uploads\/2026\/03\/IMG_0081-scaled.jpeg","contentUrl":"https:\/\/marijastoja.fr\/wp-content\/uploads\/2026\/03\/IMG_0081-scaled.jpeg","width":1440,"height":2560,"caption":"veste militaire customis\u00e9e"},{"@type":"BreadcrumbList","@id":"https:\/\/marijastoja.fr\/produit\/veste-militaire-customisee-piece-unique\/#breadcrumb","itemListElement":[{"@type":"ListItem","position":1,"name":"Accueil","item":"https:\/\/marijastoja.fr\/"},{"@type":"ListItem","position":2,"name":"Boutique","item":"https:\/\/marijastoja.fr\/boutique\/"},{"@type":"ListItem","position":3,"name":"Veste militaire customis\u00e9e \u2013 pi\u00e8ce unique"}]},{"@type":"WebSite","@id":"https:\/\/marijastoja.fr\/#website","url":"https:\/\/marijastoja.fr\/","name":"Marija Stoja","description":"Upcycling","publisher":{"@id":"https:\/\/marijastoja.fr\/#organization"},"potentialAction":[{"@type":"SearchAction","target":{"@type":"EntryPoint","urlTemplate":"https:\/\/marijastoja.fr\/?s={search_term_string}"},"query-input":{"@type":"PropertyValueSpecification","valueRequired":true,"valueName":"search_term_string"}}],"inLanguage":"en-US"},{"@type":"Organization","@id":"https:\/\/marijastoja.fr\/#organization","name":"Marija Stoja","url":"https:\/\/marijastoja.fr\/","logo":{"@type":"ImageObject","inLanguage":"en-US","@id":"https:\/\/marijastoja.fr\/#\/schema\/logo\/image\/","url":"https:\/\/marijastoja.fr\/wp-content\/uploads\/2025\/12\/cropped-logo-noir.png","contentUrl":"https:\/\/marijastoja.fr\/wp-content\/uploads\/2025\/12\/cropped-logo-noir.png","width":878,"height":322,"caption":"Marija Stoja"},"image":{"@id":"https:\/\/marijastoja.fr\/#\/schema\/logo\/image\/"}}]}},"jetpack_sharing_enabled":true,"_links":{"self":[{"href":"https:\/\/marijastoja.fr\/en\/wp-json\/wp\/v2\/product\/1944","targetHints":{"allow":["GET"]}}],"collection":[{"href":"https:\/\/marijastoja.fr\/en\/wp-json\/wp\/v2\/product"}],"about":[{"href":"https:\/\/marijastoja.fr\/en\/wp-json\/wp\/v2\/types\/product"}],"replies":[{"embeddable":true,"href":"https:\/\/marijastoja.fr\/en\/wp-json\/wp\/v2\/comments?post=1944"}],"wp:featuredmedia":[{"embeddable":true,"href":"https:\/\/marijastoja.fr\/en\/wp-json\/wp\/v2\/media\/1902"}],"wp:attachment":[{"href":"https:\/\/marijastoja.fr\/en\/wp-json\/wp\/v2\/media?parent=1944"}],"wp:term":[{"taxonomy":"product_brand","embeddable":true,"href":"https:\/\/marijastoja.fr\/en\/wp-json\/wp\/v2\/product_brand?post=1944"},{"taxonomy":"product_cat","embeddable":true,"href":"https:\/\/marijastoja.fr\/en\/wp-json\/wp\/v2\/product_cat?post=1944"},{"taxonomy":"product_tag","embeddable":true,"href":"https:\/\/marijastoja.fr\/en\/wp-json\/wp\/v2\/product_tag?post=1944"},{"taxonomy":"giftcard-category","embeddable":true,"href":"https:\/\/marijastoja.fr\/en\/wp-json\/wp\/v2\/giftcard-category?post=1944"}],"curies":[{"name":"wp","href":"https:\/\/api.w.org\/{rel}","templated":true}]}}