{"id":626,"date":"2025-12-25T15:18:36","date_gmt":"2025-12-25T14:18:36","guid":{"rendered":"https:\/\/firebrick-jellyfish-751704.hostingersite.com\/?post_type=product&#038;p=626"},"modified":"2026-03-01T12:05:34","modified_gmt":"2026-03-01T11:05:34","slug":"gift_card","status":"publish","type":"product","link":"https:\/\/marijastoja.fr\/en\/product\/gift_card\/","title":{"rendered":"Gift Card"},"content":{"rendered":"<h2>Carte Cadeau Mode Upcycl\u00e9e \u2013 D\u00e9tails de la pi\u00e8ce<\/h2>\n<p>Ce produit a \u00e9t\u00e9 cr\u00e9\u00e9 automatiquement par l&rsquo;extension YITH Gift Cards. Il est en mode brouillon, vous pouvez donc simplement modifier ce texte, t\u00e9l\u00e9charger une image personnalis\u00e9e (si vous en avez une), puis publier le produit pour commencer \u00e0 vendre votre carte-cadeau.<\/p>","protected":false},"excerpt":{"rendered":"<p>Carte Cadeau Mode Upcycl\u00e9e \u2013 D\u00e9tails de la pi\u00e8ce Ce produit a \u00e9t\u00e9 cr\u00e9\u00e9 automatiquement par l&rsquo;extension YITH Gift Cards. Il est en mode brouillon, vous pouvez donc simplement modifier ce texte, t\u00e9l\u00e9charger une image personnalis\u00e9e (si vous en avez une), puis publier le produit pour commencer \u00e0 vendre votre carte-cadeau.<\/p>","protected":false},"featured_media":654,"comment_status":"closed","ping_status":"closed","template":"","meta":{"_acf_changed":false},"product_brand":[],"product_cat":[15],"product_tag":[],"giftcard-category":[50],"class_list":{"0":"post-626","1":"product","2":"type-product","3":"status-publish","4":"has-post-thumbnail","6":"product_cat-non-classe","7":"giftcard-category-all","9":"first","10":"instock","11":"virtual","12":"purchasable","13":"product-type-gift-card"},"acf":[],"yoast_head":"<!-- This site is optimized with the Yoast SEO plugin v27.2 - https:\/\/yoast.com\/product\/yoast-seo-wordpress\/ -->\n<title>Carte Cadeau Mode Upcycl\u00e9e | Pi\u00e8ce Unique | Marija Stoja<\/title>\n<meta name=\"description\" content=\"Carte Cadeau Mode Upcycl\u00e9e \u2014 Offrez une carte-cadeau Marija Stoja pour faire plaisir avec une cr\u00e9ation upcycl\u00e9e unique. Le cadeau id\u00e9al pour les amoureux de mod\" \/>\n<meta name=\"robots\" content=\"index, follow, max-snippet:-1, max-image-preview:large, max-video-preview:-1\" \/>\n<link rel=\"canonical\" href=\"https:\/\/marijastoja.fr\/en\/product\/gift_card\/\" \/>\n<meta property=\"og:locale\" content=\"en_US\" \/>\n<meta property=\"og:type\" content=\"article\" \/>\n<meta property=\"og:title\" content=\"Carte Cadeau Mode Upcycl\u00e9e | Pi\u00e8ce Unique | Marija Stoja\" \/>\n<meta property=\"og:description\" content=\"Carte Cadeau Mode Upcycl\u00e9e \u2014 Offrez une carte-cadeau Marija Stoja pour faire plaisir avec une cr\u00e9ation upcycl\u00e9e unique. Le cadeau id\u00e9al pour les amoureux de mod\" \/>\n<meta property=\"og:url\" content=\"https:\/\/marijastoja.fr\/en\/product\/gift_card\/\" \/>\n<meta property=\"og:site_name\" content=\"Marija Stoja\" \/>\n<meta property=\"article:modified_time\" content=\"2026-03-01T11:05:34+00:00\" \/>\n<meta property=\"og:image\" content=\"https:\/\/marijastoja.fr\/wp-content\/uploads\/2025\/12\/image_1766672233232_ksnmhi_1x1_1024x1024-e1766672300440.png\" \/>\n\t<meta property=\"og:image:width\" content=\"910\" \/>\n\t<meta property=\"og:image:height\" content=\"750\" \/>\n\t<meta property=\"og:image:type\" content=\"image\/png\" \/>\n<meta name=\"twitter:card\" content=\"summary_large_image\" \/>\n<meta name=\"twitter:label1\" content=\"Est. reading time\" \/>\n\t<meta name=\"twitter:data1\" content=\"1 minute\" \/>\n<script type=\"application\/ld+json\" class=\"yoast-schema-graph\">{\"@context\":\"https:\/\/schema.org\",\"@graph\":[{\"@type\":\"WebPage\",\"@id\":\"https:\/\/marijastoja.fr\/produit\/gift_card\/\",\"url\":\"https:\/\/marijastoja.fr\/produit\/gift_card\/\",\"name\":\"Carte Cadeau Mode Upcycl\u00e9e | Pi\u00e8ce Unique | Marija Stoja\",\"isPartOf\":{\"@id\":\"https:\/\/marijastoja.fr\/#website\"},\"primaryImageOfPage\":{\"@id\":\"https:\/\/marijastoja.fr\/produit\/gift_card\/#primaryimage\"},\"image\":{\"@id\":\"https:\/\/marijastoja.fr\/produit\/gift_card\/#primaryimage\"},\"thumbnailUrl\":\"https:\/\/marijastoja.fr\/wp-content\/uploads\/2025\/12\/image_1766672233232_ksnmhi_1x1_1024x1024-e1766672300440.png\",\"datePublished\":\"2025-12-25T14:18:36+00:00\",\"dateModified\":\"2026-03-01T11:05:34+00:00\",\"description\":\"Carte Cadeau Mode Upcycl\u00e9e \u2014 Offrez une carte-cadeau Marija Stoja pour faire plaisir avec une cr\u00e9ation upcycl\u00e9e unique. Le cadeau id\u00e9al pour les amoureux de mod\",\"breadcrumb\":{\"@id\":\"https:\/\/marijastoja.fr\/produit\/gift_card\/#breadcrumb\"},\"inLanguage\":\"en-US\",\"potentialAction\":[{\"@type\":\"ReadAction\",\"target\":[\"https:\/\/marijastoja.fr\/produit\/gift_card\/\"]}]},{\"@type\":\"ImageObject\",\"inLanguage\":\"en-US\",\"@id\":\"https:\/\/marijastoja.fr\/produit\/gift_card\/#primaryimage\",\"url\":\"https:\/\/marijastoja.fr\/wp-content\/uploads\/2025\/12\/image_1766672233232_ksnmhi_1x1_1024x1024-e1766672300440.png\",\"contentUrl\":\"https:\/\/marijastoja.fr\/wp-content\/uploads\/2025\/12\/image_1766672233232_ksnmhi_1x1_1024x1024-e1766672300440.png\",\"width\":910,\"height\":750},{\"@type\":\"BreadcrumbList\",\"@id\":\"https:\/\/marijastoja.fr\/produit\/gift_card\/#breadcrumb\",\"itemListElement\":[{\"@type\":\"ListItem\",\"position\":1,\"name\":\"Accueil\",\"item\":\"https:\/\/marijastoja.fr\/\"},{\"@type\":\"ListItem\",\"position\":2,\"name\":\"Boutique\",\"item\":\"https:\/\/marijastoja.fr\/boutique\/\"},{\"@type\":\"ListItem\",\"position\":3,\"name\":\"Carte-cadeau\"}]},{\"@type\":\"WebSite\",\"@id\":\"https:\/\/marijastoja.fr\/#website\",\"url\":\"https:\/\/marijastoja.fr\/\",\"name\":\"Marija Stoja\",\"description\":\"Upcycling\",\"publisher\":{\"@id\":\"https:\/\/marijastoja.fr\/#organization\"},\"potentialAction\":[{\"@type\":\"SearchAction\",\"target\":{\"@type\":\"EntryPoint\",\"urlTemplate\":\"https:\/\/marijastoja.fr\/?s={search_term_string}\"},\"query-input\":{\"@type\":\"PropertyValueSpecification\",\"valueRequired\":true,\"valueName\":\"search_term_string\"}}],\"inLanguage\":\"en-US\"},{\"@type\":\"Organization\",\"@id\":\"https:\/\/marijastoja.fr\/#organization\",\"name\":\"Marija Stoja\",\"url\":\"https:\/\/marijastoja.fr\/\",\"logo\":{\"@type\":\"ImageObject\",\"inLanguage\":\"en-US\",\"@id\":\"https:\/\/marijastoja.fr\/#\/schema\/logo\/image\/\",\"url\":\"https:\/\/marijastoja.fr\/wp-content\/uploads\/2025\/12\/cropped-logo-noir.png\",\"contentUrl\":\"https:\/\/marijastoja.fr\/wp-content\/uploads\/2025\/12\/cropped-logo-noir.png\",\"width\":878,\"height\":322,\"caption\":\"Marija Stoja\"},\"image\":{\"@id\":\"https:\/\/marijastoja.fr\/#\/schema\/logo\/image\/\"}}]}<\/script>\n<!-- \/ Yoast SEO plugin. -->","yoast_head_json":{"title":"Carte Cadeau Mode Upcycl\u00e9e | Pi\u00e8ce Unique | Marija Stoja","description":"Carte Cadeau Mode Upcycl\u00e9e \u2014 Offrez une carte-cadeau Marija Stoja pour faire plaisir avec une cr\u00e9ation upcycl\u00e9e unique. Le cadeau id\u00e9al pour les amoureux de mod","robots":{"index":"index","follow":"follow","max-snippet":"max-snippet:-1","max-image-preview":"max-image-preview:large","max-video-preview":"max-video-preview:-1"},"canonical":"https:\/\/marijastoja.fr\/en\/product\/gift_card\/","og_locale":"en_US","og_type":"article","og_title":"Carte Cadeau Mode Upcycl\u00e9e | Pi\u00e8ce Unique | Marija Stoja","og_description":"Carte Cadeau Mode Upcycl\u00e9e \u2014 Offrez une carte-cadeau Marija Stoja pour faire plaisir avec une cr\u00e9ation upcycl\u00e9e unique. Le cadeau id\u00e9al pour les amoureux de mod","og_url":"https:\/\/marijastoja.fr\/en\/product\/gift_card\/","og_site_name":"Marija Stoja","article_modified_time":"2026-03-01T11:05:34+00:00","og_image":[{"width":910,"height":750,"url":"https:\/\/marijastoja.fr\/wp-content\/uploads\/2025\/12\/image_1766672233232_ksnmhi_1x1_1024x1024-e1766672300440.png","type":"image\/png"}],"twitter_card":"summary_large_image","twitter_misc":{"Est. reading time":"1 minute"},"schema":{"@context":"https:\/\/schema.org","@graph":[{"@type":"WebPage","@id":"https:\/\/marijastoja.fr\/produit\/gift_card\/","url":"https:\/\/marijastoja.fr\/produit\/gift_card\/","name":"Carte Cadeau Mode Upcycl\u00e9e | Pi\u00e8ce Unique | Marija Stoja","isPartOf":{"@id":"https:\/\/marijastoja.fr\/#website"},"primaryImageOfPage":{"@id":"https:\/\/marijastoja.fr\/produit\/gift_card\/#primaryimage"},"image":{"@id":"https:\/\/marijastoja.fr\/produit\/gift_card\/#primaryimage"},"thumbnailUrl":"https:\/\/marijastoja.fr\/wp-content\/uploads\/2025\/12\/image_1766672233232_ksnmhi_1x1_1024x1024-e1766672300440.png","datePublished":"2025-12-25T14:18:36+00:00","dateModified":"2026-03-01T11:05:34+00:00","description":"Carte Cadeau Mode Upcycl\u00e9e \u2014 Offrez une carte-cadeau Marija Stoja pour faire plaisir avec une cr\u00e9ation upcycl\u00e9e unique. Le cadeau id\u00e9al pour les amoureux de mod","breadcrumb":{"@id":"https:\/\/marijastoja.fr\/produit\/gift_card\/#breadcrumb"},"inLanguage":"en-US","potentialAction":[{"@type":"ReadAction","target":["https:\/\/marijastoja.fr\/produit\/gift_card\/"]}]},{"@type":"ImageObject","inLanguage":"en-US","@id":"https:\/\/marijastoja.fr\/produit\/gift_card\/#primaryimage","url":"https:\/\/marijastoja.fr\/wp-content\/uploads\/2025\/12\/image_1766672233232_ksnmhi_1x1_1024x1024-e1766672300440.png","contentUrl":"https:\/\/marijastoja.fr\/wp-content\/uploads\/2025\/12\/image_1766672233232_ksnmhi_1x1_1024x1024-e1766672300440.png","width":910,"height":750},{"@type":"BreadcrumbList","@id":"https:\/\/marijastoja.fr\/produit\/gift_card\/#breadcrumb","itemListElement":[{"@type":"ListItem","position":1,"name":"Accueil","item":"https:\/\/marijastoja.fr\/"},{"@type":"ListItem","position":2,"name":"Boutique","item":"https:\/\/marijastoja.fr\/boutique\/"},{"@type":"ListItem","position":3,"name":"Carte-cadeau"}]},{"@type":"WebSite","@id":"https:\/\/marijastoja.fr\/#website","url":"https:\/\/marijastoja.fr\/","name":"Marija Stoja","description":"Upcycling","publisher":{"@id":"https:\/\/marijastoja.fr\/#organization"},"potentialAction":[{"@type":"SearchAction","target":{"@type":"EntryPoint","urlTemplate":"https:\/\/marijastoja.fr\/?s={search_term_string}"},"query-input":{"@type":"PropertyValueSpecification","valueRequired":true,"valueName":"search_term_string"}}],"inLanguage":"en-US"},{"@type":"Organization","@id":"https:\/\/marijastoja.fr\/#organization","name":"Marija Stoja","url":"https:\/\/marijastoja.fr\/","logo":{"@type":"ImageObject","inLanguage":"en-US","@id":"https:\/\/marijastoja.fr\/#\/schema\/logo\/image\/","url":"https:\/\/marijastoja.fr\/wp-content\/uploads\/2025\/12\/cropped-logo-noir.png","contentUrl":"https:\/\/marijastoja.fr\/wp-content\/uploads\/2025\/12\/cropped-logo-noir.png","width":878,"height":322,"caption":"Marija Stoja"},"image":{"@id":"https:\/\/marijastoja.fr\/#\/schema\/logo\/image\/"}}]}},"jetpack_sharing_enabled":true,"_links":{"self":[{"href":"https:\/\/marijastoja.fr\/en\/wp-json\/wp\/v2\/product\/626","targetHints":{"allow":["GET"]}}],"collection":[{"href":"https:\/\/marijastoja.fr\/en\/wp-json\/wp\/v2\/product"}],"about":[{"href":"https:\/\/marijastoja.fr\/en\/wp-json\/wp\/v2\/types\/product"}],"replies":[{"embeddable":true,"href":"https:\/\/marijastoja.fr\/en\/wp-json\/wp\/v2\/comments?post=626"}],"wp:featuredmedia":[{"embeddable":true,"href":"https:\/\/marijastoja.fr\/en\/wp-json\/wp\/v2\/media\/654"}],"wp:attachment":[{"href":"https:\/\/marijastoja.fr\/en\/wp-json\/wp\/v2\/media?parent=626"}],"wp:term":[{"taxonomy":"product_brand","embeddable":true,"href":"https:\/\/marijastoja.fr\/en\/wp-json\/wp\/v2\/product_brand?post=626"},{"taxonomy":"product_cat","embeddable":true,"href":"https:\/\/marijastoja.fr\/en\/wp-json\/wp\/v2\/product_cat?post=626"},{"taxonomy":"product_tag","embeddable":true,"href":"https:\/\/marijastoja.fr\/en\/wp-json\/wp\/v2\/product_tag?post=626"},{"taxonomy":"giftcard-category","embeddable":true,"href":"https:\/\/marijastoja.fr\/en\/wp-json\/wp\/v2\/giftcard-category?post=626"}],"curies":[{"name":"wp","href":"https:\/\/api.w.org\/{rel}","templated":true}]}}