{"id":648,"date":"2025-12-25T15:07:56","date_gmt":"2025-12-25T14:07:56","guid":{"rendered":"https:\/\/firebrick-jellyfish-751704.hostingersite.com\/?post_type=product&#038;p=648"},"modified":"2026-03-17T15:00:42","modified_gmt":"2026-03-17T14:00:42","slug":"chouchou-uni-fait-main","status":"publish","type":"product","link":"https:\/\/marijastoja.fr\/en\/product\/chouchou-uni-fait-main\/","title":{"rendered":"Chouchou Uni, minimal, \u00e9l\u00e9gant, intemporel"},"content":{"rendered":"<h2>Chouchou Uni Fait Main \u2013 D\u00e9tails de la pi\u00e8ce<\/h2>\n<p data-start=\"407\" data-end=\"722\">Chouchou uni fait main, simple, efficace, indispensable.<br data-start=\"439\" data-end=\"442\" \/>Ce chouchou uni est l\u2019accessoire parfait pour celles et ceux qui aiment la sobri\u00e9t\u00e9 avec du caract\u00e8re. Confectionn\u00e9 \u00e0 la main \u00e0 partir de tissus soigneusement s\u00e9lectionn\u00e9s, il maintient les cheveux sans les casser et apporte une touche propre et \u00e9l\u00e9gante \u00e0 n\u2019importe quelle tenue.<\/p>\n<p data-start=\"724\" data-end=\"985\">\u00c0 porter dans les cheveux ou au poignet, il s\u2019adapte \u00e0 tous les styles: minimaliste, street, chic ou casual. Chaque pi\u00e8ce est fabriqu\u00e9e en petite s\u00e9rie dans une d\u00e9marche d\u2019upcycling ou de production raisonn\u00e9e, fid\u00e8le \u00e0 l\u2019esprit de cr\u00e9ations uniques et durables.<\/p>\n<p data-start=\"987\" data-end=\"1054\">Un basique revisit\u00e9, pens\u00e9 pour durer et accompagner ton quotidien.<\/p>\n<p data-start=\"1056\" data-end=\"1176\">\u2728 Fait main<br data-start=\"1067\" data-end=\"1070\" \/>\u2728 Confortable et r\u00e9sistant<br data-start=\"1096\" data-end=\"1099\" \/>\u2728 Convient \u00e0 tous types de cheveux<br data-start=\"1133\" data-end=\"1136\" \/>\u2728 Pi\u00e8ce unique ou mini-s\u00e9rie selon tissu<\/p>\n<p>D\u00e9couvrez \u00e9galement nos autres <a href=\"https:\/\/marijastoja.fr\/en\/accessoires\/\">accessoires faits main<\/a> dans la boutique Marija Stoja. Pour en savoir plus sur l&rsquo;<a href=\"https:\/\/fr.wikipedia.org\/wiki\/Upcycling\" target=\"_blank\" rel=\"noopener\">upcycling<\/a> et la mode responsable, explorez notre univers cr\u00e9atif.<\/p>","protected":false},"excerpt":{"rendered":"<p>Chouchou Uni Fait Main \u2013 D\u00e9tails de la pi\u00e8ce Chouchou uni fait main, simple, efficace, indispensable.Ce chouchou uni est l\u2019accessoire parfait pour celles et ceux qui aiment la sobri\u00e9t\u00e9 avec du caract\u00e8re. Confectionn\u00e9 \u00e0 la main \u00e0 partir de tissus soigneusement s\u00e9lectionn\u00e9s, il maintient les cheveux sans les casser et apporte une touche propre et [&hellip;]<\/p>\n","protected":false},"featured_media":1291,"comment_status":"open","ping_status":"closed","template":"","meta":{"_acf_changed":false},"product_brand":[],"product_cat":[64],"product_tag":[],"giftcard-category":[],"class_list":{"0":"post-648","1":"product","2":"type-product","3":"status-publish","4":"has-post-thumbnail","6":"product_cat-chouchous","8":"first","9":"instock","10":"shipping-taxable","11":"purchasable","12":"product-type-variable","13":"wvs-archive-product-wrapper"},"acf":[],"yoast_head":"<!-- This site is optimized with the Yoast SEO plugin v27.2 - https:\/\/yoast.com\/product\/yoast-seo-wordpress\/ -->\n<title>Chouchou Uni Fait Main Intemporel | Marija Stoja<\/title>\n<meta name=\"description\" content=\"Chouchou uni fait main par Marija Stoja. Accessoire minimal et \u00e9l\u00e9gant, style intemporel. Fabriqu\u00e9 artisanalement, mode responsable et durable Marija Stoja.\" \/>\n<meta name=\"robots\" content=\"index, follow, max-snippet:-1, max-image-preview:large, max-video-preview:-1\" \/>\n<link rel=\"canonical\" href=\"https:\/\/marijastoja.fr\/en\/product\/chouchou-uni-fait-main\/\" \/>\n<meta property=\"og:locale\" content=\"en_US\" \/>\n<meta property=\"og:type\" content=\"article\" \/>\n<meta property=\"og:title\" content=\"Chouchou Uni Fait Main Intemporel | Marija Stoja\" \/>\n<meta property=\"og:description\" content=\"Chouchou uni fait main par Marija Stoja. Accessoire minimal et \u00e9l\u00e9gant, style intemporel. Fabriqu\u00e9 artisanalement, mode responsable et durable Marija Stoja.\" \/>\n<meta property=\"og:url\" content=\"https:\/\/marijastoja.fr\/en\/product\/chouchou-uni-fait-main\/\" \/>\n<meta property=\"og:site_name\" content=\"Marija Stoja\" \/>\n<meta property=\"article:modified_time\" content=\"2026-03-17T14:00:42+00:00\" \/>\n<meta property=\"og:image\" content=\"https:\/\/marijastoja.fr\/wp-content\/uploads\/2026\/01\/IMG_9307-scaled.jpeg\" \/>\n\t<meta property=\"og:image:width\" content=\"1440\" \/>\n\t<meta property=\"og:image:height\" content=\"2560\" \/>\n\t<meta property=\"og:image:type\" content=\"image\/jpeg\" \/>\n<meta name=\"twitter:card\" content=\"summary_large_image\" \/>\n<meta name=\"twitter:label1\" content=\"Est. reading time\" \/>\n\t<meta name=\"twitter:data1\" content=\"1 minute\" \/>\n<script type=\"application\/ld+json\" class=\"yoast-schema-graph\">{\"@context\":\"https:\/\/schema.org\",\"@graph\":[{\"@type\":\"WebPage\",\"@id\":\"https:\/\/marijastoja.fr\/produit\/chouchou-uni-fait-main\/\",\"url\":\"https:\/\/marijastoja.fr\/produit\/chouchou-uni-fait-main\/\",\"name\":\"Chouchou Uni Fait Main Intemporel | Marija Stoja\",\"isPartOf\":{\"@id\":\"https:\/\/marijastoja.fr\/#website\"},\"primaryImageOfPage\":{\"@id\":\"https:\/\/marijastoja.fr\/produit\/chouchou-uni-fait-main\/#primaryimage\"},\"image\":{\"@id\":\"https:\/\/marijastoja.fr\/produit\/chouchou-uni-fait-main\/#primaryimage\"},\"thumbnailUrl\":\"https:\/\/marijastoja.fr\/wp-content\/uploads\/2026\/01\/IMG_9307-scaled.jpeg\",\"datePublished\":\"2025-12-25T14:07:56+00:00\",\"dateModified\":\"2026-03-17T14:00:42+00:00\",\"description\":\"Chouchou uni fait main par Marija Stoja. Accessoire minimal et \u00e9l\u00e9gant, style intemporel. Fabriqu\u00e9 artisanalement, mode responsable et durable Marija Stoja.\",\"breadcrumb\":{\"@id\":\"https:\/\/marijastoja.fr\/produit\/chouchou-uni-fait-main\/#breadcrumb\"},\"inLanguage\":\"en-US\",\"potentialAction\":[{\"@type\":\"ReadAction\",\"target\":[\"https:\/\/marijastoja.fr\/produit\/chouchou-uni-fait-main\/\"]}]},{\"@type\":\"ImageObject\",\"inLanguage\":\"en-US\",\"@id\":\"https:\/\/marijastoja.fr\/produit\/chouchou-uni-fait-main\/#primaryimage\",\"url\":\"https:\/\/marijastoja.fr\/wp-content\/uploads\/2026\/01\/IMG_9307-scaled.jpeg\",\"contentUrl\":\"https:\/\/marijastoja.fr\/wp-content\/uploads\/2026\/01\/IMG_9307-scaled.jpeg\",\"width\":1440,\"height\":2560,\"caption\":\"chouchou uni fait main - Marija Stoja\"},{\"@type\":\"BreadcrumbList\",\"@id\":\"https:\/\/marijastoja.fr\/produit\/chouchou-uni-fait-main\/#breadcrumb\",\"itemListElement\":[{\"@type\":\"ListItem\",\"position\":1,\"name\":\"Accueil\",\"item\":\"https:\/\/marijastoja.fr\/\"},{\"@type\":\"ListItem\",\"position\":2,\"name\":\"Boutique\",\"item\":\"https:\/\/marijastoja.fr\/boutique\/\"},{\"@type\":\"ListItem\",\"position\":3,\"name\":\"Chouchou Uni, minimal, \u00e9l\u00e9gant, intemporel\"}]},{\"@type\":\"WebSite\",\"@id\":\"https:\/\/marijastoja.fr\/#website\",\"url\":\"https:\/\/marijastoja.fr\/\",\"name\":\"Marija Stoja\",\"description\":\"Upcycling\",\"publisher\":{\"@id\":\"https:\/\/marijastoja.fr\/#organization\"},\"potentialAction\":[{\"@type\":\"SearchAction\",\"target\":{\"@type\":\"EntryPoint\",\"urlTemplate\":\"https:\/\/marijastoja.fr\/?s={search_term_string}\"},\"query-input\":{\"@type\":\"PropertyValueSpecification\",\"valueRequired\":true,\"valueName\":\"search_term_string\"}}],\"inLanguage\":\"en-US\"},{\"@type\":\"Organization\",\"@id\":\"https:\/\/marijastoja.fr\/#organization\",\"name\":\"Marija Stoja\",\"url\":\"https:\/\/marijastoja.fr\/\",\"logo\":{\"@type\":\"ImageObject\",\"inLanguage\":\"en-US\",\"@id\":\"https:\/\/marijastoja.fr\/#\/schema\/logo\/image\/\",\"url\":\"https:\/\/marijastoja.fr\/wp-content\/uploads\/2025\/12\/cropped-logo-noir.png\",\"contentUrl\":\"https:\/\/marijastoja.fr\/wp-content\/uploads\/2025\/12\/cropped-logo-noir.png\",\"width\":878,\"height\":322,\"caption\":\"Marija Stoja\"},\"image\":{\"@id\":\"https:\/\/marijastoja.fr\/#\/schema\/logo\/image\/\"}}]}<\/script>\n<!-- \/ Yoast SEO plugin. -->","yoast_head_json":{"title":"Chouchou Uni Fait Main Intemporel | Marija Stoja","description":"Chouchou uni fait main par Marija Stoja. Accessoire minimal et \u00e9l\u00e9gant, style intemporel. Fabriqu\u00e9 artisanalement, mode responsable et durable Marija Stoja.","robots":{"index":"index","follow":"follow","max-snippet":"max-snippet:-1","max-image-preview":"max-image-preview:large","max-video-preview":"max-video-preview:-1"},"canonical":"https:\/\/marijastoja.fr\/en\/product\/chouchou-uni-fait-main\/","og_locale":"en_US","og_type":"article","og_title":"Chouchou Uni Fait Main Intemporel | Marija Stoja","og_description":"Chouchou uni fait main par Marija Stoja. Accessoire minimal et \u00e9l\u00e9gant, style intemporel. Fabriqu\u00e9 artisanalement, mode responsable et durable Marija Stoja.","og_url":"https:\/\/marijastoja.fr\/en\/product\/chouchou-uni-fait-main\/","og_site_name":"Marija Stoja","article_modified_time":"2026-03-17T14:00:42+00:00","og_image":[{"width":1440,"height":2560,"url":"https:\/\/marijastoja.fr\/wp-content\/uploads\/2026\/01\/IMG_9307-scaled.jpeg","type":"image\/jpeg"}],"twitter_card":"summary_large_image","twitter_misc":{"Est. reading time":"1 minute"},"schema":{"@context":"https:\/\/schema.org","@graph":[{"@type":"WebPage","@id":"https:\/\/marijastoja.fr\/produit\/chouchou-uni-fait-main\/","url":"https:\/\/marijastoja.fr\/produit\/chouchou-uni-fait-main\/","name":"Chouchou Uni Fait Main Intemporel | Marija Stoja","isPartOf":{"@id":"https:\/\/marijastoja.fr\/#website"},"primaryImageOfPage":{"@id":"https:\/\/marijastoja.fr\/produit\/chouchou-uni-fait-main\/#primaryimage"},"image":{"@id":"https:\/\/marijastoja.fr\/produit\/chouchou-uni-fait-main\/#primaryimage"},"thumbnailUrl":"https:\/\/marijastoja.fr\/wp-content\/uploads\/2026\/01\/IMG_9307-scaled.jpeg","datePublished":"2025-12-25T14:07:56+00:00","dateModified":"2026-03-17T14:00:42+00:00","description":"Chouchou uni fait main par Marija Stoja. Accessoire minimal et \u00e9l\u00e9gant, style intemporel. Fabriqu\u00e9 artisanalement, mode responsable et durable Marija Stoja.","breadcrumb":{"@id":"https:\/\/marijastoja.fr\/produit\/chouchou-uni-fait-main\/#breadcrumb"},"inLanguage":"en-US","potentialAction":[{"@type":"ReadAction","target":["https:\/\/marijastoja.fr\/produit\/chouchou-uni-fait-main\/"]}]},{"@type":"ImageObject","inLanguage":"en-US","@id":"https:\/\/marijastoja.fr\/produit\/chouchou-uni-fait-main\/#primaryimage","url":"https:\/\/marijastoja.fr\/wp-content\/uploads\/2026\/01\/IMG_9307-scaled.jpeg","contentUrl":"https:\/\/marijastoja.fr\/wp-content\/uploads\/2026\/01\/IMG_9307-scaled.jpeg","width":1440,"height":2560,"caption":"chouchou uni fait main - Marija Stoja"},{"@type":"BreadcrumbList","@id":"https:\/\/marijastoja.fr\/produit\/chouchou-uni-fait-main\/#breadcrumb","itemListElement":[{"@type":"ListItem","position":1,"name":"Accueil","item":"https:\/\/marijastoja.fr\/"},{"@type":"ListItem","position":2,"name":"Boutique","item":"https:\/\/marijastoja.fr\/boutique\/"},{"@type":"ListItem","position":3,"name":"Chouchou Uni, minimal, \u00e9l\u00e9gant, intemporel"}]},{"@type":"WebSite","@id":"https:\/\/marijastoja.fr\/#website","url":"https:\/\/marijastoja.fr\/","name":"Marija Stoja","description":"Upcycling","publisher":{"@id":"https:\/\/marijastoja.fr\/#organization"},"potentialAction":[{"@type":"SearchAction","target":{"@type":"EntryPoint","urlTemplate":"https:\/\/marijastoja.fr\/?s={search_term_string}"},"query-input":{"@type":"PropertyValueSpecification","valueRequired":true,"valueName":"search_term_string"}}],"inLanguage":"en-US"},{"@type":"Organization","@id":"https:\/\/marijastoja.fr\/#organization","name":"Marija Stoja","url":"https:\/\/marijastoja.fr\/","logo":{"@type":"ImageObject","inLanguage":"en-US","@id":"https:\/\/marijastoja.fr\/#\/schema\/logo\/image\/","url":"https:\/\/marijastoja.fr\/wp-content\/uploads\/2025\/12\/cropped-logo-noir.png","contentUrl":"https:\/\/marijastoja.fr\/wp-content\/uploads\/2025\/12\/cropped-logo-noir.png","width":878,"height":322,"caption":"Marija Stoja"},"image":{"@id":"https:\/\/marijastoja.fr\/#\/schema\/logo\/image\/"}}]}},"jetpack_sharing_enabled":true,"_links":{"self":[{"href":"https:\/\/marijastoja.fr\/en\/wp-json\/wp\/v2\/product\/648","targetHints":{"allow":["GET"]}}],"collection":[{"href":"https:\/\/marijastoja.fr\/en\/wp-json\/wp\/v2\/product"}],"about":[{"href":"https:\/\/marijastoja.fr\/en\/wp-json\/wp\/v2\/types\/product"}],"replies":[{"embeddable":true,"href":"https:\/\/marijastoja.fr\/en\/wp-json\/wp\/v2\/comments?post=648"}],"wp:featuredmedia":[{"embeddable":true,"href":"https:\/\/marijastoja.fr\/en\/wp-json\/wp\/v2\/media\/1291"}],"wp:attachment":[{"href":"https:\/\/marijastoja.fr\/en\/wp-json\/wp\/v2\/media?parent=648"}],"wp:term":[{"taxonomy":"product_brand","embeddable":true,"href":"https:\/\/marijastoja.fr\/en\/wp-json\/wp\/v2\/product_brand?post=648"},{"taxonomy":"product_cat","embeddable":true,"href":"https:\/\/marijastoja.fr\/en\/wp-json\/wp\/v2\/product_cat?post=648"},{"taxonomy":"product_tag","embeddable":true,"href":"https:\/\/marijastoja.fr\/en\/wp-json\/wp\/v2\/product_tag?post=648"},{"taxonomy":"giftcard-category","embeddable":true,"href":"https:\/\/marijastoja.fr\/en\/wp-json\/wp\/v2\/giftcard-category?post=648"}],"curies":[{"name":"wp","href":"https:\/\/api.w.org\/{rel}","templated":true}]}}