{"id":666,"date":"2025-12-25T15:41:35","date_gmt":"2025-12-25T14:41:35","guid":{"rendered":"https:\/\/firebrick-jellyfish-751704.hostingersite.com\/?post_type=product&#038;p=666"},"modified":"2026-03-17T15:00:18","modified_gmt":"2026-03-17T14:00:18","slug":"jupe-upcycle-boheme-jean-piece-unique","status":"publish","type":"product","link":"https:\/\/marijastoja.fr\/en\/product\/jupe-upcycle-boheme-jean-piece-unique\/","title":{"rendered":"Jupe upcycl\u00e9e boh\u00e8me en jean et textile ajour\u00e9 satin\u00e9 \u2013 Pi\u00e8ce unique"},"content":{"rendered":"<h2>Jupe Upcycl\u00e9e Boh\u00e8me \u2013 D\u00e9tails de la pi\u00e8ce<\/h2>","protected":false},"excerpt":{"rendered":"<p>Jupe Upcycl\u00e9e Boh\u00e8me \u2013 D\u00e9tails de la pi\u00e8ce<\/p>","protected":false},"featured_media":637,"comment_status":"open","ping_status":"closed","template":"","meta":{"_acf_changed":false},"product_brand":[],"product_cat":[26],"product_tag":[],"giftcard-category":[],"class_list":{"0":"post-666","1":"product","2":"type-product","3":"status-publish","4":"has-post-thumbnail","6":"product_cat-jupes","7":"pa_taille-m","9":"first","10":"instock","11":"sold-individually","12":"shipping-taxable","13":"purchasable","14":"product-type-simple"},"acf":[],"yoast_head":"<!-- This site is optimized with the Yoast SEO plugin v27.2 - https:\/\/yoast.com\/product\/yoast-seo-wordpress\/ -->\n<title>Jupe Upcycl\u00e9e Boh\u00e8me en Jean | Pi\u00e8ce Unique | Marija Stoja<\/title>\n<meta name=\"description\" content=\"Jupe upcycl\u00e9e boh\u00e8me en jean et textile ajour\u00e9 satin\u00e9. Pi\u00e8ce unique customis\u00e9e \u00e0 la main par Marija Stoja. Mode responsable, style boh\u00e8me et f\u00e9minin. Livraison\" \/>\n<meta name=\"robots\" content=\"index, follow, max-snippet:-1, max-image-preview:large, max-video-preview:-1\" \/>\n<link rel=\"canonical\" href=\"https:\/\/marijastoja.fr\/en\/product\/jupe-upcycle-boheme-jean-piece-unique\/\" \/>\n<meta property=\"og:locale\" content=\"en_US\" \/>\n<meta property=\"og:type\" content=\"article\" \/>\n<meta property=\"og:title\" content=\"Jupe Upcycl\u00e9e Boh\u00e8me en Jean | Pi\u00e8ce Unique | Marija Stoja\" \/>\n<meta property=\"og:description\" content=\"Jupe upcycl\u00e9e boh\u00e8me en jean et textile ajour\u00e9 satin\u00e9. Pi\u00e8ce unique customis\u00e9e \u00e0 la main par Marija Stoja. Mode responsable, style boh\u00e8me et f\u00e9minin. Livraison\" \/>\n<meta property=\"og:url\" content=\"https:\/\/marijastoja.fr\/en\/product\/jupe-upcycle-boheme-jean-piece-unique\/\" \/>\n<meta property=\"og:site_name\" content=\"Marija Stoja\" \/>\n<meta property=\"article:modified_time\" content=\"2026-03-17T14:00:18+00:00\" \/>\n<meta property=\"og:image\" content=\"https:\/\/marijastoja.fr\/wp-content\/uploads\/2025\/12\/IMG_8713-scaled.jpeg\" \/>\n\t<meta property=\"og:image:width\" content=\"1440\" \/>\n\t<meta property=\"og:image:height\" content=\"2560\" \/>\n\t<meta property=\"og:image:type\" content=\"image\/jpeg\" \/>\n<meta name=\"twitter:card\" content=\"summary_large_image\" \/>\n<meta name=\"twitter:label1\" content=\"Est. reading time\" \/>\n\t<meta name=\"twitter:data1\" content=\"1 minute\" \/>\n<script type=\"application\/ld+json\" class=\"yoast-schema-graph\">{\"@context\":\"https:\/\/schema.org\",\"@graph\":[{\"@type\":\"WebPage\",\"@id\":\"https:\/\/marijastoja.fr\/produit\/jupe-upcycle-boheme-jean-piece-unique\/\",\"url\":\"https:\/\/marijastoja.fr\/produit\/jupe-upcycle-boheme-jean-piece-unique\/\",\"name\":\"Jupe Upcycl\u00e9e Boh\u00e8me en Jean | Pi\u00e8ce Unique | Marija Stoja\",\"isPartOf\":{\"@id\":\"https:\/\/marijastoja.fr\/#website\"},\"primaryImageOfPage\":{\"@id\":\"https:\/\/marijastoja.fr\/produit\/jupe-upcycle-boheme-jean-piece-unique\/#primaryimage\"},\"image\":{\"@id\":\"https:\/\/marijastoja.fr\/produit\/jupe-upcycle-boheme-jean-piece-unique\/#primaryimage\"},\"thumbnailUrl\":\"https:\/\/marijastoja.fr\/wp-content\/uploads\/2025\/12\/IMG_8713-scaled.jpeg\",\"datePublished\":\"2025-12-25T14:41:35+00:00\",\"dateModified\":\"2026-03-17T14:00:18+00:00\",\"description\":\"Jupe upcycl\u00e9e boh\u00e8me en jean et textile ajour\u00e9 satin\u00e9. Pi\u00e8ce unique customis\u00e9e \u00e0 la main par Marija Stoja. Mode responsable, style boh\u00e8me et f\u00e9minin. Livraison\",\"breadcrumb\":{\"@id\":\"https:\/\/marijastoja.fr\/produit\/jupe-upcycle-boheme-jean-piece-unique\/#breadcrumb\"},\"inLanguage\":\"en-US\",\"potentialAction\":[{\"@type\":\"ReadAction\",\"target\":[\"https:\/\/marijastoja.fr\/produit\/jupe-upcycle-boheme-jean-piece-unique\/\"]}]},{\"@type\":\"ImageObject\",\"inLanguage\":\"en-US\",\"@id\":\"https:\/\/marijastoja.fr\/produit\/jupe-upcycle-boheme-jean-piece-unique\/#primaryimage\",\"url\":\"https:\/\/marijastoja.fr\/wp-content\/uploads\/2025\/12\/IMG_8713-scaled.jpeg\",\"contentUrl\":\"https:\/\/marijastoja.fr\/wp-content\/uploads\/2025\/12\/IMG_8713-scaled.jpeg\",\"width\":1440,\"height\":2560,\"caption\":\"jupe upcycl\u00e9e boh\u00e8me - Marija Stoja\"},{\"@type\":\"BreadcrumbList\",\"@id\":\"https:\/\/marijastoja.fr\/produit\/jupe-upcycle-boheme-jean-piece-unique\/#breadcrumb\",\"itemListElement\":[{\"@type\":\"ListItem\",\"position\":1,\"name\":\"Accueil\",\"item\":\"https:\/\/marijastoja.fr\/\"},{\"@type\":\"ListItem\",\"position\":2,\"name\":\"Boutique\",\"item\":\"https:\/\/marijastoja.fr\/boutique\/\"},{\"@type\":\"ListItem\",\"position\":3,\"name\":\"Jupe upcycl\u00e9e boh\u00e8me en jean et textile ajour\u00e9 satin\u00e9 \u2013 Pi\u00e8ce unique\"}]},{\"@type\":\"WebSite\",\"@id\":\"https:\/\/marijastoja.fr\/#website\",\"url\":\"https:\/\/marijastoja.fr\/\",\"name\":\"Marija Stoja\",\"description\":\"Upcycling\",\"publisher\":{\"@id\":\"https:\/\/marijastoja.fr\/#organization\"},\"potentialAction\":[{\"@type\":\"SearchAction\",\"target\":{\"@type\":\"EntryPoint\",\"urlTemplate\":\"https:\/\/marijastoja.fr\/?s={search_term_string}\"},\"query-input\":{\"@type\":\"PropertyValueSpecification\",\"valueRequired\":true,\"valueName\":\"search_term_string\"}}],\"inLanguage\":\"en-US\"},{\"@type\":\"Organization\",\"@id\":\"https:\/\/marijastoja.fr\/#organization\",\"name\":\"Marija Stoja\",\"url\":\"https:\/\/marijastoja.fr\/\",\"logo\":{\"@type\":\"ImageObject\",\"inLanguage\":\"en-US\",\"@id\":\"https:\/\/marijastoja.fr\/#\/schema\/logo\/image\/\",\"url\":\"https:\/\/marijastoja.fr\/wp-content\/uploads\/2025\/12\/cropped-logo-noir.png\",\"contentUrl\":\"https:\/\/marijastoja.fr\/wp-content\/uploads\/2025\/12\/cropped-logo-noir.png\",\"width\":878,\"height\":322,\"caption\":\"Marija Stoja\"},\"image\":{\"@id\":\"https:\/\/marijastoja.fr\/#\/schema\/logo\/image\/\"}}]}<\/script>\n<!-- \/ Yoast SEO plugin. -->","yoast_head_json":{"title":"Jupe Upcycl\u00e9e Boh\u00e8me en Jean | Pi\u00e8ce Unique | Marija Stoja","description":"Jupe upcycl\u00e9e boh\u00e8me en jean et textile ajour\u00e9 satin\u00e9. Pi\u00e8ce unique customis\u00e9e \u00e0 la main par Marija Stoja. Mode responsable, style boh\u00e8me et f\u00e9minin. Livraison","robots":{"index":"index","follow":"follow","max-snippet":"max-snippet:-1","max-image-preview":"max-image-preview:large","max-video-preview":"max-video-preview:-1"},"canonical":"https:\/\/marijastoja.fr\/en\/product\/jupe-upcycle-boheme-jean-piece-unique\/","og_locale":"en_US","og_type":"article","og_title":"Jupe Upcycl\u00e9e Boh\u00e8me en Jean | Pi\u00e8ce Unique | Marija Stoja","og_description":"Jupe upcycl\u00e9e boh\u00e8me en jean et textile ajour\u00e9 satin\u00e9. Pi\u00e8ce unique customis\u00e9e \u00e0 la main par Marija Stoja. Mode responsable, style boh\u00e8me et f\u00e9minin. Livraison","og_url":"https:\/\/marijastoja.fr\/en\/product\/jupe-upcycle-boheme-jean-piece-unique\/","og_site_name":"Marija Stoja","article_modified_time":"2026-03-17T14:00:18+00:00","og_image":[{"width":1440,"height":2560,"url":"https:\/\/marijastoja.fr\/wp-content\/uploads\/2025\/12\/IMG_8713-scaled.jpeg","type":"image\/jpeg"}],"twitter_card":"summary_large_image","twitter_misc":{"Est. reading time":"1 minute"},"schema":{"@context":"https:\/\/schema.org","@graph":[{"@type":"WebPage","@id":"https:\/\/marijastoja.fr\/produit\/jupe-upcycle-boheme-jean-piece-unique\/","url":"https:\/\/marijastoja.fr\/produit\/jupe-upcycle-boheme-jean-piece-unique\/","name":"Jupe Upcycl\u00e9e Boh\u00e8me en Jean | Pi\u00e8ce Unique | Marija Stoja","isPartOf":{"@id":"https:\/\/marijastoja.fr\/#website"},"primaryImageOfPage":{"@id":"https:\/\/marijastoja.fr\/produit\/jupe-upcycle-boheme-jean-piece-unique\/#primaryimage"},"image":{"@id":"https:\/\/marijastoja.fr\/produit\/jupe-upcycle-boheme-jean-piece-unique\/#primaryimage"},"thumbnailUrl":"https:\/\/marijastoja.fr\/wp-content\/uploads\/2025\/12\/IMG_8713-scaled.jpeg","datePublished":"2025-12-25T14:41:35+00:00","dateModified":"2026-03-17T14:00:18+00:00","description":"Jupe upcycl\u00e9e boh\u00e8me en jean et textile ajour\u00e9 satin\u00e9. Pi\u00e8ce unique customis\u00e9e \u00e0 la main par Marija Stoja. Mode responsable, style boh\u00e8me et f\u00e9minin. Livraison","breadcrumb":{"@id":"https:\/\/marijastoja.fr\/produit\/jupe-upcycle-boheme-jean-piece-unique\/#breadcrumb"},"inLanguage":"en-US","potentialAction":[{"@type":"ReadAction","target":["https:\/\/marijastoja.fr\/produit\/jupe-upcycle-boheme-jean-piece-unique\/"]}]},{"@type":"ImageObject","inLanguage":"en-US","@id":"https:\/\/marijastoja.fr\/produit\/jupe-upcycle-boheme-jean-piece-unique\/#primaryimage","url":"https:\/\/marijastoja.fr\/wp-content\/uploads\/2025\/12\/IMG_8713-scaled.jpeg","contentUrl":"https:\/\/marijastoja.fr\/wp-content\/uploads\/2025\/12\/IMG_8713-scaled.jpeg","width":1440,"height":2560,"caption":"jupe upcycl\u00e9e boh\u00e8me - Marija Stoja"},{"@type":"BreadcrumbList","@id":"https:\/\/marijastoja.fr\/produit\/jupe-upcycle-boheme-jean-piece-unique\/#breadcrumb","itemListElement":[{"@type":"ListItem","position":1,"name":"Accueil","item":"https:\/\/marijastoja.fr\/"},{"@type":"ListItem","position":2,"name":"Boutique","item":"https:\/\/marijastoja.fr\/boutique\/"},{"@type":"ListItem","position":3,"name":"Jupe upcycl\u00e9e boh\u00e8me en jean et textile ajour\u00e9 satin\u00e9 \u2013 Pi\u00e8ce unique"}]},{"@type":"WebSite","@id":"https:\/\/marijastoja.fr\/#website","url":"https:\/\/marijastoja.fr\/","name":"Marija Stoja","description":"Upcycling","publisher":{"@id":"https:\/\/marijastoja.fr\/#organization"},"potentialAction":[{"@type":"SearchAction","target":{"@type":"EntryPoint","urlTemplate":"https:\/\/marijastoja.fr\/?s={search_term_string}"},"query-input":{"@type":"PropertyValueSpecification","valueRequired":true,"valueName":"search_term_string"}}],"inLanguage":"en-US"},{"@type":"Organization","@id":"https:\/\/marijastoja.fr\/#organization","name":"Marija Stoja","url":"https:\/\/marijastoja.fr\/","logo":{"@type":"ImageObject","inLanguage":"en-US","@id":"https:\/\/marijastoja.fr\/#\/schema\/logo\/image\/","url":"https:\/\/marijastoja.fr\/wp-content\/uploads\/2025\/12\/cropped-logo-noir.png","contentUrl":"https:\/\/marijastoja.fr\/wp-content\/uploads\/2025\/12\/cropped-logo-noir.png","width":878,"height":322,"caption":"Marija Stoja"},"image":{"@id":"https:\/\/marijastoja.fr\/#\/schema\/logo\/image\/"}}]}},"jetpack_sharing_enabled":true,"_links":{"self":[{"href":"https:\/\/marijastoja.fr\/en\/wp-json\/wp\/v2\/product\/666","targetHints":{"allow":["GET"]}}],"collection":[{"href":"https:\/\/marijastoja.fr\/en\/wp-json\/wp\/v2\/product"}],"about":[{"href":"https:\/\/marijastoja.fr\/en\/wp-json\/wp\/v2\/types\/product"}],"replies":[{"embeddable":true,"href":"https:\/\/marijastoja.fr\/en\/wp-json\/wp\/v2\/comments?post=666"}],"wp:featuredmedia":[{"embeddable":true,"href":"https:\/\/marijastoja.fr\/en\/wp-json\/wp\/v2\/media\/637"}],"wp:attachment":[{"href":"https:\/\/marijastoja.fr\/en\/wp-json\/wp\/v2\/media?parent=666"}],"wp:term":[{"taxonomy":"product_brand","embeddable":true,"href":"https:\/\/marijastoja.fr\/en\/wp-json\/wp\/v2\/product_brand?post=666"},{"taxonomy":"product_cat","embeddable":true,"href":"https:\/\/marijastoja.fr\/en\/wp-json\/wp\/v2\/product_cat?post=666"},{"taxonomy":"product_tag","embeddable":true,"href":"https:\/\/marijastoja.fr\/en\/wp-json\/wp\/v2\/product_tag?post=666"},{"taxonomy":"giftcard-category","embeddable":true,"href":"https:\/\/marijastoja.fr\/en\/wp-json\/wp\/v2\/giftcard-category?post=666"}],"curies":[{"name":"wp","href":"https:\/\/api.w.org\/{rel}","templated":true}]}}